{"id":24142,"date":"2025-04-13T17:41:08","date_gmt":"2025-04-13T17:41:08","guid":{"rendered":"https:\/\/researchchemicalstore.eu\/?post_type=product&#038;p=24142"},"modified":"2026-02-02T09:57:50","modified_gmt":"2026-02-02T09:57:50","slug":"chem-mgielka-1cp-lsd-spray","status":"publish","type":"product","link":"https:\/\/researchchemicalstore.eu\/pl\/produkt\/chem-mgielka-1cp-lsd-spray\/","title":{"rendered":"Chem-mist 1cP-LSD w sprayu"},"content":{"rendered":"<h2><strong>Chem-mist 1cP-LSD w sprayu<\/strong><\/h2>\n<ul>\n<li><strong>Opakowanie detaliczne<br \/>\n<\/strong><\/li>\n<li><strong>Ilo\u015b\u0107 ml na jedno psikni\u0119cie: 10<\/strong><\/li>\n<li><strong>Ilo\u015b\u0107 1cP-LSD w jednym psikni\u0119ciu: 350mcg<\/strong><\/li>\n<li><strong>Ceny nie zawieraj\u0105 podatku VAT 21%<\/strong><\/li>\n<li><strong>Sugerowana cena detaliczna: 39,95 \u20ac z VAT. KAD\u0179<\/strong><\/li>\n<\/ul>","protected":false},"excerpt":{"rendered":"<p>Chem-mist 1cP-LSD Spray Opakowanie detaliczne Ilo\u015b\u0107 ml na jedno rozpylenie: 10 Ilo\u015b\u0107 1cP-LSD na jedno rozpylenie: 350mcg Ceny nie zawieraj\u0105 podatku VAT dla 21% Zalecana cena detaliczna: 39,95 \u20ac<\/p>","protected":false},"featured_media":28752,"comment_status":"closed","ping_status":"closed","template":"","meta":[],"product_brand":[],"product_cat":[555],"product_tag":[326],"class_list":{"0":"post-24142","1":"product","2":"type-product","3":"status-publish","4":"has-post-thumbnail","6":"product_cat-b2b","7":"product_tag-nl","9":"first","10":"instock","11":"taxable","12":"shipping-taxable","13":"purchasable","14":"product-type-variable"},"_links":{"self":[{"href":"https:\/\/researchchemicalstore.eu\/pl\/wp-json\/wp\/v2\/product\/24142","targetHints":{"allow":["GET"]}}],"collection":[{"href":"https:\/\/researchchemicalstore.eu\/pl\/wp-json\/wp\/v2\/product"}],"about":[{"href":"https:\/\/researchchemicalstore.eu\/pl\/wp-json\/wp\/v2\/types\/product"}],"replies":[{"embeddable":true,"href":"https:\/\/researchchemicalstore.eu\/pl\/wp-json\/wp\/v2\/comments?post=24142"}],"version-history":[{"count":2,"href":"https:\/\/researchchemicalstore.eu\/pl\/wp-json\/wp\/v2\/product\/24142\/revisions"}],"predecessor-version":[{"id":28922,"href":"https:\/\/researchchemicalstore.eu\/pl\/wp-json\/wp\/v2\/product\/24142\/revisions\/28922"}],"wp:featuredmedia":[{"embeddable":true,"href":"https:\/\/researchchemicalstore.eu\/pl\/wp-json\/wp\/v2\/media\/28752"}],"wp:attachment":[{"href":"https:\/\/researchchemicalstore.eu\/pl\/wp-json\/wp\/v2\/media?parent=24142"}],"wp:term":[{"taxonomy":"product_brand","embeddable":true,"href":"https:\/\/researchchemicalstore.eu\/pl\/wp-json\/wp\/v2\/product_brand?post=24142"},{"taxonomy":"product_cat","embeddable":true,"href":"https:\/\/researchchemicalstore.eu\/pl\/wp-json\/wp\/v2\/product_cat?post=24142"},{"taxonomy":"product_tag","embeddable":true,"href":"https:\/\/researchchemicalstore.eu\/pl\/wp-json\/wp\/v2\/product_tag?post=24142"}],"curies":[{"name":"wp","href":"https:\/\/api.w.org\/{rel}","templated":true}]}}