{"id":24186,"date":"2025-04-13T17:41:13","date_gmt":"2025-04-13T17:41:13","guid":{"rendered":"https:\/\/researchchemicalstore.eu\/?post_type=product&#038;p=24186"},"modified":"2025-10-22T08:12:32","modified_gmt":"2025-10-22T08:12:32","slug":"rc-bromonordiazepam-25mg-pudelko","status":"publish","type":"product","link":"https:\/\/researchchemicalstore.eu\/pl\/produkt\/rc-bromonordiazepam-25mg-pudelko\/","title":{"rendered":"RC+ Bromonordiazepam 2,5 mg pude\u0142ko"},"content":{"rendered":"<h2><span data-sheets-value=\"{\" data-sheets-userformat=\"{\">Bromonordiazepam 2,5 MG Pude\u0142ko z 50 peletkami<br \/>\n<\/span><\/h2>\n<ul>\n<li><strong>Opakowania detaliczne, <span class=\"___SText_pr68d-red-team\" data-ui-name=\"Link.Text\">bromonordiazepam<\/span><br \/>\n<\/strong><\/li>\n<li><strong>Ilo\u015b\u0107 peletek w pude\u0142ku: 50 (5 blistr\u00f3w)<\/strong><\/li>\n<li><strong>Ceny nie zawieraj\u0105 podatku VAT 21%<\/strong><\/li>\n<li><strong>Sugerowana cena detaliczna: 41,95 \u20ac z VAT. KAD\u0179<\/strong><\/li>\n<\/ul>\n<p><a href=\"https:\/\/researchchemicalstore.eu\/pl\/sklep\/lizergamidy\/1cp-lsd-150-mcg-granulki\/\">1cP-LSD 150 MCG Art Blotters<\/a><a href=\"https:\/\/researchchemicalstore.eu\/pl\/sklep\/peletki-2\/o-dsmt-50mg-granulki\/\">O-DSMT 50 mg granulki<\/a><a href=\"https:\/\/researchchemicalstore.eu\/pl\/sklep\/lizergamidy\/1v-lsd-150-mcg-blotters\/\">Bibu\u0142ki 1V-LSD 150 MCG<\/a><a href=\"https:\/\/researchchemicalstore.eu\/pl\/sklep\/prawie-zabronione\/6-cl-adba\/\">6-CL-ADBA<\/a><a href=\"https:\/\/researchchemicalstore.eu\/pl\/sklep\/katynony\/%f0%9f%92%a1-2-mmc-krystaliczny-proszek-do-wszystkich-pytan-i-odpowiedzi-do-zakupu\/\">2-CMC 250 mg granulki<\/a><\/p>","protected":false},"excerpt":{"rendered":"<p>Bromonordiazepam 2,5 MG Opakowanie 50 peletek Opakowanie detaliczne, bromonordiazepam Ilo\u015b\u0107 peletek w pude\u0142ku: 50 (5 blistr\u00f3w) Ceny nie zawieraj\u0105 podatku VAT 21%<\/p>","protected":false},"featured_media":28861,"comment_status":"closed","ping_status":"closed","template":"","meta":[],"product_brand":[],"product_cat":[555],"product_tag":[185,326],"class_list":{"0":"post-24186","1":"product","2":"type-product","3":"status-publish","4":"has-post-thumbnail","6":"product_cat-b2b","7":"product_tag-bromonordiazepam","8":"product_tag-nl","10":"first","11":"instock","12":"taxable","13":"shipping-taxable","14":"purchasable","15":"product-type-variable"},"_links":{"self":[{"href":"https:\/\/researchchemicalstore.eu\/pl\/wp-json\/wp\/v2\/product\/24186","targetHints":{"allow":["GET"]}}],"collection":[{"href":"https:\/\/researchchemicalstore.eu\/pl\/wp-json\/wp\/v2\/product"}],"about":[{"href":"https:\/\/researchchemicalstore.eu\/pl\/wp-json\/wp\/v2\/types\/product"}],"replies":[{"embeddable":true,"href":"https:\/\/researchchemicalstore.eu\/pl\/wp-json\/wp\/v2\/comments?post=24186"}],"version-history":[{"count":3,"href":"https:\/\/researchchemicalstore.eu\/pl\/wp-json\/wp\/v2\/product\/24186\/revisions"}],"predecessor-version":[{"id":25916,"href":"https:\/\/researchchemicalstore.eu\/pl\/wp-json\/wp\/v2\/product\/24186\/revisions\/25916"}],"wp:featuredmedia":[{"embeddable":true,"href":"https:\/\/researchchemicalstore.eu\/pl\/wp-json\/wp\/v2\/media\/28861"}],"wp:attachment":[{"href":"https:\/\/researchchemicalstore.eu\/pl\/wp-json\/wp\/v2\/media?parent=24186"}],"wp:term":[{"taxonomy":"product_brand","embeddable":true,"href":"https:\/\/researchchemicalstore.eu\/pl\/wp-json\/wp\/v2\/product_brand?post=24186"},{"taxonomy":"product_cat","embeddable":true,"href":"https:\/\/researchchemicalstore.eu\/pl\/wp-json\/wp\/v2\/product_cat?post=24186"},{"taxonomy":"product_tag","embeddable":true,"href":"https:\/\/researchchemicalstore.eu\/pl\/wp-json\/wp\/v2\/product_tag?post=24186"}],"curies":[{"name":"wp","href":"https:\/\/api.w.org\/{rel}","templated":true}]}}