{"id":24192,"date":"2025-04-13T17:41:13","date_gmt":"2025-04-13T17:41:13","guid":{"rendered":"https:\/\/researchchemicalstore.eu\/?post_type=product&#038;p=24192"},"modified":"2025-10-22T08:22:25","modified_gmt":"2025-10-22T08:22:25","slug":"rc-fluor-3-fpm-50mg-pudelko","status":"publish","type":"product","link":"https:\/\/researchchemicalstore.eu\/pl\/produkt\/rc-fluor-3-fpm-50mg-pudelko\/","title":{"rendered":"RC+ Fluor 3-FPM 50mg pude\u0142ko"},"content":{"rendered":"<h1><strong>Kup 3 opakowania FPM 50 mg \u2013 najwy\u017cszej jako\u015bci \u015brodek chemiczny do bada\u0144 naukowych<\/strong><\/h1>\n<h2><strong>3-FPM (3-Fluorofenmetrazyna) 50 mg \u2013 unikalna substancja badawcza<\/strong><\/h2>\n<p class=\"ds-markdown-paragraph\">Ten\u00a0<strong>Kup RC+ 3 FPM 50mg Box<\/strong>\u00a0zawiera cenn\u0105 substancj\u0119 badawcz\u0105, kt\u00f3ra jest przedmiotem zainteresowania naukowc\u00f3w ze wzgl\u0119du na swoje w\u0142a\u015bciwo\u015bci strukturalne i profil farmakologiczny. Ten fluorowany analog fenmetrazyny sprzedawany jest wy\u0142\u0105cznie do cel\u00f3w badawczych in vitro i analitycznych.<\/p>\n<p class=\"ds-markdown-paragraph\">Dzi\u0119ki precyzyjnemu dawkowaniu\u00a0<strong>50 mg na jednostk\u0119<\/strong>\u00a0Produkt ten zapewnia badaczom wiarygodne \u017ar\u00f3d\u0142o kontrolowanych eksperyment\u00f3w naukowych.<a title=\"2-CMC 250 mg granulki\" href=\"https:\/\/researchchemicalstore.eu\/pl\/sklep\/katynony\/%f0%9f%92%a1-2-mmc-krystaliczny-proszek-do-wszystkich-pytan-i-odpowiedzi-do-zakupu\/\" target=\"_blank\" rel=\"noopener\">2-CMC 250 mg granulki<\/a><\/p>\n<hr \/>\n<h2><strong>G\u0142\u00f3wne cechy RC+ 3-FPM 50 mg<\/strong><\/h2>\n<p class=\"ds-markdown-paragraph\">\u2705\u00a0<strong>Wysoka czysto\u015b\u0107:<\/strong>\u00a0Test analityczny na czysto\u015b\u0107 \u226598%<br \/>\n\u2705\u00a0<strong>Dok\u0142adne dawkowanie:<\/strong>\u00a050 mg na jednostk\u0119 dla uzyskania powtarzalnych wynik\u00f3w<br \/>\n\u2705\u00a0<strong>Stabilna formu\u0142a:<\/strong>\u00a0Optymalny okres przydatno\u015bci do u\u017cycia przy prawid\u0142owych warunkach przechowywania<br \/>\n\u2705\u00a0<strong>Opakowanie naukowe:<\/strong>\u00a0Lekkie i szczelne opakowanie<br \/>\n\u2705\u00a0<strong>Szybka dostawa:<\/strong>\u00a0Zam\u00f3wienie z\u0142o\u017cone przed godzin\u0105 15:00? Zazwyczaj wysy\u0142amy tego samego dnia<\/p>\n<hr \/>\n<h2><strong>Znaczenie naukowe<\/strong><\/h2>\n<p class=\"ds-markdown-paragraph\">3-FPM jest interesuj\u0105cym zwi\u0105zkiem do bada\u0144, poniewa\u017c:<\/p>\n<p class=\"ds-markdown-paragraph\">\u2022\u00a0<strong>Unikalno\u015b\u0107 strukturalna<\/strong>\u00a0jako fluorowa pochodna fenmetrazyny<br \/>\n\u2022\u00a0<strong>Potencjalne w\u0142a\u015bciwo\u015bci farmakodynamiczne<\/strong>\u00a0do bada\u0144 naukowych<br \/>\n\u2022\u00a0<strong>Mo\u017cliwo\u015bci zastosowania<\/strong> w badaniach neurochemicznych i farmakologicznych.<a title=\"Bibu\u0142ki 1V-LSD 150 MCG\" href=\"https:\/\/researchchemicalstore.eu\/pl\/sklep\/lizergamidy\/1v-lsd-150-mcg-blotters\/\" target=\"_blank\" rel=\"noopener\">Bibu\u0142ki 1V-LSD 150 MCG<\/a><\/p>\n<hr \/>\n<h2><strong>Protok\u00f3\u0142 bezpiecze\u0144stwa i wytyczne dotycz\u0105ce bada\u0144<\/strong><\/h2>\n<p class=\"ds-markdown-paragraph\">\u26a0\u00a0<strong>WA\u017bNY:<\/strong><\/p>\n<ul>\n<li>\n<p class=\"ds-markdown-paragraph\"><strong>Tylko do bada\u0144 in vitro<\/strong><\/p>\n<\/li>\n<li>\n<p class=\"ds-markdown-paragraph\"><strong>Nie do spo\u017cycia przez ludzi i zwierz\u0119ta.<\/strong><\/p>\n<\/li>\n<li>\n<p class=\"ds-markdown-paragraph\"><strong>Tylko dla wykwalifikowanych badaczy<\/strong><\/p>\n<\/li>\n<\/ul>\n<p class=\"ds-markdown-paragraph\">\ud83d\udd2c\u00a0<strong>Wymagania laboratoryjne:<\/strong><\/p>\n<ul>\n<li>\n<p class=\"ds-markdown-paragraph\">Stosowa\u0107 w kontrolowanym \u015brodowisku badawczym<\/p>\n<\/li>\n<li>\n<p class=\"ds-markdown-paragraph\">No\u015b odpowiedni sprz\u0119t ochrony osobistej<\/p>\n<\/li>\n<li>\n<p class=\"ds-markdown-paragraph\">Przestrzegaj wszystkich protoko\u0142\u00f3w bezpiecze\u0144stwa obowi\u0105zuj\u0105cych w instytucji.<a title=\"O-DSMT 50 mg granulki\" href=\"https:\/\/researchchemicalstore.eu\/pl\/sklep\/peletki-2\/o-dsmt-50mg-granulki\/\" target=\"_blank\" rel=\"noopener\">O-DSMT 50 mg granulki<\/a><\/p>\n<\/li>\n<\/ul>\n<hr \/>\n<h2><strong>Porady dotycz\u0105ce przechowywania<\/strong><\/h2>\n<p class=\"ds-markdown-paragraph\">\u2022 Przechowywa\u0107 w\u00a0<strong>15-25\u00b0C<\/strong><br \/>\n\u2022 Chroni\u0107 przed\u00a0<strong>wilgo\u0107 i bezpo\u015brednie \u015bwiat\u0142o<\/strong><br \/>\n\u2022\u00a0<strong>Oryginalne opakowanie<\/strong>\u00a0trzyma\u0107 si\u0119<\/p>\n<hr \/>\n<h2><strong>Informacje o zam\u00f3wieniu<\/strong><\/h2>\n<p class=\"ds-markdown-paragraph\"><strong>Kod produktu:<\/strong>\u00a0RC-3FPM-50<br \/>\n<strong>Opakowanie:<\/strong>\u00a010 jednostek po 50 mg<br \/>\n<strong>Czas dostawy:<\/strong> 1-3 dni robocze (na terenie Holandii).<a title=\"1cP-LSD 150 MCG Art Blotters\" href=\"https:\/\/researchchemicalstore.eu\/pl\/sklep\/lizergamidy\/1cp-lsd-150-mcg-granulki\/\" target=\"_blank\" rel=\"noopener\">1cP-LSD 150 MCG Art Blotters<\/a><\/p>","protected":false},"excerpt":{"rendered":"<p>Kup 3 opakowania FPM 50 mg \u2013 najwy\u017cszej jako\u015bci \u015brodek chemiczny do bada\u0144 naukowych 3-FPM (3-fluorofenmetrazyna) 50 mg \u2013 wyj\u0105tkowy \u015brodek chemiczny do bada\u0144 RC+ 3<\/p>","protected":false},"featured_media":28853,"comment_status":"closed","ping_status":"closed","template":"","meta":[],"product_brand":[82],"product_cat":[555],"product_tag":[881,606,601,605,326],"class_list":{"0":"post-24192","1":"product","2":"type-product","3":"status-publish","4":"has-post-thumbnail","6":"product_brand-research-chemical","7":"product_cat-b2b","8":"product_tag-3-fpm-kopen","9":"product_tag-3-fluorophenmetrazine","10":"product_tag-3-fpm","11":"product_tag-3fpm","12":"product_tag-nl","14":"first","15":"instock","16":"taxable","17":"shipping-taxable","18":"purchasable","19":"product-type-variable"},"_links":{"self":[{"href":"https:\/\/researchchemicalstore.eu\/pl\/wp-json\/wp\/v2\/product\/24192","targetHints":{"allow":["GET"]}}],"collection":[{"href":"https:\/\/researchchemicalstore.eu\/pl\/wp-json\/wp\/v2\/product"}],"about":[{"href":"https:\/\/researchchemicalstore.eu\/pl\/wp-json\/wp\/v2\/types\/product"}],"replies":[{"embeddable":true,"href":"https:\/\/researchchemicalstore.eu\/pl\/wp-json\/wp\/v2\/comments?post=24192"}],"version-history":[{"count":3,"href":"https:\/\/researchchemicalstore.eu\/pl\/wp-json\/wp\/v2\/product\/24192\/revisions"}],"predecessor-version":[{"id":26036,"href":"https:\/\/researchchemicalstore.eu\/pl\/wp-json\/wp\/v2\/product\/24192\/revisions\/26036"}],"wp:featuredmedia":[{"embeddable":true,"href":"https:\/\/researchchemicalstore.eu\/pl\/wp-json\/wp\/v2\/media\/28853"}],"wp:attachment":[{"href":"https:\/\/researchchemicalstore.eu\/pl\/wp-json\/wp\/v2\/media?parent=24192"}],"wp:term":[{"taxonomy":"product_brand","embeddable":true,"href":"https:\/\/researchchemicalstore.eu\/pl\/wp-json\/wp\/v2\/product_brand?post=24192"},{"taxonomy":"product_cat","embeddable":true,"href":"https:\/\/researchchemicalstore.eu\/pl\/wp-json\/wp\/v2\/product_cat?post=24192"},{"taxonomy":"product_tag","embeddable":true,"href":"https:\/\/researchchemicalstore.eu\/pl\/wp-json\/wp\/v2\/product_tag?post=24192"}],"curies":[{"name":"wp","href":"https:\/\/api.w.org\/{rel}","templated":true}]}}