{"id":24265,"date":"2025-04-13T17:41:21","date_gmt":"2025-04-13T17:41:21","guid":{"rendered":"https:\/\/researchchemicalstore.eu\/?post_type=product&#038;p=24265"},"modified":"2026-02-02T09:42:37","modified_gmt":"2026-02-02T09:42:37","slug":"rc-metocin-torba-3-peletki","status":"publish","type":"product","link":"https:\/\/researchchemicalstore.eu\/pl\/produkt\/rc-metocin-torba-3-peletki\/","title":{"rendered":"RC+ Metocin woreczek 3 peletki"},"content":{"rendered":"<h2 class=\"ds-markdown-paragraph\"><strong>Metocyna <span class=\"___SText_anxqe-ko_\" data-ui-name=\"Link.Text\">4-ho-met<\/span> 3 Pellets \u2013 Premium Research Chemistry do bada\u0144 naukowych<\/strong><\/h2>\n<p class=\"ds-markdown-paragraph\"><strong>Nazwa produktu:<\/strong>\u00a0RC+ Metocyna (4-HO-MET \/ Metocyna) \u2013 3 peletki w torebce<br \/>\n<strong>Kategoria:<\/strong>\u00a0Substancje chemiczne do bada\u0144 (klasa tryptaminy psychodelicznej)<br \/>\n<strong>Aplikacja:<\/strong> Badania neuropsychologiczne i badania receptor\u00f3w.<a title=\"Kapsu\u0142ki 2C-EF 2 mg\" href=\"https:\/\/researchchemicalstore.eu\/pl\/sklep\/fenetyloamina\/2-kapsulki-2c-ef-2mg\/\" target=\"_blank\" rel=\"noopener\">Kapsu\u0142ki 2C-EF 2 mg<\/a><\/p>\n<hr \/>\n<h3><strong>Cechy produktu:<\/strong><\/h3>\n<p class=\"ds-markdown-paragraph\">\ud83d\udd2c\u00a0<strong>Zwi\u0105zek o wysokiej czysto\u015bci<\/strong>\u00a0(&gt;981czysto\u015b\u0107 TP3T)<br \/>\n\ud83d\udc8a\u00a0<strong>3 granulki w worku<\/strong>\u00a0(dawkowanie standaryzowane)<br \/>\n\ud83d\udce6\u00a0<strong>Opakowanie hermetyczne i nieprzepuszczaj\u0105ce \u015bwiat\u0142a<\/strong><br \/>\n\ud83d\udcca\u00a0<strong>Kompleksowa kontrola jako\u015bci<\/strong> (Analiza HPLC i GC\/MS).<a title=\"2-CMC 250 mg granulki\" href=\"https:\/\/researchchemicalstore.eu\/pl\/sklep\/katynony\/%f0%9f%92%a1-2-mmc-krystaliczny-proszek-do-wszystkich-pytan-i-odpowiedzi-do-zakupu\/\" target=\"_blank\" rel=\"noopener\">2-CMC 250 mg granulki<\/a><\/p>\n<h3><strong>Znaczenie naukowe:<\/strong><\/h3>\n<p class=\"ds-markdown-paragraph\">4-HO-MET jest interesuj\u0105cym zwi\u0105zkiem do bada\u0144 nad:<\/p>\n<ul>\n<li>\n<p class=\"ds-markdown-paragraph\">Interakcje receptor\u00f3w serotoninergicznych (5-HT2A)<\/p>\n<\/li>\n<li>\n<p class=\"ds-markdown-paragraph\">Wzory aktywacji kory wzrokowej<\/p>\n<\/li>\n<li>\n<p class=\"ds-markdown-paragraph\">Por\u00f3wnawcza farmakologia z klasycznymi tryptaminami.<a title=\"Bibu\u0142ki 1V-LSD 150 MCG\" href=\"https:\/\/researchchemicalstore.eu\/pl\/sklep\/lizergamidy\/1v-lsd-150-mcg-blotters\/\" target=\"_blank\" rel=\"noopener\">Bibu\u0142ki 1V-LSD 150 MCG<\/a><\/p>\n<\/li>\n<\/ul>\n<p class=\"ds-markdown-paragraph\"><strong>Wa\u017cna uwaga:<\/strong><\/p>\n<ul>\n<li>\n<p class=\"ds-markdown-paragraph\">Tylko do bada\u0144 in vitro<\/p>\n<\/li>\n<li>\n<p class=\"ds-markdown-paragraph\">Nie do spo\u017cycia przez ludzi\/zwierz\u0119ta.<\/p>\n<\/li>\n<li>\n<p class=\"ds-markdown-paragraph\">Nie jest przeznaczony do u\u017cytku medycznego ani rekreacyjnego.<\/p>\n<\/li>\n<\/ul>\n<hr \/>\n<h3><strong>Bezpiecze\u0144stwo w laboratorium:<\/strong><\/h3>\n<p class=\"ds-markdown-paragraph\">\u26a0\u00a0<strong>Protoko\u0142y standardowe:<\/strong><\/p>\n<ul>\n<li>\n<p class=\"ds-markdown-paragraph\">Praca w klimatyzowanym \u015brodowisku<\/p>\n<\/li>\n<li>\n<p class=\"ds-markdown-paragraph\">Pe\u0142na ochrona osobista (fartuch laboratoryjny, r\u0119kawice nitrylowe, okulary ochronne).<a title=\"Kapsu\u0142ki 2C-EF 2 mg\" href=\"https:\/\/researchchemicalstore.eu\/pl\/sklep\/fenetyloamina\/2-kapsulki-2c-ef-2mg\/\" target=\"_blank\" rel=\"noopener\">Kapsu\u0142ki 2C-EF 2 mg<\/a><\/p>\n<\/li>\n<li>\n<p class=\"ds-markdown-paragraph\">Wymagana odpowiednia wentylacja<\/p>\n<\/li>\n<\/ul>\n<p class=\"ds-markdown-paragraph\">\u26a0\u00a0<strong>Status prawny:<\/strong><\/p>\n<ul>\n<li>\n<p class=\"ds-markdown-paragraph\">W wielu krajach regulowany jako NPS (nowa substancja psychoaktywna)<\/p>\n<\/li>\n<li>\n<p class=\"ds-markdown-paragraph\">Naukowcy powinni zweryfikowa\u0107 lokalne przepisy<\/p>\n<\/li>\n<li>\n<p class=\"ds-markdown-paragraph\">Pe\u0142na odpowiedzialno\u015b\u0107 kupuj\u0105cego<\/p>\n<\/li>\n<\/ul>\n<hr \/>\n<h3><strong>Korzy\u015bci z bada\u0144:<\/strong><\/h3>\n<p class=\"ds-markdown-paragraph\">\u2705\u00a0<strong>Standaryzowana jako\u015b\u0107<\/strong>\u00a0na parti\u0119<br \/>\n\u2705\u00a0<strong>Ma\u0142e ilo\u015bci<\/strong>\u00a0do bada\u0144 pilota\u017cowych<br \/>\n\u2705\u00a0<strong>Wsparcie naukowe<\/strong>\u00a0dost\u0119pny<br \/>\n\u2705\u00a0<strong>Szybka, dyskretna wysy\u0142ka<\/strong>\u00a0w UE<\/p>","protected":false},"excerpt":{"rendered":"<p>Numer CAS: 77872-41-4<br \/>\nWz\u00f3r: C13H18N2O<br \/>\nMasa molowa: 218,3 g\/mol<br \/>\nCzysto\u015b\u0107: \u226598%<\/p>","protected":false},"featured_media":28857,"comment_status":"closed","ping_status":"closed","template":"","meta":[],"product_brand":[82],"product_cat":[555],"product_tag":[858,857,871,636,673,635,870,326],"class_list":{"0":"post-24265","1":"product","2":"type-product","3":"status-publish","4":"has-post-thumbnail","6":"product_brand-research-chemical","7":"product_cat-b2b","8":"product_tag-4-acetoxy-met","9":"product_tag-4-ho-met-psychonaut","10":"product_tag-methylcybin","11":"product_tag-metocin","12":"product_tag-metocin-4-ho-met","13":"product_tag-metocin-kopen","14":"product_tag-metocin-tablet","15":"product_tag-nl","17":"first","18":"instock","19":"taxable","20":"shipping-taxable","21":"purchasable","22":"product-type-variable"},"_links":{"self":[{"href":"https:\/\/researchchemicalstore.eu\/pl\/wp-json\/wp\/v2\/product\/24265","targetHints":{"allow":["GET"]}}],"collection":[{"href":"https:\/\/researchchemicalstore.eu\/pl\/wp-json\/wp\/v2\/product"}],"about":[{"href":"https:\/\/researchchemicalstore.eu\/pl\/wp-json\/wp\/v2\/types\/product"}],"replies":[{"embeddable":true,"href":"https:\/\/researchchemicalstore.eu\/pl\/wp-json\/wp\/v2\/comments?post=24265"}],"version-history":[{"count":3,"href":"https:\/\/researchchemicalstore.eu\/pl\/wp-json\/wp\/v2\/product\/24265\/revisions"}],"predecessor-version":[{"id":26006,"href":"https:\/\/researchchemicalstore.eu\/pl\/wp-json\/wp\/v2\/product\/24265\/revisions\/26006"}],"wp:featuredmedia":[{"embeddable":true,"href":"https:\/\/researchchemicalstore.eu\/pl\/wp-json\/wp\/v2\/media\/28857"}],"wp:attachment":[{"href":"https:\/\/researchchemicalstore.eu\/pl\/wp-json\/wp\/v2\/media?parent=24265"}],"wp:term":[{"taxonomy":"product_brand","embeddable":true,"href":"https:\/\/researchchemicalstore.eu\/pl\/wp-json\/wp\/v2\/product_brand?post=24265"},{"taxonomy":"product_cat","embeddable":true,"href":"https:\/\/researchchemicalstore.eu\/pl\/wp-json\/wp\/v2\/product_cat?post=24265"},{"taxonomy":"product_tag","embeddable":true,"href":"https:\/\/researchchemicalstore.eu\/pl\/wp-json\/wp\/v2\/product_tag?post=24265"}],"curies":[{"name":"wp","href":"https:\/\/api.w.org\/{rel}","templated":true}]}}