{"id":24343,"date":"2025-04-13T17:41:31","date_gmt":"2025-04-13T17:41:31","guid":{"rendered":"https:\/\/researchchemicalstore.eu\/?post_type=product&#038;p=24343"},"modified":"2026-02-02T09:56:39","modified_gmt":"2026-02-02T09:56:39","slug":"cyfrowa-bio-mini-waga-20g-x-0001g","status":"publish","type":"product","link":"https:\/\/researchchemicalstore.eu\/pl\/produkt\/cyfrowa-bio-mini-waga-20g-x-0001g\/","title":{"rendered":"Cyfrowa Bio Mini Waga \u2013 20g x 0,001g"},"content":{"rendered":"<h1><strong>Cyfrowa Bio Mini Waga 20g x 0.001g<\/strong><\/h1>\n<p>Pracuj z najwy\u017csz\u0105 precyzj\u0105. Ten <strong>Cyfrowa Bio Mini Waga<\/strong> wa\u017cy do <strong>20 gram\u00f3w<\/strong> z dok\u0142adno\u015bci\u0105 <strong>0,001 grama<\/strong> \u2013 idealny do zastosowa\u0144 biomedycznych, mikrodozowania, bada\u0144 nad suplementami lub analiz laboratoryjnych. Ma\u0142y rozmiar, ale du\u017ca wydajno\u015b\u0107.<a href=\"https:\/\/researchchemicalstore.eu\/pl\/sklep\/waga\/profesjonalna-cyfrowa-mini-waga-50g-x-0001g\/\">Profesjonalna cyfrowa mini waga \u2013 50g x 0,001g<\/a><\/p>\n<hr \/>\n<h4><strong>Cechy:<\/strong><\/h4>\n<ul>\n<li><strong>Zakres pomiarowy:<\/strong> 0,001 g \u2013 20 g<\/li>\n<li><strong>Dok\u0142adno\u015b\u0107:<\/strong> 1 miligram (0,001 g)<\/li>\n<li><strong>Wy\u015bwietlacz:<\/strong> Jasny wy\u015bwietlacz LCD z pod\u015bwietleniem<\/li>\n<li><strong>Jednostki wa\u017cenia:<\/strong> g, oz, ct, gn, dwt, ozt<\/li>\n<li><strong>Cechy:<\/strong> Funkcja tarowania, automatyczne wy\u0142\u0105czanie, szybki czas reakcji<\/li>\n<li><strong>Zasilanie:<\/strong> 2 baterie AAA (w zestawie lub opcjonalnie)<\/li>\n<li><strong>Format:<\/strong> Ultrakompaktowy i lekki \u2013 idealnie mie\u015bci si\u0119 w d\u0142oni lub kieszeni kurtki.<a href=\"https:\/\/researchchemicalstore.eu\/pl\/sklep\/waga\/cyfrowa-waga-cs-100g-x-001g\/\">Cyfrowa waga CS \u2013 100g<\/a> 0,01g<\/li>\n<\/ul>\n<hr \/>\n<h4><strong>Zastosowania:<\/strong><\/h4>\n<p>\u2714 Pr\u00f3bki biologiczne i mikroeksperymenty<br \/>\n\u2714 Mikrodawkowanie suplement\u00f3w lub ekstrakt\u00f3w ro\u015blinnych<br \/>\n\u2714 Pomiary laboratoryjne i naukowe<br \/>\n\u2714 Bi\u017cuteria, kamienie szlachetne i metale szlachetne.<a href=\"https:\/\/researchchemicalstore.eu\/pl\/sklep\/waga\/cyfrowa-mini-waga-zbiornikowa-20g-x-0-001g\/\">Cyfrowa mini waga do zbiornik\u00f3w \u2013 20 g x 0,001 g<\/a><\/p>\n<hr \/>\n<p>\ud83c\udfaf <strong>Dlaczego warto wybra\u0107 t\u0119 wag\u0119 biologiczn\u0105?<\/strong><\/p>\n<ul>\n<li>Niezwykle precyzyjny przy niskich dawkach<\/li>\n<li>Niezawodne pomiary bez waha\u0144<\/li>\n<li>Trwa\u0142e, przeno\u015bne i gotowe do natychmiastowego u\u017cycia<\/li>\n<\/ul>","protected":false},"excerpt":{"rendered":"<p><strong>Dane techniczne:<\/strong><\/p>\n<ul>\n<li>Cyfrowy<\/li>\n<li>Wa\u017cy od 0,001 g<\/li>\n<li>Maksymalna waga: 20g<\/li>\n<li>Dzia\u0142a na: 2 bateriach AAA<\/li>\n<li>Wy\u015bwietlacz LCD<\/li>\n<li>Kolor: czarny<\/li>\n<\/ul>","protected":false},"featured_media":24680,"comment_status":"closed","ping_status":"closed","template":"","meta":[],"product_brand":[],"product_cat":[451],"product_tag":[452,848,764,767,765,766,768],"class_list":{"0":"post-24343","1":"product","2":"type-product","3":"status-publish","4":"has-post-thumbnail","6":"product_cat-weegschalen","7":"product_tag-de","8":"product_tag-digitale-bio-mini-weegschaal","9":"product_tag-digitale-cs-weegschaal","10":"product_tag-digitale-microweegschaal","11":"product_tag-milligramweegschaal","12":"product_tag-precise-weegschaal-0-001g","13":"product_tag-weegschaal-voor-research-chemicals","15":"first","16":"instock","17":"taxable","18":"shipping-taxable","19":"purchasable","20":"product-type-simple"},"_links":{"self":[{"href":"https:\/\/researchchemicalstore.eu\/pl\/wp-json\/wp\/v2\/product\/24343","targetHints":{"allow":["GET"]}}],"collection":[{"href":"https:\/\/researchchemicalstore.eu\/pl\/wp-json\/wp\/v2\/product"}],"about":[{"href":"https:\/\/researchchemicalstore.eu\/pl\/wp-json\/wp\/v2\/types\/product"}],"replies":[{"embeddable":true,"href":"https:\/\/researchchemicalstore.eu\/pl\/wp-json\/wp\/v2\/comments?post=24343"}],"version-history":[{"count":5,"href":"https:\/\/researchchemicalstore.eu\/pl\/wp-json\/wp\/v2\/product\/24343\/revisions"}],"predecessor-version":[{"id":25978,"href":"https:\/\/researchchemicalstore.eu\/pl\/wp-json\/wp\/v2\/product\/24343\/revisions\/25978"}],"wp:featuredmedia":[{"embeddable":true,"href":"https:\/\/researchchemicalstore.eu\/pl\/wp-json\/wp\/v2\/media\/24680"}],"wp:attachment":[{"href":"https:\/\/researchchemicalstore.eu\/pl\/wp-json\/wp\/v2\/media?parent=24343"}],"wp:term":[{"taxonomy":"product_brand","embeddable":true,"href":"https:\/\/researchchemicalstore.eu\/pl\/wp-json\/wp\/v2\/product_brand?post=24343"},{"taxonomy":"product_cat","embeddable":true,"href":"https:\/\/researchchemicalstore.eu\/pl\/wp-json\/wp\/v2\/product_cat?post=24343"},{"taxonomy":"product_tag","embeddable":true,"href":"https:\/\/researchchemicalstore.eu\/pl\/wp-json\/wp\/v2\/product_tag?post=24343"}],"curies":[{"name":"wp","href":"https:\/\/api.w.org\/{rel}","templated":true}]}}