{"id":24521,"date":"2025-04-13T17:41:54","date_gmt":"2025-04-13T17:41:54","guid":{"rendered":"https:\/\/researchchemicalstore.eu\/?post_type=product&#038;p=24521"},"modified":"2025-10-21T11:50:20","modified_gmt":"2025-10-21T11:50:20","slug":"mgielka-chemiczna-w-sprayu","status":"publish","type":"product","link":"https:\/\/researchchemicalstore.eu\/pl\/produkt\/mgielka-chemiczna-w-sprayu\/","title":{"rendered":"Chem-mist NOOPEPT Spray"},"content":{"rendered":"<h2><strong>Mgie\u0142ka chemiczna <\/strong><strong>Rozpyla\u0107 <\/strong><strong>NOOPEPT 1,5 mg\u00a0<\/strong><\/h2>\n<p><strong>Nazwa produktu:<\/strong> Spray chemiczny NOOPEPT 1,5 mg\/spray<br \/>\n<strong>Zawarto\u015b\u0107:<\/strong>\u00a0Butelka 10 ml (\u2248600 dawek)<br \/>\n<strong>St\u0119\u017cenie:<\/strong>\u00a01,5 mg Noopeptu na jedno rozpylenie<br \/>\n<strong>Formu\u0142a:<\/strong> Zaawansowany roztw\u00f3r wodny zapewniaj\u0105cy optymaln\u0105 stabilno\u015b\u0107. <a title=\"1cP-LSD 150 MCG Art Blotters\" href=\"https:\/\/researchchemicalstore.eu\/pl\/sklep\/lizergamidy\/1cp-lsd-150-mcg-granulki\/\" target=\"_blank\" rel=\"noopener\">1cP-LSD 150 MCG Art Blotters<\/a><\/p>\n<h3><strong>G\u0142\u00f3wne cechy:<\/strong><\/h3>\n<p>\ud83d\udd2c\u00a0<strong>Dozowanie precyzyjne<\/strong>\u00a0\u2013 1,5 mg Noopeptu na skalibrowan\u0105 dawk\u0119<br \/>\n\ud83e\uddea\u00a0<strong>Wz\u00f3r badawczy<\/strong>\u00a0\u2013 Nadaje si\u0119 do bada\u0144 farmakologicznych<br \/>\n\ud83d\udca7\u00a0<strong>Podawanie donosowe<\/strong>\u00a0\u2013 Szybka absorpcja do zastosowa\u0144 badawczych<br \/>\n\ud83d\udcc6\u00a0<strong>Okres przydatno\u015bci do spo\u017cycia:<\/strong> 18 miesi\u0119cy w nieotwartym opakowaniu (przechowywa\u0107 w temperaturze 15-25\u00b0C). <a title=\"O-DSMT 50 mg granulki\" href=\"https:\/\/researchchemicalstore.eu\/pl\/sklep\/peletki-2\/o-dsmt-50mg-granulki\/\" target=\"_blank\" rel=\"noopener\">O-DSMT 50 mg granulki<\/a><\/p>\n<h3><strong>Dane techniczne:<\/strong><\/h3>\n<p>\u2022 Numer CAS: [157115-85-0]<br \/>\n\u2022 Wz\u00f3r sumaryczny: C16H27N3O3<br \/>\n\u2022 Masa cz\u0105steczkowa: 309,41 g\/mol<\/p>\n<p>\u26a0\ufe0f\u00a0<strong>WA\u017bNY:<\/strong><br \/>\n\u2022 Tylko do bada\u0144 in vitro<br \/>\n\u2022 Nie do u\u017cytku przez ludzi. <a href=\"http:\/\/google.nl\" target=\"_blank\" rel=\"noopener\">Lub<\/a> zastosowanie weterynaryjne<br \/>\n\u2022 Przechowywa\u0107 w miejscu niedost\u0119pnym dla dzieci.<a title=\"6-CL-ADBA\" href=\"https:\/\/researchchemicalstore.eu\/pl\/sklep\/prawie-zabronione\/6-cl-adba\/\" target=\"_blank\" rel=\"noopener\">6-CL-ADBA<\/a><\/p>\n<ul>\n<li><strong>Opakowanie detaliczne<br \/>\n<\/strong><\/li>\n<li><strong>Ilo\u015b\u0107 mg NOOPEPT na jedno rozpylenie: 1,5<\/strong><\/li>\n<li><strong>Ceny nie zawieraj\u0105 podatku VAT 21%<\/strong><\/li>\n<li><strong>Sugerowana cena detaliczna: 24,95 \u20ac z VAT. KAD\u0179<\/strong><\/li>\n<\/ul>","protected":false},"excerpt":{"rendered":"<h2><strong>Chem-mist NOOPEPT 1,5 mg w sprayu<\/strong><\/h2>\n<ul>\n<li><strong>Opakowanie detaliczne<br \/>\n<\/strong><\/li>\n<li><strong>Ilo\u015b\u0107 mg NOOPEPT na jedno rozpylenie: 1,5<\/strong><\/li>\n<li><strong>Ceny nie zawieraj\u0105 podatku VAT 21%<\/strong><\/li>\n<li><strong>Sugerowana cena detaliczna: 24,95 \u20ac z VAT. KAD\u0179<\/strong><\/li>\n<\/ul>","protected":false},"featured_media":28758,"comment_status":"closed","ping_status":"closed","template":"","meta":[],"product_brand":[82],"product_cat":[555],"product_tag":[812,810,811,326,813,814,815],"class_list":{"0":"post-24521","1":"product","2":"type-product","3":"status-publish","4":"has-post-thumbnail","6":"product_brand-research-chemical","7":"product_cat-b2b","8":"product_tag-buy-noopept-spray","9":"product_tag-chem-mist-spray","10":"product_tag-chem-mist","11":"product_tag-nl","12":"product_tag-noopept-nasal-spray","13":"product_tag-noopept-nasal-spray-diy","14":"product_tag-noopept-nasal-spray-dosage","16":"first","17":"instock","18":"taxable","19":"shipping-taxable","20":"purchasable","21":"product-type-variable"},"_links":{"self":[{"href":"https:\/\/researchchemicalstore.eu\/pl\/wp-json\/wp\/v2\/product\/24521","targetHints":{"allow":["GET"]}}],"collection":[{"href":"https:\/\/researchchemicalstore.eu\/pl\/wp-json\/wp\/v2\/product"}],"about":[{"href":"https:\/\/researchchemicalstore.eu\/pl\/wp-json\/wp\/v2\/types\/product"}],"replies":[{"embeddable":true,"href":"https:\/\/researchchemicalstore.eu\/pl\/wp-json\/wp\/v2\/comments?post=24521"}],"version-history":[{"count":4,"href":"https:\/\/researchchemicalstore.eu\/pl\/wp-json\/wp\/v2\/product\/24521\/revisions"}],"predecessor-version":[{"id":25947,"href":"https:\/\/researchchemicalstore.eu\/pl\/wp-json\/wp\/v2\/product\/24521\/revisions\/25947"}],"wp:featuredmedia":[{"embeddable":true,"href":"https:\/\/researchchemicalstore.eu\/pl\/wp-json\/wp\/v2\/media\/28758"}],"wp:attachment":[{"href":"https:\/\/researchchemicalstore.eu\/pl\/wp-json\/wp\/v2\/media?parent=24521"}],"wp:term":[{"taxonomy":"product_brand","embeddable":true,"href":"https:\/\/researchchemicalstore.eu\/pl\/wp-json\/wp\/v2\/product_brand?post=24521"},{"taxonomy":"product_cat","embeddable":true,"href":"https:\/\/researchchemicalstore.eu\/pl\/wp-json\/wp\/v2\/product_cat?post=24521"},{"taxonomy":"product_tag","embeddable":true,"href":"https:\/\/researchchemicalstore.eu\/pl\/wp-json\/wp\/v2\/product_tag?post=24521"}],"curies":[{"name":"wp","href":"https:\/\/api.w.org\/{rel}","templated":true}]}}