{"id":24854,"date":"2025-04-13T17:43:28","date_gmt":"2025-04-13T17:43:28","guid":{"rendered":"https:\/\/researchchemicalstore.eu\/?post_type=product&#038;p=24854"},"modified":"2025-10-21T09:54:49","modified_gmt":"2025-10-21T09:54:49","slug":"dck-20mg-granulki","status":"publish","type":"product","link":"https:\/\/researchchemicalstore.eu\/pl\/produkt\/dck-20mg-granulki\/","title":{"rendered":"Granulki DCK 20 mg"},"content":{"rendered":"<h2><span data-sheets-value=\"{\" data-sheets-userformat=\"{\">Granulki DCK 20 mg<\/span><\/h2>\n<p>Pellet DCK zawiera 20 mg substancji czynnej (DCK).<\/p>\n<p>DCK to substancja sprzedawana wy\u0142\u0105cznie w celach badawczych i nie jest przeznaczona do spo\u017cycia.<a title=\"2-CMC 250 mg granulki\" href=\"https:\/\/researchchemicalstore.eu\/pl\/sklep\/katynony\/%f0%9f%92%a1-2-mmc-krystaliczny-proszek-do-wszystkich-pytan-i-odpowiedzi-do-zakupu\/\" target=\"_blank\" rel=\"noopener\">2-CMC 250 mg granulki<\/a><\/p>\n<p>DCK zachowuje stabilno\u015b\u0107 nawet przez 2 lata, je\u015bli jest przechowywany w odpowiednich warunkach. DKK <a href=\"http:\/\/google.nl\" target=\"_blank\" rel=\"noopener\">Jest<\/a> przeznaczone do cel\u00f3w badawczych i nie do spo\u017cycia. Dlatego wa\u017cne jest, aby produkt przechowywa\u0107 w miejscu niedost\u0119pnym dla dzieci i zwierz\u0105t domowych.<a title=\"Kapsu\u0142ki 2C-EF 2 mg\" href=\"https:\/\/researchchemicalstore.eu\/pl\/sklep\/fenetyloamina\/2-kapsulki-2c-ef-2mg\/\" target=\"_blank\" rel=\"noopener\">Kapsu\u0142ki 2C-EF 2 mg<\/a><\/p>\n<p>Oferujemy wysokiej jako\u015bci odczynniki chemiczne do bada\u0144 za uczciw\u0105 cen\u0119. Twoje zam\u00f3wienie zostanie wys\u0142ane w ci\u0105gu 24 godzin, ka\u017cdego dnia. Dlatego zam\u00f3w <em>DKK<\/em> bezpiecznie i szybko vi<\/p>\n<h3>Nieruchomo\u015bci DCK<\/h3>\n<p><strong>Synonim:<\/strong>\u00a02\u2032-okso-PCM, deschloroketamina<br \/>\n<strong>Numer CAS:<\/strong>\u00a04631-27-0<br \/>\n<strong>Formu\u0142a:<\/strong>\u00a02-(metyloamino)-2-fenylo-cykloheksanon<br \/>\n<strong>Masa molowa:<\/strong>\u00a0239,7 g\/mol<br \/>\n<strong>Czysto\u015b\u0107:<\/strong>\u00a0&gt;97%<\/p>\n<h3>O\u015bwiadczenie o zagro\u017ceniu<\/h3>\n<p>DCK mo\u017ce powodowa\u0107 podra\u017cnienie dr\u00f3g oddechowych<br \/>\nDCK mo\u017ce powodowa\u0107 podra\u017cnienie oczu.<br \/>\nZabrania si\u0119 uwalniania substancji chemicznych wykorzystywanych w badaniach do \u015brodowiska.<\/p>\n<p>KONTAKT DCK Z OCZAMI: Ostro\u017cnie p\u0142uka\u0107 oczy wod\u0105 przez pi\u0119\u0107 minut. Je\u017celi to mo\u017cliwe, wyjmij soczewki kontaktowe.<\/p>\n<p>W PRZYPADKU KONTAKTU ZE SK\u00d3R\u0104: Sk\u00f3r\u0119 umy\u0107 wod\u0105 z myd\u0142em.<a title=\"6-CL-ADBA\" href=\"https:\/\/researchchemicalstore.eu\/pl\/sklep\/prawie-zabronione\/6-cl-adba\/\" target=\"_blank\" rel=\"noopener\">6-CL-ADBA<\/a><\/p>\n<p>W PRZYPADKU WDYCHANIA DCK: wyprowadzi\u0107 lub wynie\u015b\u0107 poszkodowanego na \u015bwie\u017ce powietrze i u\u0142o\u017cy\u0107 go w pozycji umo\u017cliwiaj\u0105cej swobodne oddychanie.<a title=\"MEAI\" href=\"https:\/\/researchchemicalstore.eu\/pl\/sklep\/inny\/meai\/\" target=\"_blank\" rel=\"noopener\">MEAI<\/a><\/p>","protected":false},"excerpt":{"rendered":"<h3>Nieruchomo\u015bci DCK<\/h3>\n<p><strong>Synonim:<\/strong>\u00a02\u2032-okso-PCM, deschloroketamina<br \/>\n<strong>Numer CAS:<\/strong>\u00a04631-27-0<br \/>\n<strong>Formu\u0142a:<\/strong>\u00a02-(metyloamino)-2-fenylo-cykloheksanon<br \/>\n<strong>Masa molowa:<\/strong>\u00a0239,7 g\/mol<br \/>\n<strong>Czysto\u015b\u0107:<\/strong>\u00a0&gt;97%<\/p>","protected":false},"featured_media":28761,"comment_status":"closed","ping_status":"closed","template":"","meta":[],"product_brand":[82],"product_cat":[71,427,428,324],"product_tag":[272,302,303,326],"class_list":{"0":"post-24854","1":"product","2":"type-product","3":"status-publish","4":"has-post-thumbnail","6":"product_brand-research-chemical","7":"product_cat-arylcyclohexylamine","8":"product_cat-dck","9":"product_cat-dck-pellets","10":"product_cat-pellets-for-pellet","11":"product_tag-2f-dck-kopen","12":"product_tag-dck","13":"product_tag-deschloroketamine","14":"product_tag-nl","16":"first","17":"instock","18":"taxable","19":"shipping-taxable","20":"purchasable","21":"product-type-variable"},"_links":{"self":[{"href":"https:\/\/researchchemicalstore.eu\/pl\/wp-json\/wp\/v2\/product\/24854","targetHints":{"allow":["GET"]}}],"collection":[{"href":"https:\/\/researchchemicalstore.eu\/pl\/wp-json\/wp\/v2\/product"}],"about":[{"href":"https:\/\/researchchemicalstore.eu\/pl\/wp-json\/wp\/v2\/types\/product"}],"replies":[{"embeddable":true,"href":"https:\/\/researchchemicalstore.eu\/pl\/wp-json\/wp\/v2\/comments?post=24854"}],"version-history":[{"count":3,"href":"https:\/\/researchchemicalstore.eu\/pl\/wp-json\/wp\/v2\/product\/24854\/revisions"}],"predecessor-version":[{"id":25521,"href":"https:\/\/researchchemicalstore.eu\/pl\/wp-json\/wp\/v2\/product\/24854\/revisions\/25521"}],"wp:featuredmedia":[{"embeddable":true,"href":"https:\/\/researchchemicalstore.eu\/pl\/wp-json\/wp\/v2\/media\/28761"}],"wp:attachment":[{"href":"https:\/\/researchchemicalstore.eu\/pl\/wp-json\/wp\/v2\/media?parent=24854"}],"wp:term":[{"taxonomy":"product_brand","embeddable":true,"href":"https:\/\/researchchemicalstore.eu\/pl\/wp-json\/wp\/v2\/product_brand?post=24854"},{"taxonomy":"product_cat","embeddable":true,"href":"https:\/\/researchchemicalstore.eu\/pl\/wp-json\/wp\/v2\/product_cat?post=24854"},{"taxonomy":"product_tag","embeddable":true,"href":"https:\/\/researchchemicalstore.eu\/pl\/wp-json\/wp\/v2\/product_tag?post=24854"}],"curies":[{"name":"wp","href":"https:\/\/api.w.org\/{rel}","templated":true}]}}