{"id":26118,"date":"2025-05-01T01:31:17","date_gmt":"2025-05-01T01:31:17","guid":{"rendered":"https:\/\/researchchemicalstore.eu\/?post_type=product&#038;p=26118"},"modified":"2025-10-18T14:17:54","modified_gmt":"2025-10-18T14:17:54","slug":"nasiona-ibogi","status":"publish","type":"product","link":"https:\/\/researchchemicalstore.eu\/pl\/produkt\/nasiona-ibogi\/","title":{"rendered":"Nasiona Iboga"},"content":{"rendered":"<h2>kup nasiona iboga<\/h2>\n<p>Kup nasiona iboga. Tabernanthe iboga nale\u017cy do rodziny toinowatych, wyst\u0119puj\u0105cej naturalnie w wilgotnych rejonach tropikalnych \u015brodkowo-zachodniej Afryki, g\u0142\u00f3wnie w Kongo i Gabonie. Nazwy zwyczajowe to Iboga, Eboka i Eboga. Tabernanthe to niewielki rodzaj obejmuj\u0105cy tylko dwa gatunki, T<a href=\"https:\/\/caluanieoxidizeshop.com\" target=\"_blank\" rel=\"noopener\">.<\/a> iboga i T. elliptica (gatunek ten ma kolczaste owoce podobne do Datura spp.). Zapisano, \u017ce oba gatunki mog\u0105 si\u0119 krzy\u017cowa\u0107, tworz\u0105c p\u0142odn\u0105 hybryd\u0119 (<em>Iboga i Ibogaina, Nico Dauphin<\/em>). nasiona iboga\u200b, nasiona tabernanthe iboga\u200b, nasiona ro\u015blin iboga\u200b, kup nasiona iboga\u200b<\/p>\n<p>Tabernanthe to zdrewnia\u0142a ro\u015blina wyst\u0119puj\u0105ca endemicznie w podszycie wilgotnych las\u00f3w tropikalnych. Krzewy Tabernanthe osi\u0105gaj\u0105 zazwyczaj wysoko\u015b\u0107 od p\u00f3\u0142 metra do dw\u00f3ch metr\u00f3w. Ga\u0142\u0119zie wyst\u0119puj\u0105 parami, a dwa smuk\u0142e, szypu\u0142kowe kwiatostany pojawiaj\u0105 si\u0119 parami tu\u017c nad punktami rozga\u0142\u0119zie\u0144. Tabernanthe ma tak\u017ce podsadki w kszta\u0142cie dzia\u0142ek i wyra\u017ane blizny na li\u015bciach. Podobnie jak w przypadku wielu innych przedstawicieli rodziny toinowatych<a href=\"https:\/\/caluanieoxidizeshop.com\/product\/caluanie-muelear-oxidize-for-sale\/\" target=\"_blank\" rel=\"noopener\">,<\/a> Tabernanthe charakteryzuje si\u0119 mlecznym sokiem i wyst\u0119powaniem wielu po\u017cytecznych alkaloid\u00f3w w korze, li\u015bciach i korzeniach (Iboga i ibogaina, Nico Dauphin). <a href=\"https:\/\/researchchemicalstore.eu\/pl\/sklep\/top-10-research-chemicals\/caluanie-muelear-utleniac\/\">Caluanie Muelear Utlenianie<\/a><a href=\"https:\/\/researchchemicalstore.eu\/pl\/sklep\/waga\/cyfrowa-waga-cs-100g-x-001g\/\">Cyfrowa waga CS \u2013 100g x 0,01g<\/a><a href=\"https:\/\/researchchemicalstore.eu\/pl\/sklep\/top-10-research-chemicals\/dzialanie-pyrazolamu\/\">Pyrazolam 2,5 MG Pellety<\/a><a href=\"https:\/\/researchchemicalstore.eu\/pl\/sklep\/waga\/cyfrowa-mini-waga-zbiornikowa-20g-x-0-001g\/\">Cyfrowa mini waga do zbiornik\u00f3w \u2013 20 g x 0,001 g<\/a><a href=\"https:\/\/researchchemicalstore.eu\/pl\/sklep\/waga\/cyfrowa-bio-mini-waga-20g-x-0001g\/\">Cyfrowa Bio Mini Waga \u2013 20g x 0,001g<\/a><\/p>","protected":false},"excerpt":{"rendered":"<p>$1 za owoc, minimalne zam\u00f3wienie = 100 owoc\u00f3w<\/p>","protected":false},"featured_media":28801,"comment_status":"closed","ping_status":"closed","template":"","meta":[],"product_brand":[],"product_cat":[1085],"product_tag":[912,911,909,910],"class_list":{"0":"post-26118","1":"product","2":"type-product","3":"status-publish","4":"has-post-thumbnail","6":"product_cat-okategoriserad","7":"product_tag-buy-iboga-seeds","8":"product_tag-iboga-plant-seeds","9":"product_tag-iboga-seeds","10":"product_tag-tabernanthe-iboga-seeds","12":"first","13":"instock","14":"taxable","15":"shipping-taxable","16":"purchasable","17":"product-type-simple"},"_links":{"self":[{"href":"https:\/\/researchchemicalstore.eu\/pl\/wp-json\/wp\/v2\/product\/26118","targetHints":{"allow":["GET"]}}],"collection":[{"href":"https:\/\/researchchemicalstore.eu\/pl\/wp-json\/wp\/v2\/product"}],"about":[{"href":"https:\/\/researchchemicalstore.eu\/pl\/wp-json\/wp\/v2\/types\/product"}],"replies":[{"embeddable":true,"href":"https:\/\/researchchemicalstore.eu\/pl\/wp-json\/wp\/v2\/comments?post=26118"}],"version-history":[{"count":4,"href":"https:\/\/researchchemicalstore.eu\/pl\/wp-json\/wp\/v2\/product\/26118\/revisions"}],"predecessor-version":[{"id":26155,"href":"https:\/\/researchchemicalstore.eu\/pl\/wp-json\/wp\/v2\/product\/26118\/revisions\/26155"}],"wp:featuredmedia":[{"embeddable":true,"href":"https:\/\/researchchemicalstore.eu\/pl\/wp-json\/wp\/v2\/media\/28801"}],"wp:attachment":[{"href":"https:\/\/researchchemicalstore.eu\/pl\/wp-json\/wp\/v2\/media?parent=26118"}],"wp:term":[{"taxonomy":"product_brand","embeddable":true,"href":"https:\/\/researchchemicalstore.eu\/pl\/wp-json\/wp\/v2\/product_brand?post=26118"},{"taxonomy":"product_cat","embeddable":true,"href":"https:\/\/researchchemicalstore.eu\/pl\/wp-json\/wp\/v2\/product_cat?post=26118"},{"taxonomy":"product_tag","embeddable":true,"href":"https:\/\/researchchemicalstore.eu\/pl\/wp-json\/wp\/v2\/product_tag?post=26118"}],"curies":[{"name":"wp","href":"https:\/\/api.w.org\/{rel}","templated":true}]}}