{"id":27570,"date":"2025-09-23T07:05:38","date_gmt":"2025-09-23T07:05:38","guid":{"rendered":"https:\/\/researchchemicalstore.eu\/?post_type=product&#038;p=27570"},"modified":"2025-10-18T14:07:41","modified_gmt":"2025-10-18T14:07:41","slug":"kup-4mmc","status":"publish","type":"product","link":"https:\/\/researchchemicalstore.eu\/pl\/produkt\/kup-4mmc\/","title":{"rendered":"Kup Mefedron (4MMC)"},"content":{"rendered":"<h1 data-start=\"660\" data-end=\"708\"><strong data-start=\"662\" data-end=\"706\">4-MMC (Mefedron) \u2013 Profil substancji i FAQ<\/strong><\/h1>\n<h3 data-start=\"710\" data-end=\"732\"><strong data-start=\"714\" data-end=\"730\">Opis<\/strong><\/h3>\n<p data-start=\"733\" data-end=\"1149\">Kup 4mmc, 4-MMC, w przeciwnym razie bekannt al <strong data-start=\"757\" data-end=\"770\">Mefedron<\/strong>, powi\u0105zany z Grup\u0105 Syntetyczn\u0105 <strong data-start=\"808\" data-end=\"821\">Katynon<\/strong>. Es dzia\u0142a samo w sobie z substancj\u0105 psychoaktywn\u0105, kt\u00f3ra w latach 2000. jako \u015brodek uspokajaj\u0105cy <strong data-start=\"910\" data-end=\"933\">Substancja chemiczna badawcza<\/strong> (RC) auftauchte. Aufgrund ihrer <strong data-start=\"966\" data-end=\"1009\">efekt stymuluj\u0105cy i empatogenny<\/strong> Gdyby dzia\u0142ali jako \u201elegalni narkomani\u201d, byliby chronieni w kraju zwi\u0105zkowym, a tak\u017ce w Niemczech, <strong data-start=\"1117\" data-end=\"1140\">prawnie zabronione<\/strong> sta\u0142 si\u0119.<\/p>\n<p data-start=\"1151\" data-end=\"1386\">Mefedron jest z nim chemicznie spokrewniony <strong data-start=\"1187\" data-end=\"1203\">Amfetaminy<\/strong> I <strong data-start=\"1208\" data-end=\"1216\">MDMA<\/strong> und wird h\u00e4ufig in Form von <strong data-start=\"1245\" data-end=\"1280\">Proszek, kryszta\u0142y lub kapsu\u0142ki<\/strong> angeboten. Heute gilt es als <strong data-start=\"1310\" data-end=\"1328\">nielegalny suchy<\/strong> z ryzykiem dobrego zdrowia i dobrego samopoczucia.<\/p>\n<h3 data-start=\"1393\" data-end=\"1432\"><strong data-start=\"1397\" data-end=\"1430\">Wirkung von 4-MMC (Mephedron)<\/strong><\/h3>\n<p data-start=\"1433\" data-end=\"1503\">Die Wirkung ist meist <strong data-start=\"1455\" data-end=\"1468\">kr\u00f3tkotrwa\u0142y<\/strong> i inni Stimulanzien:<\/p>\n<ul data-start=\"1504\" data-end=\"1691\">\n<li data-start=\"1504\" data-end=\"1549\">\n<p data-start=\"1506\" data-end=\"1549\">Wysoko\u015b\u0107 <strong data-start=\"1514\" data-end=\"1526\">Euforia<\/strong> I <strong data-start=\"1531\" data-end=\"1547\">Towarzysko\u015b\u0107<\/strong><\/p>\n<\/li>\n<li data-start=\"1550\" data-end=\"1616\">\n<p data-start=\"1552\" data-end=\"1616\">Intensywne <strong data-start=\"1563\" data-end=\"1579\">Wohlbefinden<\/strong> i rusztowania <strong data-start=\"1596\" data-end=\"1614\">zdolno\u015b\u0107 konwersacyjna<\/strong><\/p>\n<\/li>\n<li data-start=\"1617\" data-end=\"1659\">\n<p data-start=\"1619\" data-end=\"1659\">Wysoko\u015b\u0107 <strong data-start=\"1627\" data-end=\"1657\">Herzfrequenz und Blutdruck<\/strong><\/p>\n<\/li>\n<li data-start=\"1660\" data-end=\"1691\">\n<p data-start=\"1662\" data-end=\"1691\">Unterdr\u00fcckung von M\u00fcdigkeit<\/p>\n<\/li>\n<\/ul>\n<h3 data-start=\"1698\" data-end=\"1732\"><strong data-start=\"1702\" data-end=\"1730\">Ryzyko i zagro\u017cenia<\/strong><\/h3>\n<p data-start=\"1733\" data-end=\"1813\">Der Konsum von Mephedron ist mit <strong data-start=\"1766\" data-end=\"1800\">powa\u017cne zagro\u017cenia dla zdrowia<\/strong> po\u0142\u0105czony:<\/p>\n<ul data-start=\"1814\" data-end=\"2094\">\n<li data-start=\"1814\" data-end=\"1893\">\n<p data-start=\"1816\" data-end=\"1893\"><strong data-start=\"1816\" data-end=\"1844\">Podatek od serca i biegu<\/strong> (Herzrasen, Bluthochdruck, Herzinfarkt-Risiko)<\/p>\n<\/li>\n<li data-start=\"1894\" data-end=\"1965\">\n<p data-start=\"1896\" data-end=\"1965\"><strong data-start=\"1896\" data-end=\"1918\">Efekty psychiczne<\/strong> wie Angstzust\u00e4nde, Paranoia, Schlaflosigkeit<\/p>\n<\/li>\n<li data-start=\"1966\" data-end=\"2020\">\n<p data-start=\"1968\" data-end=\"2020\"><strong data-start=\"1968\" data-end=\"1994\">Abh\u00e4ngigkeitspotenzial<\/strong> bei regelm\u00e4\u00dfigem Konsum<\/p>\n<\/li>\n<li data-start=\"2021\" data-end=\"2094\">\n<p data-start=\"2023\" data-end=\"2094\"><strong data-start=\"2023\" data-end=\"2053\">Akute \u00dcberdosierungsgefahr<\/strong> durch unsichere Cleanheit und Dosierung<\/p>\n<\/li>\n<\/ul>\n<h3 data-start=\"2101\" data-end=\"2136\"><strong data-start=\"2105\" data-end=\"2134\">Post\u0119powania prawne w Niemczech<\/strong><\/h3>\n<ul data-start=\"2137\" data-end=\"2384\">\n<li data-start=\"2137\" data-end=\"2232\">\n<p data-start=\"2139\" data-end=\"2232\">4-MMC ist in Deutschland <strong data-start=\"2164\" data-end=\"2175\">nielegalny<\/strong> und f\u00e4llt unter das <strong data-start=\"2196\" data-end=\"2229\">Betaubungsmittelgesetz (BtMG)<\/strong>.<\/p>\n<\/li>\n<li data-start=\"2233\" data-end=\"2287\">\n<p data-start=\"2235\" data-end=\"2287\">Besitz, Handel oder Herstellung sind <strong data-start=\"2272\" data-end=\"2284\">karalny<\/strong>.<\/p>\n<\/li>\n<li data-start=\"2288\" data-end=\"2384\">\n<p data-start=\"2290\" data-end=\"2384\">Der Kauf (\u201ekup\u201d) w Internecie <strong data-start=\"2325\" data-end=\"2343\">ustawowy<\/strong> i mo\u017ce podlega\u0107 post\u0119powaniu karnemu.<\/p>\n<\/li>\n<\/ul>\n<h2 data-start=\"2391\" data-end=\"2450\"><strong data-start=\"2394\" data-end=\"2448\">Podstawowe informacje (FAQ) dotycz\u0105ce 4-MMC (Mefedron)<\/strong><\/h2>\n<p data-start=\"2452\" data-end=\"2575\"><strong data-start=\"2452\" data-end=\"2473\">1. Czy jest to 4-MMC?<\/strong><br data-start=\"2473\" data-end=\"2476\" \/>4-MMC (Mefedron) jest syntetycznym suszem z grupy <strong data-start=\"2541\" data-end=\"2572\">kathinonhaltigen Substanzen<\/strong>.<\/p>\n<p data-start=\"2577\" data-end=\"2779\"><strong data-start=\"2577\" data-end=\"2609\">2. Warum ist 4-MMC verboten?<\/strong><br data-start=\"2609\" data-end=\"2612\" \/>Drogi <strong data-start=\"2622\" data-end=\"2707\">ryzyko zdrowotne, korzy\u015bci zdrowotne i opieka medyczna<\/strong> zosta\u0142y znalezione w krajach, w kt\u00f3rych obowi\u0105zuj\u0105 przepisy reguluj\u0105ce te kwestie.<\/p>\n<p data-start=\"2781\" data-end=\"2914\"><strong data-start=\"2781\" data-end=\"2817\">3. Jak stosowa\u0107 Mefedron?<\/strong><br data-start=\"2817\" data-end=\"2820\" \/>To dzia\u0142a <strong data-start=\"2829\" data-end=\"2876\">stymuluj\u0105cy, euforyczny i empatyczny<\/strong>, r\u00f3wnie\u017c z MDMA lub amfetamin\u0105.<\/p>\n<p data-start=\"2916\" data-end=\"3090\"><strong data-start=\"2916\" data-end=\"2958\">4. Jak komfortowo si\u0119 czujesz?<\/strong><br data-start=\"2958\" data-end=\"2961\" \/>Nebenwirkungen reichen von <strong data-start=\"2988\" data-end=\"3022\">Herzrasen, \u00dcbelkeit, Schwitzen<\/strong> bis hin zu <strong data-start=\"3034\" data-end=\"3059\">zaburzenia psychiczne<\/strong> wie Angst oder Aggressionen.<\/p>\n<p data-start=\"3092\" data-end=\"3224\"><strong data-start=\"3092\" data-end=\"3130\">5. Czy 4-MMC jest legalne w Niemczech?<\/strong><br data-start=\"3130\" data-end=\"3133\" \/>Nie, Mefedron jest w Niemczech <strong data-start=\"3168\" data-end=\"3187\">surowo zabronione<\/strong>. Besitz und Verkauf podlega karze.<\/p>\n<p data-start=\"3226\" data-end=\"3495\"><strong data-start=\"3226\" data-end=\"3261\">6. Czy istniej\u0105 alternatywy prawne?<\/strong><br data-start=\"3261\" data-end=\"3264\" \/>Es existieren keine <strong data-start=\"3284\" data-end=\"3322\">bezpieczne lub legalne Ersatzstoffe<\/strong> z identycznymi metodami pracy. Seri\u00f6se Beratung empfiehlt ausschlie\u00dflich <strong data-start=\"3390\" data-end=\"3414\">zdrowe alternatywy<\/strong> wie Sport, Ern\u00e4hrung und psychologische Unterst\u00fctzung zur Stimmungsaufhellung.<\/p>","protected":false},"excerpt":{"rendered":"<p>4-MMC (Mephedron) \u2013 Substanzprofil &amp; FAQ Beschreibung 4mmc kopen, 4-MMC, auch bekannt als Mephedron, geh\u00f6rt zur Gruppe der synthetischen Cathinone.<\/p>","protected":false},"featured_media":28748,"comment_status":"open","ping_status":"closed","template":"","meta":[],"product_brand":[],"product_cat":[1085],"product_tag":[],"class_list":{"0":"post-27570","1":"product","2":"type-product","3":"status-publish","4":"has-post-thumbnail","6":"product_cat-okategoriserad","8":"first","9":"instock","10":"taxable","11":"shipping-taxable","12":"purchasable","13":"product-type-variable"},"_links":{"self":[{"href":"https:\/\/researchchemicalstore.eu\/pl\/wp-json\/wp\/v2\/product\/27570","targetHints":{"allow":["GET"]}}],"collection":[{"href":"https:\/\/researchchemicalstore.eu\/pl\/wp-json\/wp\/v2\/product"}],"about":[{"href":"https:\/\/researchchemicalstore.eu\/pl\/wp-json\/wp\/v2\/types\/product"}],"replies":[{"embeddable":true,"href":"https:\/\/researchchemicalstore.eu\/pl\/wp-json\/wp\/v2\/comments?post=27570"}],"version-history":[{"count":1,"href":"https:\/\/researchchemicalstore.eu\/pl\/wp-json\/wp\/v2\/product\/27570\/revisions"}],"predecessor-version":[{"id":27572,"href":"https:\/\/researchchemicalstore.eu\/pl\/wp-json\/wp\/v2\/product\/27570\/revisions\/27572"}],"wp:featuredmedia":[{"embeddable":true,"href":"https:\/\/researchchemicalstore.eu\/pl\/wp-json\/wp\/v2\/media\/28748"}],"wp:attachment":[{"href":"https:\/\/researchchemicalstore.eu\/pl\/wp-json\/wp\/v2\/media?parent=27570"}],"wp:term":[{"taxonomy":"product_brand","embeddable":true,"href":"https:\/\/researchchemicalstore.eu\/pl\/wp-json\/wp\/v2\/product_brand?post=27570"},{"taxonomy":"product_cat","embeddable":true,"href":"https:\/\/researchchemicalstore.eu\/pl\/wp-json\/wp\/v2\/product_cat?post=27570"},{"taxonomy":"product_tag","embeddable":true,"href":"https:\/\/researchchemicalstore.eu\/pl\/wp-json\/wp\/v2\/product_tag?post=27570"}],"curies":[{"name":"wp","href":"https:\/\/api.w.org\/{rel}","templated":true}]}}