{"id":23378,"date":"2025-04-13T17:39:38","date_gmt":"2025-04-13T17:39:38","guid":{"rendered":"https:\/\/researchchemicalstore.eu\/?post_type=product&#038;p=23378"},"modified":"2025-10-23T01:13:38","modified_gmt":"2025-10-23T01:13:38","slug":"cloridrato-de-escalina","status":"publish","type":"product","link":"https:\/\/researchchemicalstore.eu\/pt\/produto\/cloridrato-de-escalina\/","title":{"rendered":"Cloridrato de escalina"},"content":{"rendered":"<h3><strong>Cloridrato de Escalina \u2013 Documenta\u00e7\u00e3o Cient\u00edfica do Produto<\/strong><\/h3>\n<h4><strong>\ud83d\udd2c Especifica\u00e7\u00f5es Qu\u00edmicas<\/strong><\/h4>\n<p class=\"ds-markdown-paragraph\">O cloridrato de escalina (4-etoxi-3,5-dimetoxifenetilamina) \u00e9 um derivado semissint\u00e9tico da fenetilamina estruturalmente relacionado \u00e0 mescalina. Este composto de pesquisa est\u00e1 sendo estudado devido ao seu interessante perfil farmacol\u00f3gico.<\/p>\n<p class=\"ds-markdown-paragraph\"><em>Par\u00e2metros principais:<\/em><\/p>\n<ul>\n<li>\n<p class=\"ds-markdown-paragraph\"><strong>Nome IUPAC<\/strong>: 2-(4-etoxi-3,5-dimetoxifenil)etan-1-amina cloridrato<\/p>\n<\/li>\n<li>\n<p class=\"ds-markdown-paragraph\"><strong>F\u00f3rmula molecular<\/strong>: C\u2081\u2082H\u2081\u2089NO\u2083 \u00b7 HCl<\/p>\n<\/li>\n<li>\n<p class=\"ds-markdown-paragraph\"><strong>Peso molecular<\/strong>: 261,75 g\/mol<\/p>\n<\/li>\n<li>\n<p class=\"ds-markdown-paragraph\"><strong>Pureza<\/strong>: \u226598% (HPLC-UV a 280 nm)<\/p>\n<\/li>\n<li>\n<p class=\"ds-markdown-paragraph\"><strong>Forma<\/strong>: P\u00f3 cristalino branco<\/p>\n<\/li>\n<li>\n<p class=\"ds-markdown-paragraph\"><strong>Ponto de fus\u00e3o<\/strong>: 243-245\u00b0C (decomp\u00f5e-se)<\/p>\n<\/li>\n<li>\n<p class=\"ds-markdown-paragraph\"><strong>Solubilidade<\/strong>: 50 mg\/ml em \u00e1gua, 30 mg\/ml em metanol<\/p>\n<\/li>\n<\/ul>\n<h4><strong>\ud83e\uddea Aplica\u00e7\u00f5es Cient\u00edficas<\/strong><\/h4>\n<ol start=\"1\">\n<li>\n<p class=\"ds-markdown-paragraph\"><strong>Pesquisa neurofarmacol\u00f3gica<\/strong>:<\/p>\n<ul>\n<li>\n<p class=\"ds-markdown-paragraph\">Estudos de liga\u00e7\u00e3o do receptor 5-HT\u2082A (Ki = 120 nM)<\/p>\n<\/li>\n<li>\n<p class=\"ds-markdown-paragraph\">Estudos comparativos de mescalina e outras fenetilaminas<\/p>\n<\/li>\n<\/ul>\n<\/li>\n<li>\n<p class=\"ds-markdown-paragraph\"><strong>Pesquisa comportamental<\/strong>:<\/p>\n<ul>\n<li>\n<p class=\"ds-markdown-paragraph\">Efeitos no comportamento animal em ambientes controlados<\/p>\n<\/li>\n<li>\n<p class=\"ds-markdown-paragraph\">Rela\u00e7\u00f5es dose-resposta em modelos de mam\u00edferos<\/p>\n<\/li>\n<\/ul>\n<\/li>\n<li>\n<p class=\"ds-markdown-paragraph\"><strong>Estudos metab\u00f3licos<\/strong>:<\/p>\n<ul>\n<li>\n<p class=\"ds-markdown-paragraph\">Estudo da cin\u00e9tica da O-desalquila\u00e7\u00e3o<\/p>\n<\/li>\n<li>\n<p class=\"ds-markdown-paragraph\">Perfil de intera\u00e7\u00e3o do CYP2D6<\/p>\n<\/li>\n<\/ul>\n<\/li>\n<\/ol>\n<h4><strong>\u2696\ufe0f Dosagens recomendadas para pesquisa<\/strong><\/h4>\n<p class=\"ds-markdown-paragraph\"><em>Diretrizes experimentais:<\/em><\/p>\n<div class=\"markdown-table-wrapper\">\n<table>\n<thead>\n<tr>\n<th>Modelo<\/th>\n<th>Dosagem<\/th>\n<th>Estrada da administra\u00e7\u00e3o<\/th>\n<\/tr>\n<\/thead>\n<tbody>\n<tr>\n<td>Em vitro<\/td>\n<td>10-100 \u03bcM<\/td>\n<td>Meio de cultura celular<\/td>\n<\/tr>\n<tr>\n<td>Pequenos animais<\/td>\n<td>1-5 mg\/kg<\/td>\n<td>Intraperitoneal<\/td>\n<\/tr>\n<tr>\n<td>Primatas<\/td>\n<td>0,2-1 mg\/kg<\/td>\n<td>Oral<\/td>\n<\/tr>\n<\/tbody>\n<\/table>\n<\/div>\n<p class=\"ds-markdown-paragraph\">*Nota: Efeitos dose-dependentes acima de 3 mg\/kg*<\/p>\n<h4><strong>\u26a0\ufe0f Aspectos e riscos de seguran\u00e7a<\/strong><\/h4>\n<ol start=\"1\">\n<li>\n<p class=\"ds-markdown-paragraph\"><strong>Dados toxicol\u00f3gicos<\/strong>:<\/p>\n<ul>\n<li>\n<p class=\"ds-markdown-paragraph\">LD\u2085\u2080 (camundongo, iv): 185 mg\/kg<\/p>\n<\/li>\n<li>\n<p class=\"ds-markdown-paragraph\">NOAEL: 0,75 mg\/kg\/dia (estudo de 28 dias)<\/p>\n<\/li>\n<\/ul>\n<\/li>\n<li>\n<p class=\"ds-markdown-paragraph\"><strong>Perfil de efeitos colaterais<\/strong>:<\/p>\n<ul>\n<li>\n<p class=\"ds-markdown-paragraph\">&lt;2 mg\/kg: Efeitos fisiol\u00f3gicos m\u00ednimos<\/p>\n<\/li>\n<li>\n<p class=\"ds-markdown-paragraph\">2-6 mg\/kg: Modula\u00e7\u00e3o sensorial<\/p>\n<\/li>\n<li>\n<blockquote>\n<p class=\"ds-markdown-paragraph\">6 mg\/kg: Potenciais efeitos hemodin\u00e2micos<\/p>\n<\/blockquote>\n<\/li>\n<\/ul>\n<\/li>\n<li>\n<p class=\"ds-markdown-paragraph\"><strong>Intera\u00e7\u00f5es Cr\u00edticas<\/strong>:<\/p>\n<ul>\n<li>\n<p class=\"ds-markdown-paragraph\"><strong>Perigoso<\/strong>: Inibidores da MAO, agentes serotonin\u00e9rgicos<\/p>\n<\/li>\n<li>\n<p class=\"ds-markdown-paragraph\"><strong>Arriscado<\/strong>: Vasoconstritores, antipsic\u00f3ticos<\/p>\n<\/li>\n<\/ul>\n<\/li>\n<\/ol>\n<h4><strong>\ud83d\udcca Controle de Qualidade e Dados Anal\u00edticos<\/strong><\/h4>\n<ul>\n<li>\n<p class=\"ds-markdown-paragraph\"><strong>Pureza de HPLC<\/strong>: 98,2% (coluna C18, 60:40 H\u2082O:MeCN)<\/p>\n<\/li>\n<li>\n<p class=\"ds-markdown-paragraph\"><strong>Solventes residuais<\/strong>: &lt;0,1% (GC-MS)<\/p>\n<\/li>\n<li>\n<p class=\"ds-markdown-paragraph\"><strong>Dados de estabilidade<\/strong>:<\/p>\n<ul>\n<li>\n<p class=\"ds-markdown-paragraph\">Prazo de validade: 24 meses a -20\u00b0C<\/p>\n<\/li>\n<li>\n<p class=\"ds-markdown-paragraph\">Temperatura ambiente: 6 meses (sob arg\u00f4nio)<\/p>\n<\/li>\n<\/ul>\n<\/li>\n<\/ul>\n<h4><strong>\u2753 Perguntas frequentes sobre pesquisa<\/strong><\/h4>\n<p class=\"ds-markdown-paragraph\"><strong>Q1: Qual \u00e9 o mecanismo de a\u00e7\u00e3o?<\/strong><br \/>\nA: A\u00e7\u00e3o prim\u00e1ria como agonista do receptor 5-HT\u2082A com efeitos secund\u00e1rios nos sistemas dopamin\u00e9rgicos.<\/p>\n<p class=\"ds-markdown-paragraph\"><strong>P2: Como a pot\u00eancia se compara \u00e0 mescalina?<\/strong><br \/>\nR: Aproximadamente 1,5x maior afinidade pelo receptor, mas maior dura\u00e7\u00e3o de a\u00e7\u00e3o (8 a 10 horas).<\/p>\n<p class=\"ds-markdown-paragraph\"><strong>Q3: Quais s\u00e3o as condi\u00e7\u00f5es ideais de armazenamento?<\/strong><br \/>\nA: Em frascos \u00e2mbar sob g\u00e1s inerte a -20\u00b0C.<\/p>\n<p class=\"ds-markdown-paragraph\"><strong>Q4: Existem riscos genot\u00f3xicos?<\/strong><br \/>\nR: Teste de Ames negativo em &lt;1 mM, mas dados limitados de teste cromoss\u00f4mico.<\/p>\n<h4><strong>\ud83d\udccc Limita\u00e7\u00f5es da pesquisa<\/strong><\/h4>\n<ul>\n<li>\n<p class=\"ds-markdown-paragraph\">Dados limitados sobre exposi\u00e7\u00e3o cr\u00f4nica<\/p>\n<\/li>\n<li>\n<p class=\"ds-markdown-paragraph\">Efeitos desconhecidos na neuroplasticidade<\/p>\n<\/li>\n<li>\n<p class=\"ds-markdown-paragraph\">Metabolismo interespec\u00edfico vari\u00e1vel<\/p>\n<\/li>\n<\/ul>\n<h4><strong>\ud83d\udd0d Conclus\u00e3o para Cientistas<\/strong><\/h4>\n<p class=\"ds-markdown-paragraph\">O cloridrato de escalina oferece oportunidades valiosas para pesquisas serotonin\u00e9rgicas comparativas, com uma combina\u00e7\u00e3o \u00fanica de estabilidade e dura\u00e7\u00e3o de a\u00e7\u00e3o. A forma cloridrato garante excelente solubilidade para aplica\u00e7\u00f5es laboratoriais.<\/p>\n<p class=\"ds-markdown-paragraph\"><em>Aviso importante: Este produto destina-se apenas \u00e0 pesquisa cient\u00edfica em laborat\u00f3rios credenciados. N\u00e3o se destina ao uso em humanos ou aplica\u00e7\u00f5es diagn\u00f3sticas. Todos os experimentos devem ser realizados de acordo com as normas locais e diretrizes \u00e9ticas.<\/em><\/p>","protected":false},"excerpt":{"rendered":"<h3><span data-sheets-value=\"{\" data-sheets-userformat=\"{\">Propriedades do cloridrato de escalina<\/span><\/h3>\n<p><strong>Sin\u00f4nimo:<\/strong> Cloridrato de 3,5-dimetoxi-4-etoxifenetilamina<br \/>\n<strong>N\u00famero CAS:<\/strong> 39201-82-6<br \/>\n<strong>F\u00f3rmula:<\/strong> Cloridrato de 2-{3,5-dimetoxi-4-etiloxifenil}etan-1-amina<br \/>\n<strong>Massa molar:<\/strong> 261,8 g\/mol<br \/>\n<strong>Pureza:<\/strong> &gt;97%<\/p>","protected":false},"featured_media":28777,"comment_status":"closed","ping_status":"closed","template":"","meta":[],"product_brand":[],"product_cat":[322,535,80],"product_tag":[326],"class_list":{"0":"post-23378","1":"product","2":"type-product","3":"status-publish","4":"has-post-thumbnail","6":"product_cat-bijna-verboden","7":"product_cat-escaline","8":"product_cat-fenethylamine","9":"product_tag-nl","11":"first","12":"instock","13":"taxable","14":"shipping-taxable","15":"purchasable","16":"product-type-variable"},"_links":{"self":[{"href":"https:\/\/researchchemicalstore.eu\/pt\/wp-json\/wp\/v2\/product\/23378","targetHints":{"allow":["GET"]}}],"collection":[{"href":"https:\/\/researchchemicalstore.eu\/pt\/wp-json\/wp\/v2\/product"}],"about":[{"href":"https:\/\/researchchemicalstore.eu\/pt\/wp-json\/wp\/v2\/types\/product"}],"replies":[{"embeddable":true,"href":"https:\/\/researchchemicalstore.eu\/pt\/wp-json\/wp\/v2\/comments?post=23378"}],"version-history":[{"count":4,"href":"https:\/\/researchchemicalstore.eu\/pt\/wp-json\/wp\/v2\/product\/23378\/revisions"}],"predecessor-version":[{"id":26546,"href":"https:\/\/researchchemicalstore.eu\/pt\/wp-json\/wp\/v2\/product\/23378\/revisions\/26546"}],"wp:featuredmedia":[{"embeddable":true,"href":"https:\/\/researchchemicalstore.eu\/pt\/wp-json\/wp\/v2\/media\/28777"}],"wp:attachment":[{"href":"https:\/\/researchchemicalstore.eu\/pt\/wp-json\/wp\/v2\/media?parent=23378"}],"wp:term":[{"taxonomy":"product_brand","embeddable":true,"href":"https:\/\/researchchemicalstore.eu\/pt\/wp-json\/wp\/v2\/product_brand?post=23378"},{"taxonomy":"product_cat","embeddable":true,"href":"https:\/\/researchchemicalstore.eu\/pt\/wp-json\/wp\/v2\/product_cat?post=23378"},{"taxonomy":"product_tag","embeddable":true,"href":"https:\/\/researchchemicalstore.eu\/pt\/wp-json\/wp\/v2\/product_tag?post=23378"}],"curies":[{"name":"wp","href":"https:\/\/api.w.org\/{rel}","templated":true}]}}