{"id":23542,"date":"2025-04-13T17:39:57","date_gmt":"2025-04-13T17:39:57","guid":{"rendered":"https:\/\/researchchemicalstore.eu\/?post_type=product&#038;p=23542"},"modified":"2025-10-22T16:33:13","modified_gmt":"2025-10-22T16:33:13","slug":"mipt-fumarato-n-metil-n-isopropiltriptamina","status":"publish","type":"product","link":"https:\/\/researchchemicalstore.eu\/pt\/produto\/mipt-fumarato-n-metil-n-isopropiltriptamina\/","title":{"rendered":"Fumarato de MiPT (N-metil-N-isopropiltriptamina)"},"content":{"rendered":"<h1><strong>Fumarato de MiPT \u2013 N-metil-N-isopropiltriptamina, subst\u00e2ncia de pesquisa com pureza verificada por HPLC<\/strong><\/h1>\n<p><strong>Nome qu\u00edmico:<\/strong> N-metil-N-isopropiltriptamina (MiPT)<br \/>\n<strong>Forma:<\/strong> Sal de fumarato<br \/>\n<strong>F\u00f3rmula:<\/strong> C14H20N2 \u00b7 C4H4O4<br \/>\n<strong>Peso molecular:<\/strong> 346,39 g\/mol<br \/>\n<strong>Pureza:<\/strong> \u226598% (an\u00e1lise por HPLC)<br \/>\n<strong>Estandes:<\/strong> P\u00f3 cristalino<br \/>\n<strong>N\u00famero CAS:<\/strong> n\/a (composto de n\u00edvel de pesquisa)<\/p>\n<hr \/>\n<h2><strong>O que \u00e9 fumarato de MiPT?<\/strong><\/h2>\n<p>O fumarato de MiPT \u00e9 um composto sint\u00e9tico de triptamina estruturalmente relacionado ao DMT e outras triptaminas psicoativas. Ao contr\u00e1rio do DMT, o MiPT \u00e9 conhecido principalmente por sua <strong>fortes efeitos mentais e auditivos<\/strong>, e relativamente <strong>componentes visuais suaves<\/strong>A forma fumarato oferece maior estabilidade para armazenamento e dosagem precisa durante atividades de pesquisa.<\/p>\n<hr \/>\n<h2><strong>Aplica\u00e7\u00f5es do MiPT em ambientes de pesquisa<\/strong><\/h2>\n<ul>\n<li><strong>Pesquisa farmacol\u00f3gica:<\/strong> Estudo das intera\u00e7\u00f5es dos receptores serotonin\u00e9rgicos (especialmente 5-HT2A).<\/li>\n<li><strong>An\u00e1lise neuroqu\u00edmica:<\/strong> Compreendendo as modifica\u00e7\u00f5es estruturais e sua influ\u00eancia na a\u00e7\u00e3o das triptaminas.<\/li>\n<li><strong>Testes psicofarmacol\u00f3gicos:<\/strong> Avalia\u00e7\u00e3o dos efeitos de altera\u00e7\u00e3o da consci\u00eancia em condi\u00e7\u00f5es controladas.<\/li>\n<li><strong>Pesquisa comparativa:<\/strong> Compara\u00e7\u00e3o com outras triptaminas, como DMT, MET e DiPT.<\/li>\n<\/ul>\n<hr \/>\n<h2><strong>Cen\u00e1rios de uso recomendados (somente para pesquisa)<\/strong><\/h2>\n<table>\n<thead>\n<tr>\n<th>Tipo de uso<\/th>\n<th>Dosagem recomendada<\/th>\n<th>Modo de administra\u00e7\u00e3o<\/th>\n<th>Observa\u00e7\u00e3o<\/th>\n<\/tr>\n<\/thead>\n<tbody>\n<tr>\n<td>Em vitro<\/td>\n<td>1\u201310 \u00b5M<\/td>\n<td>Dissolvido em DMSO ou etanol<\/td>\n<td>Para ensaios de liga\u00e7\u00e3o ao receptor<\/td>\n<\/tr>\n<tr>\n<td>In vivo (modelos animais)<\/td>\n<td>0,5\u20133 mg\/kg<\/td>\n<td>Intraperitoneal ou oral<\/td>\n<td>Somente em laborat\u00f3rios autorizados<\/td>\n<\/tr>\n<\/tbody>\n<\/table>\n<blockquote><p>\u26a0\ufe0f <strong>N\u00e3o destinado ao consumo humano. Somente para testes laboratoriais por pessoal qualificado.<\/strong><\/p><\/blockquote>\n<hr \/>\n<h2><strong>Benef\u00edcios do fumarato de MiPT para pesquisadores<\/strong><\/h2>\n<ul>\n<li>Alta estabilidade na forma de sal fumarato<\/li>\n<li>Efeitos reproduz\u00edveis em ambientes controlados<\/li>\n<li>Modifica\u00e7\u00f5es auditivas e cognitivas interessantes (fins de pesquisa)<\/li>\n<li>Boa solubilidade em solventes polares<\/li>\n<\/ul>\n<hr \/>\n<h2><strong>Desvantagens \/ Poss\u00edveis limita\u00e7\u00f5es<\/strong><\/h2>\n<ul>\n<li>A atividade visual limitada pode torn\u00e1-la menos adequada para alguns estudos de consci\u00eancia<\/li>\n<li>Falta de dados de toxicidade de longo prazo<\/li>\n<li>Pode degradar-se oxidativamente quando exposto ao ar e \u00e0 luz<\/li>\n<li>Restri\u00e7\u00f5es legais em certas regi\u00f5es<\/li>\n<\/ul>\n<hr \/>\n<h2><strong>An\u00e1lise e Certifica\u00e7\u00e3o Laboratorial<\/strong><\/h2>\n<p>Cada lote de MiPT Fumarato \u00e9 testado via <strong>HPLC (Cromatografia L\u00edquida de Alta Efici\u00eancia)<\/strong> e <strong>RMN (Resson\u00e2ncia Magn\u00e9tica Nuclear)<\/strong> para verificar a pureza e a composi\u00e7\u00e3o. Os resultados mostram consistentemente uma pureza &gt;98% com subprodutos m\u00ednimos.<\/p>\n<h3><strong>Dados de relat\u00f3rio dispon\u00edveis (exemplo)<\/strong><\/h3>\n<ul>\n<li><strong>Ponto de fus\u00e3o:<\/strong> 182\u2013185 \u00b0C<\/li>\n<li><strong>Solubilidade:<\/strong> Bom em etanol, limitado em \u00e1gua<\/li>\n<li><strong>Armazenar:<\/strong> Fresco, seco, escuro (&lt;25\u00b0C)<\/li>\n<li><strong>N\u00famero do lote:<\/strong> MIPT-FUM2024-06<\/li>\n<li><strong>An\u00e1lise de data:<\/strong> 12 de junho de 2025<\/li>\n<\/ul>\n<hr \/>\n<h2><strong>Perguntas Frequentes (FAQ)<\/strong><\/h2>\n<h3>\u2753 O MiPT \u00e9 legal na Holanda ou na B\u00e9lgica?<\/h3>\n<p>O MiPT se enquadra em uma \u00e1rea cinzenta em muitos pa\u00edses. Sempre verifique as regulamenta\u00e7\u00f5es locais antes de usar ou importar.<\/p>\n<h3>\u2753 O MiPT Fumarato pode ser usado diretamente para experimentos?<\/h3>\n<p>Sim, mas sempre em condi\u00e7\u00f5es de laborat\u00f3rio e somente por profissionais. N\u00e3o \u00e9 necess\u00e1ria purifica\u00e7\u00e3o adicional se a pureza do HPLC for \u226598%.<\/p>\n<h3>\u2753 Qual \u00e9 a diferen\u00e7a entre MiPT Base e MiPT Fumarato?<\/h3>\n<p>A vers\u00e3o fumarato \u00e9 mais sol\u00favel, mais est\u00e1vel e adequada para dosagem precisa durante pesquisas.<\/p>\n<h3>\u2753 Como o Fumarato de MiPT deve ser armazenado?<\/h3>\n<p>Armazene em recipiente herm\u00e9tico e resistente \u00e0 luz, em temperatura ambiente ou inferior. A exposi\u00e7\u00e3o prolongada ao oxig\u00eanio ou \u00e0 umidade pode causar deteriora\u00e7\u00e3o.<\/p>\n<hr \/>\n<h2><strong>Resumo<\/strong><\/h2>\n<p><strong>Fumarato de MiPT<\/strong> \u00e9 uma ferramenta valiosa para a pesquisa farmacol\u00f3gica e neuroqu\u00edmica de triptaminas. Suas propriedades cognitivas e auditivas \u00fanicas oferecem uma abordagem alternativa aos compostos tradicionalmente estudados. Gra\u00e7as \u00e0 sua forma fumarato, o produto \u00e9 quimicamente est\u00e1vel, f\u00e1cil de manusear e adequado para testes repet\u00edveis.<\/p>","protected":false},"excerpt":{"rendered":"<h3>Propriedades do fumarato MiPT<\/h3>\n<p><strong>Sin\u00f4nimo:<\/strong> fumarato de N-metil-N-isopropiltriptamina<br \/>\n<strong>N\u00famero CAS:<\/strong> 96096-52-5<br \/>\n<strong>F\u00f3rmula:<\/strong> 3-[2-(metil(isopropil)amino)etil]-1H-indol fumarato<br \/>\n<strong>Massa molar:<\/strong> 332,4 g\/mol<br \/>\n<strong>Pureza:<\/strong> &gt;97%<\/p>","protected":false},"featured_media":28814,"comment_status":"closed","ping_status":"closed","template":"","meta":[],"product_brand":[],"product_cat":[507,381],"product_tag":[326],"class_list":{"0":"post-23542","1":"product","2":"type-product","3":"status-publish","4":"has-post-thumbnail","6":"product_cat-mipt","7":"product_cat-tryptamines","8":"product_tag-nl","10":"first","11":"instock","12":"taxable","13":"shipping-taxable","14":"purchasable","15":"product-type-variable"},"_links":{"self":[{"href":"https:\/\/researchchemicalstore.eu\/pt\/wp-json\/wp\/v2\/product\/23542","targetHints":{"allow":["GET"]}}],"collection":[{"href":"https:\/\/researchchemicalstore.eu\/pt\/wp-json\/wp\/v2\/product"}],"about":[{"href":"https:\/\/researchchemicalstore.eu\/pt\/wp-json\/wp\/v2\/types\/product"}],"replies":[{"embeddable":true,"href":"https:\/\/researchchemicalstore.eu\/pt\/wp-json\/wp\/v2\/comments?post=23542"}],"version-history":[{"count":3,"href":"https:\/\/researchchemicalstore.eu\/pt\/wp-json\/wp\/v2\/product\/23542\/revisions"}],"predecessor-version":[{"id":26598,"href":"https:\/\/researchchemicalstore.eu\/pt\/wp-json\/wp\/v2\/product\/23542\/revisions\/26598"}],"wp:featuredmedia":[{"embeddable":true,"href":"https:\/\/researchchemicalstore.eu\/pt\/wp-json\/wp\/v2\/media\/28814"}],"wp:attachment":[{"href":"https:\/\/researchchemicalstore.eu\/pt\/wp-json\/wp\/v2\/media?parent=23542"}],"wp:term":[{"taxonomy":"product_brand","embeddable":true,"href":"https:\/\/researchchemicalstore.eu\/pt\/wp-json\/wp\/v2\/product_brand?post=23542"},{"taxonomy":"product_cat","embeddable":true,"href":"https:\/\/researchchemicalstore.eu\/pt\/wp-json\/wp\/v2\/product_cat?post=23542"},{"taxonomy":"product_tag","embeddable":true,"href":"https:\/\/researchchemicalstore.eu\/pt\/wp-json\/wp\/v2\/product_tag?post=23542"}],"curies":[{"name":"wp","href":"https:\/\/api.w.org\/{rel}","templated":true}]}}