{"id":23975,"date":"2025-04-13T17:40:48","date_gmt":"2025-04-13T17:40:48","guid":{"rendered":"https:\/\/researchchemicalstore.eu\/?post_type=product&#038;p=23975"},"modified":"2025-10-22T11:04:38","modified_gmt":"2025-10-22T11:04:38","slug":"pelotas-de-2-mmc","status":"publish","type":"product","link":"https:\/\/researchchemicalstore.eu\/pt\/produto\/pelotas-de-2-mmc\/","title":{"rendered":"Pellets de 2-MMC 220 mg"},"content":{"rendered":"<h2><strong>2-MMC <\/strong><strong>pelotas, <\/strong><strong>Pellets de 220 mg<\/strong><\/h2>\n<p>Cada um desses pellets cont\u00e9m 220 MG 2-MMC.<\/p>\n<p>Os pellets de 2-MMC s\u00e3o uma subst\u00e2ncia que vendemos somente para fins de pesquisa e, portanto, n\u00e3o se destinam ao consumo. O 2-MMC pode ser pesquisado por at\u00e9 2 anos quando armazenado em ambiente adequado.<a title=\"MEAI\" href=\"https:\/\/researchchemicalstore.eu\/pt\/comprar\/outro\/meai\/\" target=\"_blank\" rel=\"noopener\">MEAI<\/a><\/p>\n<p>Como o 2-MMC \u00e9 usado apenas para fins de pesquisa e n\u00e3o para consumo, \u00e9 importante mant\u00ea-lo fora do alcance de crian\u00e7as e animais de estima\u00e7\u00e3o.<a title=\"6-CL-ADBA\" href=\"https:\/\/researchchemicalstore.eu\/pt\/comprar\/quase-proibido\/6-cl-adba\/\" target=\"_blank\" rel=\"noopener\">6-CL-ADBA<\/a><\/p>\n<p>Oferecemos produtos qu\u00edmicos de pesquisa de boa qualidade por um pre\u00e7o justo. Seu pedido ser\u00e1 enviado dentro de 24 horas todos os dias. Portanto, pe\u00e7a 2-MMC com seguran\u00e7a e rapidez.<a title=\"C\u00e1psulas 2C-EF 2mg\" href=\"https:\/\/researchchemicalstore.eu\/pt\/comprar\/fenetilamina\/capsulas-2c-ef-2mg\/\" target=\"_blank\" rel=\"noopener\">C\u00e1psulas 2C-EF 2mg<\/a><\/p>\n<h2>Propriedades do 2-MMC<\/h2>\n<p><strong>N\u00famero CAS<\/strong>: 1246911-71-6<br \/>\n<strong>F\u00f3rmula<\/strong>: C11h15NO \u2022 HCL<br \/>\n<strong>Massa molar<\/strong>: 177.247<br \/>\n<strong>Pureza<\/strong>: \u226599%<\/p>\n<h3>Declara\u00e7\u00e3o de perigo<\/h3>\n<p>2-MMC pode causar irrita\u00e7\u00e3o respirat\u00f3ria<br \/>\nO 2-MMC pode causar irrita\u00e7\u00e3o nos olhos.<br \/>\n\u00c9 proibido descarregar produtos qu\u00edmicos de pesquisa no meio ambiente.<a title=\"6-CL-ADBA\" href=\"https:\/\/researchchemicalstore.eu\/pt\/comprar\/quase-proibido\/6-cl-adba\/\" target=\"_blank\" rel=\"noopener\">6-CL-ADBA<\/a><\/p>\n<p>2-MMC EM CONTATO COM OS OLHOS: Enx\u00e1gue os olhos suavemente com \u00e1gua durante cinco minutos. Remova as lentes de contato, se poss\u00edvel.<\/p>\n<p>2-MMC EM CONTATO COM A PELE: Lave a pele com \u00e1gua e sab\u00e3o.<\/p>\n<p>AP\u00d3S INALA\u00c7\u00c3O DE 2-MMC: trazer a v\u00edtima <a href=\"http:\/\/google.nl\" target=\"_blank\" rel=\"noopener\">em<\/a> ar fresco e coloque a v\u00edtima em uma posi\u00e7\u00e3o que permita a respira\u00e7\u00e3o f\u00e1cil.<\/p>","protected":false},"excerpt":{"rendered":"<h2>Propriedades do 2-MMC<\/h2>\n<p><strong>N\u00famero CAS<\/strong>: 1246911-71-6<br \/>\n<strong>F\u00f3rmula<\/strong>: C11h15NO \u2022 HCL<br \/>\n<strong>Massa molar<\/strong>: 177.247<br \/>\n<strong>Pureza<\/strong>: \u226599%<\/p>","protected":false},"featured_media":28603,"comment_status":"closed","ping_status":"closed","template":"","meta":[],"product_brand":[82],"product_cat":[372,463,322,79,324],"product_tag":[83,679,652,678,326],"class_list":{"0":"post-23975","1":"product","2":"type-product","3":"status-publish","4":"has-post-thumbnail","6":"product_brand-research-chemical","7":"product_cat-2-mmc-kopen","8":"product_cat-2-mmc-pellets","9":"product_cat-bijna-verboden","10":"product_cat-cathinonen","11":"product_cat-pellets-for-pellet","12":"product_tag-2-mmc-kopen","13":"product_tag-2-mmc-pellets","14":"product_tag-2-mmc-pellets-kopen","15":"product_tag-2mmc-pellets","16":"product_tag-nl","18":"first","19":"instock","20":"taxable","21":"shipping-taxable","22":"purchasable","23":"product-type-variable"},"_links":{"self":[{"href":"https:\/\/researchchemicalstore.eu\/pt\/wp-json\/wp\/v2\/product\/23975","targetHints":{"allow":["GET"]}}],"collection":[{"href":"https:\/\/researchchemicalstore.eu\/pt\/wp-json\/wp\/v2\/product"}],"about":[{"href":"https:\/\/researchchemicalstore.eu\/pt\/wp-json\/wp\/v2\/types\/product"}],"replies":[{"embeddable":true,"href":"https:\/\/researchchemicalstore.eu\/pt\/wp-json\/wp\/v2\/comments?post=23975"}],"version-history":[{"count":3,"href":"https:\/\/researchchemicalstore.eu\/pt\/wp-json\/wp\/v2\/product\/23975\/revisions"}],"predecessor-version":[{"id":25527,"href":"https:\/\/researchchemicalstore.eu\/pt\/wp-json\/wp\/v2\/product\/23975\/revisions\/25527"}],"wp:featuredmedia":[{"embeddable":true,"href":"https:\/\/researchchemicalstore.eu\/pt\/wp-json\/wp\/v2\/media\/28603"}],"wp:attachment":[{"href":"https:\/\/researchchemicalstore.eu\/pt\/wp-json\/wp\/v2\/media?parent=23975"}],"wp:term":[{"taxonomy":"product_brand","embeddable":true,"href":"https:\/\/researchchemicalstore.eu\/pt\/wp-json\/wp\/v2\/product_brand?post=23975"},{"taxonomy":"product_cat","embeddable":true,"href":"https:\/\/researchchemicalstore.eu\/pt\/wp-json\/wp\/v2\/product_cat?post=23975"},{"taxonomy":"product_tag","embeddable":true,"href":"https:\/\/researchchemicalstore.eu\/pt\/wp-json\/wp\/v2\/product_tag?post=23975"}],"curies":[{"name":"wp","href":"https:\/\/api.w.org\/{rel}","templated":true}]}}