{"id":24101,"date":"2025-04-13T17:41:03","date_gmt":"2025-04-13T17:41:03","guid":{"rendered":"https:\/\/researchchemicalstore.eu\/?post_type=product&#038;p=24101"},"modified":"2025-10-22T09:55:42","modified_gmt":"2025-10-22T09:55:42","slug":"pellets-de-promal-metalilescalina-21-mg","status":"publish","type":"product","link":"https:\/\/researchchemicalstore.eu\/pt\/produto\/pellets-de-promal-metalilescalina-21-mg\/","title":{"rendered":"Pellets de Promal Metallylescaline 21 MG"},"content":{"rendered":"<div class=\"relative\">\n<div class=\"prose text-pretty dark:prose-invert inline leading-normal break-words min-w-0 [word-break:break-word]\">\n<h2 id=\"unieke-productbeschrijving-van-promal-methallylesc\" class=\"mb-2 mt-6 text-base font-[500] first:mt-0 md:text-lg dark:font-[475] [hr+&amp;]:mt-4\">Pellets de Promal Metallylescaline 21 MG<\/h2>\n<p class=\"my-0\">A Metalilescalina Promal (MAL) \u00e9 um composto psicod\u00e9lico sint\u00e9tico da classe das fenetilaminas, estruturalmente relacionado \u00e0 mescalina. Cada pellet cont\u00e9m uma dose precisa de 21 mg de Metalilescalina, acondicionado em um blister de f\u00e1cil utiliza\u00e7\u00e3o para fins de pesquisa. O composto tem a f\u00f3rmula qu\u00edmica C\u2081\u2083H\u2081\u2089NO\u2083 e um peso molecular de 237,30 g\/mol.<span class=\"whitespace-nowrap\">.<\/span> Atua principalmente como agonista dos receptores de serotonina (particularmente 5-HT\u2082\u2090), levando a estados alterados de consci\u00eancia, aumento sensorial e alucina\u00e7\u00f5es visuais.<span class=\"whitespace-nowrap\">.<\/span><\/p>\n<h2 class=\"mb-xs mt-5 text-base font-[500] first:mt-0 dark:font-[475]\">Aplica\u00e7\u00f5es de uso<\/h2>\n<ul class=\"marker:text-textOff list-disc\">\n<li>\n<p class=\"my-0\"><strong>Pesquisa cient\u00edfica<\/strong>: Estudo das fun\u00e7\u00f5es cognitivas, altera\u00e7\u00f5es de percep\u00e7\u00e3o e potencial terap\u00eautico (por exemplo, para ansiedade, depress\u00e3o ou TEPT)<span class=\"whitespace-nowrap\">.<\/span><\/p>\n<\/li>\n<li>\n<p class=\"my-0\"><strong>Estudos sensoriais<\/strong>: Pesquisa sobre alucina\u00e7\u00f5es visuais\/auditivas e efeitos semelhantes \u00e0 sinestesia<span class=\"whitespace-nowrap\">.<\/span><\/p>\n<\/li>\n<li>\n<p class=\"my-0\"><strong>An\u00e1lise farmacol\u00f3gica<\/strong>: Pesquisa de mecanismos via intera\u00e7\u00f5es com receptores (agonismo da serotonina)<span class=\"whitespace-nowrap\">.<\/span><\/p>\n<\/li>\n<\/ul>\n<h2 class=\"mb-xs mt-5 text-base font-[500] first:mt-0 dark:font-[475]\">Desvantagens e Riscos<\/h2>\n<ul class=\"marker:text-textOff list-disc\">\n<li>\n<p class=\"my-0\"><strong>Efeitos colaterais f\u00edsicos<\/strong>: N\u00e1useas, v\u00f4mitos, aumento da frequ\u00eancia card\u00edaca e da press\u00e3o arterial<span class=\"whitespace-nowrap\">.<\/span><\/p>\n<\/li>\n<li>\n<p class=\"my-0\"><strong>Efeitos psicol\u00f3gicos<\/strong>: Ansiedade, paranoia e superestimula\u00e7\u00e3o emocional, especialmente em altas doses (&gt;60 mg)<span class=\"whitespace-nowrap\">.<\/span><\/p>\n<\/li>\n<li>\n<p class=\"my-0\"><strong>Riscos de seguran\u00e7a<\/strong>: N\u00e3o para consumo humano; uso rigoroso em laborat\u00f3rio \u00e9 necess\u00e1rio<span class=\"whitespace-nowrap\">.<\/span><\/p>\n<\/li>\n<\/ul>\n<h2 class=\"mb-xs mt-5 text-base font-[500] first:mt-0 dark:font-[475]\">Instru\u00e7\u00f5es de uso<\/h2>\n<p class=\"my-0\"><strong>Dosagem e protocolo<\/strong>:<\/p>\n<ul class=\"marker:text-textOff list-disc\">\n<li>\n<p class=\"my-0\"><strong>Dose limite<\/strong>: 10\u201320 mg<\/p>\n<\/li>\n<li>\n<p class=\"my-0\"><strong>Dose leve<\/strong>: 20\u201340 mg<\/p>\n<\/li>\n<li>\n<p class=\"my-0\"><strong>Dose padr\u00e3o<\/strong>: 40\u201360 mg<\/p>\n<\/li>\n<li>\n<p class=\"my-0\"><strong>Dose alta<\/strong>: &gt;60 mg (apenas para pesquisadores experientes)<span class=\"whitespace-nowrap\">.<\/span><br \/>\n<strong>Diretrizes de laborat\u00f3rio<\/strong>:<\/p>\n<\/li>\n<\/ul>\n<ol class=\"marker:text-textOff list-decimal\">\n<li>\n<p class=\"my-0\">Utilize equipamentos de pesagem de precis\u00e3o e equipamentos de prote\u00e7\u00e3o individual (luvas, \u00f3culos de seguran\u00e7a)<span class=\"whitespace-nowrap\">.<\/span><\/p>\n<\/li>\n<li>\n<p class=\"my-0\">Realizar experimentos em ambientes controlados com ventila\u00e7\u00e3o e protocolos de emerg\u00eancia<span class=\"whitespace-nowrap\">.<\/span><\/p>\n<\/li>\n<li>\n<p class=\"my-0\">Comece com doses baixas e aumente gradualmente com base nos resultados da pesquisa<span class=\"whitespace-nowrap\">.<\/span><\/p>\n<\/li>\n<\/ol>\n<h2 class=\"mb-xs mt-5 text-base font-[500] first:mt-0 dark:font-[475]\">Perguntas Frequentes (FAQ&#039;s)<\/h2>\n<p class=\"my-0\"><strong>1. Este produto \u00e9 legal?<\/strong><br \/>\nA Metalilescalina Promal destina-se apenas a uso em pesquisa cient\u00edfica e est\u00e1 sujeita \u00e0s regulamenta\u00e7\u00f5es locais de pesquisa qu\u00edmica. Consulte sempre as regulamenta\u00e7\u00f5es regionais.<span class=\"whitespace-nowrap\">.<\/span><\/p>\n<p class=\"my-0\"><strong>2. Quanto tempo duram os efeitos?<\/strong><br \/>\nOs efeitos duram de 8 a 12 horas, mais do que os psicod\u00e9licos tradicionais<span class=\"whitespace-nowrap\">.<\/span><\/p>\n<p class=\"my-0\"><strong>3. Pode ser usado terapeuticamente?<\/strong><br \/>\nA pesquisa se concentra no potencial da sa\u00fade mental, mas as aplica\u00e7\u00f5es cl\u00ednicas n\u00e3o s\u00e3o aprovadas<span class=\"whitespace-nowrap\">.<\/span><\/p>\n<h2 class=\"mb-xs mt-5 text-base font-[500] first:mt-0 dark:font-[475]\">Relat\u00f3rio de laborat\u00f3rio e cen\u00e1rios recomendados<\/h2>\n<p class=\"my-0\"><strong>Caracter\u00edsticas farmacol\u00f3gicas (com base em estudos de receptores)<\/strong>:<\/p>\n<ul class=\"marker:text-textOff list-disc\">\n<li>\n<p class=\"my-0\"><strong>Afinidade de liga\u00e7\u00e3o ao receptor<\/strong>: Alto para receptores 5-HT\u2082\u2090 (<span class=\"katex\"><span class=\"katex-mathml\">Ki&lt;50K_i &lt; 50<\/span><span class=\"katex-html\" aria-hidden=\"true\"><span class=\"base\"><span class=\"mord\"><span class=\"mord mathnormal\">K<\/span><span class=\"msupsub\"><span class=\"vlist-t vlist-t2\"><span class=\"vlist-r\"><span class=\"vlist\"><span class=\"sizing reset-size6 size3 mtight\"><span class=\"mord mathnormal mtight\">eu<\/span><\/span><\/span><\/span><\/span><\/span><\/span><span class=\"mrel\">&lt;<\/span><\/span><span class=\"base\"><span class=\"mord\">50<\/span><\/span><\/span><\/span> nM), moderado para receptores TAAR\u2081 (<span class=\"katex\"><span class=\"katex-mathml\">Ki=1.900\u20133.900K_i = 1.900\u20133.900<\/span><span class=\"katex-html\" aria-hidden=\"true\"><span class=\"base\"><span class=\"mord\"><span class=\"mord mathnormal\">K<\/span><span class=\"msupsub\"><span class=\"vlist-t vlist-t2\"><span class=\"vlist-r\"><span class=\"vlist\"><span class=\"sizing reset-size6 size3 mtight\"><span class=\"mord mathnormal mtight\">eu<\/span><\/span><\/span><\/span><\/span><\/span><\/span><span class=\"mrel\">=<\/span><\/span><span class=\"base\"><span class=\"mord\">1.900\u20133.900<\/span><\/span><\/span><\/span> nM).<\/p>\n<\/li>\n<li>\n<p class=\"my-0\"><strong>Efeitos documentados<\/strong>:<\/p>\n<ul class=\"marker:text-textOff list-disc\">\n<li>\n<p class=\"my-0\">Distor\u00e7\u00f5es visuais e aumento sensorial em 20\u201340 mg<span class=\"whitespace-nowrap\">.<\/span><\/p>\n<\/li>\n<li>\n<p class=\"my-0\">Dissolu\u00e7\u00e3o do ego e mudan\u00e7as cognitivas em &gt;60 mg<span class=\"whitespace-nowrap\">.<\/span><\/p>\n<\/li>\n<\/ul>\n<\/li>\n<\/ul>\n<p class=\"my-0\"><strong>Cen\u00e1rios de pesquisa recomendados<\/strong>:<\/p>\n<ul class=\"marker:text-textOff list-disc\">\n<li>\n<p class=\"my-0\"><strong>Estudos de percep\u00e7\u00e3o<\/strong>: Doses de 20\u201340 mg para an\u00e1lise do processamento sensorial<span class=\"whitespace-nowrap\">.<\/span><\/p>\n<\/li>\n<li>\n<p class=\"my-0\"><strong>Explora\u00e7\u00e3o terap\u00eautica<\/strong>: Baixas doses (10\u201320 mg) para pesquisa de modula\u00e7\u00e3o do humor<span class=\"whitespace-nowrap\">.<\/span><\/p>\n<\/li>\n<li>\n<p class=\"my-0\"><strong>Farmacologia comparativa<\/strong>: Combina\u00e7\u00e3o com antagonistas de receptores para isolar mecanismos<span class=\"whitespace-nowrap\">.<\/span><\/p>\n<\/li>\n<\/ul>\n<h2 class=\"mb-xs mt-5 text-base font-[500] first:mt-0 dark:font-[475]\">Resumo<\/h2>\n<p class=\"my-0\">Os pellets de Promal Metallylescaline 21 mg fornecem um modelo padronizado para pesquisa psicod\u00e9lica, com \u00eanfase nas intera\u00e7\u00f5es com receptores e efeitos cognitivos. Riscos como estresse cardiovascular e efeitos colaterais psicol\u00f3gicos exigem ades\u00e3o rigorosa ao protocolo. A dosagem deve ser adaptada aos objetivos da pesquisa, com doses baixas apropriadas para pesquisa inicial e doses mais altas para estudos avan\u00e7ados.<span class=\"whitespace-nowrap\">.<\/span><\/p>\n<\/div>\n<\/div>","protected":false},"excerpt":{"rendered":"<p>Pellets de Promal Metallylescaline 21 MG Promal Metallylescaline (MAL) \u00e9 um composto psicod\u00e9lico sint\u00e9tico da classe das fenetilaminas, estruturalmente relacionado \u00e0 mescalina.<\/p>","protected":false},"featured_media":28846,"comment_status":"closed","ping_status":"closed","template":"","meta":[],"product_brand":[],"product_cat":[322,80,482,483,324,398],"product_tag":[326],"class_list":{"0":"post-24101","1":"product","2":"type-product","3":"status-publish","4":"has-post-thumbnail","6":"product_cat-bijna-verboden","7":"product_cat-fenethylamine","8":"product_cat-methallylescaline","9":"product_cat-methallylescaline-pellets","10":"product_cat-pellets-for-pellet","11":"product_cat-verkoop","12":"product_tag-nl","14":"first","15":"instock","16":"sale","17":"taxable","18":"shipping-taxable","19":"purchasable","20":"product-type-variable"},"_links":{"self":[{"href":"https:\/\/researchchemicalstore.eu\/pt\/wp-json\/wp\/v2\/product\/24101","targetHints":{"allow":["GET"]}}],"collection":[{"href":"https:\/\/researchchemicalstore.eu\/pt\/wp-json\/wp\/v2\/product"}],"about":[{"href":"https:\/\/researchchemicalstore.eu\/pt\/wp-json\/wp\/v2\/types\/product"}],"replies":[{"embeddable":true,"href":"https:\/\/researchchemicalstore.eu\/pt\/wp-json\/wp\/v2\/comments?post=24101"}],"version-history":[{"count":3,"href":"https:\/\/researchchemicalstore.eu\/pt\/wp-json\/wp\/v2\/product\/24101\/revisions"}],"predecessor-version":[{"id":26516,"href":"https:\/\/researchchemicalstore.eu\/pt\/wp-json\/wp\/v2\/product\/24101\/revisions\/26516"}],"wp:featuredmedia":[{"embeddable":true,"href":"https:\/\/researchchemicalstore.eu\/pt\/wp-json\/wp\/v2\/media\/28846"}],"wp:attachment":[{"href":"https:\/\/researchchemicalstore.eu\/pt\/wp-json\/wp\/v2\/media?parent=24101"}],"wp:term":[{"taxonomy":"product_brand","embeddable":true,"href":"https:\/\/researchchemicalstore.eu\/pt\/wp-json\/wp\/v2\/product_brand?post=24101"},{"taxonomy":"product_cat","embeddable":true,"href":"https:\/\/researchchemicalstore.eu\/pt\/wp-json\/wp\/v2\/product_cat?post=24101"},{"taxonomy":"product_tag","embeddable":true,"href":"https:\/\/researchchemicalstore.eu\/pt\/wp-json\/wp\/v2\/product_tag?post=24101"}],"curies":[{"name":"wp","href":"https:\/\/api.w.org\/{rel}","templated":true}]}}