{"id":24192,"date":"2025-04-13T17:41:13","date_gmt":"2025-04-13T17:41:13","guid":{"rendered":"https:\/\/researchchemicalstore.eu\/?post_type=product&#038;p=24192"},"modified":"2025-10-22T08:22:25","modified_gmt":"2025-10-22T08:22:25","slug":"caixa-de-fluor-rc-3-fpm-50mg","status":"publish","type":"product","link":"https:\/\/researchchemicalstore.eu\/pt\/produto\/caixa-de-fluor-rc-3-fpm-50mg\/","title":{"rendered":"Caixa RC+ Fluor 3-FPM 50mg"},"content":{"rendered":"<h1><strong>Compre 3 caixas de FPM 50mg \u2013 Produto qu\u00edmico de pesquisa premium para experimentos cient\u00edficos<\/strong><\/h1>\n<h2><strong>3-FPM (3-Fluorofenmetrazina) 50mg \u2013 Uma subst\u00e2ncia de pesquisa exclusiva<\/strong><\/h2>\n<p class=\"ds-markdown-paragraph\">O\u00a0<strong>Compre RC+ 3 FPM 50mg Caixa<\/strong>\u00a0cont\u00e9m um produto qu\u00edmico de pesquisa de alto valor que \u00e9 de interesse cient\u00edfico devido \u00e0s suas propriedades estruturais e perfil farmacol\u00f3gico. Este an\u00e1logo de fenmetrazina derivado de fl\u00faor \u00e9 vendido apenas para fins anal\u00edticos e de pesquisa in vitro.<\/p>\n<p class=\"ds-markdown-paragraph\">Com uma dosagem precisa de\u00a0<strong>50mg por unidade<\/strong>\u00a0Este produto fornece aos pesquisadores uma fonte confi\u00e1vel para experimentos cient\u00edficos controlados.<a title=\"Pellets de 2-CMC 250 mg\" href=\"https:\/\/researchchemicalstore.eu\/pt\/comprar\/catinonas\/%f0%9f%92%a1-po-cristalino-de-2-mmc-para-todas-as-perguntas-e-respostas-sobre-compra\/\" target=\"_blank\" rel=\"noopener\">Pellets de 2-CMC 250 mg<\/a><\/p>\n<hr \/>\n<h2><strong>Principais caracter\u00edsticas do RC+ 3-FPM 50mg<\/strong><\/h2>\n<p class=\"ds-markdown-paragraph\">\u2705\u00a0<strong>Alta Pureza:<\/strong>\u00a0Testado analiticamente para pureza \u226598%<br \/>\n\u2705\u00a0<strong>Dosagem exata:<\/strong>\u00a050 mg por unidade para resultados reprodut\u00edveis<br \/>\n\u2705\u00a0<strong>Formula\u00e7\u00e3o est\u00e1vel:<\/strong>\u00a0Prazo de validade ideal sob condi\u00e7\u00f5es corretas de armazenamento<br \/>\n\u2705\u00a0<strong>Embalagem cient\u00edfica:<\/strong>\u00a0Embalagem leve e herm\u00e9tica<br \/>\n\u2705\u00a0<strong>Entrega r\u00e1pida:<\/strong>\u00a0Encomendou antes das 15h? Geralmente enviado no mesmo dia<\/p>\n<hr \/>\n<h2><strong>Relev\u00e2ncia Cient\u00edfica<\/strong><\/h2>\n<p class=\"ds-markdown-paragraph\">O 3-FPM \u00e9 um composto interessante para pesquisa porque:<\/p>\n<p class=\"ds-markdown-paragraph\">\u2022\u00a0<strong>Singularidade estrutural<\/strong>\u00a0como um derivado de fl\u00faor da fenmetrazina<br \/>\n\u2022\u00a0<strong>Propriedades farmacodin\u00e2micas potenciais<\/strong>\u00a0para estudo cient\u00edfico<br \/>\n\u2022\u00a0<strong>Possibilidades de aplica\u00e7\u00e3o<\/strong> em pesquisas neuroqu\u00edmicas e farmacol\u00f3gicas.<a title=\"1V-LSD 150 MCG Blotters\" href=\"https:\/\/researchchemicalstore.eu\/pt\/comprar\/lisergamidas\/1v-lsd-150-mcg-blotters\/\" target=\"_blank\" rel=\"noopener\">1V-LSD 150 MCG Blotters<\/a><\/p>\n<hr \/>\n<h2><strong>Protocolo de Seguran\u00e7a e Diretrizes de Pesquisa<\/strong><\/h2>\n<p class=\"ds-markdown-paragraph\">\u26a0\u00a0<strong>IMPORTANTE:<\/strong><\/p>\n<ul>\n<li>\n<p class=\"ds-markdown-paragraph\"><strong>Somente para pesquisa in vitro<\/strong><\/p>\n<\/li>\n<li>\n<p class=\"ds-markdown-paragraph\"><strong>N\u00e3o \u00e9 para consumo humano ou animal<\/strong><\/p>\n<\/li>\n<li>\n<p class=\"ds-markdown-paragraph\"><strong>Somente para pesquisadores qualificados<\/strong><\/p>\n<\/li>\n<\/ul>\n<p class=\"ds-markdown-paragraph\">\ud83d\udd2c\u00a0<strong>Requisitos de laborat\u00f3rio:<\/strong><\/p>\n<ul>\n<li>\n<p class=\"ds-markdown-paragraph\">Uso em ambiente de pesquisa controlado<\/p>\n<\/li>\n<li>\n<p class=\"ds-markdown-paragraph\">Use equipamento de prote\u00e7\u00e3o individual adequado<\/p>\n<\/li>\n<li>\n<p class=\"ds-markdown-paragraph\">Siga todos os protocolos de seguran\u00e7a institucionais.<a title=\"Pellets de O-DSMT 50 mg\" href=\"https:\/\/researchchemicalstore.eu\/pt\/comprar\/pelotas-2\/pellets-de-dsmt-50mg\/\" target=\"_blank\" rel=\"noopener\">Pellets de O-DSMT 50 mg<\/a><\/p>\n<\/li>\n<\/ul>\n<hr \/>\n<h2><strong>Conselhos de armazenamento<\/strong><\/h2>\n<p class=\"ds-markdown-paragraph\">\u2022 Armazene em\u00a0<strong>15-25\u00b0C<\/strong><br \/>\n\u2022 Proteger contra\u00a0<strong>umidade e luz direta<\/strong><br \/>\n\u2022\u00a0<strong>Embalagem original<\/strong>\u00a0segurar<\/p>\n<hr \/>\n<h2><strong>Informa\u00e7\u00f5es do pedido<\/strong><\/h2>\n<p class=\"ds-markdown-paragraph\"><strong>C\u00f3digo do produto:<\/strong>\u00a0RC-3FPM-50<br \/>\n<strong>Embalagem:<\/strong>\u00a010 unidades de 50mg<br \/>\n<strong>Prazo de entrega:<\/strong> 1-3 dias \u00fateis (na Holanda).<a title=\"1cP-LSD 150 MCG Art Blotters\" href=\"https:\/\/researchchemicalstore.eu\/pt\/comprar\/lisergamidas\/1cp-lsd-150-mcg\/\" target=\"_blank\" rel=\"noopener\">1cP-LSD 150 MCG Art Blotters<\/a><\/p>","protected":false},"excerpt":{"rendered":"<p>Compre 3 FPM 50mg Box \u2013 Produto qu\u00edmico de pesquisa premium para experimentos cient\u00edficos 3-FPM (3-Fluorofenmetrazina) 50mg \u2013 Um produto qu\u00edmico de pesquisa exclusivo O RC+ 3<\/p>","protected":false},"featured_media":28853,"comment_status":"closed","ping_status":"closed","template":"","meta":[],"product_brand":[82],"product_cat":[555],"product_tag":[881,606,601,605,326],"class_list":{"0":"post-24192","1":"product","2":"type-product","3":"status-publish","4":"has-post-thumbnail","6":"product_brand-research-chemical","7":"product_cat-b2b","8":"product_tag-3-fpm-kopen","9":"product_tag-3-fluorophenmetrazine","10":"product_tag-3-fpm","11":"product_tag-3fpm","12":"product_tag-nl","14":"first","15":"instock","16":"taxable","17":"shipping-taxable","18":"purchasable","19":"product-type-variable"},"_links":{"self":[{"href":"https:\/\/researchchemicalstore.eu\/pt\/wp-json\/wp\/v2\/product\/24192","targetHints":{"allow":["GET"]}}],"collection":[{"href":"https:\/\/researchchemicalstore.eu\/pt\/wp-json\/wp\/v2\/product"}],"about":[{"href":"https:\/\/researchchemicalstore.eu\/pt\/wp-json\/wp\/v2\/types\/product"}],"replies":[{"embeddable":true,"href":"https:\/\/researchchemicalstore.eu\/pt\/wp-json\/wp\/v2\/comments?post=24192"}],"version-history":[{"count":3,"href":"https:\/\/researchchemicalstore.eu\/pt\/wp-json\/wp\/v2\/product\/24192\/revisions"}],"predecessor-version":[{"id":26036,"href":"https:\/\/researchchemicalstore.eu\/pt\/wp-json\/wp\/v2\/product\/24192\/revisions\/26036"}],"wp:featuredmedia":[{"embeddable":true,"href":"https:\/\/researchchemicalstore.eu\/pt\/wp-json\/wp\/v2\/media\/28853"}],"wp:attachment":[{"href":"https:\/\/researchchemicalstore.eu\/pt\/wp-json\/wp\/v2\/media?parent=24192"}],"wp:term":[{"taxonomy":"product_brand","embeddable":true,"href":"https:\/\/researchchemicalstore.eu\/pt\/wp-json\/wp\/v2\/product_brand?post=24192"},{"taxonomy":"product_cat","embeddable":true,"href":"https:\/\/researchchemicalstore.eu\/pt\/wp-json\/wp\/v2\/product_cat?post=24192"},{"taxonomy":"product_tag","embeddable":true,"href":"https:\/\/researchchemicalstore.eu\/pt\/wp-json\/wp\/v2\/product_tag?post=24192"}],"curies":[{"name":"wp","href":"https:\/\/api.w.org\/{rel}","templated":true}]}}