{"id":24194,"date":"2025-04-13T17:41:13","date_gmt":"2025-04-13T17:41:13","guid":{"rendered":"https:\/\/researchchemicalstore.eu\/?post_type=product&#038;p=24194"},"modified":"2025-10-22T08:24:47","modified_gmt":"2025-10-22T08:24:47","slug":"caixa-de-rc-fluor-2-fma-30mg","status":"publish","type":"product","link":"https:\/\/researchchemicalstore.eu\/pt\/produto\/caixa-de-rc-fluor-2-fma-30mg\/","title":{"rendered":"Caixa RC+ Fluor 2-FMA 30mg"},"content":{"rendered":"<h2><strong>2-FMA<\/strong><\/h2>\n<p><strong>2-FMA<\/strong>\u00a0\u00e9 uma subst\u00e2ncia que vendemos apenas para fins de pesquisa e, portanto, n\u00e3o se destina ao consumo. O 2-FMA vem em p\u00f3 e pode ser pesquisado por at\u00e9 2 anos quando armazenado em ambiente adequado.<a title=\"1V-LSD 150 MCG Blotters\" href=\"https:\/\/researchchemicalstore.eu\/pt\/comprar\/lisergamidas\/1v-lsd-150-mcg-blotters\/\" target=\"_blank\" rel=\"noopener\">1V-LSD 150 MCG Blotters<\/a><\/p>\n<p>Como o 2-FMA \u00e9 apenas para fins de pesquisa e n\u00e3o para consumo, \u00e9 importante que ele seja mantido fora do alcance de crian\u00e7as e animais de estima\u00e7\u00e3o.<a title=\"6-CL-ADBA\" href=\"https:\/\/researchchemicalstore.eu\/pt\/comprar\/quase-proibido\/6-cl-adba\/\" target=\"_blank\" rel=\"noopener\">6-CL-ADBA<\/a><\/p>\n<p>Oferecemos produtos qu\u00edmicos de pesquisa de boa qualidade por um pre\u00e7o justo. Seu pedido ser\u00e1 enviado dentro de 24 horas todos os dias. Portanto, pe\u00e7a 2FMA com seguran\u00e7a e rapidez atrav\u00e9s do!<a title=\"Pellets de 2-CMC 250 mg\" href=\"https:\/\/researchchemicalstore.eu\/pt\/comprar\/catinonas\/%f0%9f%92%a1-po-cristalino-de-2-mmc-para-todas-as-perguntas-e-respostas-sobre-compra\/\" target=\"_blank\" rel=\"noopener\">Pellets de 2-CMC 250 mg<\/a><\/p>\n<h2>Propriedades 2-FMA<\/h2>\n<p><strong>Sin\u00f4nimo<\/strong>: Fluorometanfetamina<br \/>\n<strong>N\u00famero CAS<\/strong>: 1780004-19-4<br \/>\n<strong>F\u00f3rmula<\/strong>: C10H14FN \u2022 HCL<br \/>\n<strong>Massa molar<\/strong>: 203,7 g\/mol<br \/>\n<strong>Pureza<\/strong>: \u226599%<\/p>\n<h2>Declara\u00e7\u00f5es de perigo<\/h2>\n<p>2-FMA pode causar irrita\u00e7\u00e3o respirat\u00f3ria<br \/>\nO 2-FMA pode causar irrita\u00e7\u00e3o em <a href=\"http:\/\/google.nl\" target=\"_blank\" rel=\"noopener\">o<\/a> olhos causam<br \/>\n\u00c9 proibido descarregar produtos qu\u00edmicos de pesquisa no meio ambiente<\/p>\n<p>2-FMA EM CONTATO COM OS OLHOS: Enx\u00e1gue os olhos cuidadosamente com \u00e1gua durante cinco minutos. Remova as lentes de contato, se poss\u00edvel.<\/p>\n<p>2-FMA EM CONTATO COM A PELE: Lave a pele com \u00e1gua e sab\u00e3o.<\/p>\n<p>EM CASO DE INALA\u00c7\u00c3O DE 2-FMA: Remova a v\u00edtima para um local com ar fresco e mantenha-a em uma posi\u00e7\u00e3o confort\u00e1vel para respirar.<\/p>","protected":false},"excerpt":{"rendered":"<p><strong>Sin\u00f4nimo<\/strong>: Fluorometanfetamina<br \/>\n<strong>N\u00famero CAS<\/strong>: 1780004-19-4<br \/>\n<strong>F\u00f3rmula<\/strong>: C10H14FN \u2022 HCL<br \/>\n<strong>Massa molar<\/strong>: 203,7 g\/mol<br \/>\n<strong>Pureza<\/strong>: \u226599%<\/p>","protected":false},"featured_media":28850,"comment_status":"closed","ping_status":"closed","template":"","meta":[],"product_brand":[82],"product_cat":[555],"product_tag":[572,617,618,589,619,326],"class_list":{"0":"post-24194","1":"product","2":"type-product","3":"status-publish","4":"has-post-thumbnail","6":"product_brand-research-chemical","7":"product_cat-b2b","8":"product_tag-2-fma-kopen","9":"product_tag-2-fma","10":"product_tag-2fma","11":"product_tag-2fma-drugs","12":"product_tag-2fma-kopen","13":"product_tag-nl","15":"first","16":"instock","17":"taxable","18":"shipping-taxable","19":"purchasable","20":"product-type-variable"},"_links":{"self":[{"href":"https:\/\/researchchemicalstore.eu\/pt\/wp-json\/wp\/v2\/product\/24194","targetHints":{"allow":["GET"]}}],"collection":[{"href":"https:\/\/researchchemicalstore.eu\/pt\/wp-json\/wp\/v2\/product"}],"about":[{"href":"https:\/\/researchchemicalstore.eu\/pt\/wp-json\/wp\/v2\/types\/product"}],"replies":[{"embeddable":true,"href":"https:\/\/researchchemicalstore.eu\/pt\/wp-json\/wp\/v2\/comments?post=24194"}],"version-history":[{"count":4,"href":"https:\/\/researchchemicalstore.eu\/pt\/wp-json\/wp\/v2\/product\/24194\/revisions"}],"predecessor-version":[{"id":25400,"href":"https:\/\/researchchemicalstore.eu\/pt\/wp-json\/wp\/v2\/product\/24194\/revisions\/25400"}],"wp:featuredmedia":[{"embeddable":true,"href":"https:\/\/researchchemicalstore.eu\/pt\/wp-json\/wp\/v2\/media\/28850"}],"wp:attachment":[{"href":"https:\/\/researchchemicalstore.eu\/pt\/wp-json\/wp\/v2\/media?parent=24194"}],"wp:term":[{"taxonomy":"product_brand","embeddable":true,"href":"https:\/\/researchchemicalstore.eu\/pt\/wp-json\/wp\/v2\/product_brand?post=24194"},{"taxonomy":"product_cat","embeddable":true,"href":"https:\/\/researchchemicalstore.eu\/pt\/wp-json\/wp\/v2\/product_cat?post=24194"},{"taxonomy":"product_tag","embeddable":true,"href":"https:\/\/researchchemicalstore.eu\/pt\/wp-json\/wp\/v2\/product_tag?post=24194"}],"curies":[{"name":"wp","href":"https:\/\/api.w.org\/{rel}","templated":true}]}}