{"id":24268,"date":"2025-04-13T17:41:22","date_gmt":"2025-04-13T17:41:22","guid":{"rendered":"https:\/\/researchchemicalstore.eu\/?post_type=product&#038;p=24268"},"modified":"2025-10-21T17:34:53","modified_gmt":"2025-10-21T17:34:53","slug":"promal-metalilescalina","status":"publish","type":"product","link":"https:\/\/researchchemicalstore.eu\/pt\/produto\/promal-metalilescalina\/","title":{"rendered":"RC+ Promal saco 3 pellets"},"content":{"rendered":"<h2><span data-sheets-value=\"{\" data-sheets-userformat=\"{\">Promal Metallylescaline 21mg saco com 3 pellets<\/span><\/h2>\n<p class=\"ds-markdown-paragraph\"><strong>Nome do produto:<\/strong> RC+ (an\u00e1logo da proscalina) \u2013 3 pellets por saco<br \/>\n<strong>Categoria:<\/strong>\u00a0Produtos qu\u00edmicos de pesquisa (classe de feniletilamina)<br \/>\n<strong>Aplicativo:<\/strong> Estudos neuroqu\u00edmicos e pesquisas farmacol\u00f3gicas.<a title=\"C\u00e1psulas 2C-EF 2mg\" href=\"https:\/\/researchchemicalstore.eu\/pt\/comprar\/fenetilamina\/capsulas-2c-ef-2mg\/\" target=\"_blank\" rel=\"noopener\">C\u00e1psulas 2C-EF 2mg<\/a><\/p>\n<hr \/>\n<h3><strong>Caracter\u00edsticas do produto:<\/strong><\/h3>\n<p class=\"ds-markdown-paragraph\">\ud83d\udd2c\u00a0<strong>Composi\u00e7\u00e3o padronizada<\/strong>\u00a0\u2013 Otimizado para resultados reproduz\u00edveis<br \/>\n\ud83d\udc8a\u00a0<strong>3 pellets por pacote<\/strong>\u00a0\u2013 Ideal para experimentos controlados<br \/>\n\ud83d\udce6\u00a0<strong>Embalagem em saco herm\u00e9tico<\/strong>\u00a0\u2013 M\u00e1xima estabilidade e prote\u00e7\u00e3o<br \/>\n\ud83d\udcca\u00a0<strong>Qualidade controlada<\/strong> \u2013 Relat\u00f3rios de testes anal\u00edticos dispon\u00edveis para pesquisadores.<a title=\"Pellets de 2-CMC 250 mg\" href=\"https:\/\/researchchemicalstore.eu\/pt\/comprar\/catinonas\/%f0%9f%92%a1-po-cristalino-de-2-mmc-para-todas-as-perguntas-e-respostas-sobre-compra\/\" target=\"_blank\" rel=\"noopener\">Pellets de 2-CMC 250 mg<\/a><\/p>\n<h3><strong>Sobre o Promal (an\u00e1logo da proscalina):<\/strong><\/h3>\n<p class=\"ds-markdown-paragraph\">Uma subst\u00e2ncia de pesquisa com propriedades interessantes para:<\/p>\n<ul>\n<li>\n<p class=\"ds-markdown-paragraph\">Estudos de liga\u00e7\u00e3o do receptor (sistema serotonin\u00e9rgico)<\/p>\n<\/li>\n<li>\n<p class=\"ds-markdown-paragraph\">Pesquisa de relacionamento estrutural-atividade (SAR)<\/p>\n<\/li>\n<li>\n<p class=\"ds-markdown-paragraph\">An\u00e1lises farmacodin\u00e2micas comparativas<\/p>\n<\/li>\n<\/ul>\n<p class=\"ds-markdown-paragraph\"><strong>Nota importante:<\/strong><\/p>\n<ul>\n<li>\n<p class=\"ds-markdown-paragraph\">Somente para fins de pesquisa in vitro<\/p>\n<\/li>\n<li>\n<p class=\"ds-markdown-paragraph\">Absolutamente n\u00e3o para consumo humano\/animal<\/p>\n<\/li>\n<li>\n<p class=\"ds-markdown-paragraph\">Sem uso medicinal ou recreativo<\/p>\n<\/li>\n<\/ul>\n<hr \/>\n<h3><strong>Instru\u00e7\u00f5es de seguran\u00e7a:<\/strong><\/h3>\n<p class=\"ds-markdown-paragraph\">\u26a0\u00a0<strong>Protocolo de laborat\u00f3rio:<\/strong><\/p>\n<ul>\n<li>\n<p class=\"ds-markdown-paragraph\">Utilize sempre equipamento de prote\u00e7\u00e3o individual<\/p>\n<\/li>\n<li>\n<p class=\"ds-markdown-paragraph\">Trabalhar exclusivamente em ambiente de laborat\u00f3rio controlado<\/p>\n<\/li>\n<li>\n<p class=\"ds-markdown-paragraph\">Evite a exposi\u00e7\u00e3o da pele <a href=\"http:\/\/google.nl\" target=\"_blank\" rel=\"noopener\">e<\/a> membranas mucosas<\/p>\n<\/li>\n<\/ul>\n<p class=\"ds-markdown-paragraph\">\u26a0\u00a0<strong>Situa\u00e7\u00e3o jur\u00eddica:<\/strong><\/p>\n<ul>\n<li>\n<p class=\"ds-markdown-paragraph\">Possivelmente regulamentado pela Lei do \u00d3pio Holandesa<\/p>\n<\/li>\n<li>\n<p class=\"ds-markdown-paragraph\">Podem aplicar-se restri\u00e7\u00f5es a n\u00edvel da UE<\/p>\n<\/li>\n<li>\n<p class=\"ds-markdown-paragraph\">Responsabilidade total do pesquisador\/comprador.<a title=\"1V-LSD 150 MCG Blotters\" href=\"https:\/\/researchchemicalstore.eu\/pt\/comprar\/lisergamidas\/1v-lsd-150-mcg-blotters\/\" target=\"_blank\" rel=\"noopener\">1V-LSD 150 MCG Blotters<\/a><\/p>\n<\/li>\n<\/ul>\n<hr \/>\n<h3><strong>Por que RC+ Promal Pellets?<\/strong><\/h3>\n<p class=\"ds-markdown-paragraph\">\u2705\u00a0<strong>Qualidade consistente<\/strong>\u00a0\u2013 Protocolo de produ\u00e7\u00e3o rigoroso<br \/>\n\u2705\u00a0<strong>Formato amig\u00e1vel \u00e0 pesquisa<\/strong>\u00a0\u2013 Pequena quantia para estudos piloto<br \/>\n\u2705\u00a0<strong>Envio discreto<\/strong>\u00a0\u2013 Embalagem neutra sem marca\u00e7\u00f5es<br \/>\n\u2705\u00a0<strong>Entrega r\u00e1pida<\/strong>\u00a0\u2013 Reserva europeia para investiga\u00e7\u00e3o eficiente<\/p>","protected":false},"excerpt":{"rendered":"<p>Promal Metallylescaline 21mg saco com 3 pellets Nome do produto: RC+ (an\u00e1logo da proscalina) \u2013 3 pellets por saco Categoria: Produtos qu\u00edmicos de pesquisa (classe de fenetilamina) Aplica\u00e7\u00e3o: Estudos neuroqu\u00edmicos<\/p>","protected":false},"featured_media":28864,"comment_status":"closed","ping_status":"closed","template":"","meta":[],"product_brand":[82],"product_cat":[555],"product_tag":[326,864,209],"class_list":{"0":"post-24268","1":"product","2":"type-product","3":"status-publish","4":"has-post-thumbnail","6":"product_brand-research-chemical","7":"product_cat-b2b","8":"product_tag-nl","9":"product_tag-promal","10":"product_tag-promal-methallylescaline","12":"first","13":"instock","14":"taxable","15":"shipping-taxable","16":"purchasable","17":"product-type-variable"},"_links":{"self":[{"href":"https:\/\/researchchemicalstore.eu\/pt\/wp-json\/wp\/v2\/product\/24268","targetHints":{"allow":["GET"]}}],"collection":[{"href":"https:\/\/researchchemicalstore.eu\/pt\/wp-json\/wp\/v2\/product"}],"about":[{"href":"https:\/\/researchchemicalstore.eu\/pt\/wp-json\/wp\/v2\/types\/product"}],"replies":[{"embeddable":true,"href":"https:\/\/researchchemicalstore.eu\/pt\/wp-json\/wp\/v2\/comments?post=24268"}],"version-history":[{"count":3,"href":"https:\/\/researchchemicalstore.eu\/pt\/wp-json\/wp\/v2\/product\/24268\/revisions"}],"predecessor-version":[{"id":26000,"href":"https:\/\/researchchemicalstore.eu\/pt\/wp-json\/wp\/v2\/product\/24268\/revisions\/26000"}],"wp:featuredmedia":[{"embeddable":true,"href":"https:\/\/researchchemicalstore.eu\/pt\/wp-json\/wp\/v2\/media\/28864"}],"wp:attachment":[{"href":"https:\/\/researchchemicalstore.eu\/pt\/wp-json\/wp\/v2\/media?parent=24268"}],"wp:term":[{"taxonomy":"product_brand","embeddable":true,"href":"https:\/\/researchchemicalstore.eu\/pt\/wp-json\/wp\/v2\/product_brand?post=24268"},{"taxonomy":"product_cat","embeddable":true,"href":"https:\/\/researchchemicalstore.eu\/pt\/wp-json\/wp\/v2\/product_cat?post=24268"},{"taxonomy":"product_tag","embeddable":true,"href":"https:\/\/researchchemicalstore.eu\/pt\/wp-json\/wp\/v2\/product_tag?post=24268"}],"curies":[{"name":"wp","href":"https:\/\/api.w.org\/{rel}","templated":true}]}}