{"id":24342,"date":"2025-04-13T17:41:31","date_gmt":"2025-04-13T17:41:31","guid":{"rendered":"https:\/\/researchchemicalstore.eu\/?post_type=product&#038;p=24342"},"modified":"2025-04-21T10:53:16","modified_gmt":"2025-04-21T10:53:16","slug":"mini-balanca-digital-para-tanques","status":"publish","type":"product","link":"https:\/\/researchchemicalstore.eu\/pt\/produto\/mini-balanca-digital-para-tanques\/","title":{"rendered":"Mini balan\u00e7a digital para tanques \u2013 20g x 0,001g"},"content":{"rendered":"<h1><strong>Mini balan\u00e7a digital para tanques 20g x 0,001g<\/strong><\/h1>\n<p>Robusto por fora, extremamente preciso por dentro. O <strong>Mini balan\u00e7a digital para tanques<\/strong> oferece uma capacidade de medi\u00e7\u00e3o de at\u00e9 <strong>20 gramas<\/strong> com uma resolu\u00e7\u00e3o de <strong>0,001 grama (1 mg)<\/strong> \u2013 ideal para pesagem precisa em laborat\u00f3rios, pesquisas, microdosagem ou aplica\u00e7\u00f5es de hobby de ponta. O nome \u201cTank\u201d diz tudo: compacto, resistente e constru\u00eddo para uso a longo prazo.<a href=\"https:\/\/researchchemicalstore.eu\/pt\/comprar\/escalas\/mini-balanca-digital-profissional-50g-x-0001g\/\">Mini balan\u00e7a digital profissional \u2013 50g x 0,001g<\/a><\/p>\n<hr \/>\n<h4><strong>Especifica\u00e7\u00f5es:<\/strong><\/h4>\n<ul>\n<li><strong>Faixa de medi\u00e7\u00e3o:<\/strong> 0,001g \u2013 20g<\/li>\n<li><strong>Resolu\u00e7\u00e3o:<\/strong> 0,001g \/ 1 miligrama<\/li>\n<li><strong>Mostrar:<\/strong> Display LCD iluminado de alto contraste<\/li>\n<li><strong>Unidades:<\/strong> g, oz, ct, gn, ozt, dwt<\/li>\n<li><strong>Caracter\u00edsticas:<\/strong> Fun\u00e7\u00e3o de tara, estabiliza\u00e7\u00e3o r\u00e1pida, desligamento autom\u00e1tico<\/li>\n<li><strong>Fonte de energia:<\/strong> 2 pilhas AAA (geralmente inclu\u00eddas)<\/li>\n<li><strong>Terminar:<\/strong> Prato de pesagem est\u00e1vel em a\u00e7o inoxid\u00e1vel + capa protetora.<a href=\"https:\/\/researchchemicalstore.eu\/pt\/comprar\/escalas\/balanca-digital-cs-100g-x-001g\/\">Balan\u00e7a digital CS \u2013 100g x 0,01g<\/a><\/li>\n<\/ul>\n<hr \/>\n<h4><strong>Ideal para:<\/strong><\/h4>\n<p>\u2714 Microdosagem (por exemplo, suplementos ou subst\u00e2ncias naturais)<br \/>\n\u2714 Trabalho de precis\u00e3o em bioqu\u00edmica, farm\u00e1cia ou joalheria<br \/>\n\u2714 Pesquisa RC e considera\u00e7\u00f5es de n\u00edvel laboratorial<br \/>\n\u2714 Uso port\u00e1til gra\u00e7as ao design compacto.<a href=\"https:\/\/researchchemicalstore.eu\/pt\/comprar\/escalas\/balanca-digital-bio-mini-20g-x-0001g\/\">Balan\u00e7a Bio Digital Mini \u2013 20g x 0,001g<\/a><\/p>\n<hr \/>\n<p>\ud83c\udfaf <strong>Por que escolher a Tank Mini Scale?<\/strong><\/p>\n<ul>\n<li><strong>Design robusto<\/strong> \u2013 resistente ao uso intensivo<\/li>\n<li><strong>Alta precis\u00e3o<\/strong> \u2013 pesa com precis\u00e3o de miligramas<\/li>\n<li><strong>Aplica\u00e7\u00f5es vers\u00e1teis<\/strong> \u2013 da ci\u00eancia ao autocuidado<\/li>\n<li><strong>F\u00e1cil de transportar<\/strong> \u2013 ideal para uso em laborat\u00f3rio m\u00f3vel ou em tr\u00e2nsito<\/li>\n<\/ul>","protected":false},"excerpt":{"rendered":"<p><strong>Especifica\u00e7\u00f5es:<\/strong><\/p>\n<ul>\n<li>Digital<\/li>\n<li>Pesa a partir de 0,001g<\/li>\n<li>Pesa no m\u00e1ximo. 20g<\/li>\n<li>Funciona com: 2 pilhas AAA<\/li>\n<li>Tela LCD<\/li>\n<li>Cor: preto<\/li>\n<\/ul>","protected":false},"featured_media":21116,"comment_status":"closed","ping_status":"closed","template":"","meta":[],"product_brand":[],"product_cat":[451],"product_tag":[452,764,767,849,765,766,768],"class_list":{"0":"post-24342","1":"product","2":"type-product","3":"status-publish","4":"has-post-thumbnail","6":"product_cat-weegschalen","7":"product_tag-de","8":"product_tag-digitale-cs-weegschaal","9":"product_tag-digitale-microweegschaal","10":"product_tag-digitale-tank-mini-weegschaal","11":"product_tag-milligramweegschaal","12":"product_tag-precise-weegschaal-0-001g","13":"product_tag-weegschaal-voor-research-chemicals","15":"first","16":"instock","17":"taxable","18":"shipping-taxable","19":"purchasable","20":"product-type-simple"},"_links":{"self":[{"href":"https:\/\/researchchemicalstore.eu\/pt\/wp-json\/wp\/v2\/product\/24342","targetHints":{"allow":["GET"]}}],"collection":[{"href":"https:\/\/researchchemicalstore.eu\/pt\/wp-json\/wp\/v2\/product"}],"about":[{"href":"https:\/\/researchchemicalstore.eu\/pt\/wp-json\/wp\/v2\/types\/product"}],"replies":[{"embeddable":true,"href":"https:\/\/researchchemicalstore.eu\/pt\/wp-json\/wp\/v2\/comments?post=24342"}],"version-history":[{"count":5,"href":"https:\/\/researchchemicalstore.eu\/pt\/wp-json\/wp\/v2\/product\/24342\/revisions"}],"predecessor-version":[{"id":25979,"href":"https:\/\/researchchemicalstore.eu\/pt\/wp-json\/wp\/v2\/product\/24342\/revisions\/25979"}],"wp:featuredmedia":[{"embeddable":true,"href":"https:\/\/researchchemicalstore.eu\/pt\/wp-json\/wp\/v2\/media\/21116"}],"wp:attachment":[{"href":"https:\/\/researchchemicalstore.eu\/pt\/wp-json\/wp\/v2\/media?parent=24342"}],"wp:term":[{"taxonomy":"product_brand","embeddable":true,"href":"https:\/\/researchchemicalstore.eu\/pt\/wp-json\/wp\/v2\/product_brand?post=24342"},{"taxonomy":"product_cat","embeddable":true,"href":"https:\/\/researchchemicalstore.eu\/pt\/wp-json\/wp\/v2\/product_cat?post=24342"},{"taxonomy":"product_tag","embeddable":true,"href":"https:\/\/researchchemicalstore.eu\/pt\/wp-json\/wp\/v2\/product_tag?post=24342"}],"curies":[{"name":"wp","href":"https:\/\/api.w.org\/{rel}","templated":true}]}}