{"id":24912,"date":"2025-04-13T17:43:41","date_gmt":"2025-04-13T17:43:41","guid":{"rendered":"https:\/\/researchchemicalstore.eu\/?post_type=product&#038;p=24912"},"modified":"2025-10-21T09:46:04","modified_gmt":"2025-10-21T09:46:04","slug":"pellets-de-cbd-25mg","status":"publish","type":"product","link":"https:\/\/researchchemicalstore.eu\/pt\/produto\/pellets-de-cbd-25mg\/","title":{"rendered":"Pellets de CBD 25 mg"},"content":{"rendered":"<h2>Pellets de CBD 25mg<\/h2>\n<p>Os pellets de CBD s\u00e3o uma subst\u00e2ncia vendida apenas para fins de pesquisa e, portanto, n\u00e3o se destinam ao consumo.<\/p>\n<p>O CBD mant\u00e9m sua estabilidade por at\u00e9 2 anos quando armazenado <a href=\"http:\/\/google.nl\" target=\"_blank\" rel=\"noopener\">em<\/a> o ambiente certo \u00e9 mantido. O CBD \u00e9 destinado para fins de pesquisa e n\u00e3o para consumo. Por isso, \u00e9 importante que o produto fique fora do alcance de crian\u00e7as e animais de estima\u00e7\u00e3o.<a title=\"1cP-LSD 150 MCG Art Blotters\" href=\"https:\/\/researchchemicalstore.eu\/pt\/comprar\/lisergamidas\/1cp-lsd-150-mcg\/\" target=\"_blank\" rel=\"noopener\">1cP-LSD 150 MCG Art Blotters<\/a><\/p>\n<p>Oferecemos produtos qu\u00edmicos de pesquisa de boa qualidade por um pre\u00e7o justo. Seu pedido ser\u00e1 enviado dentro de 24 horas todos os dias. Portanto, ordem <em>CDB<\/em> seguro e r\u00e1pido via p.<a title=\"Pellets de O-DSMT 50 mg\" href=\"https:\/\/researchchemicalstore.eu\/pt\/comprar\/pelotas-2\/pellets-de-dsmt-50mg\/\" target=\"_blank\" rel=\"noopener\">Pellets de O-DSMT 50 mg<\/a><\/p>\n<h3>Propriedades do CBD<\/h3>\n<p><strong>Sin\u00f4nimo:<\/strong> Canabidiol<br \/>\n<strong>N\u00famero CAS:<\/strong> n\u00e3o aplic\u00e1vel<br \/>\n<strong>F\u00f3rmula:<\/strong> C<sub>21<\/sub>H<sub>30<\/sub>O<sub>2<\/sub><br \/>\n<strong>Massa molar:<\/strong> n\u00e3o aplic\u00e1vel<br \/>\n<strong>Pureza:<\/strong> &gt;98%<\/p>\n<h3>Declara\u00e7\u00e3o de perigo<\/h3>\n<p>O CBD pode causar irrita\u00e7\u00e3o respirat\u00f3ria<br \/>\nO CBD pode causar irrita\u00e7\u00e3o nos olhos.<br \/>\n\u00c9 proibido descarregar produtos qu\u00edmicos de pesquisa no meio ambiente.<a title=\"C\u00e1psulas 2C-EF 2mg\" href=\"https:\/\/researchchemicalstore.eu\/pt\/comprar\/fenetilamina\/capsulas-2c-ef-2mg\/\" target=\"_blank\" rel=\"noopener\">C\u00e1psulas 2C-EF 2mg<\/a><\/p>\n<p>CBD EM CONTATO COM OS OLHOS: Enx\u00e1gue os olhos suavemente com \u00e1gua por cinco minutos. Remova as lentes de contato, se poss\u00edvel.<\/p>\n<p>CBD EM CONTATO COM A PELE: Lave a pele com \u00e1gua e sab\u00e3o.<a title=\"1V-LSD 150 MCG Blotters\" href=\"https:\/\/researchchemicalstore.eu\/pt\/comprar\/lisergamidas\/1v-lsd-150-mcg-blotters\/\" target=\"_blank\" rel=\"noopener\">1V-LSD 150 MCG Blotters<\/a><\/p>\n<p>AP\u00d3S A INALA\u00c7\u00c3O DE CBD: Remova a v\u00edtima para um local com ar fresco e coloque-a em uma posi\u00e7\u00e3o confort\u00e1vel para respirar.<a title=\"Pellets de 2-CMC 250 mg\" href=\"https:\/\/researchchemicalstore.eu\/pt\/comprar\/catinonas\/%f0%9f%92%a1-po-cristalino-de-2-mmc-para-todas-as-perguntas-e-respostas-sobre-compra\/\" target=\"_blank\" rel=\"noopener\">Pellets de 2-CMC 250 mg<\/a><\/p>","protected":false},"excerpt":{"rendered":"<h3>Propriedades do CBD<\/h3>\n<p><strong>Sin\u00f4nimo:<\/strong> Canabidiol<br \/>\n<strong>N\u00famero CAS:<\/strong> n\u00e3o aplic\u00e1vel<br \/>\n<strong>F\u00f3rmula:<\/strong> C<sub>21<\/sub>H<sub>30<\/sub>O<sub>2<\/sub><br \/>\n<strong>Massa molar:<\/strong> n\u00e3o aplic\u00e1vel<br \/>\n<strong>Pureza:<\/strong> &gt;98%<\/p>","protected":false},"featured_media":28750,"comment_status":"closed","ping_status":"closed","template":"","meta":[],"product_brand":[82],"product_cat":[422,423,336,324],"product_tag":[735,736,737,732,733,734,326],"class_list":{"0":"post-24912","1":"product","2":"type-product","3":"status-publish","4":"has-post-thumbnail","6":"product_brand-research-chemical","7":"product_cat-cbd","8":"product_cat-cbd-pellets","9":"product_cat-overig","10":"product_cat-pellets-for-pellet","11":"product_tag-benefits-of-cbd-pellets-for-horses","12":"product_tag-best-cbd-pellets-for-horses","13":"product_tag-can-your-horse-test-positive-using-cbd-pellets","14":"product_tag-cbd-pellets","15":"product_tag-cbd-pellets-ervaringen","16":"product_tag-cbd-pellets-for-horses","17":"product_tag-nl","19":"first","20":"instock","21":"taxable","22":"shipping-taxable","23":"purchasable","24":"product-type-variable"},"_links":{"self":[{"href":"https:\/\/researchchemicalstore.eu\/pt\/wp-json\/wp\/v2\/product\/24912","targetHints":{"allow":["GET"]}}],"collection":[{"href":"https:\/\/researchchemicalstore.eu\/pt\/wp-json\/wp\/v2\/product"}],"about":[{"href":"https:\/\/researchchemicalstore.eu\/pt\/wp-json\/wp\/v2\/types\/product"}],"replies":[{"embeddable":true,"href":"https:\/\/researchchemicalstore.eu\/pt\/wp-json\/wp\/v2\/comments?post=24912"}],"version-history":[{"count":5,"href":"https:\/\/researchchemicalstore.eu\/pt\/wp-json\/wp\/v2\/product\/24912\/revisions"}],"predecessor-version":[{"id":25867,"href":"https:\/\/researchchemicalstore.eu\/pt\/wp-json\/wp\/v2\/product\/24912\/revisions\/25867"}],"wp:featuredmedia":[{"embeddable":true,"href":"https:\/\/researchchemicalstore.eu\/pt\/wp-json\/wp\/v2\/media\/28750"}],"wp:attachment":[{"href":"https:\/\/researchchemicalstore.eu\/pt\/wp-json\/wp\/v2\/media?parent=24912"}],"wp:term":[{"taxonomy":"product_brand","embeddable":true,"href":"https:\/\/researchchemicalstore.eu\/pt\/wp-json\/wp\/v2\/product_brand?post=24912"},{"taxonomy":"product_cat","embeddable":true,"href":"https:\/\/researchchemicalstore.eu\/pt\/wp-json\/wp\/v2\/product_cat?post=24912"},{"taxonomy":"product_tag","embeddable":true,"href":"https:\/\/researchchemicalstore.eu\/pt\/wp-json\/wp\/v2\/product_tag?post=24912"}],"curies":[{"name":"wp","href":"https:\/\/api.w.org\/{rel}","templated":true}]}}