{"id":26118,"date":"2025-05-01T01:31:17","date_gmt":"2025-05-01T01:31:17","guid":{"rendered":"https:\/\/researchchemicalstore.eu\/?post_type=product&#038;p=26118"},"modified":"2025-10-18T14:17:54","modified_gmt":"2025-10-18T14:17:54","slug":"sementes-de-iboga","status":"publish","type":"product","link":"https:\/\/researchchemicalstore.eu\/pt\/produto\/sementes-de-iboga\/","title":{"rendered":"Sementes de Iboga"},"content":{"rendered":"<h2>comprar sementes de iboga<\/h2>\n<p>Compre sementes de iboga. Tabernanthe iboga \u00e9 um membro da fam\u00edlia Apocynaceae, nativo das \u00e1reas tropicais \u00famidas do centro-oeste da \u00c1frica, principalmente Congo e Gab\u00e3o. Os nomes comuns incluem Iboga, Eboka e Eboga. Tabernanthe \u00e9 um pequeno g\u00eanero que compreende apenas duas esp\u00e9cies, T<a href=\"https:\/\/caluanieoxidizeshop.com\" target=\"_blank\" rel=\"noopener\">.<\/a> iboga e T. elliptica (esta esp\u00e9cie tem frutos espinhosos semelhantes a Datura spp.). Est\u00e1 registrado que as duas esp\u00e9cies podem polinizar-se cruzadamente para produzir um h\u00edbrido f\u00e9rtil (<em>Iboga e Iboga\u00edna, Nico Dauphin<\/em>). sementes de iboga, sementes de iboga tabernanthe, sementes de planta iboga, comprar sementes de iboga<\/p>\n<p>Tabernanthe s\u00e3o plantas lenhosas end\u00eamicas de sub-bosques de florestas tropicais \u00famidas. Os arbustos Tabernanthe geralmente crescem at\u00e9 uma altura de meio metro a dois metros. Os ramos ocorrem em pares, e duas infloresc\u00eancias delgadas e pedunculadas aparecem em pares logo acima dos pontos de ramifica\u00e7\u00e3o. Tabernanthe tamb\u00e9m tem br\u00e1cteas semelhantes a s\u00e9palas e cicatrizes foliares vis\u00edveis. Como acontece com muitos outros membros da fam\u00edlia Apocynaceae<a href=\"https:\/\/caluanieoxidizeshop.com\/product\/caluanie-muelear-oxidize-for-sale\/\" target=\"_blank\" rel=\"noopener\">,<\/a> Tabernanthe \u00e9 caracterizada pela seiva leitosa e pela ocorr\u00eancia de muitos alcaloides \u00fateis na casca, folhas e raiz (Iboga e Iboga\u00edna, Nico Dauphin). <a href=\"https:\/\/researchchemicalstore.eu\/pt\/comprar\/top-10-research-chemicals\/caluanie-muelear-oxidar\/\">Caluanie Muelear Oxidado<\/a><a href=\"https:\/\/researchchemicalstore.eu\/pt\/comprar\/escalas\/balanca-digital-cs-100g-x-001g\/\">Balan\u00e7a digital CS \u2013 100g x 0,01g<\/a><a href=\"https:\/\/researchchemicalstore.eu\/pt\/comprar\/top-10-research-chemicals\/acao-do-pirazolam\/\">Pellets de pirazolam 2,5 mg<\/a><a href=\"https:\/\/researchchemicalstore.eu\/pt\/comprar\/escalas\/mini-balanca-digital-para-tanques\/\">Mini balan\u00e7a digital para tanques \u2013 20g x 0,001g<\/a><a href=\"https:\/\/researchchemicalstore.eu\/pt\/comprar\/escalas\/balanca-digital-bio-mini-20g-x-0001g\/\">Balan\u00e7a Bio Digital Mini \u2013 20g x 0,001g<\/a><\/p>","protected":false},"excerpt":{"rendered":"<p>$1 Por Fruta, Pedido m\u00ednimo = 100 Frutas<\/p>","protected":false},"featured_media":28801,"comment_status":"closed","ping_status":"closed","template":"","meta":[],"product_brand":[],"product_cat":[1085],"product_tag":[912,911,909,910],"class_list":{"0":"post-26118","1":"product","2":"type-product","3":"status-publish","4":"has-post-thumbnail","6":"product_cat-okategoriserad","7":"product_tag-buy-iboga-seeds","8":"product_tag-iboga-plant-seeds","9":"product_tag-iboga-seeds","10":"product_tag-tabernanthe-iboga-seeds","12":"first","13":"instock","14":"taxable","15":"shipping-taxable","16":"purchasable","17":"product-type-simple"},"_links":{"self":[{"href":"https:\/\/researchchemicalstore.eu\/pt\/wp-json\/wp\/v2\/product\/26118","targetHints":{"allow":["GET"]}}],"collection":[{"href":"https:\/\/researchchemicalstore.eu\/pt\/wp-json\/wp\/v2\/product"}],"about":[{"href":"https:\/\/researchchemicalstore.eu\/pt\/wp-json\/wp\/v2\/types\/product"}],"replies":[{"embeddable":true,"href":"https:\/\/researchchemicalstore.eu\/pt\/wp-json\/wp\/v2\/comments?post=26118"}],"version-history":[{"count":4,"href":"https:\/\/researchchemicalstore.eu\/pt\/wp-json\/wp\/v2\/product\/26118\/revisions"}],"predecessor-version":[{"id":26155,"href":"https:\/\/researchchemicalstore.eu\/pt\/wp-json\/wp\/v2\/product\/26118\/revisions\/26155"}],"wp:featuredmedia":[{"embeddable":true,"href":"https:\/\/researchchemicalstore.eu\/pt\/wp-json\/wp\/v2\/media\/28801"}],"wp:attachment":[{"href":"https:\/\/researchchemicalstore.eu\/pt\/wp-json\/wp\/v2\/media?parent=26118"}],"wp:term":[{"taxonomy":"product_brand","embeddable":true,"href":"https:\/\/researchchemicalstore.eu\/pt\/wp-json\/wp\/v2\/product_brand?post=26118"},{"taxonomy":"product_cat","embeddable":true,"href":"https:\/\/researchchemicalstore.eu\/pt\/wp-json\/wp\/v2\/product_cat?post=26118"},{"taxonomy":"product_tag","embeddable":true,"href":"https:\/\/researchchemicalstore.eu\/pt\/wp-json\/wp\/v2\/product_tag?post=26118"}],"curies":[{"name":"wp","href":"https:\/\/api.w.org\/{rel}","templated":true}]}}