{"id":26119,"date":"2025-05-01T01:31:17","date_gmt":"2025-05-01T01:31:17","guid":{"rendered":"https:\/\/researchchemicalstore.eu\/?post_type=product&#038;p=26119"},"modified":"2025-10-18T13:52:20","modified_gmt":"2025-10-18T13:52:20","slug":"casca-da-raiz-de-iboga","status":"publish","type":"product","link":"https:\/\/researchchemicalstore.eu\/pt\/produto\/casca-da-raiz-de-iboga\/","title":{"rendered":"Casca de raiz de iboga"},"content":{"rendered":"<h2>Compre casca de raiz de Iboga<\/h2>\n<p>casca da raiz de iboga\u200b, Nossa casca da raiz de iboga para venda pode ser consumida diretamente por ingest\u00e3o ou pode ser mo\u00edda em p\u00f3 de casca da raiz de iboga antes do consumo, onde pode ser encapsulada em c\u00e1psulas e engolida para evitar o gosto amargo.<\/p>\n<p>Uma grande dose de casca de raiz de Iboga \u00e9 consumida como um rito de passagem e quantidades menores s\u00e3o usadas tradicionalmente para cerim\u00f4nias de cura e ca\u00e7a pelo povo Bwiti. Pequenas doses de casca da raiz de iboga, de cerca de 5 gramas, agem como estimulante e afrodis\u00edaco, enquanto grandes doses de casca da raiz de iboga, de cerca de 10 a 25 gramas, podem ser usadas para explora\u00e7\u00e3o espiritual, cura psicoterap\u00eautica, desintoxica\u00e7\u00e3o f\u00edsica r\u00e1pida e recupera\u00e7\u00e3o de depend\u00eancia.<\/p>\n<p>Resultados promissores tamb\u00e9m apareceram no tratamento de uma s\u00e9rie de outras condi\u00e7\u00f5es, incluindo a doen\u00e7a de Parkinson. Muitos centros de tratamento com iboga descobriram que \u00e9 preciso tomar muita casca da raiz de iboga para ter uma experi\u00eancia completa.<\/p>\n<div class=\"elementor-element elementor-element-2342a3b elementor-widget elementor-widget-jws_widget_heading\" data-id=\"2342a3b\" data-element_type=\"widget\" data-widget_type=\"jws_widget_heading.default\">\n<div class=\"elementor-widget-container\">\n<div class=\"title-wrapper center\">\n<h2 class=\"title\">O que voc\u00ea deve saber<\/h2>\n<\/div>\n<\/div>\n<\/div>\n<div class=\"elementor-element elementor-element-dd111fd elementor-widget__width-initial elementor-widget elementor-widget-text-editor\" data-id=\"dd111fd\" data-element_type=\"widget\" data-widget_type=\"text-editor.default\">\n<div class=\"elementor-widget-container\">\n<p>Consumir uma quantidade t\u00e3o grande de casca de planta pode ser muito dif\u00edcil. Na cerim\u00f4nia de inicia\u00e7\u00e3o Bwiti, doses de at\u00e9 100 gramas de casca de raiz de iboga foram consumidas durante toda a cerim\u00f4nia. Esta \u00e9 a dose m\u00e1xima observada, e diferentes fornecedores de cascas de raiz de iboga t\u00eam filosofias diferentes sobre doses exatas. Uma dose terap\u00eautica t\u00edpica de nossa casca de raiz de iboga para venda varia de 5 a 100 gramas, dependendo da pessoa e do objetivo do tratamento, mas comer uma grande quantidade de mat\u00e9ria vegetal fibrosa como nossa iboga para venda pode causar n\u00e1useas em qualquer um. A casca da raiz de iboga permanece no corpo por muito tempo, levando de 72 horas a uma semana para finalmente sair do organismo.<a href=\"https:\/\/researchchemicalstore.eu\/pt\/comprar\/fenetilamina\/capsulas-2c-ef-2mg\/\">C\u00e1psulas 2C-EF 2mg<\/a><a href=\"https:\/\/researchchemicalstore.eu\/pt\/comprar\/catinonas\/%f0%9f%92%a1-po-cristalino-de-2-mmc-para-todas-as-perguntas-e-respostas-sobre-compra\/\">Pellets de 2-CMC 250 mg<\/a><a href=\"https:\/\/researchchemicalstore.eu\/pt\/comprar\/lisergamidas\/1v-lsd-150-mcg-blotters\/\">1V-LSD 150 MCG Blotters<\/a><a href=\"https:\/\/researchchemicalstore.eu\/pt\/comprar\/pelotas-2\/pellets-de-dsmt-50mg\/\">Pellets de O-DSMT 50 mg<\/a><a href=\"https:\/\/researchchemicalstore.eu\/pt\/comprar\/lisergamidas\/1cp-lsd-150-mcg\/\">1cP-LSD 150 MCG Art Blotters<\/a><\/p>\n<\/div>\n<\/div>","protected":false},"excerpt":{"rendered":"<p>Compre casca de raiz de Iboga casca de raiz de Iboga\u200b, Nossa casca de raiz de Iboga para venda pode ser consumida diretamente por ingest\u00e3o ou<\/p>","protected":false},"featured_media":28800,"comment_status":"closed","ping_status":"closed","template":"","meta":[],"product_brand":[],"product_cat":[908],"product_tag":[914],"class_list":{"0":"post-26119","1":"product","2":"type-product","3":"status-publish","4":"has-post-thumbnail","6":"product_cat-iboga-ibogaine","7":"product_tag-iboga-root-bark","9":"first","10":"instock","11":"taxable","12":"shipping-taxable","13":"purchasable","14":"product-type-variable"},"_links":{"self":[{"href":"https:\/\/researchchemicalstore.eu\/pt\/wp-json\/wp\/v2\/product\/26119","targetHints":{"allow":["GET"]}}],"collection":[{"href":"https:\/\/researchchemicalstore.eu\/pt\/wp-json\/wp\/v2\/product"}],"about":[{"href":"https:\/\/researchchemicalstore.eu\/pt\/wp-json\/wp\/v2\/types\/product"}],"replies":[{"embeddable":true,"href":"https:\/\/researchchemicalstore.eu\/pt\/wp-json\/wp\/v2\/comments?post=26119"}],"version-history":[{"count":3,"href":"https:\/\/researchchemicalstore.eu\/pt\/wp-json\/wp\/v2\/product\/26119\/revisions"}],"predecessor-version":[{"id":26158,"href":"https:\/\/researchchemicalstore.eu\/pt\/wp-json\/wp\/v2\/product\/26119\/revisions\/26158"}],"wp:featuredmedia":[{"embeddable":true,"href":"https:\/\/researchchemicalstore.eu\/pt\/wp-json\/wp\/v2\/media\/28800"}],"wp:attachment":[{"href":"https:\/\/researchchemicalstore.eu\/pt\/wp-json\/wp\/v2\/media?parent=26119"}],"wp:term":[{"taxonomy":"product_brand","embeddable":true,"href":"https:\/\/researchchemicalstore.eu\/pt\/wp-json\/wp\/v2\/product_brand?post=26119"},{"taxonomy":"product_cat","embeddable":true,"href":"https:\/\/researchchemicalstore.eu\/pt\/wp-json\/wp\/v2\/product_cat?post=26119"},{"taxonomy":"product_tag","embeddable":true,"href":"https:\/\/researchchemicalstore.eu\/pt\/wp-json\/wp\/v2\/product_tag?post=26119"}],"curies":[{"name":"wp","href":"https:\/\/api.w.org\/{rel}","templated":true}]}}