{"id":26132,"date":"2025-05-01T01:31:17","date_gmt":"2025-05-01T01:31:17","guid":{"rendered":"https:\/\/researchchemicalstore.eu\/?post_type=product&#038;p=26132"},"modified":"2025-10-18T14:22:47","modified_gmt":"2025-10-18T14:22:47","slug":"comprar-cloridrato-de-ibogaina-online","status":"publish","type":"product","link":"https:\/\/researchchemicalstore.eu\/pt\/produto\/comprar-cloridrato-de-ibogaina-online\/","title":{"rendered":"Comprar Iboga\u00edna HCL"},"content":{"rendered":"<h2>Comprar Iboga\u00edna HCL<\/h2>\n<div class=\"sm-table-layout__cell sm-table-layout__cell_align_left sm-table-layout__cell_fixed-cell_phrase\" role=\"cell\" data-testid=\"table-cell-keyword\">\n<div class=\"sm-cell-phrase\"><span class=\"___SText_anxqe-kmt_\" data-ui-name=\"Link.Text\">comprar iboga\u00edna hcl online, <\/span>Compre Iboga\u00edna HCL. A iboga\u00edna \u00e9 o produto qu\u00edmico ativo encontrado na raiz da iboga Tabernanthe africana que elimina os sinais f\u00edsicos de abstin\u00eancia e interrompe o comportamento de desejo por drogas de uma vez por todas. A iboga\u00edna HCL provou ser a planta herb\u00e1cea mais influente na cura de v\u00edcios. Quando aplicado corretamente, o resultado \u00e9 100% eficaz. Oferecemos Iboga pr\u00e9-embalada em c\u00e1psulas, o que ajuda na dosagem e facilita o consumo.<\/div>\n<\/div>\n<p>Extra\u00eddo da casca da raiz de Tabernanthe Iboga. Contidos na segunda camada da casca da iboga est\u00e3o aproximadamente 12 alcaloides diferentes. Os tr\u00eas alcaloides mais proeminentes que s\u00e3o extra\u00eddos incluem Iboga\u00edna, Ibogamina e tamb\u00e9m Ibogalina. Como um composto qu\u00edmico da iboga\u00edna, o cloridrato de iboga\u00edna \u00e9 usado no tratamento da depend\u00eancia. Iboga\u00edna HCL \u00e9 um composto natural extra\u00eddo do arbusto Tabernanthe iboga nativo da \u00c1frica. Usado para eliminar toxinas (como opi\u00e1ceos e outras drogas) do corpo e ajudar a reduzir drasticamente os sintomas desconfort\u00e1veis associados \u00e0 abstin\u00eancia f\u00edsica do abuso de subst\u00e2ncias.<\/p>\n<p>A iboga\u00edna HCL \u00e9 o terceiro tipo de iboga\u00edna e \u00e9 mais frequentemente usada como terapia para depend\u00eancia. Ele passa por um processo distinto de purifica\u00e7\u00e3o usando HCL que remove diversas impurezas e outras subst\u00e2ncias. Al\u00e9m disso, o Iboga\u00edna HCL cont\u00e9m aproximadamente 85-99% de iboga\u00edna pura.<\/p>\n<h2>Iboga\u00edna HCL \u00e0 venda<\/h2>\n<p>Normalmente, o Iboga\u00edna HCL \u00e9 usado em um ambiente m\u00e9dico sob a supervis\u00e3o de m\u00e9dicos e enfermeiros certificados e treinados profissionalmente. \u00c9 ben\u00e9fico para ajudar uma pessoa que luta contra o abuso de subst\u00e2ncias a controlar os sintomas de abstin\u00eancia de drogas ou \u00e1lcool. O cloridrato de iboga\u00edna \u00e9 usado para tratar sintomas de abstin\u00eancia de drogas, trabalhando em sinergia com neur\u00f4nios e receptores espec\u00edficos encontrados no c\u00e9rebro e no sistema nervoso central.<\/p>\n<p>Quando uma pessoa sofre abstin\u00eancia com Iboga\u00edna HCL, ainda haver\u00e1 sintomas de abstin\u00eancia. No entanto, elas geralmente s\u00e3o sentidas em uma fra\u00e7\u00e3o do que \u00e9 experimentado sem tratamento. Os efeitos do tratamento com Iboga\u00edna HCL podem durar de 15 a 36 horas, dependendo das caracter\u00edsticas espec\u00edficas do paciente.<a href=\"https:\/\/researchchemicalstore.eu\/pt\/comprar\/catinonas\/%f0%9f%92%a1-po-cristalino-de-2-mmc-para-todas-as-perguntas-e-respostas-sobre-compra\/\">Pellets de 2-CMC 250 mg<\/a><a href=\"https:\/\/researchchemicalstore.eu\/pt\/comprar\/quase-proibido\/6-cl-adba\/\">6-CL-ADBA<\/a><a href=\"https:\/\/researchchemicalstore.eu\/pt\/comprar\/lisergamidas\/1v-lsd-150-mcg-blotters\/\">1V-LSD 150 MCG Blotters<\/a><a href=\"https:\/\/researchchemicalstore.eu\/pt\/comprar\/pelotas-2\/pellets-de-dsmt-50mg\/\">Pellets de O-DSMT 50 mg<\/a><a href=\"https:\/\/researchchemicalstore.eu\/pt\/comprar\/lisergamidas\/1cp-lsd-150-mcg\/\">1cP-LSD 150 MCG Art Blotters<\/a><\/p>","protected":false},"excerpt":{"rendered":"<p>Compre Iboga\u00edna HCL compre iboga\u00edna hcl online, Compre Iboga\u00edna HCL, A iboga\u00edna \u00e9 o produto qu\u00edmico ativo encontrado na Tabernanthe africana<\/p>","protected":false},"featured_media":28747,"comment_status":"closed","ping_status":"closed","template":"","meta":[],"product_brand":[],"product_cat":[908],"product_tag":[913],"class_list":{"0":"post-26132","1":"product","2":"type-product","3":"status-publish","4":"has-post-thumbnail","6":"product_cat-iboga-ibogaine","7":"product_tag-buy-ibogaine-hcl-online","9":"first","10":"instock","11":"taxable","12":"shipping-taxable","13":"purchasable","14":"product-type-variable"},"_links":{"self":[{"href":"https:\/\/researchchemicalstore.eu\/pt\/wp-json\/wp\/v2\/product\/26132","targetHints":{"allow":["GET"]}}],"collection":[{"href":"https:\/\/researchchemicalstore.eu\/pt\/wp-json\/wp\/v2\/product"}],"about":[{"href":"https:\/\/researchchemicalstore.eu\/pt\/wp-json\/wp\/v2\/types\/product"}],"replies":[{"embeddable":true,"href":"https:\/\/researchchemicalstore.eu\/pt\/wp-json\/wp\/v2\/comments?post=26132"}],"version-history":[{"count":3,"href":"https:\/\/researchchemicalstore.eu\/pt\/wp-json\/wp\/v2\/product\/26132\/revisions"}],"predecessor-version":[{"id":26156,"href":"https:\/\/researchchemicalstore.eu\/pt\/wp-json\/wp\/v2\/product\/26132\/revisions\/26156"}],"wp:featuredmedia":[{"embeddable":true,"href":"https:\/\/researchchemicalstore.eu\/pt\/wp-json\/wp\/v2\/media\/28747"}],"wp:attachment":[{"href":"https:\/\/researchchemicalstore.eu\/pt\/wp-json\/wp\/v2\/media?parent=26132"}],"wp:term":[{"taxonomy":"product_brand","embeddable":true,"href":"https:\/\/researchchemicalstore.eu\/pt\/wp-json\/wp\/v2\/product_brand?post=26132"},{"taxonomy":"product_cat","embeddable":true,"href":"https:\/\/researchchemicalstore.eu\/pt\/wp-json\/wp\/v2\/product_cat?post=26132"},{"taxonomy":"product_tag","embeddable":true,"href":"https:\/\/researchchemicalstore.eu\/pt\/wp-json\/wp\/v2\/product_tag?post=26132"}],"curies":[{"name":"wp","href":"https:\/\/api.w.org\/{rel}","templated":true}]}}