{"id":23102,"date":"2025-04-13T17:39:10","date_gmt":"2025-04-13T17:39:10","guid":{"rendered":"https:\/\/researchchemicalstore.eu\/?post_type=product&#038;p=23102"},"modified":"2025-10-23T02:59:27","modified_gmt":"2025-10-23T02:59:27","slug":"3-obr-min","status":"publish","type":"product","link":"https:\/\/researchchemicalstore.eu\/sk\/produkt\/3-obr-min\/","title":{"rendered":"3-FPM (3-flu\u00f3rfenmetraz\u00edn)"},"content":{"rendered":"<h2><strong>3-FPM<\/strong><\/h2>\n<p><strong>3-FPM<\/strong> je l\u00e1tka, ktor\u00fa pred\u00e1vame iba na v\u00fdskumn\u00e9 \u00fa\u010dely, a preto nie je ur\u010den\u00e1 na konzum\u00e1ciu. l\u00e1tka patr\u00ed do kateg\u00f3rie flu\u00f3rovan\u00fdch. 3-FPM sa dod\u00e1va vo forme pr\u00e1\u0161ku a pri skladovan\u00ed vo vhodnom prostred\u00ed je mo\u017en\u00e9 ho sk\u00fama\u0165 a\u017e 2 roky.<\/p>\n<p>Ke\u010f\u017ee 3-FPM je ur\u010den\u00fd len na v\u00fdskumn\u00e9 \u00fa\u010dely a nie na konzum\u00e1ciu, je d\u00f4le\u017eit\u00e9, aby sa 3-FPM uchov\u00e1val mimo dosahu det\u00ed a dom\u00e1cich zvierat.<a title=\"1V-LSD 150 MCG pijavice\" href=\"https:\/\/researchchemicalstore.eu\/sk\/obchod\/lysergamidy\/1v-lsd-150-mcg-blotters\/\" target=\"_blank\" rel=\"noopener\">1V-LSD 150 MCG pijavice<\/a><\/p>\n<p>Pon\u00fakame kvalitn\u00e9 v\u00fdskumn\u00e9 chemik\u00e1lie za rozumn\u00fa cenu. Va\u0161a objedn\u00e1vka bude odoslan\u00e1 do 24 hod\u00edn ka\u017ed\u00fd de\u0148. Preto si objednajte 3FPM bezpe\u010dne a r\u00fdchlo cez!<\/p>\n<h2>Vlastnosti 3-FPM<\/h2>\n<p><strong>Synonymum<\/strong>: 3-Flu\u00f3rfenmetraz\u00edn<br \/>\n<strong>\u010c\u00edslo CAS<\/strong>: 1803562-83-5<br \/>\n<strong>Vzorec<\/strong>: C11H14FNO \u2022 HCL<br \/>\n<strong>Mol\u00e1rna hmotnos\u0165<\/strong>: 231,7 g\/mol<br \/>\n<strong>\u010cistota<\/strong>: \u226598%<\/p>\n<h2>\u010co je 3-FPM?<\/h2>\n<p>3-FPM (3-flu\u00f3rfenmetraz\u00edn) je syntetick\u00fd stimulant patriaci do rodiny fenetylam\u00ednov. Je chemicky podobn\u00fd in\u00fdm syntetick\u00fdm stimulantom, ako je amfetam\u00edn a metylfenid\u00e1t, a vyvol\u00e1va stimula\u010dn\u00fd \u00fa\u010dinok zv\u00fd\u0161en\u00edm hlad\u00edn dopam\u00ednu, norepinefr\u00ednu a seroton\u00ednu v mozgu.<\/p>\n<p>3-FPM sa be\u017ene pred\u00e1va ako biely alebo sivobiely pr\u00e1\u0161ok ako v\u00fdskumn\u00e1 chemik\u00e1lia. Jeho pou\u017e\u00edvanie je v mnoh\u00fdch krajin\u00e1ch neleg\u00e1lne a sp\u00e1ja sa s po\u010detn\u00fdmi pr\u00edpadmi z\u00e1va\u017en\u00fdch ne\u017eiaducich reakci\u00ed a \u00famrt\u00ed.<\/p>\n<p>Liek bol prv\u00fdkr\u00e1t syntetizovan\u00fd za\u010diatkom 70. rokov 20. storo\u010dia a pou\u017e\u00edval sa vo vedeckom v\u00fdskume na \u0161t\u00fadium \u00fa\u010dinkov stimulantov na mozog. Av\u0161ak kv\u00f4li mo\u017en\u00e9mu zneu\u017e\u00edvaniu nie je liek schv\u00e1len\u00fd na \u013eudsk\u00fa spotrebu a pou\u017e\u00edva sa hlavne na vedeck\u00fd v\u00fdskum.<\/p>\n<p>Rovnako ako in\u00e9 stimulanty, aj 3-FPM m\u00f4\u017ee sp\u00f4sobi\u0165 cel\u00fd rad ved\u013eaj\u0161\u00edch \u00fa\u010dinkov vr\u00e1tane zv\u00fd\u0161enej srdcovej frekvencie a krvn\u00e9ho tlaku, \u00fazkosti, nepokoja a nespavosti. Je d\u00f4le\u017eit\u00e9 poznamena\u0165, \u017ee bezpe\u010dnos\u0165 a dlhodob\u00e9 \u00fa\u010dinky 3-FPM na \u013eudsk\u00e9 zdravie nie s\u00fa dobre pochopen\u00e9 a jeho pou\u017e\u00edvanie sa neodpor\u00fa\u010da.<\/p>\n<h2>Ako vznikla met\u00f3da 3-FPM?<\/h2>\n<p>Po\u010diatky 3-FPM siahaj\u00fa do za\u010diatku 70. rokov 20. storo\u010dia, ke\u010f ho prv\u00fdkr\u00e1t syntetizoval t\u00edm v\u00fdskumn\u00edkov v Nemecku. Liek bol vyvinut\u00fd ako s\u00fa\u010das\u0165 snahy o vytvorenie nov\u00fdch zl\u00fa\u010den\u00edn so stimula\u010dn\u00fdmi vlastnos\u0165ami, ktor\u00e9 by sa mohli pou\u017ei\u0165 na lie\u010dbu zdravotn\u00fdch stavov, ako je narkolepsia a porucha pozornosti s hyperaktivitou (ADHD).<a title=\"6-CL-ADBA\" href=\"https:\/\/researchchemicalstore.eu\/sk\/obchod\/takmer-zakazane\/6-cl-adba\/\" target=\"_blank\" rel=\"noopener\">6-CL-ADBA<\/a><\/p>\n<p>3-FPM je deriv\u00e1t fenmetraz\u00ednu, stimulantu, ktor\u00fd sa v 60. rokoch 20. storo\u010dia hojne pou\u017e\u00edval ako potl\u00e1\u010da\u010d chuti do jedla, ale nesk\u00f4r bol stiahnut\u00fd kv\u00f4li obav\u00e1m z jeho n\u00e1vykov\u00e9ho potenci\u00e1lu. V\u00fdskumn\u00edci sa domnievali, \u017ee zmena chemickej \u0161trukt\u00fary fenmetraz\u00ednu by mohla vies\u0165 k vzniku nov\u00fdch zl\u00fa\u010den\u00edn s podobn\u00fdmi \u00fa\u010dinkami, ale men\u0161\u00edmi rizikami.<\/p>\n<p>Po po\u010diato\u010dnej synt\u00e9ze bol 3-FPM sk\u00faman\u00fd na zvierac\u00edch modeloch s cie\u013eom ur\u010di\u0165 jeho bezpe\u010dnos\u0165 a \u00fa\u010dinnos\u0165 ako potenci\u00e1lnej lie\u010dby ADHD a in\u00fdch por\u00fach. Liek v\u0161ak nikdy nebol schv\u00e1len\u00fd na pou\u017eitie u \u013eud\u00ed kv\u00f4li obav\u00e1m zo zneu\u017e\u00edvania a z\u00e1vislosti.<a title=\"2-CMC 250 mg pelety\" href=\"https:\/\/researchchemicalstore.eu\/sk\/obchod\/katinony\/%f0%9f%92%a1-2-mmc-krystalicky-prasok-pre-vsetky-otazky-a-odpovede-na-nakup\/\" target=\"_blank\" rel=\"noopener\">2-CMC 250 mg pelety<\/a><\/p>\n<p>Napriek tomu, \u017ee 3-FPM nebol schv\u00e1len\u00fd na pou\u017eitie u \u013eud\u00ed, v posledn\u00fdch rokoch z\u00edskal popularitu ako v\u00fdskumn\u00e1 chemik\u00e1lia. Jeho bezpe\u010dnos\u0165 a dlhodob\u00e9 \u00fa\u010dinky na \u013eudsk\u00e9 zdravie v\u0161ak nie s\u00fa dobre pochopen\u00e9 a jeho pou\u017e\u00edvanie sa neodpor\u00fa\u010da na \u013eudsk\u00fa spotrebu.<a title=\"Pink Star Pellets 5-MAPB 70 mg \/ 2-FMA 20 mg \/ 5-MeO-MiPT 2 mg\" href=\"https:\/\/researchchemicalstore.eu\/sk\/obchod\/takmer-zakazane\/ruzove-hviezdicove-pelety-5-mapb-70mg-2-fma-20mg-5-meo-mipt-2mg\/\" target=\"_blank\" rel=\"noopener\">Pink Star Pellets 5-MAPB 70 mg \/ 2-FMA 20 mg \/ 5-MeO-MiPT 2 mg<\/a><\/p>\n<h2>V\u00fdstra\u017en\u00e9 upozornenia<\/h2>\n<p>3-FPM m\u00f4\u017ee sp\u00f4sobi\u0165 podr\u00e1\u017edenie d\u00fdchac\u00edch ciest<br \/>\n3-FPM m\u00f4\u017ee sp\u00f4sobi\u0165 podr\u00e1\u017edenie o\u010d\u00ed<br \/>\nVyp\u00fa\u0161\u0165anie v\u00fdskumn\u00fdch chemik\u00e1li\u00ed do \u017eivotn\u00e9ho prostredia je zak\u00e1zan\u00e9<\/p>\n<p>3-FPM PRI ZASIAHNUT\u00cd O\u010c\u00cd: O\u010di opatrne vyplachujte vodou p\u00e4\u0165 min\u00fat. Ak je to mo\u017en\u00e9, vyberte kontaktn\u00e9 \u0161o\u0161ovky.<\/p>\n<p>3-FPM PRI KONTAKTE S POKO\u017dKOU: Umyte poko\u017eku mydlom a vodou.<\/p>\n<p>PO VD\u00ddCHNUT\u00cd 3-FPM: Presu\u0148te postihnut\u00e9ho na \u010derstv\u00fd vzduch a ulo\u017ete ho do polohy, ktor\u00e1 mu u\u013eah\u010duje d\u00fdchanie. <a title=\"4F-MPH 25 MG pelety\" href=\"https:\/\/researchchemicalstore.eu\/sk\/obchod\/takmer-zakazane\/4f-mph-25-mg-pellets\/\" target=\"_blank\" rel=\"noopener\">4F-MPH 25 MG pelety<\/a><\/p>","protected":false},"excerpt":{"rendered":"<p><span style=\"color: #ff6600;\"><strong>Alebo h\u013ead\u00e1te 3-FPM pelety? &gt;&gt;<\/strong><\/span><\/p>","protected":false},"featured_media":28616,"comment_status":"closed","ping_status":"closed","template":"","meta":[],"product_brand":[82],"product_cat":[441,322,333],"product_tag":[601,602,326],"class_list":{"0":"post-23102","1":"product","2":"type-product","3":"status-publish","4":"has-post-thumbnail","6":"product_brand-research-chemical","7":"product_cat-3-fpm","8":"product_cat-bijna-verboden","9":"product_cat-gefluoreerden","10":"product_tag-3-fpm","11":"product_tag-fpm-3","12":"product_tag-nl","14":"first","15":"instock","16":"taxable","17":"shipping-taxable","18":"purchasable","19":"product-type-variable"},"_links":{"self":[{"href":"https:\/\/researchchemicalstore.eu\/sk\/wp-json\/wp\/v2\/product\/23102","targetHints":{"allow":["GET"]}}],"collection":[{"href":"https:\/\/researchchemicalstore.eu\/sk\/wp-json\/wp\/v2\/product"}],"about":[{"href":"https:\/\/researchchemicalstore.eu\/sk\/wp-json\/wp\/v2\/types\/product"}],"replies":[{"embeddable":true,"href":"https:\/\/researchchemicalstore.eu\/sk\/wp-json\/wp\/v2\/comments?post=23102"}],"version-history":[{"count":3,"href":"https:\/\/researchchemicalstore.eu\/sk\/wp-json\/wp\/v2\/product\/23102\/revisions"}],"predecessor-version":[{"id":25374,"href":"https:\/\/researchchemicalstore.eu\/sk\/wp-json\/wp\/v2\/product\/23102\/revisions\/25374"}],"wp:featuredmedia":[{"embeddable":true,"href":"https:\/\/researchchemicalstore.eu\/sk\/wp-json\/wp\/v2\/media\/28616"}],"wp:attachment":[{"href":"https:\/\/researchchemicalstore.eu\/sk\/wp-json\/wp\/v2\/media?parent=23102"}],"wp:term":[{"taxonomy":"product_brand","embeddable":true,"href":"https:\/\/researchchemicalstore.eu\/sk\/wp-json\/wp\/v2\/product_brand?post=23102"},{"taxonomy":"product_cat","embeddable":true,"href":"https:\/\/researchchemicalstore.eu\/sk\/wp-json\/wp\/v2\/product_cat?post=23102"},{"taxonomy":"product_tag","embeddable":true,"href":"https:\/\/researchchemicalstore.eu\/sk\/wp-json\/wp\/v2\/product_tag?post=23102"}],"curies":[{"name":"pracovn\u00fd list","href":"https:\/\/api.w.org\/{rel}","templated":true}]}}