{"id":23555,"date":"2025-04-13T17:39:57","date_gmt":"2025-04-13T17:39:57","guid":{"rendered":"https:\/\/researchchemicalstore.eu\/?post_type=product&#038;p=23555"},"modified":"2025-10-22T16:06:09","modified_gmt":"2025-10-22T16:06:09","slug":"1cp-cisteho-vinanu-lsd","status":"publish","type":"product","link":"https:\/\/researchchemicalstore.eu\/sk\/produkt\/1cp-cisteho-vinanu-lsd\/","title":{"rendered":"1cP-LSD L-tartr\u00e1t \u010dist\u00fd"},"content":{"rendered":"<h3><strong>1cP-LSD L-tartar\u00e1t \u010dist\u00fd \u2013 popis produktu, pou\u017eitie a naj\u010dastej\u0161ie ot\u00e1zky<\/strong><\/h3>\n<h4><strong>Popis produktu<\/strong><\/h4>\n<p class=\"ds-markdown-paragraph\">1cP-LSD L-tartar\u00e1t Pure je vysoko kvalitn\u00e1 v\u00fdskumn\u00e1 chemik\u00e1lia zn\u00e1ma svojou \u010distotou a stabilitou. T\u00e1to zl\u00fa\u010denina patr\u00ed do rodiny lysergamidov a \u010dasto sa pou\u017e\u00edva vo vedeckom v\u00fdskume. L-tartar\u00e1tov\u00e1 so\u013e poskytuje vy\u0161\u0161iu rozpustnos\u0165 a presn\u00e9 d\u00e1vkovanie, v\u010faka \u010domu je ide\u00e1lna pre laborat\u00f3rne aplik\u00e1cie.<\/p>\n<p class=\"ds-markdown-paragraph\"><strong>Vlastnosti:<\/strong><\/p>\n<ul>\n<li>\n<p class=\"ds-markdown-paragraph\"><strong>Vysok\u00e1 \u010distota (&gt; 99%)<\/strong>\u00a0\u2013 Optimalizovan\u00e9 pre v\u00fdskum.<\/p>\n<\/li>\n<li>\n<p class=\"ds-markdown-paragraph\"><strong>Dobr\u00e1 rozpustnos\u0165<\/strong>\u00a0\u2013 V\u010faka forme L-tartr\u00e1tu.<\/p>\n<\/li>\n<li>\n<p class=\"ds-markdown-paragraph\"><strong>Podrobn\u00e9 laborat\u00f3rne spr\u00e1vy<\/strong>\u00a0\u2013 K dispoz\u00edcii s\u00fa kompletn\u00e9 HPLC a GC-MS anal\u00fdzy.<\/p>\n<\/li>\n<li>\n<p class=\"ds-markdown-paragraph\"><strong>Presn\u00e9 d\u00e1vkovanie<\/strong>\u00a0\u2013 Vhodn\u00e9 pre kontrolovan\u00e9 experimenty.<\/p>\n<\/li>\n<\/ul>\n<hr \/>\n<h3><strong>Pou\u017eitie 1cP-LSD L-tartr\u00e1tu Pure<\/strong><\/h3>\n<p class=\"ds-markdown-paragraph\">1cP-LSD L-tartar\u00e1t sa pou\u017e\u00edva v\u00fdlu\u010dne na\u00a0<strong>vedeck\u00fd v\u00fdskum<\/strong>\u00a0a je\u00a0<strong>nie je ur\u010den\u00fd na \u013eudsk\u00fa spotrebu<\/strong>Medzi mo\u017en\u00e9 v\u00fdskumn\u00e9 scen\u00e1re patria:<\/p>\n<ul>\n<li>\n<p class=\"ds-markdown-paragraph\"><strong>Neurochemick\u00e9 \u0161t\u00fadie<\/strong>\u00a0\u2013 V\u00fdskum serotonergn\u00fdch \u00fa\u010dinkov.<\/p>\n<\/li>\n<li>\n<p class=\"ds-markdown-paragraph\"><strong>Psychofarmakol\u00f3gia<\/strong>\u00a0\u2013 Anal\u00fdza interakci\u00ed receptorov.<\/p>\n<\/li>\n<li>\n<p class=\"ds-markdown-paragraph\"><strong>V\u00fdskum stability<\/strong>\u00a0\u2013 Hodnotenie l\u00e1tky za r\u00f4znych podmienok.<\/p>\n<\/li>\n<\/ul>\n<p class=\"ds-markdown-paragraph\"><strong>Odpor\u00fa\u010dan\u00e9 d\u00e1vkovanie pre v\u00fdskum:<\/strong><\/p>\n<ul>\n<li>\n<p class=\"ds-markdown-paragraph\"><strong>Mikrod\u00e1vkovanie (na predbe\u017en\u00e9 testovanie):<\/strong>\u00a05 \u2013 20 \u00b5g<\/p>\n<\/li>\n<li>\n<p class=\"ds-markdown-paragraph\"><strong>\u0160tandardn\u00e1 v\u00fdskumn\u00e1 d\u00e1vka:<\/strong>\u00a050 \u2013 150 \u00b5g<\/p>\n<\/li>\n<li>\n<p class=\"ds-markdown-paragraph\"><strong>Vy\u0161\u0161ie d\u00e1vky (len pre pokro\u010dil\u00e9 \u0161t\u00fadie):<\/strong>\u00a0150+ \u00b5g<\/p>\n<\/li>\n<\/ul>\n<p class=\"ds-markdown-paragraph\"><em>Upozornenie: D\u00e1vkovanie by sa malo starostlivo odmera\u0165 pomocou kalibrovanej laborat\u00f3rnej v\u00e1hy.<\/em><\/p>\n<hr \/>\n<h3><strong>Nev\u00fdhody a bezpe\u010dnostn\u00e9 opatrenia<\/strong><\/h3>\n<ol start=\"1\">\n<li>\n<p class=\"ds-markdown-paragraph\"><strong>Potenci\u00e1lna nestabilita vo\u010di svetlu a teplu<\/strong>\u00a0\u2013 Skladujte na chladnom a tmavom mieste.<\/p>\n<\/li>\n<li>\n<p class=\"ds-markdown-paragraph\"><strong>Podobn\u00e9 \u00fa\u010dinky ako LSD<\/strong>\u00a0\u2013 V nespr\u00e1vnom prostred\u00ed m\u00f4\u017ee ma\u0165 siln\u00e9 psychoakt\u00edvne \u00fa\u010dinky.<\/p>\n<\/li>\n<li>\n<p class=\"ds-markdown-paragraph\"><strong>Pr\u00e1vny stav<\/strong>\u00a0\u2013 V\u017edy si overte miestne z\u00e1kony, preto\u017ee 1cP-LSD je v niektor\u00fdch krajin\u00e1ch regulovan\u00fd.<\/p>\n<\/li>\n<li>\n<p class=\"ds-markdown-paragraph\"><strong>Nie na rekrea\u010dn\u00e9 pou\u017eitie<\/strong>\u00a0\u2013 Ur\u010den\u00e9 len na kontrolovan\u00fd vedeck\u00fd v\u00fdskum.<\/p>\n<\/li>\n<\/ol>\n<hr \/>\n<h3><strong>\u010casto kladen\u00e9 ot\u00e1zky (FAQ)<\/strong><\/h3>\n<p class=\"ds-markdown-paragraph\"><strong>1. Je 1cP-LSD v Holandsku leg\u00e1lny?<\/strong><br \/>\nPr\u00e1vny status 1cP-LSD sa m\u00f4\u017ee l\u00ed\u0161i\u0165. V s\u00fa\u010dasnosti nie je regulovan\u00fd z\u00e1konom o \u00f3piu, ale to sa m\u00f4\u017ee zmeni\u0165. V\u017edy si pre\u0161tudujte aktu\u00e1lne predpisy.<\/p>\n<p class=\"ds-markdown-paragraph\"><strong>2. Ako m\u00e1m skladova\u0165 1cP-LSD L-tartar\u00e1t?<\/strong><br \/>\nSkladujte vo vzduchotesnej n\u00e1dobe, mimo dosahu svetla a vlhkosti, pri teplote do 20 \u00b0C.<\/p>\n<p class=\"ds-markdown-paragraph\"><strong>3. S\u00fa k dispoz\u00edcii laborat\u00f3rne spr\u00e1vy?<\/strong><br \/>\n\u00c1no, ka\u017ed\u00e1 d\u00e1vka sa dod\u00e1va s\u00a0<strong>Certifik\u00e1t GC-MS\/HPLC<\/strong>\u00a0\u010do potvrdzuje \u010distotu. Pre inform\u00e1cie o konkr\u00e9tnych \u0161ar\u017eiach kontaktujte.<\/p>\n<p class=\"ds-markdown-paragraph\"><strong>4. M\u00f4\u017eem pod\u00e1va\u0165 1cP-LSD L-tartar\u00e1t peror\u00e1lne vo v\u00fdskume?<\/strong><br \/>\nOdpor\u00fa\u010da sa najsk\u00f4r vykona\u0165 testy in vitro (v sk\u00famavke). Peror\u00e1lne pod\u00e1vanie \u017eiv\u00fdm organizmom je mimo zam\u00fd\u0161\u013ean\u00e9ho pou\u017eitia.<\/p>\n<p class=\"ds-markdown-paragraph\"><strong>5. Ak\u00fd je rozdiel medzi 1cP-LSD a LSD-25?<\/strong><br \/>\n1cP-LSD m\u00e1 cyklopropionylov\u00fa skupinu namiesto dietylamidu, \u010do m\u00f4\u017ee ovplyvni\u0165 metabolizmus. Presn\u00e9 farmakodynamick\u00e9 rozdiely s\u00fa st\u00e1le predmetom \u0161t\u00fadie.<\/p>\n<hr \/>\n<h3><strong>Z\u00e1ver<\/strong><\/h3>\n<p class=\"ds-markdown-paragraph\">1cP-LSD L-tartar\u00e1t Pure je s\u013eubn\u00e1 v\u00fdskumn\u00e1 chemik\u00e1lia s potenci\u00e1lnym vyu\u017eit\u00edm v neurovede a psychofarmakol\u00f3gii. Jeho vysok\u00e1 \u010distota a stabilita z neho robia spo\u013eahliv\u00fa vo\u013ebu pre vedcov.<\/p>\n<p class=\"ds-markdown-paragraph\"><em>Upozornenie: Tento produkt je ur\u010den\u00fd len na v\u00fdskumn\u00e9 \u00fa\u010dely a nie je ur\u010den\u00fd na \u013eudsk\u00fa ani zvieraciu spotrebu.<\/em><\/p>\n<p class=\"ds-markdown-paragraph\"><strong>Sp\u00fdta\u0165 sa?<\/strong>\u00a0Pre viac inform\u00e1ci\u00ed o laborat\u00f3rnych spr\u00e1vach alebo v\u00fdskumn\u00fdch protokoloch n\u00e1s pros\u00edm kontaktujte.<\/p>","protected":false},"excerpt":{"rendered":"<h3>Vlastnosti 1cP-LSD L-v\u00ednanu<\/h3>\n<p><strong>Synonymum:<\/strong> Hemi-L-tartr\u00e1t dietylamidu kyseliny 1-cykloprop\u00e1nkarbonyl-lysergovej<br \/>\n<strong>\u010c\u00edslo CAS:<\/strong> n\/a<br \/>\n<strong>Vzorec:<\/strong> (8p)-1-cyklopropionyl-N,N-dietyl-6-metyl-9,10-didehydroergol\u00edn-8-karboxamid hemi-L-tartr\u00e1t<br \/>\n<strong>Mol\u00e1rna hmotnos\u0165:<\/strong> 466,4 g\/mol<br \/>\n<strong>\u010distota:<\/strong> &gt;97%<\/p>","protected":false},"featured_media":28563,"comment_status":"closed","ping_status":"closed","template":"","meta":[],"product_brand":[],"product_cat":[360,358],"product_tag":[326],"class_list":{"0":"post-23555","1":"product","2":"type-product","3":"status-publish","4":"has-post-thumbnail","6":"product_cat-1cp-lsd","7":"product_cat-lysergamides","8":"product_tag-nl","10":"first","11":"instock","12":"taxable","13":"shipping-taxable","14":"purchasable","15":"product-type-variable"},"_links":{"self":[{"href":"https:\/\/researchchemicalstore.eu\/sk\/wp-json\/wp\/v2\/product\/23555","targetHints":{"allow":["GET"]}}],"collection":[{"href":"https:\/\/researchchemicalstore.eu\/sk\/wp-json\/wp\/v2\/product"}],"about":[{"href":"https:\/\/researchchemicalstore.eu\/sk\/wp-json\/wp\/v2\/types\/product"}],"replies":[{"embeddable":true,"href":"https:\/\/researchchemicalstore.eu\/sk\/wp-json\/wp\/v2\/comments?post=23555"}],"version-history":[{"count":3,"href":"https:\/\/researchchemicalstore.eu\/sk\/wp-json\/wp\/v2\/product\/23555\/revisions"}],"predecessor-version":[{"id":26596,"href":"https:\/\/researchchemicalstore.eu\/sk\/wp-json\/wp\/v2\/product\/23555\/revisions\/26596"}],"wp:featuredmedia":[{"embeddable":true,"href":"https:\/\/researchchemicalstore.eu\/sk\/wp-json\/wp\/v2\/media\/28563"}],"wp:attachment":[{"href":"https:\/\/researchchemicalstore.eu\/sk\/wp-json\/wp\/v2\/media?parent=23555"}],"wp:term":[{"taxonomy":"product_brand","embeddable":true,"href":"https:\/\/researchchemicalstore.eu\/sk\/wp-json\/wp\/v2\/product_brand?post=23555"},{"taxonomy":"product_cat","embeddable":true,"href":"https:\/\/researchchemicalstore.eu\/sk\/wp-json\/wp\/v2\/product_cat?post=23555"},{"taxonomy":"product_tag","embeddable":true,"href":"https:\/\/researchchemicalstore.eu\/sk\/wp-json\/wp\/v2\/product_tag?post=23555"}],"curies":[{"name":"pracovn\u00fd list","href":"https:\/\/api.w.org\/{rel}","templated":true}]}}