{"id":23611,"date":"2025-04-13T17:40:06","date_gmt":"2025-04-13T17:40:06","guid":{"rendered":"https:\/\/researchchemicalstore.eu\/?post_type=product&#038;p=23611"},"modified":"2025-10-22T15:20:00","modified_gmt":"2025-10-22T15:20:00","slug":"3-fpm-50mg-pelety","status":"publish","type":"product","link":"https:\/\/researchchemicalstore.eu\/sk\/produkt\/3-fpm-50mg-pelety\/","title":{"rendered":"3-FPM 50 MG pelety (3-flu\u00f3rfenmetraz\u00edn)"},"content":{"rendered":"<h1><strong><span dir=\"auto\" style=\"vertical-align: inherit;\"><span dir=\"auto\" style=\"vertical-align: inherit;\">3 fpm 50 MG pelety (3-flu\u00f3rfenmetraz\u00edn) \u2013 kvalita a presnos\u0165 vo v\u00fdskume<\/span><\/span><\/strong><\/h1>\n<h3><span dir=\"auto\" style=\"vertical-align: inherit;\"><span dir=\"auto\" style=\"vertical-align: inherit;\">\u00davod<\/span><\/span><\/h3>\n<p><span dir=\"auto\" style=\"vertical-align: inherit;\"><span dir=\"auto\" style=\"vertical-align: inherit;\">3 fpm, tie\u017e zn\u00e1my ako 3-flu\u00f3rfenmetraz\u00edn, je v\u00fdskumn\u00e1 chemik\u00e1lia, ktor\u00e1 si vo vedeck\u00fdch kruhoch z\u00edskava \u010doraz v\u00e4\u010d\u0161iu pozornos\u0165. Na\u0161e 3-FPM 50 mg pelety poskytuj\u00fa \u0161tandardizovan\u00e9 d\u00e1vkovanie pre presn\u00e9 a spo\u013eahliv\u00e9 v\u00fdsledky v\u00fdskumu. Tieto pelety s\u00fa starostlivo vyroben\u00e9, aby sa zabezpe\u010dila konzistencia a \u010distota, v\u010faka \u010domu s\u00fa ide\u00e1lne pre laborat\u00f3rne aplik\u00e1cie.<\/span><\/span><\/p>\n<h3><span dir=\"auto\" style=\"vertical-align: inherit;\"><span dir=\"auto\" style=\"vertical-align: inherit;\">Vlastnosti produktu<\/span><\/span><\/h3>\n<ul>\n<li><span dir=\"auto\" style=\"vertical-align: inherit;\"><span dir=\"auto\" style=\"vertical-align: inherit;\">\u0160tandardizovan\u00e9 d\u00e1vkovanie: Ka\u017ed\u00e1 peleta obsahuje presne 50 mg 3-FPM pre presn\u00e9 experimenty<\/span><\/span><\/li>\n<li><span dir=\"auto\" style=\"vertical-align: inherit;\"><span dir=\"auto\" style=\"vertical-align: inherit;\">Vysok\u00e1 \u010distota: Optimalizovan\u00e1 pre v\u00fdskum s minim\u00e1lnymi ne\u010distotami<\/span><\/span><\/li>\n<li><span dir=\"auto\" style=\"vertical-align: inherit;\"><span dir=\"auto\" style=\"vertical-align: inherit;\">Jednoduch\u00e9 d\u00e1vkovanie: Pelety zjednodu\u0161uj\u00fa v\u00e1\u017eenie a d\u00e1vkovanie pre efekt\u00edvnu laborat\u00f3rnu pr\u00e1cu.<\/span><\/span><\/li>\n<li><span dir=\"auto\" style=\"vertical-align: inherit;\"><span dir=\"auto\" style=\"vertical-align: inherit;\">Bezpe\u010dne zabalen\u00e9: Vzduchotesn\u00e9 balenie zais\u0165uje dlh\u00fa trvanlivos\u0165 a ochranu pred vlhkos\u0165ou<\/span><\/span><\/li>\n<\/ul>\n<h3><span dir=\"auto\" style=\"vertical-align: inherit;\"><span dir=\"auto\" style=\"vertical-align: inherit;\">Aplik\u00e1cie vo v\u00fdskume<\/span><\/span><\/h3>\n<p><span dir=\"auto\" style=\"vertical-align: inherit;\"><span dir=\"auto\" style=\"vertical-align: inherit;\">3-FPM sa pou\u017e\u00edva predov\u0161etk\u00fdm v predklinick\u00fdch \u0161t\u00fadi\u00e1ch v\u010faka svojim jedine\u010dn\u00fdm vlastnostiam. V\u00fdskumn\u00edci sk\u00famaj\u00fa \u00fa\u010dinky a mechanizmy tejto l\u00e1tky v kontrolovanom prostred\u00ed. Je d\u00f4le\u017eit\u00e9 zd\u00f4razni\u0165, \u017ee tento produkt je ur\u010den\u00fd v\u00fdlu\u010dne na vedeck\u00e9 \u00fa\u010dely a nie na \u013eudsk\u00fa spotrebu.<\/span><\/span><\/p>\n<h3><span dir=\"auto\" style=\"vertical-align: inherit;\"><span dir=\"auto\" style=\"vertical-align: inherit;\">Bezpe\u010dnostn\u00e9 inform\u00e1cie<\/span><\/span><\/h3>\n<ul>\n<li><span dir=\"auto\" style=\"vertical-align: inherit;\"><span dir=\"auto\" style=\"vertical-align: inherit;\">Len na v\u00fdskumn\u00e9 \u00fa\u010dely: Nie je ur\u010den\u00e9 na lie\u010debn\u00e9, rekrea\u010dn\u00e9 ani in\u00e9 pou\u017eitie mimo laborat\u00f3ria.<\/span><\/span><\/li>\n<li><span dir=\"auto\" style=\"vertical-align: inherit;\"><span dir=\"auto\" style=\"vertical-align: inherit;\">Profesion\u00e1lna manipul\u00e1cia: Pri pr\u00e1ci s chemik\u00e1liami v\u017edy noste vhodn\u00e9 ochrann\u00e9 prostriedky.<\/span><\/span><\/li>\n<li><span dir=\"auto\" style=\"vertical-align: inherit;\"><span dir=\"auto\" style=\"vertical-align: inherit;\">Pokyny na skladovanie: Skladujte na chladnom a suchom mieste, mimo dosahu det\u00ed a zvierat.<\/span><\/span><\/li>\n<\/ul>\n<h3><span dir=\"auto\" style=\"vertical-align: inherit;\"><span dir=\"auto\" style=\"vertical-align: inherit;\">Pre\u010do si vybra\u0165 na\u0161e pelety?<\/span><\/span><\/h3>\n<p><span dir=\"auto\" style=\"vertical-align: inherit;\"><span dir=\"auto\" style=\"vertical-align: inherit;\">Pon\u00fakame iba vysokokvalitn\u00e9 v\u00fdskumn\u00e9 chemik\u00e1lie s podrobn\u00fdmi inform\u00e1ciami o produkte a podporou. Na\u0161e pelety 3-FPM 50 MG sp\u013a\u0148aj\u00fa pr\u00edsne \u0161tandardy kvality, v\u010faka \u010domu s\u00fa spo\u013eahlivou vo\u013ebou pre seri\u00f3znych v\u00fdskumn\u00edkov.<\/span><\/span><\/p>\n<h3><span dir=\"auto\" style=\"vertical-align: inherit;\"><span dir=\"auto\" style=\"vertical-align: inherit;\">Objednajte si teraz a z\u00edskajte spo\u013eahliv\u00e9 v\u00fdsledky v\u00fdskumu<\/span><\/span><\/h3>\n<p><span dir=\"auto\" style=\"vertical-align: inherit;\"><span dir=\"auto\" style=\"vertical-align: inherit;\">Zv\u00fd\u0161te presnos\u0165 svojich \u0161t\u00fadi\u00ed s na\u0161imi konzistentne vyr\u00e1ban\u00fdmi 3-FPM peletami. V pr\u00edpade ot\u00e1zok t\u00fdkaj\u00facich sa pou\u017eitia alebo \u0161pecifik\u00e1ci\u00ed n\u00e1s nev\u00e1hajte kontaktova\u0165. <\/span><\/span><a href=\"http:\/\/google.nl\" target=\"_blank\" rel=\"noopener\"><span dir=\"auto\" style=\"vertical-align: inherit;\"><span dir=\"auto\" style=\"vertical-align: inherit;\">n\u00e1\u0161<\/span><\/span><\/a><span dir=\"auto\" style=\"vertical-align: inherit;\"><span dir=\"auto\" style=\"vertical-align: inherit;\"> t\u00edm expertov.<\/span><\/span><\/p>\n<p><span dir=\"auto\" style=\"vertical-align: inherit;\"><span dir=\"auto\" style=\"vertical-align: inherit;\">Upozornenie: Tento produkt je ur\u010den\u00fd len na z\u00e1konom povolen\u00e9 v\u00fdskumn\u00e9 \u00fa\u010dely. Pred zak\u00fapen\u00edm si overte platn\u00e9 z\u00e1kony vo va\u0161om regi\u00f3ne. <\/span><\/span><a href=\"https:\/\/researchchemicalstore.eu\/sk\/obchod\/iboga-ibogain\/kora-korena-iboga\/\"><span dir=\"auto\" style=\"vertical-align: inherit;\"><span dir=\"auto\" style=\"vertical-align: inherit;\">k\u00f4ra kore\u0148a iboga<\/span><\/span><\/a><a href=\"https:\/\/researchchemicalstore.eu\/sk\/obchod\/iboga-ibogain\/kupit-ibogain-hydrochlorid-online\/\"><span dir=\"auto\" style=\"vertical-align: inherit;\"><span dir=\"auto\" style=\"vertical-align: inherit;\">k\u00fapi\u0165 iboga\u00edn hydrochlorid online<\/span><\/span><\/a><a href=\"https:\/\/researchchemicalstore.eu\/sk\/obchod\/lysergamidy\/1cp-lsd-150-mcg-umelecke-pijavice\/\"><span dir=\"auto\" style=\"vertical-align: inherit;\"><span dir=\"auto\" style=\"vertical-align: inherit;\">1 cp lsd <\/span><\/span><\/a><a href=\"https:\/\/researchchemicalstore.eu\/sk\/obchod\/pelety\/o-dsmt-50-mg-pelety\/\"><span dir=\"auto\" style=\"vertical-align: inherit;\"><span dir=\"auto\" style=\"vertical-align: inherit;\">o-dsmt <\/span><\/span><\/a><a href=\"https:\/\/researchchemicalstore.eu\/sk\/obchod\/lysergamidy\/1v-lsd-150-mcg-pijavice\/\"><span dir=\"auto\" style=\"vertical-align: inherit;\"><span dir=\"auto\" style=\"vertical-align: inherit;\">1vlsd<\/span><\/span><\/a><\/p>","protected":false},"excerpt":{"rendered":"<p>3 fpm 50 MG Pellets (3-Fluorophenmetrazine) \u2013 Quality and Precision in Research Introduction 3 fpm, also known as 3-Fluorophenmetrazine, is<\/p>","protected":false},"featured_media":28617,"comment_status":"closed","ping_status":"closed","template":"","meta":[],"product_brand":[82],"product_cat":[441,442,322,333,324],"product_tag":[606,601,605,326],"class_list":{"0":"post-23611","1":"product","2":"type-product","3":"status-publish","4":"has-post-thumbnail","6":"product_brand-research-chemical","7":"product_cat-3-fpm","8":"product_cat-3-fpm-pellets","9":"product_cat-bijna-verboden","10":"product_cat-gefluoreerden","11":"product_cat-pellets-for-pellet","12":"product_tag-3-fluorophenmetrazine","13":"product_tag-3-fpm","14":"product_tag-3fpm","15":"product_tag-nl","17":"first","18":"instock","19":"taxable","20":"shipping-taxable","21":"purchasable","22":"product-type-variable"},"_links":{"self":[{"href":"https:\/\/researchchemicalstore.eu\/sk\/wp-json\/wp\/v2\/product\/23611","targetHints":{"allow":["GET"]}}],"collection":[{"href":"https:\/\/researchchemicalstore.eu\/sk\/wp-json\/wp\/v2\/product"}],"about":[{"href":"https:\/\/researchchemicalstore.eu\/sk\/wp-json\/wp\/v2\/types\/product"}],"replies":[{"embeddable":true,"href":"https:\/\/researchchemicalstore.eu\/sk\/wp-json\/wp\/v2\/comments?post=23611"}],"version-history":[{"count":5,"href":"https:\/\/researchchemicalstore.eu\/sk\/wp-json\/wp\/v2\/product\/23611\/revisions"}],"predecessor-version":[{"id":28063,"href":"https:\/\/researchchemicalstore.eu\/sk\/wp-json\/wp\/v2\/product\/23611\/revisions\/28063"}],"wp:featuredmedia":[{"embeddable":true,"href":"https:\/\/researchchemicalstore.eu\/sk\/wp-json\/wp\/v2\/media\/28617"}],"wp:attachment":[{"href":"https:\/\/researchchemicalstore.eu\/sk\/wp-json\/wp\/v2\/media?parent=23611"}],"wp:term":[{"taxonomy":"product_brand","embeddable":true,"href":"https:\/\/researchchemicalstore.eu\/sk\/wp-json\/wp\/v2\/product_brand?post=23611"},{"taxonomy":"product_cat","embeddable":true,"href":"https:\/\/researchchemicalstore.eu\/sk\/wp-json\/wp\/v2\/product_cat?post=23611"},{"taxonomy":"product_tag","embeddable":true,"href":"https:\/\/researchchemicalstore.eu\/sk\/wp-json\/wp\/v2\/product_tag?post=23611"}],"curies":[{"name":"pracovn\u00fd list","href":"https:\/\/api.w.org\/{rel}","templated":true}]}}