{"id":23801,"date":"2025-04-13T17:40:27","date_gmt":"2025-04-13T17:40:27","guid":{"rendered":"https:\/\/researchchemicalstore.eu\/?post_type=product&#038;p=23801"},"modified":"2025-10-22T12:27:00","modified_gmt":"2025-10-22T12:27:00","slug":"4f-mar-4-fluor-4-metylaminorex","status":"publish","type":"product","link":"https:\/\/researchchemicalstore.eu\/sk\/produkt\/4f-mar-4-fluor-4-metylaminorex\/","title":{"rendered":"4F-MAR (4-flu\u00f3r-4-metylaminorex)"},"content":{"rendered":"<h1><span dir=\"auto\" style=\"vertical-align: inherit;\"><span dir=\"auto\" style=\"vertical-align: inherit;\">4FMAR (4-flu\u00f3r-4-metylaminorex) \u2013 \u00fa\u010dinn\u00e1 v\u00fdskumn\u00e1 chemik\u00e1lia na vedeck\u00e9 \u00fa\u010dely<\/span><\/span><\/h1>\n<p><strong><span dir=\"auto\" style=\"vertical-align: inherit;\"><span dir=\"auto\" style=\"vertical-align: inherit;\">4FMAR (4-flu\u00f3r-4-metylaminorex)<\/span><\/span><\/strong><span dir=\"auto\" style=\"vertical-align: inherit;\"><span dir=\"auto\" style=\"vertical-align: inherit;\"> je \u0161peci\u00e1lna zl\u00fa\u010denina, ktor\u00e1 si v\u010faka svojej jedine\u010dnej chemickej \u0161trukt\u00fare a v\u00fdskumn\u00e9mu potenci\u00e1lu z\u00edskava vo vedeck\u00fdch kruhoch \u010doraz v\u00e4\u010d\u0161iu pozornos\u0165. T\u00e1to l\u00e1tka patr\u00ed do rodiny substituovan\u00fdch anal\u00f3gov aminorexu a je \u010dasto \u0161tudovan\u00e1 pre svoje zauj\u00edmav\u00e9 farmakologick\u00e9 vlastnosti.<\/span><\/span><\/p>\n<h2><span dir=\"auto\" style=\"vertical-align: inherit;\"><span dir=\"auto\" style=\"vertical-align: inherit;\">Pre\u010do si vybra\u0165 4FMAR?<\/span><\/span><\/h2>\n<p><span dir=\"auto\" style=\"vertical-align: inherit;\"><span dir=\"auto\" style=\"vertical-align: inherit;\">4F-MAR sa vyzna\u010duje pridan\u00edm flu\u00f3rovej skupiny do \u0161trukt\u00fary aminorexu, \u010do m\u00f4\u017ee ovplyvni\u0165 jeho stabilitu a interakciu s ur\u010dit\u00fdmi receptormi. V\u00fdskumn\u00edci si t\u00fato zl\u00fa\u010deninu cenia pre:<\/span><\/span><\/p>\n<h3><span dir=\"auto\" style=\"vertical-align: inherit;\"><span dir=\"auto\" style=\"vertical-align: inherit;\">Unik\u00e1tne chemick\u00e9 zlo\u017eenie<\/span><\/span><\/h3>\n<p><span dir=\"auto\" style=\"vertical-align: inherit;\"><span dir=\"auto\" style=\"vertical-align: inherit;\">Substit\u00facia flu\u00f3ru m\u00f4\u017ee vies\u0165 k modifikovan\u00fdm vlastnostiam v porovnan\u00ed s in\u00fdmi deriv\u00e1tmi aminorexu.<\/span><\/span><\/p>\n<h3><span dir=\"auto\" style=\"vertical-align: inherit;\"><span dir=\"auto\" style=\"vertical-align: inherit;\">Potenci\u00e1l pre vedeck\u00fd v\u00fdskum<\/span><\/span><\/h3>\n<p><span dir=\"auto\" style=\"vertical-align: inherit;\"><span dir=\"auto\" style=\"vertical-align: inherit;\">Vhodn\u00e9 pre pokro\u010dil\u00e9 \u0161t\u00fadie interakci\u00ed receptorov a metabolick\u00fdch procesov.<\/span><\/span><\/p>\n<h3><span dir=\"auto\" style=\"vertical-align: inherit;\"><span dir=\"auto\" style=\"vertical-align: inherit;\">Vysok\u00e1 \u010distota<\/span><\/span><\/h3>\n<p><span dir=\"auto\" style=\"vertical-align: inherit;\"><span dir=\"auto\" style=\"vertical-align: inherit;\">N\u00e1\u0161 4F-MAR je starostlivo syntetizovan\u00fd a kontrolovan\u00fd, aby sa zabezpe\u010dila optim\u00e1lna kvalita.<\/span><\/span><\/p>\n<h2><span dir=\"auto\" style=\"vertical-align: inherit;\"><span dir=\"auto\" style=\"vertical-align: inherit;\">Ide\u00e1lne pre \u0161pecializovan\u00fd v\u00fdskum<\/span><\/span><\/h2>\n<p><span dir=\"auto\" style=\"vertical-align: inherit;\"><span dir=\"auto\" style=\"vertical-align: inherit;\">T\u00e1to l\u00e1tka je obzvl\u00e1\u0161\u0165 zauj\u00edmav\u00e1 pre v\u00fdskumn\u00edkov a laborat\u00f3ri\u00e1 zameran\u00e9 na neuroch\u00e9miu, farmakol\u00f3giu a s\u00favisiace vedeck\u00e9 discipl\u00edny. V\u010faka svojej \u0161pecifickej molekul\u00e1rnej \u0161trukt\u00fare pon\u00faka 4F-MAR pr\u00edle\u017eitosti na nov\u00e9 poznatky o \u00fa\u010dinkoch stimula\u010dn\u00fdch zl\u00fa\u010den\u00edn.<\/span><\/span><\/p>\n<h2><span dir=\"auto\" style=\"vertical-align: inherit;\"><span dir=\"auto\" style=\"vertical-align: inherit;\">Bezpe\u010dn\u00e9 a zodpovedn\u00e9 pou\u017e\u00edvanie<\/span><\/span><\/h2>\n<p><span dir=\"auto\" style=\"vertical-align: inherit;\"><span dir=\"auto\" style=\"vertical-align: inherit;\">Je d\u00f4le\u017eit\u00e9 zd\u00f4razni\u0165, \u017ee <\/span><\/span><strong><span dir=\"auto\" style=\"vertical-align: inherit;\"><span dir=\"auto\" style=\"vertical-align: inherit;\">4FMAR je ur\u010den\u00fd v\u00fdhradne na v\u00fdskumn\u00e9 \u00fa\u010dely a nie na \u013eudsk\u00fa spotrebu.<\/span><\/span><\/strong><span dir=\"auto\" style=\"vertical-align: inherit;\"><span dir=\"auto\" style=\"vertical-align: inherit;\"> . Pri manipul\u00e1cii s touto l\u00e1tkou v\u017edy odpor\u00fa\u010dame dodr\u017eiava\u0165 pr\u00edsne bezpe\u010dnostn\u00e9 protokoly vr\u00e1tane pou\u017e\u00edvania osobn\u00fdch ochrann\u00fdch prostriedkov a pr\u00e1ce v kontrolovanom prostred\u00ed.<\/span><\/span><\/p>\n<h2><span dir=\"auto\" style=\"vertical-align: inherit;\"><span dir=\"auto\" style=\"vertical-align: inherit;\">Z\u00e1ruka kvality a diskr\u00e9tne doru\u010denie<\/span><\/span><\/h2>\n<p><span dir=\"auto\" style=\"vertical-align: inherit;\"><span dir=\"auto\" style=\"vertical-align: inherit;\">N\u00e1\u0161 4F-MAR sa dod\u00e1va s podrobn\u00fdm certifik\u00e1tom anal\u00fdzy (COA) potvrdzuj\u00facim \u010distotu a identitu. Zabezpe\u010dujeme tie\u017e diskr\u00e9tne a bezpe\u010dn\u00e9 balenie, aby sme zabezpe\u010dili spo\u013eahliv\u00e9 doru\u010denie va\u0161ej objedn\u00e1vky.<\/span><\/span><\/p>\n<h2><span dir=\"auto\" style=\"vertical-align: inherit;\"><span dir=\"auto\" style=\"vertical-align: inherit;\">Objednajte si teraz a presk\u00famajte nov\u00e9 v\u00fdskumn\u00e9 pr\u00edle\u017eitosti<\/span><\/span><\/h2>\n<p><span dir=\"auto\" style=\"vertical-align: inherit;\"><span dir=\"auto\" style=\"vertical-align: inherit;\">\u010ci u\u017e ste sk\u00fasen\u00fd v\u00fdskumn\u00edk alebo zastupujete \u0161pecializovan\u00e9 laborat\u00f3rium, <\/span><\/span><strong><span dir=\"auto\" style=\"vertical-align: inherit;\"><span dir=\"auto\" style=\"vertical-align: inherit;\">4F-MAR pon\u00faka fascinuj\u00facu oblas\u0165 \u0161t\u00fadia so s\u013eubn\u00fdmi vedeck\u00fdmi aplik\u00e1ciami<\/span><\/span><\/strong><span dir=\"auto\" style=\"vertical-align: inherit;\"><span dir=\"auto\" style=\"vertical-align: inherit;\"> .<\/span><\/span><\/p>\n<hr \/>\n<p><em><span dir=\"auto\" style=\"vertical-align: inherit;\"><span dir=\"auto\" style=\"vertical-align: inherit;\">Upozornenie: Tento produkt je ur\u010den\u00fd v\u00fdhradne na v\u00fdskumn\u00e9 \u00fa\u010dely. <\/span><\/span><a href=\"http:\/\/google.nl\" target=\"_blank\" rel=\"noopener\"><span dir=\"auto\" style=\"vertical-align: inherit;\"><span dir=\"auto\" style=\"vertical-align: inherit;\">a<\/span><\/span><\/a><span dir=\"auto\" style=\"vertical-align: inherit;\"><span dir=\"auto\" style=\"vertical-align: inherit;\"> analytick\u00e9 \u00fa\u010dely. Nie je vhodn\u00fd na pou\u017eitie u \u013eud\u00ed ani u zvierat. Pri n\u00e1kupe a pou\u017e\u00edvan\u00ed dodr\u017eiavajte v\u0161etky miestne z\u00e1kony a predpisy. <\/span><\/span><a href=\"https:\/\/researchchemicalstore.eu\/sk\/obchod\/iboga-ibogain\/kora-korena-iboga\/\"><span dir=\"auto\" style=\"vertical-align: inherit;\"><span dir=\"auto\" style=\"vertical-align: inherit;\">k\u00f4ra kore\u0148a iboga. . <\/span><\/span><\/a> <a href=\"https:\/\/researchchemicalstore.eu\/sk\/obchod\/iboga-ibogain\/kupit-ibogain-hydrochlorid-online\/\"><span dir=\"auto\" style=\"vertical-align: inherit;\"><span dir=\"auto\" style=\"vertical-align: inherit;\">K\u00fapi\u0165 iboga\u00edn hydrochlorid online. . <\/span><\/span><\/a> <a href=\"https:\/\/researchchemicalstore.eu\/sk\/obchod\/lysergamidy\/1cp-lsd-150-mcg-umelecke-pijavice\/\"><span dir=\"auto\" style=\"vertical-align: inherit;\"><span dir=\"auto\" style=\"vertical-align: inherit;\">1 cp lsd <\/span><\/span><\/a> <a href=\"https:\/\/researchchemicalstore.eu\/sk\/obchod\/pelety\/o-dsmt-50-mg-pelety\/\"><span dir=\"auto\" style=\"vertical-align: inherit;\"><span dir=\"auto\" style=\"vertical-align: inherit;\">o-dsmt <\/span><\/span><\/a> <a href=\"https:\/\/researchchemicalstore.eu\/sk\/obchod\/lysergamidy\/1v-lsd-150-mcg-pijavice\/\"><span dir=\"auto\" style=\"vertical-align: inherit;\"><span dir=\"auto\" style=\"vertical-align: inherit;\">1vlsd.<\/span><\/span><\/a>\u00a0<\/em><\/p>","protected":false},"excerpt":{"rendered":"<h2><span dir=\"auto\" style=\"vertical-align: inherit;\"><span dir=\"auto\" style=\"vertical-align: inherit;\">4F-MAR \/ <\/span><\/span><b><span dir=\"auto\" style=\"vertical-align: inherit;\"><span dir=\"auto\" style=\"vertical-align: inherit;\">4\u2032-Flu\u00f3r-4-metylaminorex \/ 4-FPO<\/span><\/span><\/b><span dir=\"auto\" style=\"vertical-align: inherit;\"><span dir=\"auto\" style=\"vertical-align: inherit;\"> vlastnosti<\/span><\/span><\/h2>\n<p><strong><span dir=\"auto\" style=\"vertical-align: inherit;\"><span dir=\"auto\" style=\"vertical-align: inherit;\">\u010c\u00edslo CAS<\/span><\/span><\/strong><span dir=\"auto\" style=\"vertical-align: inherit;\"><span dir=\"auto\" style=\"vertical-align: inherit;\"> : 1364933-64-1 <\/span><\/span><br \/>\n<strong><span dir=\"auto\" style=\"vertical-align: inherit;\"><span dir=\"auto\" style=\"vertical-align: inherit;\">Vzorec<\/span><\/span><\/strong><span dir=\"auto\" style=\"vertical-align: inherit;\"><span dir=\"auto\" style=\"vertical-align: inherit;\"> : <\/span><\/span><span title=\"Uhl\u00edk\"><span dir=\"auto\" style=\"vertical-align: inherit;\"><span dir=\"auto\" style=\"vertical-align: inherit;\">C <\/span><\/span><\/span><sub><span dir=\"auto\" style=\"vertical-align: inherit;\"><span dir=\"auto\" style=\"vertical-align: inherit;\">10 <\/span><\/span><\/sub><span title=\"Vod\u00edk\"><span dir=\"auto\" style=\"vertical-align: inherit;\"><span dir=\"auto\" style=\"vertical-align: inherit;\">H <\/span><\/span><\/span><sub><span dir=\"auto\" style=\"vertical-align: inherit;\"><span dir=\"auto\" style=\"vertical-align: inherit;\">11 <\/span><\/span><\/sub><span title=\"Flu\u00f3r\"><span dir=\"auto\" style=\"vertical-align: inherit;\"><span dir=\"auto\" style=\"vertical-align: inherit;\">F <\/span><\/span><\/span><span title=\"Dus\u00edk\"><span dir=\"auto\" style=\"vertical-align: inherit;\"><span dir=\"auto\" style=\"vertical-align: inherit;\">N <\/span><\/span><\/span><sub><span dir=\"auto\" style=\"vertical-align: inherit;\"><span dir=\"auto\" style=\"vertical-align: inherit;\">2 <\/span><\/span><\/sub><span title=\"Kysl\u00edk\"><span dir=\"auto\" style=\"vertical-align: inherit;\"><span dir=\"auto\" style=\"vertical-align: inherit;\">O <\/span><\/span><\/span><br \/>\n<strong><span dir=\"auto\" style=\"vertical-align: inherit;\"><span dir=\"auto\" style=\"vertical-align: inherit;\">Mol\u00e1rna hmotnos\u0165<\/span><\/span><\/strong><span dir=\"auto\" style=\"vertical-align: inherit;\"><span dir=\"auto\" style=\"vertical-align: inherit;\"> : <\/span><\/span><span class=\"nowrap\"><span dir=\"auto\" style=\"vertical-align: inherit;\"><span dir=\"auto\" style=\"vertical-align: inherit;\">194.209<\/span><\/span><\/span><span dir=\"auto\" style=\"vertical-align: inherit;\"><span dir=\"auto\" style=\"vertical-align: inherit;\"> g mol <\/span><\/span><br \/>\n<strong><span dir=\"auto\" style=\"vertical-align: inherit;\"><span dir=\"auto\" style=\"vertical-align: inherit;\">\u010cistota<\/span><\/span><\/strong><span dir=\"auto\" style=\"vertical-align: inherit;\"><span dir=\"auto\" style=\"vertical-align: inherit;\"> : \u226598%<\/span><\/span><\/p>","protected":false},"featured_media":28695,"comment_status":"closed","ping_status":"closed","template":"","meta":[],"product_brand":[],"product_cat":[552],"product_tag":[776,326],"class_list":{"0":"post-23801","1":"product","2":"type-product","3":"status-publish","4":"has-post-thumbnail","6":"product_cat-aminorex","7":"product_tag-4fma","8":"product_tag-nl","10":"first","11":"instock","12":"taxable","13":"shipping-taxable","14":"purchasable","15":"product-type-variable"},"_links":{"self":[{"href":"https:\/\/researchchemicalstore.eu\/sk\/wp-json\/wp\/v2\/product\/23801","targetHints":{"allow":["GET"]}}],"collection":[{"href":"https:\/\/researchchemicalstore.eu\/sk\/wp-json\/wp\/v2\/product"}],"about":[{"href":"https:\/\/researchchemicalstore.eu\/sk\/wp-json\/wp\/v2\/types\/product"}],"replies":[{"embeddable":true,"href":"https:\/\/researchchemicalstore.eu\/sk\/wp-json\/wp\/v2\/comments?post=23801"}],"version-history":[{"count":6,"href":"https:\/\/researchchemicalstore.eu\/sk\/wp-json\/wp\/v2\/product\/23801\/revisions"}],"predecessor-version":[{"id":28044,"href":"https:\/\/researchchemicalstore.eu\/sk\/wp-json\/wp\/v2\/product\/23801\/revisions\/28044"}],"wp:featuredmedia":[{"embeddable":true,"href":"https:\/\/researchchemicalstore.eu\/sk\/wp-json\/wp\/v2\/media\/28695"}],"wp:attachment":[{"href":"https:\/\/researchchemicalstore.eu\/sk\/wp-json\/wp\/v2\/media?parent=23801"}],"wp:term":[{"taxonomy":"product_brand","embeddable":true,"href":"https:\/\/researchchemicalstore.eu\/sk\/wp-json\/wp\/v2\/product_brand?post=23801"},{"taxonomy":"product_cat","embeddable":true,"href":"https:\/\/researchchemicalstore.eu\/sk\/wp-json\/wp\/v2\/product_cat?post=23801"},{"taxonomy":"product_tag","embeddable":true,"href":"https:\/\/researchchemicalstore.eu\/sk\/wp-json\/wp\/v2\/product_tag?post=23801"}],"curies":[{"name":"pracovn\u00fd list","href":"https:\/\/api.w.org\/{rel}","templated":true}]}}