{"id":23884,"date":"2025-04-13T17:40:36","date_gmt":"2025-04-13T17:40:36","guid":{"rendered":"https:\/\/researchchemicalstore.eu\/?post_type=product&#038;p=23884"},"modified":"2025-10-22T11:56:53","modified_gmt":"2025-10-22T11:56:53","slug":"5-mmpa","status":"publish","type":"product","link":"https:\/\/researchchemicalstore.eu\/sk\/produkt\/5-mmpa\/","title":{"rendered":"5-MMPA"},"content":{"rendered":"<h1>5 MMPA (5-metoxy-N-metyl-N-propyltryptam\u00edn) \u2013 pr\u00e9miov\u00e1 v\u00fdskumn\u00e1 chemik\u00e1lia pre vedeck\u00fd v\u00fdskum<\/h1>\n<h2>Popis produktu<\/h2>\n<p>5-MMPA (5-metoxy-N-metyl-N-propyltryptam\u00edn) je \u0161pecializovan\u00e1 tryptam\u00ednov\u00e1 zl\u00fa\u010denina, ktor\u00e1 sa \u010doraz viac pou\u017e\u00edva v neurovede a farmakologickom v\u00fdskume. Ako anal\u00f3g zn\u00e1mych tryptam\u00ednov pon\u00faka jedine\u010dn\u00e9 pr\u00edle\u017eitosti na \u0161t\u00fadium serotonergn\u00fdch syst\u00e9mov a interakci\u00ed receptorov. N\u00e1\u0161 vysoko \u010dist\u00fd 5-MMPA je \u0161peci\u00e1lne navrhnut\u00fd pre v\u00fdskumn\u00edkov, ktor\u00ed vo svojej vedeckej pr\u00e1ci po\u017eaduj\u00fa presnos\u0165 a spo\u013eahlivos\u0165.<\/p>\n<h2>Z\u00e1kladn\u00e9 funkcie<\/h2>\n<ul>\n<li>V\u00fdnimo\u010dn\u00e1 \u010distota (\u226598% analyzovan\u00e1 pomocou HPLC\/GC-MS)<\/li>\n<li>Ide\u00e1lne pre v\u00fdskum seroton\u00ednov\u00fdch receptorov<\/li>\n<li>Stabiln\u00e1 kvalita s certifik\u00e1ciou \u0161pecifickou pre dan\u00fa \u0161ar\u017eu<\/li>\n<li>Optim\u00e1lna rozpustnos\u0165 pre r\u00f4zne v\u00fdskumn\u00e9 met\u00f3dy<\/li>\n<\/ul>\n<h2>Vedeck\u00e9 aplik\u00e1cie<\/h2>\n<ul>\n<li>Neurochemick\u00e9 \u0161t\u00fadie: sk\u00famanie v\u00e4zby a aktiv\u00e1cie 5-HT receptora<\/li>\n<li>Psychofarmakol\u00f3gia: \u0160t\u00fadium vz\u0165ahov medzi \u0161trukt\u00farou a aktivitou tryptam\u00ednov<\/li>\n<li>Metabolick\u00fd v\u00fdskum: anal\u00fdza biotransforma\u010dn\u00fdch procesov<\/li>\n<li>Forenzn\u00e1 veda: referen\u010dn\u00fd materi\u00e1l pre nov\u00e9 psychoakt\u00edvne l\u00e1tky (NPS)<\/li>\n<\/ul>\n<h2>Bezpe\u010dnostn\u00fd protokol<\/h2>\n<p>5-MMPA je ur\u010den\u00fd len na v\u00fdskum in vitro a nesmie sa pou\u017e\u00edva\u0165 na \u013eudsk\u00fa ani \u017eivo\u010d\u00ed\u0161nu spotrebu. Odpor\u00fa\u010dania na pou\u017eitie:<\/p>\n<ul>\n<li>Pr\u00e1ca vo vetranom laborat\u00f3rnom prostred\u00ed<\/li>\n<li>Noste osobn\u00e9 ochrann\u00e9 prostriedky (nitrilov\u00e9 rukavice, ochrann\u00e9 okuliare)<\/li>\n<li>Pr\u00edsne dodr\u017eiavanie miestnych z\u00e1konov a predpisov<\/li>\n<\/ul>\n<h2>Poradenstvo pri skladovan\u00ed<\/h2>\n<p>Skladujte pri teplote 2 \u2013 8 \u00b0C v p\u00f4vodnom obale, chr\u00e1nen\u00e9 pred svetlom a vlhkos\u0165ou. Za t\u00fdchto podmienok zost\u00e1va l\u00e1tka stabiln\u00e1 najmenej 24 mesiacov.<\/p>\n<h2>Na\u0161a z\u00e1ruka kvality<\/h2>\n<ul>\n<li>Nez\u00e1visl\u00e1 anal\u00fdza tretej strany pre ka\u017ed\u00fa \u0161ar\u017eu<\/li>\n<li>S\u00fa\u010das\u0165ou je podrobn\u00fd certifik\u00e1t anal\u00fdzy (CoA)<\/li>\n<li>V\u00fdrobn\u00e9 zariadenia s certifik\u00e1tom ISO<\/li>\n<li>Obalov\u00e9 materi\u00e1ly farmaceutickej kvality<\/li>\n<\/ul>\n<h2>Pre\u010do si vybra\u0165 n\u00e1s<\/h2>\n<ul>\n<li>Vedeck\u00e1 podpora: na\u0161i PhD experti s\u00fa k dispoz\u00edcii pre technick\u00e9 ot\u00e1zky<\/li>\n<li>Bleskovo r\u00fdchle doru\u010denie: objednan\u00e9 pred 15:00 = doru\u010den\u00e9 nasleduj\u00faci pracovn\u00fd de\u0148 (E\u00da)<\/li>\n<li>Diskr\u00e9tne a bezpe\u010dn\u00e9: anonymn\u00e1 preprava so sledovan\u00edm z\u00e1sielky<\/li>\n<li>Mno\u017estevn\u00e9 z\u013eavy: v\u00fdhodn\u00e9 ceny pre v\u00fdskumn\u00e9 in\u0161tit\u00facie<\/li>\n<\/ul>\n<h2>D\u00f4le\u017eit\u00e9 pr\u00e1vne upozornenie<\/h2>\n<p>Kupuj\u00faci mus\u00ed overi\u0165, \u010di je dr\u017eba a pou\u017e\u00edvanie tejto l\u00e1tky v s\u00falade s miestnymi z\u00e1konmi. Tento produkt nie je ur\u010den\u00fd na konzum\u00e1ciu a mali by ho pou\u017e\u00edva\u0165 iba kvalifikovan\u00ed odborn\u00edci v kontrolovanom v\u00fdskumnom prostred\u00ed.<\/p>\n<h2>Technick\u00e9 \u0161pecifik\u00e1cie<\/h2>\n<ul>\n<li>\u010c\u00edslo CAS: Na po\u017eiadanie<\/li>\n<li>Molekul\u00e1rny vzorec: C15H22N2O<\/li>\n<li>Molekulov\u00e1 hmotnos\u0165: 246,35 g\/mol<\/li>\n<li>Vzh\u013ead: Biely a\u017e sivobiely kry\u0161talick\u00fd pr\u00e1\u0161ok<\/li>\n<li>Rozpustnos\u0165: Rozpustn\u00fd v metanole, etanole a DMSO<\/li>\n<\/ul>\n<p>Pre viac inform\u00e1ci\u00ed o mo\u017enostiach pou\u017eitia alebo technick\u00fdch \u0161pecifik\u00e1ci\u00e1ch <a href=\"http:\/\/google.nl\" target=\"_blank\" rel=\"noopener\">od<\/a> n\u00e1\u0161 5-MMPA, kontaktujte, pros\u00edm, n\u00e1\u0161 vedeck\u00fd t\u00edm. Radi v\u00e1m poskytneme poradenstvo na mieru pre va\u0161e v\u00fdskumn\u00e9 projekty.<\/p>\n<p><a href=\"https:\/\/researchchemicalstore.eu\/sk\/obchod\/lysergamidy\/1v-lsd-150-mcg-blotters\/\"><span style=\"vertical-align: inherit;\"><span style=\"vertical-align: inherit;\">1V-LSD 150 MCG pijavice <\/span><\/span><\/a><a href=\"https:\/\/researchchemicalstore.eu\/sk\/obchod\/takmer-zakazane\/6-cl-adba\/\"><span style=\"vertical-align: inherit;\"><span style=\"vertical-align: inherit;\">6-CL-ADBA <\/span><\/span><\/a><a href=\"https:\/\/researchchemicalstore.eu\/sk\/obchod\/katinony\/%f0%9f%92%a1-2-mmc-krystalicky-prasok-pre-vsetky-otazky-a-odpovede-na-nakup\/\"><span style=\"vertical-align: inherit;\"><span style=\"vertical-align: inherit;\">2-CMC 250 mg pelety<\/span><\/span><\/a><span style=\"vertical-align: inherit;\"><span style=\"vertical-align: inherit;\">\u00a0<\/span><\/span><a href=\"https:\/\/researchchemicalstore.eu\/sk\/obchod\/fenetylamin\/2c-ef-2mg-kapsuly\/\"><span style=\"vertical-align: inherit;\"><span style=\"vertical-align: inherit;\">2C-EF 2 mg kapsuly <\/span><\/span><\/a><a href=\"https:\/\/researchchemicalstore.eu\/sk\/obchod\/ine\/meai\/\"><span style=\"vertical-align: inherit;\"><span style=\"vertical-align: inherit;\">MEAI<\/span><\/span><\/a><\/p>","protected":false},"excerpt":{"rendered":"<h2><span style=\"vertical-align: inherit;\"><span style=\"vertical-align: inherit;\">Vlastnosti 5-MMPA<\/span><\/span><\/h2>\n<p><strong><span style=\"vertical-align: inherit;\"><span style=\"vertical-align: inherit;\">Synonymum<\/span><\/span><\/strong><span style=\"vertical-align: inherit;\"><span style=\"vertical-align: inherit;\"> 5-metylmetiopropam\u00edn <\/span><\/span><br \/>\n<strong><span style=\"vertical-align: inherit;\"><span style=\"vertical-align: inherit;\">\u010c\u00edslo CAS<\/span><\/span><\/strong><span style=\"vertical-align: inherit;\"><span style=\"vertical-align: inherit;\"> : 1340105-79-4 <\/span><\/span><br \/>\n<strong><span style=\"vertical-align: inherit;\"><span style=\"vertical-align: inherit;\">Vzorec<\/span><\/span><\/strong><span style=\"vertical-align: inherit;\"><span style=\"vertical-align: inherit;\"> : C9H15NS \u2022 HCL <\/span><\/span><br \/>\n<strong><span style=\"vertical-align: inherit;\"><span style=\"vertical-align: inherit;\">Mol\u00e1rna hmotnos\u0165<\/span><\/span><\/strong><span style=\"vertical-align: inherit;\"><span style=\"vertical-align: inherit;\"> : 169,29 g mol <\/span><\/span><br \/>\n<strong><span style=\"vertical-align: inherit;\"><span style=\"vertical-align: inherit;\">\u010cistota<\/span><\/span><\/strong><span style=\"vertical-align: inherit;\"><span style=\"vertical-align: inherit;\"> : \u226599%<\/span><\/span><\/p>","protected":false},"featured_media":28723,"comment_status":"closed","ping_status":"closed","template":"","meta":[],"product_brand":[],"product_cat":[491,322,79],"product_tag":[663,326],"class_list":{"0":"post-23884","1":"product","2":"type-product","3":"status-publish","4":"has-post-thumbnail","6":"product_cat-5-mmpa","7":"product_cat-bijna-verboden","8":"product_cat-cathinonen","9":"product_tag-5-mmpa","10":"product_tag-nl","12":"first","13":"instock","14":"taxable","15":"shipping-taxable","16":"purchasable","17":"product-type-variable"},"_links":{"self":[{"href":"https:\/\/researchchemicalstore.eu\/sk\/wp-json\/wp\/v2\/product\/23884","targetHints":{"allow":["GET"]}}],"collection":[{"href":"https:\/\/researchchemicalstore.eu\/sk\/wp-json\/wp\/v2\/product"}],"about":[{"href":"https:\/\/researchchemicalstore.eu\/sk\/wp-json\/wp\/v2\/types\/product"}],"replies":[{"embeddable":true,"href":"https:\/\/researchchemicalstore.eu\/sk\/wp-json\/wp\/v2\/comments?post=23884"}],"version-history":[{"count":5,"href":"https:\/\/researchchemicalstore.eu\/sk\/wp-json\/wp\/v2\/product\/23884\/revisions"}],"predecessor-version":[{"id":26410,"href":"https:\/\/researchchemicalstore.eu\/sk\/wp-json\/wp\/v2\/product\/23884\/revisions\/26410"}],"wp:featuredmedia":[{"embeddable":true,"href":"https:\/\/researchchemicalstore.eu\/sk\/wp-json\/wp\/v2\/media\/28723"}],"wp:attachment":[{"href":"https:\/\/researchchemicalstore.eu\/sk\/wp-json\/wp\/v2\/media?parent=23884"}],"wp:term":[{"taxonomy":"product_brand","embeddable":true,"href":"https:\/\/researchchemicalstore.eu\/sk\/wp-json\/wp\/v2\/product_brand?post=23884"},{"taxonomy":"product_cat","embeddable":true,"href":"https:\/\/researchchemicalstore.eu\/sk\/wp-json\/wp\/v2\/product_cat?post=23884"},{"taxonomy":"product_tag","embeddable":true,"href":"https:\/\/researchchemicalstore.eu\/sk\/wp-json\/wp\/v2\/product_tag?post=23884"}],"curies":[{"name":"pracovn\u00fd list","href":"https:\/\/api.w.org\/{rel}","templated":true}]}}