{"id":23908,"date":"2025-04-13T17:40:39","date_gmt":"2025-04-13T17:40:39","guid":{"rendered":"https:\/\/researchchemicalstore.eu\/?post_type=product&#038;p=23908"},"modified":"2025-10-22T11:45:14","modified_gmt":"2025-10-22T11:45:14","slug":"nb-5-meo-mipt-oxalat","status":"publish","type":"product","link":"https:\/\/researchchemicalstore.eu\/sk\/produkt\/nb-5-meo-mipt-oxalat\/","title":{"rendered":"NB-5-MeO-MiPT oxal\u00e1t"},"content":{"rendered":"<h3><strong>Oxal\u00e1t NB-5-MeO-MiPT \u2013 V\u00fdskumn\u00e9 chemik\u00e1lie<\/strong><\/h3>\n<p class=\"ds-markdown-paragraph\"><strong>Popis produktu:<\/strong><br \/>\n<strong>NB-5-MeO-MiPT oxal\u00e1t<\/strong>\u00a0(tie\u017e zn\u00e1my ako\u00a0<strong>\u201eMoxy\u201c<\/strong>) je syntetick\u00fd tryptam\u00edn pou\u017e\u00edvan\u00fd predov\u0161etk\u00fdm na\u00a0<strong>vedeck\u00fd v\u00fdskum<\/strong>Je to anal\u00f3g 5-MeO-DMT a psiloc\u00ednu s jedine\u010dn\u00fdmi \u00fa\u010dinkami na serotonergn\u00e9 receptory. T\u00e1to l\u00e1tka sa \u010dasto sk\u00fama kv\u00f4li jej potenci\u00e1lnemu vplyvu na...\u00a0<strong>vn\u00edmanie, n\u00e1lada a kognit\u00edvne procesy<\/strong>.<\/p>\n<p class=\"ds-markdown-paragraph\">Produkt je dostupn\u00fd ako\u00a0<strong>vysoko \u010dist\u00fd pr\u00e1\u0161ok (vo forme oxal\u00e1tovej soli)<\/strong>\u00a0a prich\u00e1dza s\u00a0<strong>podrobn\u00e1 laborat\u00f3rna spr\u00e1va<\/strong>\u00a0pre kontrolu kvality.<\/p>\n<hr \/>\n<h3><strong>Pou\u017eitie oxal\u00e1tu NB-5-MeO-MiPT<\/strong><\/h3>\n<ul>\n<li>\n<p class=\"ds-markdown-paragraph\"><strong>Vedeck\u00fd v\u00fdskum:<\/strong>\u00a0\u0160t\u00fadia interakci\u00ed receptorov (5-HT1A\/2A).<\/p>\n<\/li>\n<li>\n<p class=\"ds-markdown-paragraph\"><strong>Psychonautick\u00fd prieskum<\/strong>\u00a0(nie na rekrea\u010dn\u00e9 pou\u017eitie).<\/p>\n<\/li>\n<li>\n<p class=\"ds-markdown-paragraph\"><strong>Mikrod\u00e1vkovanie:<\/strong>\u00a0Mo\u017en\u00e9 jemn\u00e9 \u00fa\u010dinky na kreativitu a empatiu (klinicky nepotvrden\u00e9).<\/p>\n<\/li>\n<\/ul>\n<p class=\"ds-markdown-paragraph\">\u26a0\ufe0f\u00a0<strong>Nie je ur\u010den\u00e9 na \u013eudsk\u00fa spotrebu \u2013 len na v\u00fdskum in vitro.<\/strong><\/p>\n<hr \/>\n<h3><strong>Odpor\u00fa\u010dan\u00e9 d\u00e1vkovanie (na v\u00fdskum)<\/strong><\/h3>\n<ul>\n<li>\n<p class=\"ds-markdown-paragraph\"><strong>Prahov\u00e1 hodnota (v\u00fdskumn\u00e1 d\u00e1vka):<\/strong>\u00a01 \u2013 3 mg<\/p>\n<\/li>\n<li>\n<p class=\"ds-markdown-paragraph\"><strong>Sveteln\u00e9 efekty:<\/strong>\u00a03 \u2013 6 mg<\/p>\n<\/li>\n<li>\n<p class=\"ds-markdown-paragraph\"><strong>Priemern\u00e1 v\u00fdskumn\u00e1 d\u00e1vka:<\/strong>\u00a06 \u2013 10 mg<\/p>\n<\/li>\n<li>\n<p class=\"ds-markdown-paragraph\"><strong>Siln\u00e9 \u00fa\u010dinky (len pre sk\u00fasen\u00fdch v\u00fdskumn\u00edkov):<\/strong>\u00a010 \u2013 15 mg+<\/p>\n<\/li>\n<\/ul>\n<p class=\"ds-markdown-paragraph\">\ud83d\udd2c\u00a0<strong>Met\u00f3da:<\/strong>\u00a0Peror\u00e1lne, sublingv\u00e1lne alebo v roztoku (pou\u017eite\u00a0<strong>miligramov\u00e1 stupnica<\/strong>\u00a0pre presnos\u0165).<\/p>\n<hr \/>\n<h3><strong>Mo\u017en\u00e9 \u00fa\u010dinky a ved\u013eaj\u0161ie \u00fa\u010dinky<\/strong><\/h3>\n<h4><strong>O\u010dak\u00e1van\u00e9 \u00fa\u010dinky (na z\u00e1klade neofici\u00e1lneho v\u00fdskumu)<\/strong><\/h4>\n<ul>\n<li>\n<p class=\"ds-markdown-paragraph\">Zv\u00fd\u0161en\u00e9 hmatov\u00e9 pocity<\/p>\n<\/li>\n<li>\n<p class=\"ds-markdown-paragraph\">Zlep\u0161enie zraku a sluchu<\/p>\n<\/li>\n<li>\n<p class=\"ds-markdown-paragraph\">Empatog\u00e9nne vlastnosti<\/p>\n<\/li>\n<li>\n<p class=\"ds-markdown-paragraph\">Kognit\u00edvna flexibilita<\/p>\n<\/li>\n<\/ul>\n<h4><strong>Mo\u017en\u00e9 ved\u013eaj\u0161ie \u00fa\u010dinky<\/strong><\/h4>\n<ul>\n<li>\n<p class=\"ds-markdown-paragraph\">Nevo\u013enos\u0165 (najm\u00e4 pri vy\u0161\u0161\u00edch d\u00e1vkach)<\/p>\n<\/li>\n<li>\n<p class=\"ds-markdown-paragraph\">Mierna a\u017e stredne \u0165a\u017ek\u00e1 \u00fazkos\u0165 alebo nepokoj<\/p>\n<\/li>\n<li>\n<p class=\"ds-markdown-paragraph\">Zv\u00fd\u0161en\u00e1 srdcov\u00e1 frekvencia<\/p>\n<\/li>\n<li>\n<p class=\"ds-markdown-paragraph\">Naru\u0161en\u00fd sp\u00e1nok pri neskorom u\u017e\u00edvan\u00ed<\/p>\n<\/li>\n<\/ul>\n<p class=\"ds-markdown-paragraph\">\u26a0\ufe0f\u00a0<strong>Neu\u017e\u00edvajte s inhib\u00edtormi MAO, SSRI alebo in\u00fdmi serotonergn\u00fdmi l\u00e1tkami.<\/strong><\/p>\n<hr \/>\n<h3><strong>\u010casto kladen\u00e9 ot\u00e1zky (FAQ)<\/strong><\/h3>\n<p class=\"ds-markdown-paragraph\"><strong>1. Je NB-5-MeO-MiPT v Holandsku leg\u00e1lny?<\/strong><br \/>\nSpad\u00e1 pod\u00a0<strong>\u00f3piov\u00fd z\u00e1kon<\/strong>\u00a0ako v\u00fdskumn\u00e1 l\u00e1tka a je\u00a0<strong>nie je schv\u00e1len\u00e9 na hum\u00e1nne pou\u017eitie<\/strong>.<\/p>\n<p class=\"ds-markdown-paragraph\"><strong>2. Ako dlho trvaj\u00fa \u00fa\u010dinky?<\/strong><\/p>\n<ul>\n<li>\n<p class=\"ds-markdown-paragraph\"><strong>Peror\u00e1lne u\u017e\u00edvanie:<\/strong>\u00a0~4-7 hod\u00edn<\/p>\n<\/li>\n<li>\n<p class=\"ds-markdown-paragraph\"><strong>Sublingv\u00e1lne u\u017e\u00edvanie:<\/strong>\u00a0~3-5 hod\u00edn<\/p>\n<\/li>\n<\/ul>\n<p class=\"ds-markdown-paragraph\"><strong>3. D\u00e1 sa pou\u017ei\u0165 na mikrod\u00e1vkovanie?<\/strong><br \/>\nNiektor\u00ed v\u00fdskumn\u00edci experimentuj\u00fa s\u00a0<strong>mikrod\u00e1vky (0,5 \u2013 2 mg)<\/strong>, ale k dispoz\u00edcii je len m\u00e1lo vedeck\u00fdch \u00fadajov.<\/p>\n<p class=\"ds-markdown-paragraph\"><strong>4. Ako by sa mal skladova\u0165?<\/strong><br \/>\nUlo\u017ei\u0165 v\u00a0<strong>chladnom, suchom a tmavom prostred\u00ed<\/strong>\u00a0(najlep\u0161ie vo v\u00e1kuovom balen\u00ed).<\/p>\n<hr \/>\n<h3><strong>Laborat\u00f3rna spr\u00e1va a zabezpe\u010denie kvality<\/strong><\/h3>\n<ul>\n<li>\n<p class=\"ds-markdown-paragraph\"><strong>\u010distota:<\/strong>\u00a0\u226598% (testovan\u00e9 HPLC)<\/p>\n<\/li>\n<li>\n<p class=\"ds-markdown-paragraph\"><strong>Bez \u0165a\u017ek\u00fdch kovov a zvy\u0161kov<\/strong><\/p>\n<\/li>\n<li>\n<p class=\"ds-markdown-paragraph\"><strong>Konzistentn\u00e9 zlo\u017eenie<\/strong><\/p>\n<\/li>\n<\/ul>\n<p class=\"ds-markdown-paragraph\">\ud83d\udcc4\u00a0<strong>Laborat\u00f3rne anal\u00fdzy s\u00fa k dispoz\u00edcii na po\u017eiadanie.<\/strong><\/p>\n<hr \/>\n<h3><strong>Bezpe\u010dnostn\u00e9 rady<\/strong><\/h3>\n<ul>\n<li>\n<p class=\"ds-markdown-paragraph\"><strong>V\u017edy za\u010dnite s n\u00edzkou d\u00e1vkou<\/strong>\u00a0(1 \u2013 2 mg) na overenie tolerancie.<\/p>\n<\/li>\n<li>\n<p class=\"ds-markdown-paragraph\"><strong>Nepou\u017e\u00edvajte samostatne<\/strong>\u00a0\u2013 v\u00fdskum v kontrolovanom prostred\u00ed.<\/p>\n<\/li>\n<li>\n<p class=\"ds-markdown-paragraph\"><strong>Nepou\u017e\u00edvajte v pr\u00edpade du\u0161evn\u00fdch por\u00fach<\/strong>\u00a0(riziko zhor\u0161enia).<\/p>\n<\/li>\n<\/ul>\n<p class=\"ds-markdown-paragraph\">\ud83d\udd2c\u00a0<strong>Len na v\u00fdskumn\u00e9 \u00fa\u010dely \u2013 nie na konzum\u00e1ciu.<\/strong><\/p>\n<hr \/>\n<p class=\"ds-markdown-paragraph\"><strong>Sp\u00fdta\u0165 sa?<\/strong>\u00a0Neem contact op voor meer informatie over verantwoord onderzoek. \ud83e\uddea<\/p>","protected":false},"excerpt":{"rendered":"<h3><span data-sheets-value=\"{\" data-sheets-userformat=\"{\"><span style=\"vertical-align: inherit;\"><span style=\"vertical-align: inherit;\">Vlastnosti oxal\u00e1tu NB-5-MeO-MiPT<\/span><\/span><\/span><\/h3>\n<p><strong><span style=\"vertical-align: inherit;\"><span style=\"vertical-align: inherit;\">Synonymum:<\/span><\/span><\/strong><span style=\"vertical-align: inherit;\"><span style=\"vertical-align: inherit;\"> oxal\u00e1t terc-butyl-3-(2-(izopropyl(metyl)amino)etyl)-5-metoxy-1H-indol-1-karboxyl\u00e1tu <\/span><\/span><br \/>\n<strong><span style=\"vertical-align: inherit;\"><span style=\"vertical-align: inherit;\">\u010c\u00edslo CAS:<\/span><\/span><\/strong><span style=\"vertical-align: inherit;\"><span style=\"vertical-align: inherit;\"> \u017eiadny <\/span><\/span><br \/>\n<strong><span style=\"vertical-align: inherit;\"><span style=\"vertical-align: inherit;\">Vzorec:<\/span><\/span><\/strong><span style=\"vertical-align: inherit;\"><span style=\"vertical-align: inherit;\"> 3-[2-(izopropylmetylamino)etyl]-5-metoxyindol vo forme vo\u013enej b\u00e1zy <\/span><\/span><br \/>\n<strong><span style=\"vertical-align: inherit;\"><span style=\"vertical-align: inherit;\">Molov\u00e1 hmotnos\u0165:<\/span><\/span><\/strong><span style=\"vertical-align: inherit;\"><span style=\"vertical-align: inherit;\"> xx <\/span><\/span><br \/>\n<strong><span style=\"vertical-align: inherit;\"><span style=\"vertical-align: inherit;\">\u010cistota:<\/span><\/span><\/strong><span style=\"vertical-align: inherit;\"><span style=\"vertical-align: inherit;\"> 98%&gt;<\/span><\/span><\/p>","protected":false},"featured_media":28822,"comment_status":"closed","ping_status":"closed","template":"","meta":[],"product_brand":[],"product_cat":[490,381],"product_tag":[452],"class_list":{"0":"post-23908","1":"product","2":"type-product","3":"status-publish","4":"has-post-thumbnail","6":"product_cat-nb-5-meo-mipt","7":"product_cat-tryptamines","8":"product_tag-de","10":"first","11":"instock","12":"taxable","13":"shipping-taxable","14":"purchasable","15":"product-type-variable"},"_links":{"self":[{"href":"https:\/\/researchchemicalstore.eu\/sk\/wp-json\/wp\/v2\/product\/23908","targetHints":{"allow":["GET"]}}],"collection":[{"href":"https:\/\/researchchemicalstore.eu\/sk\/wp-json\/wp\/v2\/product"}],"about":[{"href":"https:\/\/researchchemicalstore.eu\/sk\/wp-json\/wp\/v2\/types\/product"}],"replies":[{"embeddable":true,"href":"https:\/\/researchchemicalstore.eu\/sk\/wp-json\/wp\/v2\/comments?post=23908"}],"version-history":[{"count":4,"href":"https:\/\/researchchemicalstore.eu\/sk\/wp-json\/wp\/v2\/product\/23908\/revisions"}],"predecessor-version":[{"id":26667,"href":"https:\/\/researchchemicalstore.eu\/sk\/wp-json\/wp\/v2\/product\/23908\/revisions\/26667"}],"wp:featuredmedia":[{"embeddable":true,"href":"https:\/\/researchchemicalstore.eu\/sk\/wp-json\/wp\/v2\/media\/28822"}],"wp:attachment":[{"href":"https:\/\/researchchemicalstore.eu\/sk\/wp-json\/wp\/v2\/media?parent=23908"}],"wp:term":[{"taxonomy":"product_brand","embeddable":true,"href":"https:\/\/researchchemicalstore.eu\/sk\/wp-json\/wp\/v2\/product_brand?post=23908"},{"taxonomy":"product_cat","embeddable":true,"href":"https:\/\/researchchemicalstore.eu\/sk\/wp-json\/wp\/v2\/product_cat?post=23908"},{"taxonomy":"product_tag","embeddable":true,"href":"https:\/\/researchchemicalstore.eu\/sk\/wp-json\/wp\/v2\/product_tag?post=23908"}],"curies":[{"name":"pracovn\u00fd list","href":"https:\/\/api.w.org\/{rel}","templated":true}]}}