{"id":24083,"date":"2025-04-13T17:41:00","date_gmt":"2025-04-13T17:41:00","guid":{"rendered":"https:\/\/researchchemicalstore.eu\/?post_type=product&#038;p=24083"},"modified":"2025-04-21T10:49:25","modified_gmt":"2025-04-21T10:49:25","slug":"profesionalna-digitalna-mini-vaha-50g-x-0-001g","status":"publish","type":"product","link":"https:\/\/researchchemicalstore.eu\/sk\/produkt\/profesionalna-digitalna-mini-vaha-50g-x-0-001g\/","title":{"rendered":"Profesion\u00e1lna digit\u00e1lna mini v\u00e1ha \u2013 50 g x 0,001 g"},"content":{"rendered":"<h1><strong>Digit\u00e1lna mini v\u00e1ha 50g x 0,001g<\/strong><\/h1>\n<p>Presnos\u0165 na dosah ruky. Toto <strong>digit\u00e1lna mini v\u00e1ha<\/strong> kombinuje extr\u00e9mnu presnos\u0165 s kompaktn\u00fdm dizajnom. V\u010faka meraciemu rozsahu a\u017e <strong>50 gramov<\/strong> a uznesenie z <strong>0,001 gramu<\/strong>, je to ide\u00e1lny n\u00e1stroj pre aplik\u00e1cie, kde je rozhoduj\u00faca presnos\u0165 \u2013 od laborat\u00f3rneho pou\u017eitia po \u0161perky, bylinky, doplnky alebo v\u00fdskumn\u00e9 chemik\u00e1lie.<a href=\"https:\/\/researchchemicalstore.eu\/sk\/obchod\/vahy\/digitalna-cs-vaha-100g-x-0-01g\/\">Digit\u00e1lna CS v\u00e1ha \u2013 100 g x 0,01 g<\/a><\/p>\n<hr \/>\n<h4><strong>Vlastnosti:<\/strong><\/h4>\n<ul>\n<li><strong>Rozsah merania:<\/strong> 0,001 g a\u017e 50 g<\/li>\n<li><strong>Displej:<\/strong> Podsvieten\u00fd LCD displej pre jasn\u00e9 \u010d\u00edtanie<\/li>\n<li><strong>Kalibr\u00e1cia:<\/strong> Manu\u00e1lne alebo automatick\u00e9 (v\u00e1ha nie je s\u00fa\u010das\u0165ou dod\u00e1vky)<\/li>\n<li><strong>Vlastnosti:<\/strong> Tara\/Nula, Auto-Off, r\u00f4zne jednotky hmotnosti (g, oz, ct, gn, dwt)<\/li>\n<li><strong>Nap\u00e1janie:<\/strong> Funguje na bat\u00e9rie AAA (zvy\u010dajne s\u00fa s\u00fa\u010das\u0165ou balenia)<\/li>\n<li><strong>Form\u00e1t:<\/strong> Kompaktn\u00fd a prenosn\u00fd \u2013 zmest\u00ed sa do vrecka bundy.<a href=\"https:\/\/researchchemicalstore.eu\/sk\/obchod\/vahy\/digitalna-bio-mini-vaha-20g-x-0-001g\/\">Digit\u00e1lna bio mini v\u00e1ha \u2013 20g x 0,001g<\/a><\/li>\n<\/ul>\n<hr \/>\n<h4><strong>V\u00fdhody:<\/strong><\/h4>\n<p>\u2714 Ve\u013emi vhodn\u00e9 na presn\u00e9 v\u00e1\u017eenie mal\u00fdch mno\u017estiev<br \/>\n\u2714 Vhodn\u00e9 pre laborat\u00f3ri\u00e1, drah\u00e9 kamene, pr\u00e1\u0161ky a jemnozrnn\u00e9 l\u00e1tky<br \/>\n\u2714 Jednoduch\u00e9 pou\u017eitie \u2013 zapojte a odv\u00e1\u017ete<br \/>\n\u2714 Zah\u0155\u0148a ochrann\u00fd kryt alebo kryt (ak je k dispoz\u00edcii).<a href=\"https:\/\/researchchemicalstore.eu\/sk\/obchod\/vahy\/digitalna-mini-vaha-na-nadrz-20g-x-0-001g\/\">Mini v\u00e1ha digit\u00e1lneho tanku \u2013 20 g x 0,001 g<\/a><\/p>\n<hr \/>\n<p>\ud83c\udfaf <strong>Ide\u00e1lne pre<\/strong>: laborat\u00f3rni profesion\u00e1li, zberatelia, fan\u00fa\u0161ikovia, v\u00fdskumn\u00edci a ktoko\u013evek, kto pracuje s presn\u00fdm d\u00e1vkovan\u00edm.<\/p>\n<p>&nbsp;<\/p>","protected":false},"excerpt":{"rendered":"<p><strong>\u0161pecifik\u00e1cie:<\/strong><\/p>\n<ul>\n<li>digit\u00e1lny<\/li>\n<li>V\u00e1\u017ei od 0,001 g<\/li>\n<li>V\u00e1\u017ei max. 50 g<\/li>\n<li>Funguje na: 2x AAA bat\u00e9rie<\/li>\n<li>LCD displej<\/li>\n<li>Farba: \u010dierna<\/li>\n<\/ul>","protected":false},"featured_media":21116,"comment_status":"closed","ping_status":"closed","template":"","meta":[],"product_brand":[],"product_cat":[451],"product_tag":[452,764,767,847,765,766,768],"class_list":{"0":"post-24083","1":"product","2":"type-product","3":"status-publish","4":"has-post-thumbnail","6":"product_cat-weegschalen","7":"product_tag-de","8":"product_tag-digitale-cs-weegschaal","9":"product_tag-digitale-microweegschaal","10":"product_tag-digitale-mini-weegschaal","11":"product_tag-milligramweegschaal","12":"product_tag-precise-weegschaal-0-001g","13":"product_tag-weegschaal-voor-research-chemicals","15":"first","16":"instock","17":"taxable","18":"shipping-taxable","19":"purchasable","20":"product-type-simple"},"_links":{"self":[{"href":"https:\/\/researchchemicalstore.eu\/sk\/wp-json\/wp\/v2\/product\/24083","targetHints":{"allow":["GET"]}}],"collection":[{"href":"https:\/\/researchchemicalstore.eu\/sk\/wp-json\/wp\/v2\/product"}],"about":[{"href":"https:\/\/researchchemicalstore.eu\/sk\/wp-json\/wp\/v2\/types\/product"}],"replies":[{"embeddable":true,"href":"https:\/\/researchchemicalstore.eu\/sk\/wp-json\/wp\/v2\/comments?post=24083"}],"version-history":[{"count":4,"href":"https:\/\/researchchemicalstore.eu\/sk\/wp-json\/wp\/v2\/product\/24083\/revisions"}],"predecessor-version":[{"id":25971,"href":"https:\/\/researchchemicalstore.eu\/sk\/wp-json\/wp\/v2\/product\/24083\/revisions\/25971"}],"wp:featuredmedia":[{"embeddable":true,"href":"https:\/\/researchchemicalstore.eu\/sk\/wp-json\/wp\/v2\/media\/21116"}],"wp:attachment":[{"href":"https:\/\/researchchemicalstore.eu\/sk\/wp-json\/wp\/v2\/media?parent=24083"}],"wp:term":[{"taxonomy":"product_brand","embeddable":true,"href":"https:\/\/researchchemicalstore.eu\/sk\/wp-json\/wp\/v2\/product_brand?post=24083"},{"taxonomy":"product_cat","embeddable":true,"href":"https:\/\/researchchemicalstore.eu\/sk\/wp-json\/wp\/v2\/product_cat?post=24083"},{"taxonomy":"product_tag","embeddable":true,"href":"https:\/\/researchchemicalstore.eu\/sk\/wp-json\/wp\/v2\/product_tag?post=24083"}],"curies":[{"name":"pracovn\u00fd list","href":"https:\/\/api.w.org\/{rel}","templated":true}]}}