{"id":24101,"date":"2025-04-13T17:41:03","date_gmt":"2025-04-13T17:41:03","guid":{"rendered":"https:\/\/researchchemicalstore.eu\/?post_type=product&#038;p=24101"},"modified":"2025-10-22T09:55:42","modified_gmt":"2025-10-22T09:55:42","slug":"promal-metallylescaline-21-mg-pelety","status":"publish","type":"product","link":"https:\/\/researchchemicalstore.eu\/sk\/produkt\/promal-metallylescaline-21-mg-pelety\/","title":{"rendered":"Pelety Promal Metallylescaline 21 MG"},"content":{"rendered":"<div class=\"relative\">\n<div class=\"prose text-pretty dark:prose-invert inline leading-normal break-words min-w-0 [word-break:break-word]\">\n<h2 id=\"unieke-productbeschrijving-van-promal-methallylesc\" class=\"mb-2 mt-6 text-base font-[500] first:mt-0 md:text-lg dark:font-[475] [hr+&amp;]:mt-4\">Pelety Promal Metallylescaline 21 MG<\/h2>\n<p class=\"my-0\">Promal metallyleskal\u00edn (MAL) je syntetick\u00e1 psychedelick\u00e1 zl\u00fa\u010denina z triedy fenetylam\u00ednu, \u0161truktur\u00e1lne pr\u00edbuzn\u00e1 meskal\u00ednu. Ka\u017ed\u00e1 peleta obsahuje presn\u00fa d\u00e1vku 21 mg metallyleskal\u00ednu, balen\u00fa v u\u017e\u00edvate\u013esky pr\u00edvetivom blistri na v\u00fdskumn\u00e9 \u00fa\u010dely. Zl\u00fa\u010denina m\u00e1 chemick\u00fd vzorec C\u2081\u2083H\u2081\u2089NO\u2083 a molekulov\u00fa hmotnos\u0165 237,30 g\/mol.<span class=\"whitespace-nowrap\">.<\/span> P\u00f4sob\u00ed prim\u00e1rne ako agonista seroton\u00ednov\u00fdch receptorov (najm\u00e4 5-HT\u2082\u2090), \u010do vedie k zmenen\u00fdm stavom vedomia, zmyslov\u00e9mu zv\u00fd\u0161eniu a vizu\u00e1lnym halucin\u00e1ci\u00e1m.<span class=\"whitespace-nowrap\">.<\/span><\/p>\n<h2 class=\"mb-xs mt-5 text-base font-[500] first:mt-0 dark:font-[475]\">Aplik\u00e1cie pou\u017eitia<\/h2>\n<ul class=\"marker:text-textOff list-disc\">\n<li>\n<p class=\"my-0\"><strong>Vedeck\u00fd v\u00fdskum<\/strong>\u0160t\u00fadium kognit\u00edvnych funkci\u00ed, zmien vn\u00edmania a terapeutick\u00e9ho potenci\u00e1lu (napr. pri \u00fazkosti, depresii alebo PTSD)<span class=\"whitespace-nowrap\">.<\/span><\/p>\n<\/li>\n<li>\n<p class=\"my-0\"><strong>Senzorick\u00e9 \u0161t\u00fadie<\/strong>V\u00fdskum vizu\u00e1lnych\/sluchov\u00fdch halucin\u00e1ci\u00ed a synest\u00e9zii podobn\u00fdch \u00fa\u010dinkov<span class=\"whitespace-nowrap\">.<\/span><\/p>\n<\/li>\n<li>\n<p class=\"my-0\"><strong>Farmakologick\u00e1 anal\u00fdza<\/strong>V\u00fdskum mechanizmov prostredn\u00edctvom interakci\u00ed receptorov (agonizmus seroton\u00ednu)<span class=\"whitespace-nowrap\">.<\/span><\/p>\n<\/li>\n<\/ul>\n<h2 class=\"mb-xs mt-5 text-base font-[500] first:mt-0 dark:font-[475]\">Nev\u00fdhody a rizik\u00e1<\/h2>\n<ul class=\"marker:text-textOff list-disc\">\n<li>\n<p class=\"my-0\"><strong>Fyzick\u00e9 ved\u013eaj\u0161ie \u00fa\u010dinky<\/strong>Nevo\u013enos\u0165, vracanie, zr\u00fdchlen\u00fd srdcov\u00fd tep a krvn\u00fd tlak<span class=\"whitespace-nowrap\">.<\/span><\/p>\n<\/li>\n<li>\n<p class=\"my-0\"><strong>Psychologick\u00e9 \u00fa\u010dinky<\/strong>\u00dazkos\u0165, paranoja a emocion\u00e1lna nadmern\u00e1 stimul\u00e1cia, najm\u00e4 pri vysok\u00fdch d\u00e1vkach (&gt; 60 mg)<span class=\"whitespace-nowrap\">.<\/span><\/p>\n<\/li>\n<li>\n<p class=\"my-0\"><strong>Bezpe\u010dnostn\u00e9 rizik\u00e1<\/strong>Nie je ur\u010den\u00e9 na \u013eudsk\u00fa spotrebu; vy\u017eaduje sa pr\u00edsne laborat\u00f3rne pou\u017eitie<span class=\"whitespace-nowrap\">.<\/span><\/p>\n<\/li>\n<\/ul>\n<h2 class=\"mb-xs mt-5 text-base font-[500] first:mt-0 dark:font-[475]\">N\u00e1vod na pou\u017eitie<\/h2>\n<p class=\"my-0\"><strong>D\u00e1vkovanie a protokol<\/strong>:<\/p>\n<ul class=\"marker:text-textOff list-disc\">\n<li>\n<p class=\"my-0\"><strong>Prahov\u00e1 d\u00e1vka<\/strong>10\u201320 mg<\/p>\n<\/li>\n<li>\n<p class=\"my-0\"><strong>D\u00e1vka svetla<\/strong>20\u201340 mg<\/p>\n<\/li>\n<li>\n<p class=\"my-0\"><strong>\u0160tandardn\u00e1 d\u00e1vka<\/strong>40\u201360 mg<\/p>\n<\/li>\n<li>\n<p class=\"my-0\"><strong>Vysok\u00e1 d\u00e1vka<\/strong>&gt;60 mg (len pre sk\u00fasen\u00fdch v\u00fdskumn\u00edkov)<span class=\"whitespace-nowrap\">.<\/span><br \/>\n<strong>Laborat\u00f3rne pokyny<\/strong>:<\/p>\n<\/li>\n<\/ul>\n<ol class=\"marker:text-textOff list-decimal\">\n<li>\n<p class=\"my-0\">Pou\u017e\u00edvajte presn\u00e9 v\u00e1\u017eiace zariadenia a osobn\u00e9 ochrann\u00e9 prostriedky (rukavice, ochrann\u00e9 okuliare)<span class=\"whitespace-nowrap\">.<\/span><\/p>\n<\/li>\n<li>\n<p class=\"my-0\">Vykon\u00e1vajte experimenty v kontrolovanom prostred\u00ed s dodr\u017ean\u00edm ventil\u00e1cie a n\u00fadzov\u00fdch protokolov<span class=\"whitespace-nowrap\">.<\/span><\/p>\n<\/li>\n<li>\n<p class=\"my-0\">Za\u010dnite s n\u00edzkymi d\u00e1vkami a postupne ich zvy\u0161ujte na z\u00e1klade v\u00fdsledkov v\u00fdskumu<span class=\"whitespace-nowrap\">.<\/span><\/p>\n<\/li>\n<\/ol>\n<h2 class=\"mb-xs mt-5 text-base font-[500] first:mt-0 dark:font-[475]\">\u010casto kladen\u00e9 ot\u00e1zky (FAQ)<\/h2>\n<p class=\"my-0\"><strong>1. Je tento produkt leg\u00e1lny?<\/strong><br \/>\nPromal Metallylescaline je ur\u010den\u00fd len na vedeck\u00fd v\u00fdskum a podlieha miestnym predpisom o chemik\u00e1li\u00e1ch pre v\u00fdskum. V\u017edy si overte region\u00e1lne predpisy.<span class=\"whitespace-nowrap\">.<\/span><\/p>\n<p class=\"my-0\"><strong>2. Ako dlho trvaj\u00fa \u00fa\u010dinky?<\/strong><br \/>\n\u00da\u010dinky trvaj\u00fa 8\u201312 hod\u00edn, dlh\u0161ie ako u tradi\u010dn\u00fdch psychedelikov<span class=\"whitespace-nowrap\">.<\/span><\/p>\n<p class=\"my-0\"><strong>3. D\u00e1 sa pou\u017ei\u0165 terapeuticky?<\/strong><br \/>\nV\u00fdskum sa zameriava na potenci\u00e1l du\u0161evn\u00e9ho zdravia, ale klinick\u00e9 aplik\u00e1cie nie s\u00fa schv\u00e1len\u00e9<span class=\"whitespace-nowrap\">.<\/span><\/p>\n<h2 class=\"mb-xs mt-5 text-base font-[500] first:mt-0 dark:font-[475]\">Laborat\u00f3rna spr\u00e1va a odpor\u00fa\u010dan\u00e9 scen\u00e1re<\/h2>\n<p class=\"my-0\"><strong>Farmakologick\u00e9 vlastnosti (na z\u00e1klade receptorov\u00fdch \u0161t\u00fadi\u00ed)<\/strong>:<\/p>\n<ul class=\"marker:text-textOff list-disc\">\n<li>\n<p class=\"my-0\"><strong>V\u00e4zbov\u00e1 afinita k receptoru<\/strong>Vysok\u00e1 hladina pre receptory 5-HT\u2082\u2090 (<span class=\"katex\"><span class=\"katex-mathml\">Ki&lt;50K_i &lt; 50<\/span><span class=\"katex-html\" aria-hidden=\"true\"><span class=\"base\"><span class=\"mord\"><span class=\"mord mathnormal\">K.<\/span><span class=\"msupsub\"><span class=\"vlist-t vlist-t2\"><span class=\"vlist-r\"><span class=\"vlist\"><span class=\"sizing reset-size6 size3 mtight\"><span class=\"mord mathnormal mtight\">ja<\/span><\/span><\/span><\/span><\/span><\/span><\/span><span class=\"mrel\">&lt;<\/span><\/span><span class=\"base\"><span class=\"mord\">50<\/span><\/span><\/span><\/span> nM), mierny pre receptory TAAR\u2081 (<span class=\"katex\"><span class=\"katex-mathml\">Ki=1 900 \u2013 3 900 K_i = 1 900 \u2013 3 900<\/span><span class=\"katex-html\" aria-hidden=\"true\"><span class=\"base\"><span class=\"mord\"><span class=\"mord mathnormal\">K.<\/span><span class=\"msupsub\"><span class=\"vlist-t vlist-t2\"><span class=\"vlist-r\"><span class=\"vlist\"><span class=\"sizing reset-size6 size3 mtight\"><span class=\"mord mathnormal mtight\">ja<\/span><\/span><\/span><\/span><\/span><\/span><\/span><span class=\"mrel\">=<\/span><\/span><span class=\"base\"><span class=\"mord\">1 900 \u2013 3 900<\/span><\/span><\/span><\/span> nM).<\/p>\n<\/li>\n<li>\n<p class=\"my-0\"><strong>Zdokumentovan\u00e9 \u00fa\u010dinky<\/strong>:<\/p>\n<ul class=\"marker:text-textOff list-disc\">\n<li>\n<p class=\"my-0\">Zrakov\u00e9 skreslenie a zmyslov\u00e9 zlep\u0161enie pri d\u00e1vke 20\u201340 mg<span class=\"whitespace-nowrap\">.<\/span><\/p>\n<\/li>\n<li>\n<p class=\"my-0\">Rozpustenie ega a kognit\u00edvne zmeny pri &gt;60 mg<span class=\"whitespace-nowrap\">.<\/span><\/p>\n<\/li>\n<\/ul>\n<\/li>\n<\/ul>\n<p class=\"my-0\"><strong>Odpor\u00fa\u010dan\u00e9 v\u00fdskumn\u00e9 scen\u00e1re<\/strong>:<\/p>\n<ul class=\"marker:text-textOff list-disc\">\n<li>\n<p class=\"my-0\"><strong>\u0160t\u00fadie vn\u00edmania<\/strong>D\u00e1vky 20 \u2013 40 mg na anal\u00fdzu senzorick\u00e9ho spracovania<span class=\"whitespace-nowrap\">.<\/span><\/p>\n<\/li>\n<li>\n<p class=\"my-0\"><strong>Terapeutick\u00fd prieskum<\/strong>N\u00edzke d\u00e1vky (10 \u2013 20 mg) na v\u00fdskum modul\u00e1cie n\u00e1lady<span class=\"whitespace-nowrap\">.<\/span><\/p>\n<\/li>\n<li>\n<p class=\"my-0\"><strong>Porovn\u00e1vacia farmakol\u00f3gia<\/strong>Kombin\u00e1cia s antagonistami receptorov na izol\u00e1ciu mechanizmov<span class=\"whitespace-nowrap\">.<\/span><\/p>\n<\/li>\n<\/ul>\n<h2 class=\"mb-xs mt-5 text-base font-[500] first:mt-0 dark:font-[475]\">Zhrnutie<\/h2>\n<p class=\"my-0\">Pelety Promal Metallylescaline 21 MG poskytuj\u00fa \u0161tandardizovan\u00fd model pre psychedelick\u00fd v\u00fdskum s d\u00f4razom na interakcie receptorov a kognit\u00edvne \u00fa\u010dinky. Rizik\u00e1, ako je kardiovaskul\u00e1rny stres a psychologick\u00e9 ved\u013eaj\u0161ie \u00fa\u010dinky, si vy\u017eaduj\u00fa pr\u00edsne dodr\u017eiavanie protokolu. D\u00e1vkovanie by malo by\u0165 prisp\u00f4soben\u00e9 cie\u013eom v\u00fdskumu, pri\u010dom n\u00edzke d\u00e1vky s\u00fa vhodn\u00e9 pre po\u010diato\u010dn\u00fd v\u00fdskum a vy\u0161\u0161ie d\u00e1vky pre pokro\u010dil\u00e9 \u0161t\u00fadie.<span class=\"whitespace-nowrap\">.<\/span><\/p>\n<\/div>\n<\/div>","protected":false},"excerpt":{"rendered":"<p>Promal Metallylescaline 21 MG pelety Promal Metallylescaline (MAL) je syntetick\u00e1 psychedelick\u00e1 zl\u00fa\u010denina triedy fenetylam\u00ednu, \u0161truktur\u00e1lne pr\u00edbuzn\u00e1 meskal\u00ednu.<\/p>","protected":false},"featured_media":28846,"comment_status":"closed","ping_status":"closed","template":"","meta":[],"product_brand":[],"product_cat":[322,80,482,483,324,398],"product_tag":[326],"class_list":{"0":"post-24101","1":"product","2":"type-product","3":"status-publish","4":"has-post-thumbnail","6":"product_cat-bijna-verboden","7":"product_cat-fenethylamine","8":"product_cat-methallylescaline","9":"product_cat-methallylescaline-pellets","10":"product_cat-pellets-for-pellet","11":"product_cat-verkoop","12":"product_tag-nl","14":"first","15":"instock","16":"sale","17":"taxable","18":"shipping-taxable","19":"purchasable","20":"product-type-variable"},"_links":{"self":[{"href":"https:\/\/researchchemicalstore.eu\/sk\/wp-json\/wp\/v2\/product\/24101","targetHints":{"allow":["GET"]}}],"collection":[{"href":"https:\/\/researchchemicalstore.eu\/sk\/wp-json\/wp\/v2\/product"}],"about":[{"href":"https:\/\/researchchemicalstore.eu\/sk\/wp-json\/wp\/v2\/types\/product"}],"replies":[{"embeddable":true,"href":"https:\/\/researchchemicalstore.eu\/sk\/wp-json\/wp\/v2\/comments?post=24101"}],"version-history":[{"count":3,"href":"https:\/\/researchchemicalstore.eu\/sk\/wp-json\/wp\/v2\/product\/24101\/revisions"}],"predecessor-version":[{"id":26516,"href":"https:\/\/researchchemicalstore.eu\/sk\/wp-json\/wp\/v2\/product\/24101\/revisions\/26516"}],"wp:featuredmedia":[{"embeddable":true,"href":"https:\/\/researchchemicalstore.eu\/sk\/wp-json\/wp\/v2\/media\/28846"}],"wp:attachment":[{"href":"https:\/\/researchchemicalstore.eu\/sk\/wp-json\/wp\/v2\/media?parent=24101"}],"wp:term":[{"taxonomy":"product_brand","embeddable":true,"href":"https:\/\/researchchemicalstore.eu\/sk\/wp-json\/wp\/v2\/product_brand?post=24101"},{"taxonomy":"product_cat","embeddable":true,"href":"https:\/\/researchchemicalstore.eu\/sk\/wp-json\/wp\/v2\/product_cat?post=24101"},{"taxonomy":"product_tag","embeddable":true,"href":"https:\/\/researchchemicalstore.eu\/sk\/wp-json\/wp\/v2\/product_tag?post=24101"}],"curies":[{"name":"pracovn\u00fd list","href":"https:\/\/api.w.org\/{rel}","templated":true}]}}