{"id":24146,"date":"2025-04-13T17:41:08","date_gmt":"2025-04-13T17:41:08","guid":{"rendered":"https:\/\/researchchemicalstore.eu\/?post_type=product&#038;p=24146"},"modified":"2025-10-22T09:07:21","modified_gmt":"2025-10-22T09:07:21","slug":"chem-mist-4-ho-so-7-sprejmi","status":"publish","type":"product","link":"https:\/\/researchchemicalstore.eu\/sk\/produkt\/chem-mist-4-ho-so-7-sprejmi\/","title":{"rendered":"Chemick\u00e1 hmla 4-HO-MET 7% sprej"},"content":{"rendered":"<h2><strong>Chemick\u00e1 hmla 4-HO-MET 7% 10 ML sprej<\/strong><\/h2>\n<ul>\n<li><strong>Maloobchodn\u00e9 balenie<br \/>\n<\/strong><\/li>\n<li><strong>Mno\u017estvo ml na jeden sprej: 10<\/strong><\/li>\n<li><strong>Mno\u017estvo 4-HO-MET na jeden sprej: 0,7 g<\/strong><\/li>\n<li><strong>Ceny s\u00fa bez DPH 21%<\/strong><\/li>\n<li><strong>Odpor\u00fa\u010dan\u00e1 maloobchodn\u00e1 cena: 109,95 \u20ac vr. DPH<\/strong><\/li>\n<\/ul>","protected":false},"excerpt":{"rendered":"<p>Chemick\u00e1 hmla 4-HO-MET 7% 10 ML sprej Maloobchodn\u00e9 balenie Mno\u017estvo ml na sprej: 10 Mno\u017estvo 4-HO-MET na sprej: 0,7 g Ceny s\u00fa bez 21%<\/p>","protected":false},"featured_media":28759,"comment_status":"closed","ping_status":"closed","template":"","meta":[],"product_brand":[],"product_cat":[555],"product_tag":[326],"class_list":{"0":"post-24146","1":"product","2":"type-product","3":"status-publish","4":"has-post-thumbnail","6":"product_cat-b2b","7":"product_tag-nl","9":"first","10":"instock","11":"taxable","12":"shipping-taxable","13":"purchasable","14":"product-type-variable"},"_links":{"self":[{"href":"https:\/\/researchchemicalstore.eu\/sk\/wp-json\/wp\/v2\/product\/24146","targetHints":{"allow":["GET"]}}],"collection":[{"href":"https:\/\/researchchemicalstore.eu\/sk\/wp-json\/wp\/v2\/product"}],"about":[{"href":"https:\/\/researchchemicalstore.eu\/sk\/wp-json\/wp\/v2\/types\/product"}],"replies":[{"embeddable":true,"href":"https:\/\/researchchemicalstore.eu\/sk\/wp-json\/wp\/v2\/comments?post=24146"}],"version-history":[{"count":2,"href":"https:\/\/researchchemicalstore.eu\/sk\/wp-json\/wp\/v2\/product\/24146\/revisions"}],"predecessor-version":[{"id":28924,"href":"https:\/\/researchchemicalstore.eu\/sk\/wp-json\/wp\/v2\/product\/24146\/revisions\/28924"}],"wp:featuredmedia":[{"embeddable":true,"href":"https:\/\/researchchemicalstore.eu\/sk\/wp-json\/wp\/v2\/media\/28759"}],"wp:attachment":[{"href":"https:\/\/researchchemicalstore.eu\/sk\/wp-json\/wp\/v2\/media?parent=24146"}],"wp:term":[{"taxonomy":"product_brand","embeddable":true,"href":"https:\/\/researchchemicalstore.eu\/sk\/wp-json\/wp\/v2\/product_brand?post=24146"},{"taxonomy":"product_cat","embeddable":true,"href":"https:\/\/researchchemicalstore.eu\/sk\/wp-json\/wp\/v2\/product_cat?post=24146"},{"taxonomy":"product_tag","embeddable":true,"href":"https:\/\/researchchemicalstore.eu\/sk\/wp-json\/wp\/v2\/product_tag?post=24146"}],"curies":[{"name":"pracovn\u00fd list","href":"https:\/\/api.w.org\/{rel}","templated":true}]}}