{"id":24192,"date":"2025-04-13T17:41:13","date_gmt":"2025-04-13T17:41:13","guid":{"rendered":"https:\/\/researchchemicalstore.eu\/?post_type=product&#038;p=24192"},"modified":"2025-10-22T08:22:25","modified_gmt":"2025-10-22T08:22:25","slug":"kupit-3-snimky-za-minutu","status":"publish","type":"product","link":"https:\/\/researchchemicalstore.eu\/sk\/produkt\/kupit-3-snimky-za-minutu\/","title":{"rendered":"Krabi\u010dka RC+ Fluor 3-FPM 50 mg"},"content":{"rendered":"<h1><strong>K\u00fapte si krabi\u010dku 3 FPM 50 mg \u2013 pr\u00e9miov\u00fa v\u00fdskumn\u00fa chemik\u00e1liu pre vedeck\u00e9 experimenty<\/strong><\/h1>\n<h2><strong>3-FPM (3-flu\u00f3rfenmetraz\u00edn) 50 mg \u2013 jedine\u010dn\u00e1 v\u00fdskumn\u00e1 l\u00e1tka<\/strong><\/h2>\n<p class=\"ds-markdown-paragraph\">The\u00a0<strong>K\u00fapte si krabicu RC+ 3 FPM 50 mg<\/strong>\u00a0obsahuje vysokohodnotn\u00fa v\u00fdskumn\u00fa chemik\u00e1liu, ktor\u00e1 je vedecky zauj\u00edmav\u00e1 v\u010faka svojim \u0161truktur\u00e1lnym vlastnostiam a farmakologick\u00e9mu profilu. Tento anal\u00f3g fenmetraz\u00ednu odvoden\u00fd od flu\u00f3ru sa pred\u00e1va len na v\u00fdskumn\u00e9 a analytick\u00e9 \u00fa\u010dely in vitro.<\/p>\n<p class=\"ds-markdown-paragraph\">S presn\u00fdm d\u00e1vkovan\u00edm\u00a0<strong>50 mg na jednotku<\/strong>\u00a0Tento produkt poskytuje v\u00fdskumn\u00edkom spo\u013eahliv\u00fd zdroj pre kontrolovan\u00e9 vedeck\u00e9 experimenty.<a title=\"2-CMC 250 mg pelety\" href=\"https:\/\/researchchemicalstore.eu\/sk\/obchod\/katinony\/%f0%9f%92%a1-2-mmc-krystalicky-prasok-pre-vsetky-otazky-a-odpovede-na-nakup\/\" target=\"_blank\" rel=\"noopener\">2-CMC 250 mg pelety<\/a><\/p>\n<hr \/>\n<h2><strong>K\u013e\u00fa\u010dov\u00e9 vlastnosti RC+ 3-FPM 50 mg<\/strong><\/h2>\n<p class=\"ds-markdown-paragraph\">\u2705\u00a0<strong>Vysok\u00e1 \u010distota:<\/strong>\u00a0Analyticky testovan\u00e9 na \u010distotu \u226598%<br \/>\n\u2705\u00a0<strong>Presn\u00e9 d\u00e1vkovanie:<\/strong>\u00a050 mg na jednotku pre reprodukovate\u013en\u00e9 v\u00fdsledky<br \/>\n\u2705\u00a0<strong>Stabiln\u00e9 zlo\u017eenie:<\/strong>\u00a0Optim\u00e1lna trvanlivos\u0165 pri spr\u00e1vnych skladovac\u00edch podmienkach<br \/>\n\u2705\u00a0<strong>Vedeck\u00e9 balenie:<\/strong>\u00a0\u013dahk\u00e9 a vzduchotesn\u00e9 balenie<br \/>\n\u2705\u00a0<strong>R\u00fdchle doru\u010denie:<\/strong>\u00a0Objednan\u00e9 do 15:00? Zvy\u010dajne sa odosiela v ten ist\u00fd de\u0148<\/p>\n<hr \/>\n<h2><strong>Vedeck\u00fd v\u00fdznam<\/strong><\/h2>\n<p class=\"ds-markdown-paragraph\">3-FPM je zauj\u00edmav\u00e1 zl\u00fa\u010denina pre v\u00fdskum, preto\u017ee:<\/p>\n<p class=\"ds-markdown-paragraph\">\u2022\u00a0<strong>\u0160truktur\u00e1lna jedine\u010dnos\u0165<\/strong>\u00a0ako flu\u00f3rov\u00fd deriv\u00e1t fenmetraz\u00ednu<br \/>\n\u2022\u00a0<strong>Potenci\u00e1lne farmakodynamick\u00e9 vlastnosti<\/strong>\u00a0na vedeck\u00e9 \u0161t\u00fadium<br \/>\n\u2022\u00a0<strong>Mo\u017enosti aplik\u00e1cie<\/strong> v neurochemickom a farmakologickom v\u00fdskume.<a title=\"1V-LSD 150 MCG pijavice\" href=\"https:\/\/researchchemicalstore.eu\/sk\/obchod\/lysergamidy\/1v-lsd-150-mcg-blotters\/\" target=\"_blank\" rel=\"noopener\">1V-LSD 150 MCG pijavice<\/a><\/p>\n<hr \/>\n<h2><strong>Bezpe\u010dnostn\u00fd protokol a usmernenia pre v\u00fdskum<\/strong><\/h2>\n<p class=\"ds-markdown-paragraph\">\u26a0\u00a0<strong>D\u00d4LE\u017dIT\u00c9:<\/strong><\/p>\n<ul>\n<li>\n<p class=\"ds-markdown-paragraph\"><strong>Len pre v\u00fdskum in vitro<\/strong><\/p>\n<\/li>\n<li>\n<p class=\"ds-markdown-paragraph\"><strong>Nie na \u013eudsk\u00fa ani zvieraciu spotrebu<\/strong><\/p>\n<\/li>\n<li>\n<p class=\"ds-markdown-paragraph\"><strong>Len pre kvalifikovan\u00fdch v\u00fdskumn\u00edkov<\/strong><\/p>\n<\/li>\n<\/ul>\n<p class=\"ds-markdown-paragraph\">\ud83d\udd2c\u00a0<strong>Laborat\u00f3rne po\u017eiadavky:<\/strong><\/p>\n<ul>\n<li>\n<p class=\"ds-markdown-paragraph\">Pou\u017eitie v kontrolovanom v\u00fdskumnom prostred\u00ed<\/p>\n<\/li>\n<li>\n<p class=\"ds-markdown-paragraph\">Noste vhodn\u00e9 osobn\u00e9 ochrann\u00e9 prostriedky<\/p>\n<\/li>\n<li>\n<p class=\"ds-markdown-paragraph\">Dodr\u017eujte v\u0161etky in\u0161titucion\u00e1lne bezpe\u010dnostn\u00e9 protokoly.<a title=\"O-DSMT 50 mg pelety\" href=\"https:\/\/researchchemicalstore.eu\/sk\/obchod\/pelety\/o-dsmt-50-mg-pelety\/\" target=\"_blank\" rel=\"noopener\">O-DSMT 50 mg pelety<\/a><\/p>\n<\/li>\n<\/ul>\n<hr \/>\n<h2><strong>Poradenstvo pri skladovan\u00ed<\/strong><\/h2>\n<p class=\"ds-markdown-paragraph\">\u2022 Skladujte na\u00a0<strong>15 a\u017e 25 \u00b0C<\/strong><br \/>\n\u2022 Chr\u00e1ni\u0165 pred\u00a0<strong>vlhkos\u0165 a priame svetlo<\/strong><br \/>\n\u2022\u00a0<strong>Origin\u00e1l balenie<\/strong>\u00a0vydr\u017ea\u0165<\/p>\n<hr \/>\n<h2><strong>Inform\u00e1cie o objedn\u00e1vke<\/strong><\/h2>\n<p class=\"ds-markdown-paragraph\"><strong>K\u00f3d produktu:<\/strong>\u00a0RC-3FPM-50<br \/>\n<strong>Balenie:<\/strong>\u00a010 jednotiek po 50 mg<br \/>\n<strong>Dodacia lehota:<\/strong> 1-3 pracovn\u00e9 dni (v r\u00e1mci Holandska).<a title=\"Umeleck\u00e9 pijavice 1cP-LSD 150 MCG\" href=\"https:\/\/researchchemicalstore.eu\/sk\/obchod\/lysergamidy\/1-cp-lsd-150-mcg-peliet\/\" target=\"_blank\" rel=\"noopener\">Umeleck\u00e9 pijavice 1cP-LSD 150 MCG<\/a><\/p>","protected":false},"excerpt":{"rendered":"<p>K\u00fapte si 3 FPM 50mg balenie \u2013 pr\u00e9miov\u00e1 v\u00fdskumn\u00e1 chemik\u00e1lia pre vedeck\u00e9 experimenty 3-FPM (3-flu\u00f3rfenmetraz\u00edn) 50mg \u2013 jedine\u010dn\u00e1 v\u00fdskumn\u00e1 chemik\u00e1lia RC+ 3<\/p>","protected":false},"featured_media":28853,"comment_status":"closed","ping_status":"closed","template":"","meta":[],"product_brand":[82],"product_cat":[555],"product_tag":[881,606,601,605,326],"class_list":{"0":"post-24192","1":"product","2":"type-product","3":"status-publish","4":"has-post-thumbnail","6":"product_brand-research-chemical","7":"product_cat-b2b","8":"product_tag-3-fpm-kopen","9":"product_tag-3-fluorophenmetrazine","10":"product_tag-3-fpm","11":"product_tag-3fpm","12":"product_tag-nl","14":"first","15":"instock","16":"taxable","17":"shipping-taxable","18":"purchasable","19":"product-type-variable"},"_links":{"self":[{"href":"https:\/\/researchchemicalstore.eu\/sk\/wp-json\/wp\/v2\/product\/24192","targetHints":{"allow":["GET"]}}],"collection":[{"href":"https:\/\/researchchemicalstore.eu\/sk\/wp-json\/wp\/v2\/product"}],"about":[{"href":"https:\/\/researchchemicalstore.eu\/sk\/wp-json\/wp\/v2\/types\/product"}],"replies":[{"embeddable":true,"href":"https:\/\/researchchemicalstore.eu\/sk\/wp-json\/wp\/v2\/comments?post=24192"}],"version-history":[{"count":3,"href":"https:\/\/researchchemicalstore.eu\/sk\/wp-json\/wp\/v2\/product\/24192\/revisions"}],"predecessor-version":[{"id":26036,"href":"https:\/\/researchchemicalstore.eu\/sk\/wp-json\/wp\/v2\/product\/24192\/revisions\/26036"}],"wp:featuredmedia":[{"embeddable":true,"href":"https:\/\/researchchemicalstore.eu\/sk\/wp-json\/wp\/v2\/media\/28853"}],"wp:attachment":[{"href":"https:\/\/researchchemicalstore.eu\/sk\/wp-json\/wp\/v2\/media?parent=24192"}],"wp:term":[{"taxonomy":"product_brand","embeddable":true,"href":"https:\/\/researchchemicalstore.eu\/sk\/wp-json\/wp\/v2\/product_brand?post=24192"},{"taxonomy":"product_cat","embeddable":true,"href":"https:\/\/researchchemicalstore.eu\/sk\/wp-json\/wp\/v2\/product_cat?post=24192"},{"taxonomy":"product_tag","embeddable":true,"href":"https:\/\/researchchemicalstore.eu\/sk\/wp-json\/wp\/v2\/product_tag?post=24192"}],"curies":[{"name":"pracovn\u00fd list","href":"https:\/\/api.w.org\/{rel}","templated":true}]}}