{"id":24900,"date":"2025-04-13T17:43:41","date_gmt":"2025-04-13T17:43:41","guid":{"rendered":"https:\/\/researchchemicalstore.eu\/?post_type=product&#038;p=24900"},"modified":"2025-10-21T09:36:18","modified_gmt":"2025-10-21T09:36:18","slug":"gidazepam-3-mg-pelety","status":"publish","type":"product","link":"https:\/\/researchchemicalstore.eu\/sk\/produkt\/gidazepam-3-mg-pelety\/","title":{"rendered":"Gidazepam 3 mg pelety"},"content":{"rendered":"<p class=\"ds-markdown-paragraph\"><strong>Gidazepam 3mg pelety \u2013 inovat\u00edvne rie\u0161enie pre vedeck\u00fd v\u00fdskum<\/strong><\/p>\n<h3><strong>\u010co je Gidazepam?<\/strong><\/h3>\n<p class=\"ds-markdown-paragraph\">Gidazepam je unik\u00e1tny deriv\u00e1t benzodiazep\u00ednu so zauj\u00edmav\u00fdmi farmakologick\u00fdmi vlastnos\u0165ami. Tieto pelety boli \u0161peci\u00e1lne vyvinut\u00e9 na vedeck\u00fd v\u00fdskum anxiolytick\u00fdch mechanizmov a neurologick\u00fdch \u00fa\u010dinkov.<\/p>\n<h3><strong>K\u013e\u00fa\u010dov\u00e9 vlastnosti<\/strong><\/h3>\n<p class=\"ds-markdown-paragraph\">\u2714\u00a0<strong>Optimalizovan\u00e9 d\u00e1vkovanie<\/strong>\u00a0\u2013 3 mg na peletu pre presn\u00e9 experimenty<br \/>\n\u2714\u00a0<strong>Farmaceutick\u00e1 kvalita<\/strong>\u00a0\u2013 Vyroben\u00e9 pod\u013ea pr\u00edsnych smern\u00edc GMP<br \/>\n\u2714\u00a0<strong>Dlhodob\u00e1 stabilita<\/strong>\u00a0\u2013 \u0160peci\u00e1lny povlak chr\u00e1ni pred degrad\u00e1ciou<br \/>\n\u2714\u00a0<strong>Vhodn\u00e9 pre v\u00fdskum<\/strong>\u00a0\u2013 \u013dahko rozpustn\u00fd pre laborat\u00f3rne aplik\u00e1cie<\/p>\n<h3><strong>Vedeck\u00e9 aplik\u00e1cie<\/strong><\/h3>\n<p class=\"ds-markdown-paragraph\">Tieto pelety s\u00fa ide\u00e1lne vhodn\u00e9 pre:<\/p>\n<ul>\n<li>\n<p class=\"ds-markdown-paragraph\">V\u00fdskum receptorov GABA<\/p>\n<\/li>\n<li>\n<p class=\"ds-markdown-paragraph\">Porovn\u00e1vacie farmakodynamick\u00e9 \u0161t\u00fadie<\/p>\n<\/li>\n<li>\n<p class=\"ds-markdown-paragraph\">Anal\u00fdzy neurofyziologick\u00fdch \u00fa\u010dinkov<\/p>\n<\/li>\n<li>\n<p class=\"ds-markdown-paragraph\">Predklinick\u00e9 behavior\u00e1lne pozorovania<\/p>\n<\/li>\n<\/ul>\n<h3><strong>Bezpe\u010dnos\u0165 a manipul\u00e1cia<\/strong><\/h3>\n<p class=\"ds-markdown-paragraph\">\u25c9\u00a0<strong>Len na v\u00fdskumn\u00e9 \u00fa\u010dely<\/strong><br \/>\n\u25c9 Vy\u017eaduje akreditovan\u00e9 laborat\u00f3rium<br \/>\n\u25c9 Skladujte pri kontrolovanej izbovej teplote<br \/>\n\u25c9 Pou\u017e\u00edvajte osobn\u00e9 ochrann\u00e9 prostriedky<\/p>\n<h3><strong>Inform\u00e1cie o objedn\u00e1vke<\/strong><\/h3>\n<ul>\n<li>\n<p class=\"ds-markdown-paragraph\">Dostupn\u00e9 v baleniach po 30 pelet\u00e1ch<\/p>\n<\/li>\n<li>\n<p class=\"ds-markdown-paragraph\">Vr\u00e1tane podrobn\u00e9ho analytick\u00e9ho certifik\u00e1tu<\/p>\n<\/li>\n<li>\n<p class=\"ds-markdown-paragraph\">V\u00fdhradne pre v\u00fdskumn\u00e9 in\u0161tit\u00facie a kvalifikovan\u00fdch vedcov<\/p>\n<\/li>\n<\/ul>\n<h3><strong>Pr\u00e1vne postavenie<\/strong><\/h3>\n<p class=\"ds-markdown-paragraph\">Pr\u00e1vny status Gidazepamu sa l\u00ed\u0161i v z\u00e1vislosti od jurisdikcie. Tento produkt je\u00a0<strong>ur\u010den\u00e9 v\u00fdlu\u010dne na vedeck\u00fd v\u00fdskum<\/strong>\u00a0a nie je ur\u010den\u00e9 na hum\u00e1nne ani veterin\u00e1rne pou\u017eitie.<\/p>\n<p class=\"ds-markdown-paragraph\"><strong>D\u00f4le\u017eit\u00e9 bezpe\u010dnostn\u00e9 upozornenie:<\/strong><br \/>\n\u2716 Absoluut niet bestemd voor consumptie<br \/>\n\u2716 Kan gevaarlijk zijn bij ondeskundig gebruik<br \/>\n\u2716 Buiten bereik van leken houden<\/p>\n<p class=\"ds-markdown-paragraph\"><strong>Technick\u00e1 podpora:<\/strong><br \/>\nNa\u0161i odborn\u00edci s\u00fa pripraven\u00ed odpoveda\u0165 na vedeck\u00e9 ot\u00e1zky t\u00fdkaj\u00face sa v\u00fdskumnej metodol\u00f3gie a aplik\u00e1ci\u00ed. <a href=\"https:\/\/researchchemicalstore.eu\/sk\/obchod\/lysergamidy\/1v-lsd-150-mcg-blotters\/\">1V-LSD 150 MCG pijavice<\/a><a href=\"https:\/\/researchchemicalstore.eu\/sk\/obchod\/pelety\/o-dsmt-50-mg-pelety\/\">O-DSMT 50 mg pelety<\/a><a href=\"https:\/\/researchchemicalstore.eu\/sk\/obchod\/lysergamidy\/1cp-lsd-150-mcg-umelecke-pijavice\/\">Umeleck\u00e9 pijavice 1cP-LSD 150 MCG<\/a><a href=\"https:\/\/researchchemicalstore.eu\/sk\/obchod\/iboga-ibogain\/kora-korena-iboga\/\">K\u00f4ra kore\u0148a ibogy<\/a><a href=\"https:\/\/researchchemicalstore.eu\/sk\/obchod\/iboga-ibogain\/kupit-ibogain-hydrochlorid-online\/\">K\u00fapi\u0165 Iboga\u00edn HCL<\/a><\/p>","protected":false},"excerpt":{"rendered":"<h3>Vlastnosti gidazepamu<\/h3>\n<p><strong>Synonymum:<\/strong> hydazepam, hidazepam<br \/>\n<strong>\u010c\u00edslo CAS:<\/strong> 129186-29-4<br \/>\n<strong>Vzorec:<\/strong> <span title=\"Uhl\u00edk\">C<\/span><sub>17<\/sub><span title=\"Vod\u00edk\">H<\/span><sub>15<\/sub><span title=\"br\u00f3m\">Br<\/span><span title=\"Dus\u00edk\">N<\/span><sub>4<\/sub><span title=\"Kysl\u00edk\">O<\/span><sub>2<\/sub><br \/>\n<strong>Mol\u00e1rna hmotnos\u0165:<\/strong> 387,237 g\/mol<br \/>\n<strong>\u010distota:<\/strong>\u00a0&gt;97%<\/p>","protected":false},"featured_media":28792,"comment_status":"closed","ping_status":"closed","template":"","meta":[],"product_brand":[82],"product_cat":[76,387,393,324],"product_tag":[160,731,163,161,326],"class_list":{"0":"post-24900","1":"product","2":"type-product","3":"status-publish","4":"has-post-thumbnail","6":"product_brand-research-chemical","7":"product_cat-benzodiazepinen","8":"product_cat-gidazepam","9":"product_cat-gidazepam-pellets","10":"product_cat-pellets-for-pellet","11":"product_tag-gidazepam","12":"product_tag-gidazepam-dosage","13":"product_tag-gidazepam-experience","14":"product_tag-gidazepam-werking","15":"product_tag-nl","17":"first","18":"instock","19":"taxable","20":"shipping-taxable","21":"purchasable","22":"product-type-variable"},"_links":{"self":[{"href":"https:\/\/researchchemicalstore.eu\/sk\/wp-json\/wp\/v2\/product\/24900","targetHints":{"allow":["GET"]}}],"collection":[{"href":"https:\/\/researchchemicalstore.eu\/sk\/wp-json\/wp\/v2\/product"}],"about":[{"href":"https:\/\/researchchemicalstore.eu\/sk\/wp-json\/wp\/v2\/types\/product"}],"replies":[{"embeddable":true,"href":"https:\/\/researchchemicalstore.eu\/sk\/wp-json\/wp\/v2\/comments?post=24900"}],"version-history":[{"count":6,"href":"https:\/\/researchchemicalstore.eu\/sk\/wp-json\/wp\/v2\/product\/24900\/revisions"}],"predecessor-version":[{"id":26291,"href":"https:\/\/researchchemicalstore.eu\/sk\/wp-json\/wp\/v2\/product\/24900\/revisions\/26291"}],"wp:featuredmedia":[{"embeddable":true,"href":"https:\/\/researchchemicalstore.eu\/sk\/wp-json\/wp\/v2\/media\/28792"}],"wp:attachment":[{"href":"https:\/\/researchchemicalstore.eu\/sk\/wp-json\/wp\/v2\/media?parent=24900"}],"wp:term":[{"taxonomy":"product_brand","embeddable":true,"href":"https:\/\/researchchemicalstore.eu\/sk\/wp-json\/wp\/v2\/product_brand?post=24900"},{"taxonomy":"product_cat","embeddable":true,"href":"https:\/\/researchchemicalstore.eu\/sk\/wp-json\/wp\/v2\/product_cat?post=24900"},{"taxonomy":"product_tag","embeddable":true,"href":"https:\/\/researchchemicalstore.eu\/sk\/wp-json\/wp\/v2\/product_tag?post=24900"}],"curies":[{"name":"pracovn\u00fd list","href":"https:\/\/api.w.org\/{rel}","templated":true}]}}