{"id":24917,"date":"2025-04-13T17:43:41","date_gmt":"2025-04-13T17:43:41","guid":{"rendered":"https:\/\/researchchemicalstore.eu\/?post_type=product&#038;p=24917"},"modified":"2025-11-17T11:47:18","modified_gmt":"2025-11-17T11:47:18","slug":"25-nboh-12-mg-blottery","status":"publish","type":"product","link":"https:\/\/researchchemicalstore.eu\/sk\/produkt\/25-nboh-12-mg-blottery\/","title":{"rendered":"25E-NBOH 1,2 MG pijavice"},"content":{"rendered":"<p class=\"ds-markdown-paragraph\"><strong>25E-NBOH 1,2 mg pijav\u00e9 papierov\u00e9 utierky \u2013 pr\u00e9miov\u00e1 kvalita pre vedeck\u00fd v\u00fdskum<\/strong><\/p>\n<h3><strong>\u010co je 25E-NBOH?<\/strong><\/h3>\n<p class=\"ds-markdown-paragraph\">25E-NBOH je v\u00fdskumn\u00e1 chemik\u00e1lia zo s\u00e9rie NBOH, zn\u00e1ma pre svoj potenci\u00e1l ako serotonergn\u00e1 zl\u00fa\u010denina. T\u00e1to l\u00e1tka je ur\u010den\u00e1 len na farmakologick\u00fd a neurovedeck\u00fd v\u00fdskum v kontrolovanom laborat\u00f3rnom prostred\u00ed.<\/p>\n<h3><strong>Vlastnosti produktu<\/strong><\/h3>\n<p class=\"ds-markdown-paragraph\">\u2714\u00a0<strong>Presn\u00e9 d\u00e1vkovanie<\/strong>\u00a0\u2013 1,2 mg na pijav\u00fd papier pre reprodukovate\u013en\u00e9 v\u00fdsledky<br \/>\n\u2714\u00a0<strong>Vysok\u00e1 kvalita<\/strong>\u00a0\u2013 Analyticky testovan\u00e9 na \u010distotu (&gt;98%)<br \/>\n\u2714\u00a0<strong>Form\u00e1t vhodn\u00fd pre v\u00fdskum<\/strong>\u00a0\u2013 Praktick\u00fd tvar pijavice pre presn\u00e9 pod\u00e1vanie<br \/>\n\u2714\u00a0<strong>Optim\u00e1lna stabilita<\/strong>\u00a0\u2013 Balen\u00e9 v ochrannej atmosf\u00e9re<\/p>\n<h3><strong>\u010casto kladen\u00e9 ot\u00e1zky<\/strong><\/h3>\n<h4><strong>1. Ak\u00e9 s\u00fa mo\u017en\u00e9 smery v\u00fdskumu?<\/strong><\/h4>\n<ul>\n<li>\n<p class=\"ds-markdown-paragraph\">\u0160t\u00fadie seroton\u00ednov\u00fdch receptorov (interakcie 5-HT2A)<\/p>\n<\/li>\n<li>\n<p class=\"ds-markdown-paragraph\">Neurofarmakologick\u00e9 mechanizmy<\/p>\n<\/li>\n<li>\n<p class=\"ds-markdown-paragraph\">Porovn\u00e1vacie anal\u00fdzy s pr\u00edbuzn\u00fdmi zl\u00fa\u010deninami<\/p>\n<\/li>\n<\/ul>\n<h4><strong>2. Ako m\u00e1m spr\u00e1vne skladova\u0165 pijav\u00e9 papiere?<\/strong><\/h4>\n<ul>\n<li>\n<p class=\"ds-markdown-paragraph\">Skladujte v origin\u00e1lnom balen\u00ed<\/p>\n<\/li>\n<li>\n<p class=\"ds-markdown-paragraph\">Chladnom (2 \u2013 8 \u00b0C), tmavom a suchom<\/p>\n<\/li>\n<li>\n<p class=\"ds-markdown-paragraph\">Chr\u00e1nen\u00e9 pred vlhkos\u0165ou<\/p>\n<\/li>\n<\/ul>\n<h4><strong>3. Je to leg\u00e1lne pre v\u00fdskum?<\/strong><\/h4>\n<p class=\"ds-markdown-paragraph\">Pr\u00e1vny status sa l\u00ed\u0161i v z\u00e1vislosti od regi\u00f3nu.\u00a0<strong>Len na vedeck\u00fd v\u00fdskum<\/strong>\u00a0\u2013 nie je ur\u010den\u00e9 na pou\u017eitie u \u013eud\u00ed. V\u00fdskumn\u00edci by si mali overi\u0165 miestne z\u00e1kony.<\/p>\n<h4><strong>4. Ak\u00e9 bezpe\u010dnostn\u00e9 opatrenia s\u00fa potrebn\u00e9?<\/strong><\/h4>\n<ul>\n<li>\n<p class=\"ds-markdown-paragraph\">Pou\u017eitie v kontrolovanom laborat\u00f3rnom prostred\u00ed<\/p>\n<\/li>\n<li>\n<p class=\"ds-markdown-paragraph\">Noste osobn\u00e9 ochrann\u00e9 prostriedky<\/p>\n<\/li>\n<li>\n<p class=\"ds-markdown-paragraph\">Majte k dispoz\u00edcii protokoly prvej pomoci<\/p>\n<\/li>\n<\/ul>\n<h3><strong>Inform\u00e1cie o objedn\u00e1vke<\/strong><\/h3>\n<ul>\n<li>\n<p class=\"ds-markdown-paragraph\">Dostupn\u00e9 po 10 pijav\u00fdch papieroch<\/p>\n<\/li>\n<li>\n<p class=\"ds-markdown-paragraph\">Diskr\u00e9tne balenie so sledovan\u00edm z\u00e1sielky<\/p>\n<\/li>\n<li>\n<p class=\"ds-markdown-paragraph\">Len pre kvalifikovan\u00fdch v\u00fdskumn\u00edkov.<\/p>\n<\/li>\n<\/ul>\n<p><a href=\"https:\/\/researchchemicalstore.eu\/sk\/obchod\/lysergamidy\/1v-lsd-150-mcg-blotters\/\">1V-LSD 150 MCG pijavice<\/a><a href=\"https:\/\/researchchemicalstore.eu\/sk\/obchod\/pelety\/o-dsmt-50-mg-pelety\/\">O-DSMT 50 mg pelety<\/a><a href=\"https:\/\/researchchemicalstore.eu\/sk\/obchod\/lysergamidy\/1cp-lsd-150-mcg-umelecke-pijavice\/\">Umeleck\u00e9 pijavice 1cP-LSD 150 MCG<\/a><a href=\"https:\/\/researchchemicalstore.eu\/sk\/obchod\/iboga-ibogain\/kora-korena-iboga\/\">K\u00f4ra kore\u0148a ibogy<\/a><a href=\"https:\/\/researchchemicalstore.eu\/sk\/obchod\/iboga-ibogain\/kupit-ibogain-hydrochlorid-online\/\">K\u00fapi\u0165 Iboga\u00edn HCL<\/a><\/p>","protected":false},"excerpt":{"rendered":"<p>25E-NBOH 1,2 mg pijav\u00e9 papierov\u00e9 n\u00e1plne \u2013 pr\u00e9miov\u00e1 kvalita pre vedeck\u00fd v\u00fdskum \u010co je 25E-NBOH? 25E-NBOH je v\u00fdskumn\u00e1 chemik\u00e1lia zo s\u00e9rie NBOH,<\/p>","protected":false},"featured_media":29013,"comment_status":"closed","ping_status":"closed","template":"","meta":[],"product_brand":[82],"product_cat":[357,80],"product_tag":[201,203,202,326],"class_list":{"0":"post-24917","1":"product","2":"type-product","3":"status-publish","4":"has-post-thumbnail","6":"product_brand-research-chemical","7":"product_cat-25e-nboh","8":"product_cat-fenethylamine","9":"product_tag-25e-nboh","10":"product_tag-25e-nboh-kopen","11":"product_tag-25e-nboh-reddit","12":"product_tag-nl","14":"first","15":"instock","16":"taxable","17":"shipping-taxable","18":"purchasable","19":"product-type-variable"},"_links":{"self":[{"href":"https:\/\/researchchemicalstore.eu\/sk\/wp-json\/wp\/v2\/product\/24917","targetHints":{"allow":["GET"]}}],"collection":[{"href":"https:\/\/researchchemicalstore.eu\/sk\/wp-json\/wp\/v2\/product"}],"about":[{"href":"https:\/\/researchchemicalstore.eu\/sk\/wp-json\/wp\/v2\/types\/product"}],"replies":[{"embeddable":true,"href":"https:\/\/researchchemicalstore.eu\/sk\/wp-json\/wp\/v2\/comments?post=24917"}],"version-history":[{"count":5,"href":"https:\/\/researchchemicalstore.eu\/sk\/wp-json\/wp\/v2\/product\/24917\/revisions"}],"predecessor-version":[{"id":25869,"href":"https:\/\/researchchemicalstore.eu\/sk\/wp-json\/wp\/v2\/product\/24917\/revisions\/25869"}],"wp:featuredmedia":[{"embeddable":true,"href":"https:\/\/researchchemicalstore.eu\/sk\/wp-json\/wp\/v2\/media\/29013"}],"wp:attachment":[{"href":"https:\/\/researchchemicalstore.eu\/sk\/wp-json\/wp\/v2\/media?parent=24917"}],"wp:term":[{"taxonomy":"product_brand","embeddable":true,"href":"https:\/\/researchchemicalstore.eu\/sk\/wp-json\/wp\/v2\/product_brand?post=24917"},{"taxonomy":"product_cat","embeddable":true,"href":"https:\/\/researchchemicalstore.eu\/sk\/wp-json\/wp\/v2\/product_cat?post=24917"},{"taxonomy":"product_tag","embeddable":true,"href":"https:\/\/researchchemicalstore.eu\/sk\/wp-json\/wp\/v2\/product_tag?post=24917"}],"curies":[{"name":"pracovn\u00fd list","href":"https:\/\/api.w.org\/{rel}","templated":true}]}}