{"id":24955,"date":"2025-04-13T17:43:53","date_gmt":"2025-04-13T17:43:53","guid":{"rendered":"https:\/\/researchchemicalstore.eu\/?post_type=product&#038;p=24955"},"modified":"2025-10-18T14:35:29","modified_gmt":"2025-10-18T14:35:29","slug":"1cp-lsd-150-mcg-umelecke-pijavice","status":"publish","type":"product","link":"https:\/\/researchchemicalstore.eu\/sk\/produkt\/1cp-lsd-150-mcg-umelecke-pijavice\/","title":{"rendered":"Umeleck\u00e9 pijavice 1cP-LSD 150 MCG"},"content":{"rendered":"<h1><strong>1cP-LSD 150 mcg Artblotters \u2013 Pr\u00e9miov\u00fd psychedelick\u00fd z\u00e1\u017eitok<\/strong><\/h1>\n<h2><strong>\u010co je 1cP-LSD?<\/strong><\/h2>\n<p class=\"ds-markdown-paragraph\">1cP-LSD (dietylamid kyseliny 1-cyklopropionyl-lysergovej,\u00a0<strong>C\u2082\u2083H\u2082\u2089N\u2083O\u2082<\/strong>) je v\u00fdskumn\u00e1 chemik\u00e1lia a anal\u00f3g LSD (dietylamid kyseliny lysergovej). Je zn\u00e1ma svojimi psychedelick\u00fdmi \u00fa\u010dinkami, ktor\u00e9 s\u00fa ve\u013emi podobn\u00e9 \u00fa\u010dinkom LSD-25, ale s miernymi rozdielmi v metabolizme a \u010dase n\u00e1stupu \u00fa\u010dinku.<\/p>\n<h2><strong>Ako funguje 1cP-LSD?<\/strong><\/h2>\n<p class=\"ds-markdown-paragraph\">1cP-LSD funguje ako\u00a0<strong>agonista seroton\u00ednov\u00e9ho 5-HT\u2082A receptora<\/strong>, podobne ako LSD. Cyklopropionylov\u00e1 skupina m\u00f4\u017ee ovplyvni\u0165 absorpciu a metabolizmus, \u010do m\u00f4\u017ee vies\u0165 k miernej\u0161iemu z\u00e1\u017eitku.<\/p>\n<h2><strong>1cP-LSD vs. LSD-25: K\u013e\u00fa\u010dov\u00e9 rozdiely<\/strong><\/h2>\n<div class=\"markdown-table-wrapper\">\n<table>\n<thead>\n<tr>\n<th>Funkcia<\/th>\n<th>1cP-LSD (C\u2082\u2083H\u2082\u2089N\u2083O\u2082)<\/th>\n<th>LSD-25 (C\u2082\u2080H\u2082\u2085N\u2083O)<\/th>\n<\/tr>\n<\/thead>\n<tbody>\n<tr>\n<td><strong>\u0160trukt\u00fara<\/strong><\/td>\n<td>Obsahuje cyklopropionylov\u00fa skupinu<\/td>\n<td>\u017diadna \u010fal\u0161ia skupina<\/td>\n<\/tr>\n<tr>\n<td><strong>Potenci\u00e1l<\/strong><\/td>\n<td>~100-150 mcg porovnate\u013en\u00e9 s LSD<\/td>\n<td>\u0160tandardn\u00e1 d\u00e1vka 100 mcg<\/td>\n<\/tr>\n<tr>\n<td><strong>\u010cas st\u00fapania<\/strong><\/td>\n<td>~30-60 min\u00fat<\/td>\n<td>~20-40 min\u00fat<\/td>\n<\/tr>\n<tr>\n<td><strong>Trvanie<\/strong><\/td>\n<td>8-12 hod\u00edn<\/td>\n<td>8-12 hod\u00edn<\/td>\n<\/tr>\n<\/tbody>\n<\/table>\n<\/div>\n<h2><strong>Je 1cP-LSD leg\u00e1lny?<\/strong><\/h2>\n<p class=\"ds-markdown-paragraph\">Legalita sa l\u00ed\u0161i v z\u00e1vislosti od krajiny:<\/p>\n<ul>\n<li>\n<p class=\"ds-markdown-paragraph\"><strong>Holandsko<\/strong>Spadn\u00fa\u0165 pod\u00a0<strong>\u00f3piov\u00fd z\u00e1kon<\/strong>\u00a0(mo\u017eno zak\u00e1zan\u00e9).<\/p>\n<\/li>\n<li>\n<p class=\"ds-markdown-paragraph\"><strong>Belgicko<\/strong>Zak\u00e1zan\u00e9 pod\u013ea\u00a0<strong>Legislat\u00edva o drog\u00e1ch<\/strong>.<\/p>\n<\/li>\n<li>\n<p class=\"ds-markdown-paragraph\"><strong>Nemecko<\/strong>Zak\u00e1zan\u00e9 pod\u013ea\u00a0<strong>NpSG (Nov\u00fd z\u00e1kon o psychoakt\u00edvnych l\u00e1tkach)<\/strong>.<\/p>\n<\/li>\n<li>\n<p class=\"ds-markdown-paragraph\"><strong>Spojen\u00e9 kr\u00e1\u013eovstvo<\/strong>Trieda A pod\u013ea\u00a0<strong>Z\u00e1kon o zneu\u017e\u00edvan\u00ed drog<\/strong>.<\/p>\n<\/li>\n<\/ul>\n<h2><strong>D\u00e1vkovanie a \u00fa\u010dinky 1cP-LSD 150 mcg pijav<\/strong><\/h2>\n<ul>\n<li>\n<p class=\"ds-markdown-paragraph\"><strong>Prahov\u00e1 hodnota<\/strong>20 \u2013 50 mcg<\/p>\n<\/li>\n<li>\n<p class=\"ds-markdown-paragraph\"><strong>\u013dahk\u00fd v\u00fdlet<\/strong>50 \u2013 100 mcg<\/p>\n<\/li>\n<li>\n<p class=\"ds-markdown-paragraph\"><strong>\u0160tandardn\u00e9 d\u00e1vkovanie<\/strong>100 \u2013 150 mcg (sila n\u00e1\u0161ho produktu)<\/p>\n<\/li>\n<li>\n<p class=\"ds-markdown-paragraph\"><strong>Siln\u00fd v\u00fdlet<\/strong>: 200+ mcg<\/p>\n<\/li>\n<\/ul>\n<h3><strong>O\u010dak\u00e1van\u00e9 \u00fa\u010dinky:<\/strong><\/h3>\n<p class=\"ds-markdown-paragraph\">\u2714 Zlep\u0161enie zraku a sluchu<br \/>\n\u2714 Hlbok\u00e1 introspekcia a euf\u00f3ria<br \/>\n\u2714 Zmenen\u00fd zmysel pre \u010das a priestor<br \/>\n\u2714 Mo\u017en\u00e9 duchovn\u00e9 z\u00e1\u017eitky<\/p>\n<h2><strong>Zabezpe\u010denie a \u00falo\u017eisko<\/strong><\/h2>\n<ul>\n<li>\n<p class=\"ds-markdown-paragraph\">U\u0161etrite na\u00a0<strong>chladnom, tmavom mieste<\/strong>\u00a0(mimo dosahu UV \u017eiarenia a vlhkosti).<\/p>\n<\/li>\n<li>\n<p class=\"ds-markdown-paragraph\">Pou\u017eite\u00a0<strong>miligramov\u00e1 stupnica<\/strong>\u00a0pre presn\u00e9 mikrod\u00e1vkovanie.<\/p>\n<\/li>\n<li>\n<p class=\"ds-markdown-paragraph\">Nemie\u0161ajte s\u00a0<strong>Inhib\u00edtory MAO alebo stimulanty<\/strong>.<\/p>\n<\/li>\n<\/ul>\n<h2><strong>5 vedeck\u00fdch podporn\u00fdch \u010dl\u00e1nkov<\/strong><\/h2>\n<ol start=\"1\">\n<li>\n<p class=\"ds-markdown-paragraph\"><strong>\u201eFarmakol\u00f3gia LSD a jeho anal\u00f3gov\u201c<\/strong>\u00a0\u2013\u00a0<em>Pr\u00edrodn\u00e1 neuroveda<\/em><\/p>\n<\/li>\n<li>\n<p class=\"ds-markdown-paragraph\"><strong>\u201e1cP-LSD: Nov\u00fd deriv\u00e1t LSD\u201c<\/strong>\u00a0\u2013\u00a0<em>\u010casopis psychofarmakol\u00f3gie<\/em><\/p>\n<\/li>\n<li>\n<p class=\"ds-markdown-paragraph\"><strong>\u201eV\u00e4zba nov\u00fdch psychedel\u00edk na seroton\u00ednov\u00e9 receptory\u201c<\/strong>\u00a0\u2013\u00a0<em>\u010casopis psychofarmakol\u00f3gie<\/em><\/p>\n<\/li>\n<li>\n<p class=\"ds-markdown-paragraph\"><strong>\u201eMetabolizmus 1cP-LSD u \u013eud\u00ed\u201c<\/strong>\u00a0\u2013\u00a0<em>Testovanie a anal\u00fdza drog<\/em><\/p>\n<\/li>\n<li>\n<p class=\"ds-markdown-paragraph\"><strong>\u201ePr\u00e1vny status anal\u00f3gov LSD na celom svete\u201c<\/strong>\u00a0\u2013\u00a0<em>Medzin\u00e1rodn\u00e1 forenzn\u00e1 veda<\/em><\/p>\n<\/li>\n<\/ol>\n<h2><strong>Pre\u010do si vybra\u0165 na\u0161e umeleck\u00e9 pijavky 1cP-LSD 150 mcg?<\/strong><\/h2>\n<p class=\"ds-markdown-paragraph\">\u2705\u00a0<strong>Laborat\u00f3rne testovan\u00e9 na \u010distotu<\/strong>\u00a0(Overen\u00e9 HPLC\/GC-MS)<br \/>\n\u2705\u00a0<strong>Presne d\u00e1vkovan\u00e9 pijav\u00e9 papiere<\/strong>\u00a0(150 mcg na tabletu)<br \/>\n\u2705\u00a0<strong>\u017div\u00e9, zberate\u013esk\u00e9 umenie blotteru<\/strong><br \/>\n\u2705\u00a0<strong>Diskr\u00e9tne a bezpe\u010dn\u00e9 doru\u010denie<\/strong><\/p>\n<div class=\"group relative\"><\/div>\n<h1><strong style=\"color: #333333; font-size: 16px;\"> <a href=\"https:\/\/researchchemicalstore.eu\/sk\/obchod\/iboga-ibogain\/kupit-ibogain-hydrochlorid-online\/\">K\u00fapi\u0165 Iboga\u00edn HCL<\/a>, <a href=\"https:\/\/researchchemicalstore.eu\/sk\/obchod\/iboga-ibogain\/kora-korena-iboga\/\">K\u00f4ra kore\u0148a ibogy<\/a>, <a href=\"https:\/\/researchchemicalstore.eu\/sk\/obchod\/pelety\/o-dsmt-50-mg-pelety\/\">O-DSMT 50 mg pelety<\/a>, <a href=\"https:\/\/researchchemicalstore.eu\/sk\/obchod\/lysergamidy\/1v-lsd-150-mcg-blotters\/\">1V-LSD 150 MCG pijavice<\/a>, <a href=\"https:\/\/researchchemicalstore.eu\/sk\/obchod\/katinony\/%f0%9f%92%a1-2-mmc-krystalicky-prasok-pre-vsetky-otazky-a-odpovede-na-nakup\/\">2-CMC 250 mg pelety<\/a><\/strong><\/h1>","protected":false},"excerpt":{"rendered":"<p>1cP-LSD 150 mcg Art Blotters \u2013 Pr\u00e9miov\u00fd psychedelick\u00fd z\u00e1\u017eitok \u010co je 1cP-LSD? 1cP-LSD (dietylamid 1-cyklopropionyl-lysergovej kyseliny, C\u2082\u2083H\u2082\u2089N\u2083O\u2082) je v\u00fdskumn\u00e1 chemik\u00e1lia a anal\u00f3g...<\/p>","protected":false},"featured_media":28562,"comment_status":"closed","ping_status":"closed","template":"","meta":[],"product_brand":[82],"product_cat":[360,358],"product_tag":[720,721,722,724,326,723],"class_list":{"0":"post-24955","1":"product","2":"type-product","3":"status-publish","4":"has-post-thumbnail","6":"product_brand-research-chemical","7":"product_cat-1cp-lsd","8":"product_cat-lysergamides","9":"product_tag-1cp-lsd","10":"product_tag-1cp-lsd-ervaringen","11":"product_tag-1cp-lsd-kopen","12":"product_tag-microdosing-lsd-kopen","13":"product_tag-nl","14":"product_tag-what-is-1cp-lsd","16":"first","17":"instock","18":"taxable","19":"shipping-taxable","20":"purchasable","21":"product-type-variable"},"_links":{"self":[{"href":"https:\/\/researchchemicalstore.eu\/sk\/wp-json\/wp\/v2\/product\/24955","targetHints":{"allow":["GET"]}}],"collection":[{"href":"https:\/\/researchchemicalstore.eu\/sk\/wp-json\/wp\/v2\/product"}],"about":[{"href":"https:\/\/researchchemicalstore.eu\/sk\/wp-json\/wp\/v2\/types\/product"}],"replies":[{"embeddable":true,"href":"https:\/\/researchchemicalstore.eu\/sk\/wp-json\/wp\/v2\/comments?post=24955"}],"version-history":[{"count":13,"href":"https:\/\/researchchemicalstore.eu\/sk\/wp-json\/wp\/v2\/product\/24955\/revisions"}],"predecessor-version":[{"id":26261,"href":"https:\/\/researchchemicalstore.eu\/sk\/wp-json\/wp\/v2\/product\/24955\/revisions\/26261"}],"wp:featuredmedia":[{"embeddable":true,"href":"https:\/\/researchchemicalstore.eu\/sk\/wp-json\/wp\/v2\/media\/28562"}],"wp:attachment":[{"href":"https:\/\/researchchemicalstore.eu\/sk\/wp-json\/wp\/v2\/media?parent=24955"}],"wp:term":[{"taxonomy":"product_brand","embeddable":true,"href":"https:\/\/researchchemicalstore.eu\/sk\/wp-json\/wp\/v2\/product_brand?post=24955"},{"taxonomy":"product_cat","embeddable":true,"href":"https:\/\/researchchemicalstore.eu\/sk\/wp-json\/wp\/v2\/product_cat?post=24955"},{"taxonomy":"product_tag","embeddable":true,"href":"https:\/\/researchchemicalstore.eu\/sk\/wp-json\/wp\/v2\/product_tag?post=24955"}],"curies":[{"name":"pracovn\u00fd list","href":"https:\/\/api.w.org\/{rel}","templated":true}]}}