{"id":26112,"date":"2025-05-01T01:20:16","date_gmt":"2025-05-01T01:20:16","guid":{"rendered":"https:\/\/researchchemicalstore.eu\/?post_type=product&#038;p=26112"},"modified":"2025-10-18T14:26:45","modified_gmt":"2025-10-18T14:26:45","slug":"oxidacia-caluanie-muelear","status":"publish","type":"product","link":"https:\/\/researchchemicalstore.eu\/sk\/produkt\/oxidacia-caluanie-muelear\/","title":{"rendered":"Caluanie Muelear Oxid\u00e1cia"},"content":{"rendered":"<p class=\"\" data-start=\"268\" data-end=\"544\"><strong data-start=\"268\" data-end=\"296\">Caluanie Muelear Oxid\u00e1cia<\/strong> je siln\u00fd <strong data-start=\"314\" data-end=\"337\">chemick\u00e9 \u010dinidl\u00e1<\/strong> ktor\u00fd je najzn\u00e1mej\u0161\u00ed svojou schopnos\u0165ou <strong data-start=\"382\" data-end=\"427\">rozlo\u017ei\u0165 pevn\u00e9 kovy a materi\u00e1ly<\/strong>. Je \u0161iroko pou\u017e\u00edvan\u00fd v <strong data-start=\"459\" data-end=\"541\">priemyseln\u00fd sektor, hutn\u00edctvo, laborat\u00f3rny v\u00fdskum a bansk\u00e9 aplik\u00e1cie<\/strong>. caluanie muelear oxide, cena caluanie muelear oxide v USA, caluanie muelear oxide USA, cena caluanie muelear oxide, v\u00fdrobca caluanie muelear oxide v USA, caluanie muelear oxide na predaj<\/p>\n<p class=\"\" data-start=\"546\" data-end=\"822\">T\u00e1to vysoko visk\u00f3zna, jant\u00e1rovo sfarben\u00e1 kvapalina je zn\u00e1ma svojou hlbokou <strong data-start=\"644\" data-end=\"672\">oxida\u010dn\u00e9 vlastnosti<\/strong>. V\u010faka svojmu jedine\u010dn\u00e9mu chemick\u00e9mu zlo\u017eeniu m\u00f4\u017ee Caluanie nap\u00e1da\u0165 molekul\u00e1rne v\u00e4zby v tvrd\u00fdch materi\u00e1loch, \u010d\u00edm ich rob\u00ed m\u00e4k\u0161\u00edmi alebo krehk\u00fdmi.<a href=\"https:\/\/researchchemicalstore.eu\/sk\/obchod\/top-10-research-chemicals\/3-cmc-hcl-vrecko-1gr\/\">3-CMC HCl vrec\u00fa\u0161ko 1g<\/a><\/p>\n<hr class=\"\" data-start=\"824\" data-end=\"827\" \/>\n<h2 class=\"\" data-start=\"829\" data-end=\"862\">\u2699\ufe0f K\u013e\u00fa\u010dov\u00e9 vlastnosti<\/h2>\n<ul data-start=\"864\" data-end=\"1189\">\n<li class=\"\" data-start=\"864\" data-end=\"918\">\n<p class=\"\" data-start=\"866\" data-end=\"918\"><strong data-start=\"866\" data-end=\"885\">Chemick\u00e1 forma:<\/strong> Hust\u00e1, jant\u00e1rov\u00e1 tekutina<\/p>\n<\/li>\n<li class=\"\" data-start=\"919\" data-end=\"1018\">\n<p class=\"\" data-start=\"921\" data-end=\"1018\"><strong data-start=\"921\" data-end=\"943\">Hlavn\u00e9 aplik\u00e1cie:<\/strong> Spracovanie kovov, demol\u00e1cia materi\u00e1lov, \u0165a\u017eba, vedeck\u00fd v\u00fdskum<\/p>\n<\/li>\n<li class=\"\" data-start=\"1019\" data-end=\"1071\">\n<p class=\"\" data-start=\"1021\" data-end=\"1071\"><strong data-start=\"1021\" data-end=\"1038\">Reaktivita:<\/strong> Ve\u013emi siln\u00e9 oxida\u010dn\u00e9 \u010dinidlo<\/p>\n<\/li>\n<li class=\"\" data-start=\"1072\" data-end=\"1129\">\n<p class=\"\" data-start=\"1074\" data-end=\"1129\"><strong data-start=\"1074\" data-end=\"1085\">Nebezpe\u010denstvo:<\/strong> \u017dierav\u00e9 a \u0161kodliv\u00e9 pri nespr\u00e1vnom pou\u017eit\u00ed<\/p>\n<\/li>\n<li class=\"\" data-start=\"1130\" data-end=\"1189\">\n<p class=\"\" data-start=\"1132\" data-end=\"1189\"><strong data-start=\"1132\" data-end=\"1147\">Balenie:<\/strong> Vzduchotesn\u00e9 a nepriepustn\u00e9, bezpe\u010dn\u00e9 na prepravu, <a href=\"https:\/\/researchchemicalstore.eu\/sk\/obchod\/vahy\/digitalna-bio-mini-vaha-20g-x-0-001g\/\">Digit\u00e1lna bio mini v\u00e1ha \u2013 20g x 0,001g<\/a><\/p>\n<\/li>\n<\/ul>\n<hr class=\"\" data-start=\"1191\" data-end=\"1194\" \/>\n<h2 class=\"\" data-start=\"1196\" data-end=\"1243\">\ud83d\udcbc Aplik\u00e1cie Caluanie Muelear Oxidize<\/h2>\n<h3 class=\"\" data-start=\"1245\" data-end=\"1287\">1. <strong data-start=\"1252\" data-end=\"1285\">Spracovanie a recykl\u00e1cia kovov<\/strong><\/h3>\n<p class=\"\" data-start=\"1288\" data-end=\"1468\">Caluanie sa pou\u017e\u00edva na odstra\u0148ovanie tvrd\u00fdch kovov, ako je \u017eelezo a oce\u013e <strong data-start=\"1349\" data-end=\"1386\">zm\u00e4k\u010di\u0165 alebo oslabi\u0165<\/strong>, \u010do zna\u010dne u\u013eah\u010duje proces spracovania bez pou\u017eitia \u0165a\u017ek\u00e9ho vybavenia. <a href=\"https:\/\/researchchemicalstore.eu\/sk\/obchod\/top-10-research-chemicals\/posobenie-pyrazolamu\/\">Pyrazolam 2,5 MG pelety<\/a><\/p>\n<h3 class=\"\" data-start=\"1470\" data-end=\"1514\">2. <strong data-start=\"1477\" data-end=\"1512\">\u0164a\u017eba a \u0165a\u017eba drah\u00fdch kovov<\/strong><\/h3>\n<p class=\"\" data-start=\"1515\" data-end=\"1665\">V mal\u00fdch bansk\u00fdch prev\u00e1dzkach sa Caluanie pou\u017e\u00edva na <strong data-start=\"1570\" data-end=\"1593\">rozbi\u0165 rudy<\/strong> a efekt\u00edvnej\u0161ie extrahova\u0165 cenn\u00e9 kovy, ako je zlato alebo platina.<\/p>\n<h3 class=\"\" data-start=\"1667\" data-end=\"1701\">3. <strong data-start=\"1674\" data-end=\"1699\">Laborat\u00f3rny v\u00fdskum<\/strong><\/h3>\n<p class=\"\" data-start=\"1702\" data-end=\"1834\">Vo v\u00fdskumn\u00fdch in\u0161tit\u00faci\u00e1ch sa pou\u017e\u00edva na <strong data-start=\"1752\" data-end=\"1779\">testy degrad\u00e1cie materi\u00e1lu<\/strong> a <strong data-start=\"1783\" data-end=\"1802\">oxida\u010dn\u00e9 \u0161t\u00fadie<\/strong> v ch\u00e9mii a materi\u00e1lov\u00fdch ved\u00e1ch.<\/p>\n<h3 class=\"\" data-start=\"1836\" data-end=\"1872\">4. <strong data-start=\"1843\" data-end=\"1870\">Spracovanie farieb a \u017eiv\u00edc<\/strong><\/h3>\n<p class=\"\" data-start=\"1873\" data-end=\"2033\">V ni\u017e\u0161\u00edch koncentr\u00e1ci\u00e1ch sa Caluanie m\u00f4\u017ee pou\u017ei\u0165 na <strong data-start=\"1935\" data-end=\"1975\">odstra\u0148ovanie priemyseln\u00fdch n\u00e1terov<\/strong>, \u017eivicov\u00e9 vrstvy alebo polym\u00e9ry v \u0161pecializovan\u00fdch aplik\u00e1ci\u00e1ch.<\/p>\n<hr class=\"\" data-start=\"2035\" data-end=\"2038\" \/>\n<h2 class=\"\" data-start=\"2040\" data-end=\"2068\">\u26a0\ufe0f Bezpe\u010dnostn\u00e9 opatrenia<\/h2>\n<p class=\"\" data-start=\"2070\" data-end=\"2185\">Caluanie Muelear Oxidize je <strong data-start=\"2102\" data-end=\"2132\">koroz\u00edvna a reakt\u00edvna l\u00e1tka<\/strong>. Pou\u017eitie vy\u017eaduje pr\u00edsne bezpe\u010dnostn\u00e9 protokoly:<\/p>\n<ul data-start=\"2187\" data-end=\"2535\">\n<li class=\"\" data-start=\"2187\" data-end=\"2261\">\n<p class=\"\" data-start=\"2189\" data-end=\"2261\">V\u017edy noste <strong data-start=\"2202\" data-end=\"2259\">rukavice, ochrann\u00e9 okuliare a ochrann\u00fd odev<\/strong><\/p>\n<\/li>\n<li class=\"\" data-start=\"2262\" data-end=\"2334\">\n<p class=\"\" data-start=\"2264\" data-end=\"2334\">Pou\u017e\u00edvajte iba v dobre vetran\u00fdch priestoroch alebo pod digestorom.<\/p>\n<\/li>\n<li class=\"\" data-start=\"2335\" data-end=\"2397\">\n<p class=\"\" data-start=\"2337\" data-end=\"2397\">Nemie\u0161ajte s in\u00fdmi chemik\u00e1liami, pokia\u013e nie s\u00fa \u0161peci\u00e1lne testovan\u00e9.<\/p>\n<\/li>\n<li class=\"\" data-start=\"2398\" data-end=\"2454\">\n<p class=\"\" data-start=\"2400\" data-end=\"2454\">Uchov\u00e1vajte mimo dosahu det\u00ed a neopr\u00e1vnen\u00fdch os\u00f4b<\/p>\n<\/li>\n<li class=\"\" data-start=\"2455\" data-end=\"2535\">\n<p class=\"\" data-start=\"2457\" data-end=\"2535\">Skladujte na chladnom, suchom a bezpe\u010dnom mieste v chemicky odolnom obale <a href=\"https:\/\/researchchemicalstore.eu\/sk\/obchod\/vahy\/digitalna-mini-vaha-na-nadrz-20g-x-0-001g\/\">Mini v\u00e1ha digit\u00e1lneho tanku \u2013 20 g x 0,001 g<\/a><\/p>\n<\/li>\n<\/ul>\n<hr class=\"\" data-start=\"2537\" data-end=\"2540\" \/>\n<h2 class=\"\" data-start=\"2542\" data-end=\"2601\">\u2705 Pre\u010do nakupova\u0165 Caluanie od spo\u013eahliv\u00e9ho dod\u00e1vate\u013ea?<\/h2>\n<p class=\"\" data-start=\"2603\" data-end=\"2729\">Ak h\u013ead\u00e1te <strong data-start=\"2628\" data-end=\"2671\">\u010dist\u00e1, priemyseln\u00e1 kvalita Caluanie<\/strong>, potom je nevyhnutn\u00e9 nakupova\u0165 od dod\u00e1vate\u013ea, ktor\u00fd:<\/p>\n<ul data-start=\"2731\" data-end=\"2973\">\n<li class=\"\" data-start=\"2731\" data-end=\"2793\">\n<p class=\"\" data-start=\"2733\" data-end=\"2793\"><strong data-start=\"2733\" data-end=\"2755\">Laborat\u00f3rne testy<\/strong> a pon\u00faka certifik\u00e1ty \u010distoty<\/p>\n<\/li>\n<li class=\"\" data-start=\"2794\" data-end=\"2843\">\n<p class=\"\" data-start=\"2796\" data-end=\"2843\"><strong data-start=\"2796\" data-end=\"2830\">Bezpe\u010dn\u00e9 a diskr\u00e9tne balenie<\/strong> z\u00e1ruky<\/p>\n<\/li>\n<li class=\"\" data-start=\"2844\" data-end=\"2908\">\n<p class=\"\" data-start=\"2846\" data-end=\"2908\"><strong data-start=\"2846\" data-end=\"2877\">R\u00fdchla a poisten\u00e1 preprava<\/strong> v r\u00e1mci Eur\u00f3py to umo\u017e\u0148uje<\/p>\n<\/li>\n<li class=\"\" data-start=\"2909\" data-end=\"2973\">\n<p class=\"\" data-start=\"2911\" data-end=\"2973\"><strong data-start=\"2911\" data-end=\"2939\">Technick\u00e1 podpora<\/strong> ponuky v pou\u017e\u00edvan\u00ed a aplik\u00e1cie<\/p>\n<\/li>\n<\/ul>\n<hr class=\"\" data-start=\"2975\" data-end=\"2978\" \/>\n<h2 class=\"\" data-start=\"2980\" data-end=\"2995\">\ud83d\udd1a Z\u00e1ver<\/h2>\n<p class=\"\" data-start=\"2997\" data-end=\"3265\"><strong data-start=\"2997\" data-end=\"3025\">Caluanie Muelear Oxid\u00e1cia<\/strong> je jedine\u010dn\u00e1 a \u00fa\u010dinn\u00e1 kvapalina so \u0161irokou \u0161k\u00e1lou priemyseln\u00fdch a vedeck\u00fdch aplik\u00e1ci\u00ed. Pri spr\u00e1vnom a zodpovednom pou\u017e\u00edvan\u00ed m\u00f4\u017ee v\u00fdrazne zv\u00fd\u0161i\u0165 efektivitu spracovania materi\u00e1lov a obr\u00e1bania kovov.<\/p>\n<p class=\"\" data-start=\"3267\" data-end=\"3398\">Pre profesion\u00e1lov v <strong data-start=\"3289\" data-end=\"3322\">ch\u00e9mia, ban\u00edctvo alebo recykl\u00e1cia<\/strong> Je Caluanie cenn\u00fdm n\u00e1strojom vo v\u00fdskumnom alebo v\u00fdrobnom procese? <a href=\"https:\/\/researchchemicalstore.eu\/sk\/obchod\/vahy\/digitalna-cs-vaha-100g-x-0-01g\/\">Digit\u00e1lna CS v\u00e1ha \u2013 100 g x 0,01 g<\/a><\/p>","protected":false},"excerpt":{"rendered":"<p>Caluanie Muelear Oxidize je siln\u00e9 chemick\u00e9 \u010dinidlo, ktor\u00e9 je najzn\u00e1mej\u0161ie svojou schopnos\u0165ou oxidova\u0165 siln\u00e9 kovy a materi\u00e1ly.<\/p>","protected":false},"featured_media":28749,"comment_status":"open","ping_status":"closed","template":"","meta":[],"product_brand":[],"product_cat":[1085],"product_tag":[905,897,904,902,903,901,906,900,907,898,899],"class_list":{"0":"post-26112","1":"product","2":"type-product","3":"status-publish","4":"has-post-thumbnail","6":"product_cat-okategoriserad","7":"product_tag-buy-caluanie-muelear-oxidize-online","8":"product_tag-caluanie-muelear-oxidize","9":"product_tag-caluanie-muelear-oxidize-deutschland","10":"product_tag-caluanie-muelear-oxidize-for-sale","11":"product_tag-caluanie-muelear-oxidize-kaufen","12":"product_tag-caluanie-muelear-oxidize-manufacturer-in-usa","13":"product_tag-caluanie-muelear-oxidize-pasteurize","14":"product_tag-caluanie-muelear-oxidize-price","15":"product_tag-caluanie-muelear-oxidize-price-in-india","16":"product_tag-caluanie-muelear-oxidize-price-in-usa","17":"product_tag-caluanie-muelear-oxidize-usa","19":"first","20":"instock","21":"taxable","22":"shipping-taxable","23":"purchasable","24":"product-type-simple"},"_links":{"self":[{"href":"https:\/\/researchchemicalstore.eu\/sk\/wp-json\/wp\/v2\/product\/26112","targetHints":{"allow":["GET"]}}],"collection":[{"href":"https:\/\/researchchemicalstore.eu\/sk\/wp-json\/wp\/v2\/product"}],"about":[{"href":"https:\/\/researchchemicalstore.eu\/sk\/wp-json\/wp\/v2\/types\/product"}],"replies":[{"embeddable":true,"href":"https:\/\/researchchemicalstore.eu\/sk\/wp-json\/wp\/v2\/comments?post=26112"}],"version-history":[{"count":2,"href":"https:\/\/researchchemicalstore.eu\/sk\/wp-json\/wp\/v2\/product\/26112\/revisions"}],"predecessor-version":[{"id":26116,"href":"https:\/\/researchchemicalstore.eu\/sk\/wp-json\/wp\/v2\/product\/26112\/revisions\/26116"}],"wp:featuredmedia":[{"embeddable":true,"href":"https:\/\/researchchemicalstore.eu\/sk\/wp-json\/wp\/v2\/media\/28749"}],"wp:attachment":[{"href":"https:\/\/researchchemicalstore.eu\/sk\/wp-json\/wp\/v2\/media?parent=26112"}],"wp:term":[{"taxonomy":"product_brand","embeddable":true,"href":"https:\/\/researchchemicalstore.eu\/sk\/wp-json\/wp\/v2\/product_brand?post=26112"},{"taxonomy":"product_cat","embeddable":true,"href":"https:\/\/researchchemicalstore.eu\/sk\/wp-json\/wp\/v2\/product_cat?post=26112"},{"taxonomy":"product_tag","embeddable":true,"href":"https:\/\/researchchemicalstore.eu\/sk\/wp-json\/wp\/v2\/product_tag?post=26112"}],"curies":[{"name":"pracovn\u00fd list","href":"https:\/\/api.w.org\/{rel}","templated":true}]}}