{"id":27458,"date":"2025-09-02T16:57:33","date_gmt":"2025-09-02T16:57:33","guid":{"rendered":"https:\/\/researchchemicalstore.eu\/?post_type=product&#038;p=27458"},"modified":"2025-10-18T14:04:54","modified_gmt":"2025-10-18T14:04:54","slug":"benzokainovy-prasok-%e2%89%a599-0","status":"publish","type":"product","link":"https:\/\/researchchemicalstore.eu\/sk\/produkt\/benzokainovy-prasok-%e2%89%a599-0\/","title":{"rendered":"Benzoka\u00ednov\u00fd pr\u00e1\u0161ok \u226599,0%"},"content":{"rendered":"<p data-start=\"433\" data-end=\"736\">N\u00e1s <strong data-start=\"437\" data-end=\"465\">Benzoka\u00ednov\u00fd pr\u00e1\u0161ok \u226599,0%<\/strong> je ultra\u010dist\u00e1, vysokokvalitn\u00e1 surovina \u0161iroko pou\u017e\u00edvan\u00e1 vo farmaceutick\u00fdch, kozmetick\u00fdch a priemyseln\u00fdch aplik\u00e1ci\u00e1ch. V\u010faka svojej vynikaj\u00facej kvalite a \u010distote tento produkt sp\u013a\u0148a najpr\u00edsnej\u0161ie normy a je vhodn\u00fd na \u0161irok\u00fa \u0161k\u00e1lu \u00fa\u010delov.<\/p>\n<p data-start=\"738\" data-end=\"768\"><strong data-start=\"738\" data-end=\"766\">K\u013e\u00fa\u010dov\u00e9 vlastnosti:<\/strong><\/p>\n<ul data-start=\"769\" data-end=\"1018\">\n<li data-start=\"769\" data-end=\"791\">\n<p data-start=\"771\" data-end=\"791\">\u010cistota: \u226599,0%<\/p>\n<\/li>\n<li data-start=\"792\" data-end=\"829\">\n<p data-start=\"794\" data-end=\"829\">Forma: Jemn\u00fd biely kry\u0161talick\u00fd pr\u00e1\u0161ok<\/p>\n<\/li>\n<li data-start=\"830\" data-end=\"930\">\n<p data-start=\"832\" data-end=\"930\">Rozpustnos\u0165: \u013dahko rozpustn\u00fd v alkohole a organick\u00fdch rozp\u00fa\u0161\u0165adl\u00e1ch, \u0165a\u017eko rozpustn\u00fd vo vode<\/p>\n<\/li>\n<li data-start=\"931\" data-end=\"954\">\n<p data-start=\"933\" data-end=\"954\">\u010c\u00edslo CAS: 94-09-7<\/p>\n<\/li>\n<li data-start=\"955\" data-end=\"984\">\n<p data-start=\"957\" data-end=\"984\">Molekul\u00e1rny vzorec: C9H11NO2<\/p>\n<\/li>\n<li data-start=\"985\" data-end=\"1018\">\n<p data-start=\"987\" data-end=\"1018\">Molekulov\u00e1 hmotnos\u0165: 165,19 g\/mol<\/p>\n<\/li>\n<\/ul>\n<p data-start=\"1020\" data-end=\"1039\"><strong data-start=\"1020\" data-end=\"1037\">Aplik\u00e1cie:<\/strong><\/p>\n<ul data-start=\"1040\" data-end=\"1298\">\n<li data-start=\"1040\" data-end=\"1132\">\n<p data-start=\"1042\" data-end=\"1132\">Farmaceutick\u00fd priemysel: pou\u017e\u00edva sa ako lok\u00e1lne anestetikum v kr\u00e9moch, g\u00e9loch a sprejoch<\/p>\n<\/li>\n<li data-start=\"1133\" data-end=\"1210\">\n<p data-start=\"1135\" data-end=\"1210\">Kozmetick\u00fd sektor: pou\u017e\u00edva sa v produktoch na do\u010dasn\u00fa \u00fa\u013eavu od bolesti<\/p>\n<\/li>\n<li data-start=\"1211\" data-end=\"1298\">\n<p data-start=\"1213\" data-end=\"1298\">V\u00fdskum a laborat\u00f3ri\u00e1: pou\u017eite\u013en\u00e9 na vedeck\u00e9 a analytick\u00e9 \u00fa\u010dely<\/p>\n<\/li>\n<\/ul>\n<p data-start=\"1300\" data-end=\"1462\"><strong data-start=\"1300\" data-end=\"1325\">\u00dalo\u017eisko a zabezpe\u010denie:<\/strong><br data-start=\"1325\" data-end=\"1328\" \/>V\u00fdrobok skladujte na chladnom a suchom mieste, chr\u00e1nenom pred priamym slne\u010dn\u00fdm \u017eiaren\u00edm a vlhkos\u0165ou. Vhodn\u00e9 len na profesion\u00e1lne pou\u017eitie.<\/p>\n<h1 data-start=\"1469\" data-end=\"1533\"><strong data-start=\"1471\" data-end=\"1531\">\u010casto kladen\u00e9 ot\u00e1zky (FAQ v holand\u010dine + vysvetlenie v angli\u010dtine)<\/strong><\/h1>\n<p data-start=\"1535\" data-end=\"1789\"><strong data-start=\"1535\" data-end=\"1567\">1. \u010co je benzoka\u00ednov\u00fd pr\u00e1\u0161ok?<\/strong><br data-start=\"1567\" data-end=\"1570\" \/>Benzoka\u00edn je lok\u00e1lne anestetikum, ktor\u00e9 sa \u010dasto pou\u017e\u00edva na do\u010dasn\u00e9 zmiernenie bolesti alebo podr\u00e1\u017edenia.<\/p>\n<p data-start=\"1791\" data-end=\"2058\"><strong data-start=\"1791\" data-end=\"1843\">2. Ako sa zvy\u010dajne pou\u017e\u00edva benzoka\u00ednov\u00fd pr\u00e1\u0161ok?<\/strong><br data-start=\"1843\" data-end=\"1846\" \/>Pou\u017e\u00edva sa v kr\u00e9moch, g\u00e9loch, sprejoch a niekedy aj v zdravotn\u00edckych pom\u00f4ckach na zmiernenie bolesti.<\/p>\n<p data-start=\"2060\" data-end=\"2360\"><strong data-start=\"2060\" data-end=\"2107\">3. Je tento produkt vhodn\u00fd na konzum\u00e1ciu?<\/strong><br data-start=\"2107\" data-end=\"2110\" \/>Nie, tento produkt je ur\u010den\u00fd len na profesion\u00e1lne a v\u00fdskumn\u00e9 pou\u017eitie. Nie je vhodn\u00fd na priamu konzum\u00e1ciu.<\/p>\n<p data-start=\"2362\" data-end=\"2596\"><strong data-start=\"2362\" data-end=\"2407\">4. Ako m\u00e1m uchov\u00e1va\u0165 benzoka\u00ednov\u00fd pr\u00e1\u0161ok?<\/strong><br data-start=\"2407\" data-end=\"2410\" \/>Skladujte na chladnom, suchom a tesne uzavretom mieste, mimo dosahu det\u00ed a dom\u00e1cich zvierat.<\/p>\n<p data-start=\"2598\" data-end=\"2816\"><strong data-start=\"2598\" data-end=\"2657\">5. M\u00f4\u017eem si tento produkt objedna\u0165 v malom mno\u017estve?<\/strong><br data-start=\"2657\" data-end=\"2660\" \/>\u00c1no, pon\u00fakame flexibiln\u00e9 objednan\u00e9 mno\u017estv\u00e1 v z\u00e1vislosti od va\u0161ich potrieb.<\/p>\n<p data-start=\"2818\" data-end=\"3078\"><strong data-start=\"2818\" data-end=\"2866\">6. \u010co rob\u00ed tento produkt tak\u00fdm kvalitn\u00fdm?<\/strong><br data-start=\"2866\" data-end=\"2869\" \/>\u010cistota \u226599,0% zais\u0165uje spo\u013eahlivos\u0165 a konzistentn\u00fd v\u00fdkon v r\u00f4znych aplik\u00e1ci\u00e1ch.<\/p>","protected":false},"excerpt":{"rendered":"<p>Ons Benzoca\u00efne Poeder \u226599.0% is een ultrazuivere, hoogwaardige grondstof die veel wordt gebruikt in farmaceutische, cosmetische en industri\u00eble toepassingen. Dankzij<\/p>","protected":false},"featured_media":28738,"comment_status":"open","ping_status":"closed","template":"","meta":[],"product_brand":[],"product_cat":[1085],"product_tag":[],"class_list":{"0":"post-27458","1":"product","2":"type-product","3":"status-publish","4":"has-post-thumbnail","6":"product_cat-okategoriserad","8":"first","9":"instock","10":"taxable","11":"shipping-taxable","12":"purchasable","13":"product-type-variable"},"_links":{"self":[{"href":"https:\/\/researchchemicalstore.eu\/sk\/wp-json\/wp\/v2\/product\/27458","targetHints":{"allow":["GET"]}}],"collection":[{"href":"https:\/\/researchchemicalstore.eu\/sk\/wp-json\/wp\/v2\/product"}],"about":[{"href":"https:\/\/researchchemicalstore.eu\/sk\/wp-json\/wp\/v2\/types\/product"}],"replies":[{"embeddable":true,"href":"https:\/\/researchchemicalstore.eu\/sk\/wp-json\/wp\/v2\/comments?post=27458"}],"version-history":[{"count":2,"href":"https:\/\/researchchemicalstore.eu\/sk\/wp-json\/wp\/v2\/product\/27458\/revisions"}],"predecessor-version":[{"id":27974,"href":"https:\/\/researchchemicalstore.eu\/sk\/wp-json\/wp\/v2\/product\/27458\/revisions\/27974"}],"wp:featuredmedia":[{"embeddable":true,"href":"https:\/\/researchchemicalstore.eu\/sk\/wp-json\/wp\/v2\/media\/28738"}],"wp:attachment":[{"href":"https:\/\/researchchemicalstore.eu\/sk\/wp-json\/wp\/v2\/media?parent=27458"}],"wp:term":[{"taxonomy":"product_brand","embeddable":true,"href":"https:\/\/researchchemicalstore.eu\/sk\/wp-json\/wp\/v2\/product_brand?post=27458"},{"taxonomy":"product_cat","embeddable":true,"href":"https:\/\/researchchemicalstore.eu\/sk\/wp-json\/wp\/v2\/product_cat?post=27458"},{"taxonomy":"product_tag","embeddable":true,"href":"https:\/\/researchchemicalstore.eu\/sk\/wp-json\/wp\/v2\/product_tag?post=27458"}],"curies":[{"name":"pracovn\u00fd list","href":"https:\/\/api.w.org\/{rel}","templated":true}]}}