{"id":23581,"date":"2025-04-13T17:40:01","date_gmt":"2025-04-13T17:40:01","guid":{"rendered":"https:\/\/researchchemicalstore.eu\/?post_type=product&#038;p=23581"},"modified":"2025-10-22T15:31:22","modified_gmt":"2025-10-22T15:31:22","slug":"kupiti-metocin-20-mg-pelete","status":"publish","type":"product","link":"https:\/\/researchchemicalstore.eu\/sl\/izdelek\/kupiti-metocin-20-mg-pelete\/","title":{"rendered":"4-HO-MET 20 mg peleti"},"content":{"rendered":"<h3><span dir=\"auto\" style=\"vertical-align: inherit;\"><span dir=\"auto\" style=\"vertical-align: inherit;\">Kupite Metocin 20 MG pelete (4-hidroksi-N-metil-N-etiltriptamin) \u2013 natan\u010dnost in zanesljivost za znanstvene raziskave<\/span><\/span><\/h3>\n<h4><span dir=\"auto\" style=\"vertical-align: inherit;\"><span dir=\"auto\" style=\"vertical-align: inherit;\">Uvod<\/span><\/span><\/h4>\n<p><span dir=\"auto\" style=\"vertical-align: inherit;\"><span dir=\"auto\" style=\"vertical-align: inherit;\">Metocin, znan tudi kot Metocin, je raziskovalna kemikalija iz dru\u017eine triptaminov. Na\u0161e pelete 4-HO-MET 20 mg zagotavljajo natan\u010dno in standardizirano odmerjanje, idealne za znanstvene poskuse in farmakolo\u0161ke raziskave. Te pelete so izdelane pod strogim nadzorom kakovosti, da se zagotovi doslednost in \u010distost, zaradi \u010desar so primerne za napredne laboratorijske aplikacije.<\/span><\/span><\/p>\n<h4><span dir=\"auto\" style=\"vertical-align: inherit;\"><span dir=\"auto\" style=\"vertical-align: inherit;\">Zna\u010dilnosti izdelka<\/span><\/span><\/h4>\n<ul>\n<li><strong><span dir=\"auto\" style=\"vertical-align: inherit;\"><span dir=\"auto\" style=\"vertical-align: inherit;\">Natan\u010dno odmerjanje<\/span><\/span><\/strong><span dir=\"auto\" style=\"vertical-align: inherit;\"><span dir=\"auto\" style=\"vertical-align: inherit;\"> Vsaka peleta vsebuje natanko 20 mg 4-HO-MET za ponovljive rezultate raziskav.<\/span><\/span><\/li>\n<li><strong><span dir=\"auto\" style=\"vertical-align: inherit;\"><span dir=\"auto\" style=\"vertical-align: inherit;\">Optimalna \u010distost<\/span><\/span><\/strong><span dir=\"auto\" style=\"vertical-align: inherit;\"><span dir=\"auto\" style=\"vertical-align: inherit;\"> Visokokakovostna sinteza z minimalnimi ne\u010disto\u010dami za zanesljive podatke<\/span><\/span><\/li>\n<li><strong><span dir=\"auto\" style=\"vertical-align: inherit;\"><span dir=\"auto\" style=\"vertical-align: inherit;\">Enostavna uporaba<\/span><\/span><\/strong><span dir=\"auto\" style=\"vertical-align: inherit;\"><span dir=\"auto\" style=\"vertical-align: inherit;\"> Peleti poenostavljajo odmerjanje in ravnanje v nadzorovanem raziskovalnem okolju<\/span><\/span><\/li>\n<li><strong><span dir=\"auto\" style=\"vertical-align: inherit;\"><span dir=\"auto\" style=\"vertical-align: inherit;\">Profesionalno pakiranje<\/span><\/span><\/strong><span dir=\"auto\" style=\"vertical-align: inherit;\"><span dir=\"auto\" style=\"vertical-align: inherit;\"> Lahka in nepredu\u0161na embala\u017ea za maksimalno stabilnost in rok uporabnosti.<\/span><\/span><\/li>\n<\/ul>\n<h4><span dir=\"auto\" style=\"vertical-align: inherit;\"><span dir=\"auto\" style=\"vertical-align: inherit;\">Uporaba v raziskavah<\/span><\/span><\/h4>\n<p><span dir=\"auto\" style=\"vertical-align: inherit;\"><span dir=\"auto\" style=\"vertical-align: inherit;\">4-HO-MET se v znanstvenih \u0161tudijah preu\u010duje zaradi njegove strukturne podobnosti z drugimi derivati triptamina. Raziskovalci preu\u010dujejo farmakodinami\u010dne in farmakokineti\u010dne lastnosti te snovi ter morebitne interakcije z nevrotransmiterskimi sistemi. Ta izdelek je namenjen izklju\u010dno za in vitro in predklini\u010dne \u0161tudije ter ni namenjen za uporabo pri ljudeh.<\/span><\/span><\/p>\n<h4><span dir=\"auto\" style=\"vertical-align: inherit;\"><span dir=\"auto\" style=\"vertical-align: inherit;\">Varnostne smernice<\/span><\/span><\/h4>\n<ul>\n<li><strong><span dir=\"auto\" style=\"vertical-align: inherit;\"><span dir=\"auto\" style=\"vertical-align: inherit;\">Samo za znanstvene namene<\/span><\/span><\/strong><span dir=\"auto\" style=\"vertical-align: inherit;\"><span dir=\"auto\" style=\"vertical-align: inherit;\"> Ni primerno za u\u017eivanje, medicinsko ali rekreativno uporabo.<\/span><\/span><\/li>\n<li><strong><span dir=\"auto\" style=\"vertical-align: inherit;\"><span dir=\"auto\" style=\"vertical-align: inherit;\">Varnostni ukrepi<\/span><\/span><\/strong><span dir=\"auto\" style=\"vertical-align: inherit;\"><span dir=\"auto\" style=\"vertical-align: inherit;\"> Pri rokovanju vedno nosite rokavice, laboratorijski pla\u0161\u010d in za\u0161\u010ditna o\u010dala.<\/span><\/span><\/li>\n<li><strong><span dir=\"auto\" style=\"vertical-align: inherit;\"><span dir=\"auto\" style=\"vertical-align: inherit;\">Nasveti za shranjevanje<\/span><\/span><\/strong><span dir=\"auto\" style=\"vertical-align: inherit;\"><span dir=\"auto\" style=\"vertical-align: inherit;\"> Hranite na hladnem in suhem mestu, za\u0161\u010diteno pred svetlobo in izven dosega nepoobla\u0161\u010denih oseb.<\/span><\/span><\/li>\n<\/ul>\n<h4><span dir=\"auto\" style=\"vertical-align: inherit;\"><span dir=\"auto\" style=\"vertical-align: inherit;\">Zakaj izbrati na\u0161e pelete 4-HO-MET?<\/span><\/span><\/h4>\n<p><span dir=\"auto\" style=\"vertical-align: inherit;\"><span dir=\"auto\" style=\"vertical-align: inherit;\">Dobavljamo le visokokakovostne raziskovalne kemikalije z dokumentiranimi specifikacijami in analizami \u0161ar\u017e. Na\u0161e pelete 4-HO-MET so proizvedene v nadzorovanih pogojih, zaradi \u010desar so zanesljiva izbira za akademske in farmacevtske raziskovalce.<\/span><\/span><\/p>\n<h4><span dir=\"auto\" style=\"vertical-align: inherit;\"><span dir=\"auto\" style=\"vertical-align: inherit;\">Naro\u010dite zdaj za natan\u010dne raziskovalne podatke<\/span><\/span><\/h4>\n<p><span dir=\"auto\" style=\"vertical-align: inherit;\"><span dir=\"auto\" style=\"vertical-align: inherit;\">Pove\u010dajte zanesljivost svojih poskusov z na\u0161imi standardiziranimi peleti 4-HO-MET. Za tehni\u010dno podporo ali dodatne informacije se obrnite na na\u0161o ekipo strokovnjakov.<\/span><\/span><\/p>\n<p><strong><span dir=\"auto\" style=\"vertical-align: inherit;\"><span dir=\"auto\" style=\"vertical-align: inherit;\">Pomembno obvestilo<\/span><\/span><\/strong><span dir=\"auto\" style=\"vertical-align: inherit;\"><span dir=\"auto\" style=\"vertical-align: inherit;\"> Ta izdelek je namenjen samo za zakonsko dovoljeno raziskovalno uporabo. Pri nakupu upo\u0161tevajte vse lokalne zakone in predpise. <\/span><\/span><a href=\"http:\/\/google.nl\" target=\"_blank\" rel=\"noopener\"><span dir=\"auto\" style=\"vertical-align: inherit;\"><span dir=\"auto\" style=\"vertical-align: inherit;\">in<\/span><\/span><\/a><span dir=\"auto\" style=\"vertical-align: inherit;\"><span dir=\"auto\" style=\"vertical-align: inherit;\"> uporabo. <\/span><\/span><a href=\"https:\/\/researchchemicalstore.eu\/sl\/trgovina\/iboga-ibogain\/lubje-korenine-iboge\/\"><span dir=\"auto\" style=\"vertical-align: inherit;\"><span dir=\"auto\" style=\"vertical-align: inherit;\">lubje korenine iboge<\/span><\/span><\/a><a href=\"https:\/\/researchchemicalstore.eu\/sl\/trgovina\/iboga-ibogain\/kupiti-ibogain-hcl-na-spletu\/\"><span dir=\"auto\" style=\"vertical-align: inherit;\"><span dir=\"auto\" style=\"vertical-align: inherit;\">kupiti ibogain HCl na spletu<\/span><\/span><\/a><a href=\"https:\/\/researchchemicalstore.eu\/sl\/trgovina\/lisergamidi\/1cp-lsd\/\"><span dir=\"auto\" style=\"vertical-align: inherit;\"><span dir=\"auto\" style=\"vertical-align: inherit;\">1cp lsd <\/span><\/span><\/a><a href=\"https:\/\/researchchemicalstore.eu\/sl\/trgovina\/pellets\/o-dsmt-50-mg-pelete\/\"><span dir=\"auto\" style=\"vertical-align: inherit;\"><span dir=\"auto\" style=\"vertical-align: inherit;\">o-dsmt <\/span><\/span><\/a><a href=\"https:\/\/researchchemicalstore.eu\/sl\/trgovina\/lisergamidi\/1vlsd\/\"><span dir=\"auto\" style=\"vertical-align: inherit;\"><span dir=\"auto\" style=\"vertical-align: inherit;\">1vlsd<\/span><\/span><\/a><\/p>","protected":false},"excerpt":{"rendered":"<h2><span style=\"vertical-align: inherit;\"><span style=\"vertical-align: inherit;\"><span dir=\"auto\" style=\"vertical-align: inherit;\"><span dir=\"auto\" style=\"vertical-align: inherit;\">Lastnosti 4-HO-MET<\/span><\/span><\/span><\/span><\/h2>\n<p><strong><span style=\"vertical-align: inherit;\"><span style=\"vertical-align: inherit;\"><span dir=\"auto\" style=\"vertical-align: inherit;\"><span dir=\"auto\" style=\"vertical-align: inherit;\">Sinonimi<\/span><\/span><\/span><\/span><\/strong><span style=\"vertical-align: inherit;\"><span style=\"vertical-align: inherit;\"><span dir=\"auto\" style=\"vertical-align: inherit;\"><span dir=\"auto\" style=\"vertical-align: inherit;\"> 4-hidroksi-N-metil-N-etiltriptamin; metocin; 3-{2-[etil(metil)amino]etil}-1H-indol-4-ol <\/span><\/span><\/span><\/span><br \/>\n<strong><span style=\"vertical-align: inherit;\"><span style=\"vertical-align: inherit;\"><span dir=\"auto\" style=\"vertical-align: inherit;\"><span dir=\"auto\" style=\"vertical-align: inherit;\">\u0160tevilka CAS<\/span><\/span><\/span><\/span><\/strong><span style=\"vertical-align: inherit;\"><span style=\"vertical-align: inherit;\"><span dir=\"auto\" style=\"vertical-align: inherit;\"><span dir=\"auto\" style=\"vertical-align: inherit;\"> : 77872-41-4 <\/span><\/span><\/span><\/span><br \/>\n<strong><span style=\"vertical-align: inherit;\"><span style=\"vertical-align: inherit;\"><span dir=\"auto\" style=\"vertical-align: inherit;\"><span dir=\"auto\" style=\"vertical-align: inherit;\">Formula<\/span><\/span><\/span><\/span><\/strong><span style=\"vertical-align: inherit;\"><span style=\"vertical-align: inherit;\"><span dir=\"auto\" style=\"vertical-align: inherit;\"><span dir=\"auto\" style=\"vertical-align: inherit;\"> C13H18N2O <\/span><\/span><\/span><\/span><br \/>\n<strong><span style=\"vertical-align: inherit;\"><span style=\"vertical-align: inherit;\"><span dir=\"auto\" style=\"vertical-align: inherit;\"><span dir=\"auto\" style=\"vertical-align: inherit;\">Molska masa<\/span><\/span><\/span><\/span><\/strong><span style=\"vertical-align: inherit;\"><span style=\"vertical-align: inherit;\"><span dir=\"auto\" style=\"vertical-align: inherit;\"><span dir=\"auto\" style=\"vertical-align: inherit;\"> : 218,3 g\/mol <\/span><\/span><\/span><\/span><br \/>\n<strong><span style=\"vertical-align: inherit;\"><span style=\"vertical-align: inherit;\"><span dir=\"auto\" style=\"vertical-align: inherit;\"><span dir=\"auto\" style=\"vertical-align: inherit;\">\u010cistost<\/span><\/span><\/span><\/span><\/strong><span style=\"vertical-align: inherit;\"><span style=\"vertical-align: inherit;\"><span dir=\"auto\" style=\"vertical-align: inherit;\"><span dir=\"auto\" style=\"vertical-align: inherit;\"> : \u226598%<\/span><\/span><\/span><\/span><\/p>","protected":false},"featured_media":28704,"comment_status":"closed","ping_status":"closed","template":"","meta":[],"product_brand":[82],"product_cat":[382,403,324,381],"product_tag":[658,636,635,326],"class_list":{"0":"post-23581","1":"product","2":"type-product","3":"status-publish","4":"has-post-thumbnail","6":"product_brand-research-chemical","7":"product_cat-4-ho-met","8":"product_cat-4-ho-met-pellets","9":"product_cat-pellets-for-pellet","10":"product_cat-tryptamines","11":"product_tag-4-ho-met","12":"product_tag-metocin","13":"product_tag-metocin-kopen","14":"product_tag-nl","16":"first","17":"instock","18":"taxable","19":"shipping-taxable","20":"purchasable","21":"product-type-variable"},"_links":{"self":[{"href":"https:\/\/researchchemicalstore.eu\/sl\/wp-json\/wp\/v2\/product\/23581","targetHints":{"allow":["GET"]}}],"collection":[{"href":"https:\/\/researchchemicalstore.eu\/sl\/wp-json\/wp\/v2\/product"}],"about":[{"href":"https:\/\/researchchemicalstore.eu\/sl\/wp-json\/wp\/v2\/types\/product"}],"replies":[{"embeddable":true,"href":"https:\/\/researchchemicalstore.eu\/sl\/wp-json\/wp\/v2\/comments?post=23581"}],"version-history":[{"count":5,"href":"https:\/\/researchchemicalstore.eu\/sl\/wp-json\/wp\/v2\/product\/23581\/revisions"}],"predecessor-version":[{"id":28066,"href":"https:\/\/researchchemicalstore.eu\/sl\/wp-json\/wp\/v2\/product\/23581\/revisions\/28066"}],"wp:featuredmedia":[{"embeddable":true,"href":"https:\/\/researchchemicalstore.eu\/sl\/wp-json\/wp\/v2\/media\/28704"}],"wp:attachment":[{"href":"https:\/\/researchchemicalstore.eu\/sl\/wp-json\/wp\/v2\/media?parent=23581"}],"wp:term":[{"taxonomy":"product_brand","embeddable":true,"href":"https:\/\/researchchemicalstore.eu\/sl\/wp-json\/wp\/v2\/product_brand?post=23581"},{"taxonomy":"product_cat","embeddable":true,"href":"https:\/\/researchchemicalstore.eu\/sl\/wp-json\/wp\/v2\/product_cat?post=23581"},{"taxonomy":"product_tag","embeddable":true,"href":"https:\/\/researchchemicalstore.eu\/sl\/wp-json\/wp\/v2\/product_tag?post=23581"}],"curies":[{"name":"delovni list","href":"https:\/\/api.w.org\/{rel}","templated":true}]}}