{"id":23975,"date":"2025-04-13T17:40:48","date_gmt":"2025-04-13T17:40:48","guid":{"rendered":"https:\/\/researchchemicalstore.eu\/?post_type=product&#038;p=23975"},"modified":"2025-10-22T11:04:38","modified_gmt":"2025-10-22T11:04:38","slug":"2-mmc-peleta","status":"publish","type":"product","link":"https:\/\/researchchemicalstore.eu\/sl\/izdelek\/2-mmc-peleta\/","title":{"rendered":"2-MMC 220 mg peleti"},"content":{"rendered":"<h2><strong>2-MMC <\/strong><strong>peleti, <\/strong><strong>220 mg peleti<\/strong><\/h2>\n<p>Te pelete vsebujejo 220 mg 2-MMC.<\/p>\n<p>Peleti 2-MMC so snov, ki jo prodajamo le v raziskovalne namene in zato niso namenjeni za u\u017eivanje ljudi. 2-MMC je mogo\u010de raziskovati do dve leti, \u010de je shranjen v ustreznem okolju.<a title=\"MEAI\" href=\"https:\/\/researchchemicalstore.eu\/sl\/trgovina\/drugo\/meai\/\" target=\"_blank\" rel=\"noopener\">MEAI<\/a><\/p>\n<p>Ker je 2-MMC namenjen samo za raziskovalne namene in ne za u\u017eivanje, je pomembno, da 2-MMC hranite izven dosega otrok in hi\u0161nih ljubljen\u010dkov.<a title=\"6-CL-ADBA\" href=\"https:\/\/researchchemicalstore.eu\/sl\/trgovina\/skoraj-prepovedano\/6-cl-adba\/\" target=\"_blank\" rel=\"noopener\">6-CL-ADBA<\/a><\/p>\n<p>Ponujamo visokokakovostne raziskovalne kemikalije po po\u0161teni ceni. Va\u0161e naro\u010dilo bo odposlano v 24 urah vsak dan. Naro\u010dite 2-MMC varno in hitro.<a title=\"2C-EF 2 mg kapsule\" href=\"https:\/\/researchchemicalstore.eu\/sl\/trgovina\/fenetilamin\/2c-ef-2-mg-kapsule\/\" target=\"_blank\" rel=\"noopener\">2C-EF 2 mg kapsule<\/a><\/p>\n<h2>Lastnosti 2-MMC<\/h2>\n<p><strong>\u0160tevilka CAS<\/strong>: 1246911-71-6<br \/>\n<strong>Formula<\/strong>C11h15NO \u2022 HCl<br \/>\n<strong>Molska masa<\/strong>: 177.247<br \/>\n<strong>\u010cistost<\/strong>: \u226599%<\/p>\n<h3>Izjava o nevarnosti<\/h3>\n<p>2-MMC lahko povzro\u010di dra\u017eenje dihalnih poti<br \/>\n2-MMC lahko povzro\u010di dra\u017eenje o\u010di.<br \/>\nIzpu\u0161\u010danje raziskovalnih kemikalij v okolje je prepovedano.<a title=\"6-CL-ADBA\" href=\"https:\/\/researchchemicalstore.eu\/sl\/trgovina\/skoraj-prepovedano\/6-cl-adba\/\" target=\"_blank\" rel=\"noopener\">6-CL-ADBA<\/a><\/p>\n<p>2-MMC V O\u010cIH: O\u010di ne\u017eno izpirajte z vodo pet minut. Odstranite kontaktne le\u010de, \u010de jih imate in \u010de to lahko storite brez te\u017eav.<\/p>\n<p>2-MMC V STIKU S KO\u017dO: Ko\u017eo umijte z milom in vodo.<\/p>\n<p>PO VDIHAVANJU 2-MMC: Odnesite \u017ertev <a href=\"http:\/\/google.nl\" target=\"_blank\" rel=\"noopener\">v<\/a> sve\u017e zrak in naj \u017ertev stoji v polo\u017eaju, ki ji udobno diha.<\/p>","protected":false},"excerpt":{"rendered":"<h2>Lastnosti 2-MMC<\/h2>\n<p><strong>\u0160tevilka CAS<\/strong>: 1246911-71-6<br \/>\n<strong>Formula<\/strong>C11h15NO \u2022 HCl<br \/>\n<strong>Molska masa<\/strong>: 177.247<br \/>\n<strong>\u010cistost<\/strong>: \u226599%<\/p>","protected":false},"featured_media":28603,"comment_status":"closed","ping_status":"closed","template":"","meta":[],"product_brand":[82],"product_cat":[372,463,322,79,324],"product_tag":[83,679,652,678,326],"class_list":{"0":"post-23975","1":"product","2":"type-product","3":"status-publish","4":"has-post-thumbnail","6":"product_brand-research-chemical","7":"product_cat-2-mmc-kopen","8":"product_cat-2-mmc-pellets","9":"product_cat-bijna-verboden","10":"product_cat-cathinonen","11":"product_cat-pellets-for-pellet","12":"product_tag-2-mmc-kopen","13":"product_tag-2-mmc-pellets","14":"product_tag-2-mmc-pellets-kopen","15":"product_tag-2mmc-pellets","16":"product_tag-nl","18":"first","19":"instock","20":"taxable","21":"shipping-taxable","22":"purchasable","23":"product-type-variable"},"_links":{"self":[{"href":"https:\/\/researchchemicalstore.eu\/sl\/wp-json\/wp\/v2\/product\/23975","targetHints":{"allow":["GET"]}}],"collection":[{"href":"https:\/\/researchchemicalstore.eu\/sl\/wp-json\/wp\/v2\/product"}],"about":[{"href":"https:\/\/researchchemicalstore.eu\/sl\/wp-json\/wp\/v2\/types\/product"}],"replies":[{"embeddable":true,"href":"https:\/\/researchchemicalstore.eu\/sl\/wp-json\/wp\/v2\/comments?post=23975"}],"version-history":[{"count":3,"href":"https:\/\/researchchemicalstore.eu\/sl\/wp-json\/wp\/v2\/product\/23975\/revisions"}],"predecessor-version":[{"id":25527,"href":"https:\/\/researchchemicalstore.eu\/sl\/wp-json\/wp\/v2\/product\/23975\/revisions\/25527"}],"wp:featuredmedia":[{"embeddable":true,"href":"https:\/\/researchchemicalstore.eu\/sl\/wp-json\/wp\/v2\/media\/28603"}],"wp:attachment":[{"href":"https:\/\/researchchemicalstore.eu\/sl\/wp-json\/wp\/v2\/media?parent=23975"}],"wp:term":[{"taxonomy":"product_brand","embeddable":true,"href":"https:\/\/researchchemicalstore.eu\/sl\/wp-json\/wp\/v2\/product_brand?post=23975"},{"taxonomy":"product_cat","embeddable":true,"href":"https:\/\/researchchemicalstore.eu\/sl\/wp-json\/wp\/v2\/product_cat?post=23975"},{"taxonomy":"product_tag","embeddable":true,"href":"https:\/\/researchchemicalstore.eu\/sl\/wp-json\/wp\/v2\/product_tag?post=23975"}],"curies":[{"name":"delovni list","href":"https:\/\/api.w.org\/{rel}","templated":true}]}}