{"id":24221,"date":"2025-04-13T17:41:17","date_gmt":"2025-04-13T17:41:17","guid":{"rendered":"https:\/\/researchchemicalstore.eu\/?post_type=product&#038;p=24221"},"modified":"2025-10-21T18:03:04","modified_gmt":"2025-10-21T18:03:04","slug":"kemicna-meglica-noopept-15-mg-prsilo","status":"publish","type":"product","link":"https:\/\/researchchemicalstore.eu\/sl\/izdelek\/kemicna-meglica-noopept-15-mg-prsilo\/","title":{"rendered":"Chem-mist NOOPEPT 1,5 mg sprej, \u017eve\u010dilni gumi"},"content":{"rendered":"<h2><strong><span dir=\"auto\" style=\"vertical-align: inherit;\"><span dir=\"auto\" style=\"vertical-align: inherit;\">Kemi\u010dna meglica NOOPEPT &#039;\u017dve\u010dilni gumi&#039;\u2018<\/span><\/span><\/strong><\/h2>\n<p><span dir=\"auto\" style=\"vertical-align: inherit;\"><span dir=\"auto\" style=\"vertical-align: inherit;\">Najnovej\u0161i in najla\u017eji na\u010din mikrodoziranja z NOOPEPTOM! Ta priro\u010dna \u010drpalka je robustna, vzdr\u017eljiva in se enostavno prilega va\u0161emu \u017eepu. <\/span><\/span><br \/>\n<span dir=\"auto\" style=\"vertical-align: inherit;\"><span dir=\"auto\" style=\"vertical-align: inherit;\">Ta pr\u0161ilo NOOPEPT vsebuje pribli\u017eno 105 miligramov omberacetama. En odmerek zadostuje za ve\u010d kot 70 vpihov po 1,5 mg. Zaradi pove\u010dane biolo\u0161ke uporabnosti je NOOPEPT s tem izdelkom veliko u\u010dinkovitej\u0161i.<\/span><\/span><\/p>\n<p><span dir=\"auto\" style=\"vertical-align: inherit;\"><span dir=\"auto\" style=\"vertical-align: inherit;\">Ta priro\u010dna \u010drpalka je robustna, vzdr\u017eljiva in se enostavno prilega v \u017eep. Ta sprej NOOPEPT vsebuje 105 mg omberacetama. Ta izdelek je izdelan v nizozemskem laboratoriju in je bil pred vklju\u010ditvijo v na\u0161o ponudbo izdelkov temeljito preizku\u0161en.<\/span><\/span><\/p>\n<p><span dir=\"auto\" style=\"vertical-align: inherit;\"><span dir=\"auto\" style=\"vertical-align: inherit;\">Pribli\u017eno 70 razpr\u0161kov po 1,5 mg iz ene stekleni\u010dke! To je pribli\u017eno enako 10\/12 mg pri obi\u010dajni uporabi!<\/span><\/span><\/p>\n<p><strong><span dir=\"auto\" style=\"vertical-align: inherit;\"><span dir=\"auto\" style=\"vertical-align: inherit;\">Sestavine: voda, omberacetam (NOOPEPT, E1520, gumi gumi, natrijev klorid, E339<\/span><\/span><\/strong><\/p>\n<p><span dir=\"auto\" style=\"vertical-align: inherit;\"><span dir=\"auto\" style=\"vertical-align: inherit;\">Ta inovativni izdelek izbolj\u0161a biolo\u0161ko uporabnost in mnogi raziskovalci ugotavljajo, da se s to raziskovalno metodologijo dosegajo bolj\u0161i rezultati.<\/span><\/span><\/p>\n<p><b><span dir=\"auto\" style=\"vertical-align: inherit;\"><span dir=\"auto\" style=\"vertical-align: inherit;\">Kemi\u010dna meglica NOOPEPT sprej<\/span><\/span><\/b><span dir=\"auto\" style=\"vertical-align: inherit;\"><span dir=\"auto\" style=\"vertical-align: inherit;\"> je izdelek, ki ga prodajamo samo za raziskovalne namene in zato ni namenjen za u\u017eivanje ljudi. Ta sprej se lahko uporablja za raziskave vsaj dve leti, \u010de je shranjen pri sobni temperaturi. (Idealno je na hladnem in temnem mestu.) <\/span><\/span><a title=\"6-CL-ADBA\" href=\"https:\/\/researchchemicalstore.eu\/sl\/trgovina\/skoraj-prepovedano\/6-cl-adba\/\" target=\"_blank\" rel=\"noopener\"><span dir=\"auto\" style=\"vertical-align: inherit;\"><span dir=\"auto\" style=\"vertical-align: inherit;\">6-CL-ADBA<\/span><\/span><\/a><\/p>\n<p><span dir=\"auto\" style=\"vertical-align: inherit;\"><span dir=\"auto\" style=\"vertical-align: inherit;\">Ker to <\/span><\/span><b><span dir=\"auto\" style=\"vertical-align: inherit;\"><span dir=\"auto\" style=\"vertical-align: inherit;\">Kemi\u010dna meglica NOOPEPT sprej<\/span><\/span><\/b><span dir=\"auto\" style=\"vertical-align: inherit;\"><span dir=\"auto\" style=\"vertical-align: inherit;\"> Ker je \u010drpalka namenjena samo za raziskovalno uporabo in ni namenjena za u\u017eivanje ljudi, je pomembno, da jo hranite izven dosega otrok in hi\u0161nih ljubljen\u010dkov.<\/span><\/span><\/p>\n<p><span dir=\"auto\" style=\"vertical-align: inherit;\"><span dir=\"auto\" style=\"vertical-align: inherit;\">Ponujamo visokokakovostne raziskovalne kemikalije po po\u0161teni ceni. Va\u0161e naro\u010dilo odpo\u0161ljemo v 24 urah vsak dan. Naro\u010dite svoje razpr\u0161ila Chem-mist varno in hitro na researchchemicalstore.eu! <\/span><\/span><a title=\"2-CMC 250 mg peleti\" href=\"https:\/\/researchchemicalstore.eu\/sl\/trgovina\/katinoni\/kupi-2-cmc\/\" target=\"_blank\" rel=\"noopener\"><span dir=\"auto\" style=\"vertical-align: inherit;\"><span dir=\"auto\" style=\"vertical-align: inherit;\">2-CMC 250 mg peleti<\/span><\/span><\/a><\/p>\n<h2><span dir=\"auto\" style=\"vertical-align: inherit;\"><span dir=\"auto\" style=\"vertical-align: inherit;\">Stavki o nevarnosti<\/span><\/span><\/h2>\n<p><b><span dir=\"auto\" style=\"vertical-align: inherit;\"><span dir=\"auto\" style=\"vertical-align: inherit;\">Kemi\u010dna meglica NOOPEPT sprej<\/span><\/span><\/b><span dir=\"auto\" style=\"vertical-align: inherit;\"><span dir=\"auto\" style=\"vertical-align: inherit;\"> lahko povzro\u010di dra\u017eenje dihalnih poti <\/span><\/span><br \/>\n<b><span dir=\"auto\" style=\"vertical-align: inherit;\"><span dir=\"auto\" style=\"vertical-align: inherit;\">Kemi\u010dna meglica NOOPEPT sprej<\/span><\/span><\/b><span dir=\"auto\" style=\"vertical-align: inherit;\"><span dir=\"auto\" style=\"vertical-align: inherit;\"> lahko povzro\u010di dra\u017eenje o\u010di <\/span><\/span><br \/>\n<span dir=\"auto\" style=\"vertical-align: inherit;\"><span dir=\"auto\" style=\"vertical-align: inherit;\">Izpu\u0161\u010danje raziskovalnih kemikalij v okolje je prepovedano<\/span><\/span><\/p>\n<p><b><span dir=\"auto\" style=\"vertical-align: inherit;\"><span dir=\"auto\" style=\"vertical-align: inherit;\">Kemi\u010dna meglica NOOPEPT sprej.<\/span><\/span><\/b><span dir=\"auto\" style=\"vertical-align: inherit;\"><span dir=\"auto\" style=\"vertical-align: inherit;\"> \u010cE PRIDE V O\u010cI: O\u010di previdno izpirajte z vodo pet minut. Odstranite kontaktne le\u010de, \u010de jih imate in \u010de to lahko storite brez te\u017eav. <\/span><\/span><a title=\"1V-LSD 150 MCG pivniki\" href=\"https:\/\/researchchemicalstore.eu\/sl\/trgovina\/lisergamidi\/1v-lsd-150-mcg-blotters\/\" target=\"_blank\" rel=\"noopener\"><span dir=\"auto\" style=\"vertical-align: inherit;\"><span dir=\"auto\" style=\"vertical-align: inherit;\">1V-LSD 150 MCG pivniki<\/span><\/span><\/a><\/p>\n<p><b><span dir=\"auto\" style=\"vertical-align: inherit;\"><span dir=\"auto\" style=\"vertical-align: inherit;\">Kemi\u010dna meglica NOOPEPT sprej<\/span><\/span><\/b><span dir=\"auto\" style=\"vertical-align: inherit;\"><span dir=\"auto\" style=\"vertical-align: inherit;\"> PRI STIKU S KO\u017dO: Ko\u017eo umijte z milom in vodo.<\/span><\/span><\/p>\n<p><span dir=\"auto\" style=\"vertical-align: inherit;\"><span dir=\"auto\" style=\"vertical-align: inherit;\">PRI VDIHAVANJU <\/span><\/span><b><span dir=\"auto\" style=\"vertical-align: inherit;\"><span dir=\"auto\" style=\"vertical-align: inherit;\">Kemi\u010dna meglica NOOPEPT sprej<\/span><\/span><\/b><span dir=\"auto\" style=\"vertical-align: inherit;\"><span dir=\"auto\" style=\"vertical-align: inherit;\"> : Ponesre\u010denca odnesite na sve\u017e zrak in ga pustite v udobnem polo\u017eaju za dihanje.<\/span><\/span><\/p>","protected":false},"excerpt":{"rendered":"<p>Chem-mist NOOPEPT &#8216;Bubblegum&#8217; The newest and easiest way to microdose with NOOPEPT! This handy pump is sturdy, durable, and fits<\/p>","protected":false},"featured_media":28756,"comment_status":"closed","ping_status":"closed","template":"","meta":[],"product_brand":[82],"product_cat":[471,396,481,480,330],"product_tag":[812,810,811,326,813,814,815,472],"class_list":{"0":"post-24221","1":"product","2":"type-product","3":"status-publish","4":"has-post-thumbnail","6":"product_brand-research-chemical","7":"product_cat-chem-mist-sprays","8":"product_cat-liquid-rcs","9":"product_cat-noopept","10":"product_cat-noopept-sprays","11":"product_cat-nootropics","12":"product_tag-buy-noopept-spray","13":"product_tag-chem-mist-spray","14":"product_tag-chem-mist","15":"product_tag-nl","16":"product_tag-noopept-nasal-spray","17":"product_tag-noopept-nasal-spray-diy","18":"product_tag-noopept-nasal-spray-dosage","19":"product_tag-spring-is-in-the-air","21":"first","22":"instock","23":"taxable","24":"shipping-taxable","25":"purchasable","26":"product-type-variable"},"_links":{"self":[{"href":"https:\/\/researchchemicalstore.eu\/sl\/wp-json\/wp\/v2\/product\/24221","targetHints":{"allow":["GET"]}}],"collection":[{"href":"https:\/\/researchchemicalstore.eu\/sl\/wp-json\/wp\/v2\/product"}],"about":[{"href":"https:\/\/researchchemicalstore.eu\/sl\/wp-json\/wp\/v2\/types\/product"}],"replies":[{"embeddable":true,"href":"https:\/\/researchchemicalstore.eu\/sl\/wp-json\/wp\/v2\/comments?post=24221"}],"version-history":[{"count":5,"href":"https:\/\/researchchemicalstore.eu\/sl\/wp-json\/wp\/v2\/product\/24221\/revisions"}],"predecessor-version":[{"id":28024,"href":"https:\/\/researchchemicalstore.eu\/sl\/wp-json\/wp\/v2\/product\/24221\/revisions\/28024"}],"wp:featuredmedia":[{"embeddable":true,"href":"https:\/\/researchchemicalstore.eu\/sl\/wp-json\/wp\/v2\/media\/28756"}],"wp:attachment":[{"href":"https:\/\/researchchemicalstore.eu\/sl\/wp-json\/wp\/v2\/media?parent=24221"}],"wp:term":[{"taxonomy":"product_brand","embeddable":true,"href":"https:\/\/researchchemicalstore.eu\/sl\/wp-json\/wp\/v2\/product_brand?post=24221"},{"taxonomy":"product_cat","embeddable":true,"href":"https:\/\/researchchemicalstore.eu\/sl\/wp-json\/wp\/v2\/product_cat?post=24221"},{"taxonomy":"product_tag","embeddable":true,"href":"https:\/\/researchchemicalstore.eu\/sl\/wp-json\/wp\/v2\/product_tag?post=24221"}],"curies":[{"name":"delovni list","href":"https:\/\/api.w.org\/{rel}","templated":true}]}}