{"id":24256,"date":"2025-04-13T17:41:21","date_gmt":"2025-04-13T17:41:21","guid":{"rendered":"https:\/\/researchchemicalstore.eu\/?post_type=product&#038;p=24256"},"modified":"2025-10-21T17:42:08","modified_gmt":"2025-10-21T17:42:08","slug":"rc-maxtc-vrecka-s-3-peleti","status":"publish","type":"product","link":"https:\/\/researchchemicalstore.eu\/sl\/izdelek\/rc-maxtc-vrecka-s-3-peleti\/","title":{"rendered":"RC+ MaXTC vre\u010dka 3 pelete"},"content":{"rendered":"<h2><strong>MaXTC 5-MAPB\/4-FMA\/5-MeO-MiPT 75MG\/30MG\/3MG vre\u010dka s 3 peleti<\/strong><\/h2>\n<p>kupi 4 fma, 4 fma, 4-fma,<\/p>\n<ul>\n<li><strong>Maloprodajna embala\u017ea<br \/>\n<\/strong><\/li>\n<li><strong>\u0160tevilo peletov na vre\u010dko: 3<\/strong><\/li>\n<li><strong>Cene ne vklju\u010dujejo DDV za 21%<\/strong><\/li>\n<li><strong>Priporo\u010dena maloprodajna cena: 29,95 \u20ac z DDV<\/strong><\/li>\n<\/ul>\n<p><a href=\"https:\/\/researchchemicalstore.eu\/sl\/trgovina\/lisergamidi\/1cp-lsd-150-mcg\/\">1cP-LSD 150 MCG Art Blotters<\/a><a href=\"https:\/\/researchchemicalstore.eu\/sl\/trgovina\/pellets\/o-dsmt-50-mg-pelete\/\">O-DSMT 50 mg peleti<\/a><a href=\"https:\/\/researchchemicalstore.eu\/sl\/trgovina\/lisergamidi\/1v-lsd-150-mcg-blotters\/\">1V-LSD 150 MCG pivniki<\/a><a href=\"https:\/\/researchchemicalstore.eu\/sl\/trgovina\/katinoni\/kupi-2-cmc\/\">2-CMC 250 mg peleti<\/a><a href=\"https:\/\/researchchemicalstore.eu\/sl\/trgovina\/fenetilamin\/2c-ef-2-mg-kapsule\/\">2C-EF 2 mg kapsule<\/a><\/p>","protected":false},"excerpt":{"rendered":"<p>MaXTC 5-MAPB\/4-FMA\/5-MeO-MiPT 75MG\/30MG\/3MG vre\u010dka s 3 peleti 4 fma nakup, 4 fma, 4-fma, Maloprodajna embala\u017ea \u0160tevilo peletov na vre\u010dko: 3 Cene<\/p>","protected":false},"featured_media":28855,"comment_status":"closed","ping_status":"closed","template":"","meta":[],"product_brand":[],"product_cat":[555],"product_tag":[629,644,326],"class_list":{"0":"post-24256","1":"product","2":"type-product","3":"status-publish","4":"has-post-thumbnail","6":"product_cat-b2b","7":"product_tag-4-fma-kopen","8":"product_tag-4-fma","9":"product_tag-nl","11":"first","12":"instock","13":"taxable","14":"shipping-taxable","15":"purchasable","16":"product-type-variable"},"_links":{"self":[{"href":"https:\/\/researchchemicalstore.eu\/sl\/wp-json\/wp\/v2\/product\/24256","targetHints":{"allow":["GET"]}}],"collection":[{"href":"https:\/\/researchchemicalstore.eu\/sl\/wp-json\/wp\/v2\/product"}],"about":[{"href":"https:\/\/researchchemicalstore.eu\/sl\/wp-json\/wp\/v2\/types\/product"}],"replies":[{"embeddable":true,"href":"https:\/\/researchchemicalstore.eu\/sl\/wp-json\/wp\/v2\/comments?post=24256"}],"version-history":[{"count":2,"href":"https:\/\/researchchemicalstore.eu\/sl\/wp-json\/wp\/v2\/product\/24256\/revisions"}],"predecessor-version":[{"id":25919,"href":"https:\/\/researchchemicalstore.eu\/sl\/wp-json\/wp\/v2\/product\/24256\/revisions\/25919"}],"wp:featuredmedia":[{"embeddable":true,"href":"https:\/\/researchchemicalstore.eu\/sl\/wp-json\/wp\/v2\/media\/28855"}],"wp:attachment":[{"href":"https:\/\/researchchemicalstore.eu\/sl\/wp-json\/wp\/v2\/media?parent=24256"}],"wp:term":[{"taxonomy":"product_brand","embeddable":true,"href":"https:\/\/researchchemicalstore.eu\/sl\/wp-json\/wp\/v2\/product_brand?post=24256"},{"taxonomy":"product_cat","embeddable":true,"href":"https:\/\/researchchemicalstore.eu\/sl\/wp-json\/wp\/v2\/product_cat?post=24256"},{"taxonomy":"product_tag","embeddable":true,"href":"https:\/\/researchchemicalstore.eu\/sl\/wp-json\/wp\/v2\/product_tag?post=24256"}],"curies":[{"name":"delovni list","href":"https:\/\/api.w.org\/{rel}","templated":true}]}}