{"id":26112,"date":"2025-05-01T01:20:16","date_gmt":"2025-05-01T01:20:16","guid":{"rendered":"https:\/\/researchchemicalstore.eu\/?post_type=product&#038;p=26112"},"modified":"2025-10-18T14:26:45","modified_gmt":"2025-10-18T14:26:45","slug":"oksidacija-kaluje","status":"publish","type":"product","link":"https:\/\/researchchemicalstore.eu\/sl\/izdelek\/oksidacija-kaluje\/","title":{"rendered":"Oksidiranje Caluanie Muelear"},"content":{"rendered":"<p class=\"\" data-start=\"268\" data-end=\"544\"><strong data-start=\"268\" data-end=\"296\">Oksidiranje Caluanie Muelear<\/strong> je mo\u010dan <strong data-start=\"314\" data-end=\"337\">kemi\u010dni reagenti<\/strong> ki je najbolj znan po svoji sposobnosti <strong data-start=\"382\" data-end=\"427\">za razgradnjo mo\u010dnih kovin in materialov<\/strong>\u0160iroko se uporablja v <strong data-start=\"459\" data-end=\"541\">industrijski sektor, metalurgija, laboratorijske raziskave in rudarske aplikacije<\/strong>. caluanie muelear oxide, cena caluanie muelear oxide v ZDA, caluanie muelear oxide ZDA, cena caluanie muelear oxide, proizvajalec caluanie muelear oxide v ZDA, caluanie muelear oxide naprodaj<\/p>\n<p class=\"\" data-start=\"546\" data-end=\"822\">Ta visoko viskozna teko\u010dina jantarne barve je znana po svoji globoki <strong data-start=\"644\" data-end=\"672\">oksidativne lastnosti<\/strong>Zaradi svoje edinstvene kemi\u010dne sestave lahko Caluanie napadne molekularne vezi v trdih materialih, zaradi \u010desar so mehkej\u0161i ali krhki.<a href=\"https:\/\/researchchemicalstore.eu\/sl\/trgovina\/top-10-research-chemicals\/3-cmc-hcl\/\">3-CMC HCl vre\u010dka 1 g<\/a><\/p>\n<hr class=\"\" data-start=\"824\" data-end=\"827\" \/>\n<h2 class=\"\" data-start=\"829\" data-end=\"862\">\u2699\ufe0f Klju\u010dne lastnosti<\/h2>\n<ul data-start=\"864\" data-end=\"1189\">\n<li class=\"\" data-start=\"864\" data-end=\"918\">\n<p class=\"\" data-start=\"866\" data-end=\"918\"><strong data-start=\"866\" data-end=\"885\">Kemijska oblika:<\/strong> Gosta, jantarne barve teko\u010dina<\/p>\n<\/li>\n<li class=\"\" data-start=\"919\" data-end=\"1018\">\n<p class=\"\" data-start=\"921\" data-end=\"1018\"><strong data-start=\"921\" data-end=\"943\">Glavne aplikacije:<\/strong> Obdelava kovin, ru\u0161enje materialov, rudarstvo, znanstvene raziskave<\/p>\n<\/li>\n<li class=\"\" data-start=\"1019\" data-end=\"1071\">\n<p class=\"\" data-start=\"1021\" data-end=\"1071\"><strong data-start=\"1021\" data-end=\"1038\">Reaktivnost:<\/strong> Zelo mo\u010dno oksidacijsko sredstvo<\/p>\n<\/li>\n<li class=\"\" data-start=\"1072\" data-end=\"1129\">\n<p class=\"\" data-start=\"1074\" data-end=\"1129\"><strong data-start=\"1074\" data-end=\"1085\">Nevarnost:<\/strong> Jedko in \u0161kodljivo pri nepravilni uporabi<\/p>\n<\/li>\n<li class=\"\" data-start=\"1130\" data-end=\"1189\">\n<p class=\"\" data-start=\"1132\" data-end=\"1189\"><strong data-start=\"1132\" data-end=\"1147\">Embala\u017ea:<\/strong> Zrakotesno in neprepustno, varno za transport, <a href=\"https:\/\/researchchemicalstore.eu\/sl\/trgovina\/tehtnice\/digitalna-bio-mini-tehtnica\/\">Digitalna bio mini tehtnica \u2013 20 g x 0,001 g<\/a><\/p>\n<\/li>\n<\/ul>\n<hr class=\"\" data-start=\"1191\" data-end=\"1194\" \/>\n<h2 class=\"\" data-start=\"1196\" data-end=\"1243\">\ud83d\udcbc Uporaba Caluanie Muelear Oxidize<\/h2>\n<h3 class=\"\" data-start=\"1245\" data-end=\"1287\">1. <strong data-start=\"1252\" data-end=\"1285\">Predelava in recikliranje kovin<\/strong><\/h3>\n<p class=\"\" data-start=\"1288\" data-end=\"1468\">Caluanie se uporablja za odstranjevanje trdih kovin, kot sta \u017eelezo in jeklo <strong data-start=\"1349\" data-end=\"1386\">zmeh\u010dati ali oslabiti<\/strong>, kar bistveno olaj\u0161a postopek obdelave brez uporabe te\u017eke opreme. <a href=\"https:\/\/researchchemicalstore.eu\/sl\/trgovina\/top-10-research-chemicals\/delovanje-pirazolama\/\">Pirazolamin 2,5 mg peleti<\/a><\/p>\n<h3 class=\"\" data-start=\"1470\" data-end=\"1514\">2. <strong data-start=\"1477\" data-end=\"1512\">Rudarstvo in pridobivanje plemenitih kovin<\/strong><\/h3>\n<p class=\"\" data-start=\"1515\" data-end=\"1665\">V majhnih rudarskih obratih se Caluanie uporablja za <strong data-start=\"1570\" data-end=\"1593\">razgraditi rude<\/strong> in u\u010dinkoviteje pridobivati dragocene kovine, kot sta zlato ali platina.<\/p>\n<h3 class=\"\" data-start=\"1667\" data-end=\"1701\">3. <strong data-start=\"1674\" data-end=\"1699\">Laboratorijske raziskave<\/strong><\/h3>\n<p class=\"\" data-start=\"1702\" data-end=\"1834\">V raziskovalnih ustanovah se uporablja za <strong data-start=\"1752\" data-end=\"1779\">testi degradacije materiala<\/strong> in <strong data-start=\"1783\" data-end=\"1802\">\u0161tudije oksidacije<\/strong> v kemiji in znanosti o materialih.<\/p>\n<h3 class=\"\" data-start=\"1836\" data-end=\"1872\">4. <strong data-start=\"1843\" data-end=\"1870\">Predelava barv in smol<\/strong><\/h3>\n<p class=\"\" data-start=\"1873\" data-end=\"2033\">V ni\u017ejih koncentracijah se lahko Caluanie uporablja za <strong data-start=\"1935\" data-end=\"1975\">odstranjevanje industrijskih premazov<\/strong>, plasti smol ali polimerov v specializiranih aplikacijah.<\/p>\n<hr class=\"\" data-start=\"2035\" data-end=\"2038\" \/>\n<h2 class=\"\" data-start=\"2040\" data-end=\"2068\">\u26a0\ufe0f Varnostni ukrepi<\/h2>\n<p class=\"\" data-start=\"2070\" data-end=\"2185\">Caluanie Muelear Oxidize je <strong data-start=\"2102\" data-end=\"2132\">korozivna in reaktivna snov<\/strong>Uporaba zahteva stroge varnostne protokole:<\/p>\n<ul data-start=\"2187\" data-end=\"2535\">\n<li class=\"\" data-start=\"2187\" data-end=\"2261\">\n<p class=\"\" data-start=\"2189\" data-end=\"2261\">Vedno nosite <strong data-start=\"2202\" data-end=\"2259\">rokavice, za\u0161\u010ditna o\u010dala in za\u0161\u010ditna obla\u010dila<\/strong><\/p>\n<\/li>\n<li class=\"\" data-start=\"2262\" data-end=\"2334\">\n<p class=\"\" data-start=\"2264\" data-end=\"2334\">Uporabljajte samo v dobro prezra\u010devanih prostorih ali pod digestorjem.<\/p>\n<\/li>\n<li class=\"\" data-start=\"2335\" data-end=\"2397\">\n<p class=\"\" data-start=\"2337\" data-end=\"2397\">Ne me\u0161ajte z drugimi kemikalijami, razen \u010de je to posebej preizku\u0161eno.<\/p>\n<\/li>\n<li class=\"\" data-start=\"2398\" data-end=\"2454\">\n<p class=\"\" data-start=\"2400\" data-end=\"2454\">Hraniti izven dosega otrok in nepoobla\u0161\u010denih oseb.<\/p>\n<\/li>\n<li class=\"\" data-start=\"2455\" data-end=\"2535\">\n<p class=\"\" data-start=\"2457\" data-end=\"2535\">Hranite na hladnem, suhem in varnem mestu v kemi\u010dno odporni embala\u017ei. <a href=\"https:\/\/researchchemicalstore.eu\/sl\/trgovina\/tehtnice\/digitalna-mini-tehtnica-za-rezervoarje\/\">Digitalna mini tehtnica za rezervoarje \u2013 20 g x 0,001 g<\/a><\/p>\n<\/li>\n<\/ul>\n<hr class=\"\" data-start=\"2537\" data-end=\"2540\" \/>\n<h2 class=\"\" data-start=\"2542\" data-end=\"2601\">\u2705 Zakaj kupiti Caluanie od zanesljivega dobavitelja?<\/h2>\n<p class=\"\" data-start=\"2603\" data-end=\"2729\">\u010ce i\u0161\u010dete <strong data-start=\"2628\" data-end=\"2671\">\u010dista, industrijska kakovost Caluanie<\/strong>, potem je klju\u010dnega pomena kupiti od dobavitelja, ki:<\/p>\n<ul data-start=\"2731\" data-end=\"2973\">\n<li class=\"\" data-start=\"2731\" data-end=\"2793\">\n<p class=\"\" data-start=\"2733\" data-end=\"2793\"><strong data-start=\"2733\" data-end=\"2755\">Laboratorijski testi<\/strong> in ponuja certifikate o \u010distosti<\/p>\n<\/li>\n<li class=\"\" data-start=\"2794\" data-end=\"2843\">\n<p class=\"\" data-start=\"2796\" data-end=\"2843\"><strong data-start=\"2796\" data-end=\"2830\">Varna in diskretna embala\u017ea<\/strong> jamstva<\/p>\n<\/li>\n<li class=\"\" data-start=\"2844\" data-end=\"2908\">\n<p class=\"\" data-start=\"2846\" data-end=\"2908\"><strong data-start=\"2846\" data-end=\"2877\">Hiter in zavarovan prevoz<\/strong> znotraj Evrope mogo\u010de<\/p>\n<\/li>\n<li class=\"\" data-start=\"2909\" data-end=\"2973\">\n<p class=\"\" data-start=\"2911\" data-end=\"2973\"><strong data-start=\"2911\" data-end=\"2939\">Tehni\u010dna podpora<\/strong> ponudbe v uporabi in aplikacije<\/p>\n<\/li>\n<\/ul>\n<hr class=\"\" data-start=\"2975\" data-end=\"2978\" \/>\n<h2 class=\"\" data-start=\"2980\" data-end=\"2995\">\ud83d\udd1a Zaklju\u010dek<\/h2>\n<p class=\"\" data-start=\"2997\" data-end=\"3265\"><strong data-start=\"2997\" data-end=\"3025\">Oksidiranje Caluanie Muelear<\/strong> je edinstvena in mo\u010dna teko\u010dina s \u0161iroko paleto industrijskih in znanstvenih aplikacij. Ob pravilni in odgovorni uporabi lahko znatno pove\u010da u\u010dinkovitost ravnanja z materiali in obdelave kovin.<\/p>\n<p class=\"\" data-start=\"3267\" data-end=\"3398\">Za strokovnjake v <strong data-start=\"3289\" data-end=\"3322\">kemija, rudarstvo ali recikliranje<\/strong> Je Caluanie dragoceno orodje v raziskovalnem ali proizvodnem procesu? <a href=\"https:\/\/researchchemicalstore.eu\/sl\/trgovina\/tehtnice\/digitalna-tehtnica-cs\/\">Digitalna tehtnica CS \u2013 100 g x 0,01 g<\/a><\/p>","protected":false},"excerpt":{"rendered":"<p>Caluanie Muelear Oxidize je mo\u010dan kemi\u010dni reagent, najbolj znan po svoji sposobnosti oksidacije mo\u010dnih kovin in materialov.<\/p>","protected":false},"featured_media":28749,"comment_status":"open","ping_status":"closed","template":"","meta":[],"product_brand":[],"product_cat":[1085],"product_tag":[905,897,904,902,903,901,906,900,907,898,899],"class_list":{"0":"post-26112","1":"product","2":"type-product","3":"status-publish","4":"has-post-thumbnail","6":"product_cat-okategoriserad","7":"product_tag-buy-caluanie-muelear-oxidize-online","8":"product_tag-caluanie-muelear-oxidize","9":"product_tag-caluanie-muelear-oxidize-deutschland","10":"product_tag-caluanie-muelear-oxidize-for-sale","11":"product_tag-caluanie-muelear-oxidize-kaufen","12":"product_tag-caluanie-muelear-oxidize-manufacturer-in-usa","13":"product_tag-caluanie-muelear-oxidize-pasteurize","14":"product_tag-caluanie-muelear-oxidize-price","15":"product_tag-caluanie-muelear-oxidize-price-in-india","16":"product_tag-caluanie-muelear-oxidize-price-in-usa","17":"product_tag-caluanie-muelear-oxidize-usa","19":"first","20":"instock","21":"taxable","22":"shipping-taxable","23":"purchasable","24":"product-type-simple"},"_links":{"self":[{"href":"https:\/\/researchchemicalstore.eu\/sl\/wp-json\/wp\/v2\/product\/26112","targetHints":{"allow":["GET"]}}],"collection":[{"href":"https:\/\/researchchemicalstore.eu\/sl\/wp-json\/wp\/v2\/product"}],"about":[{"href":"https:\/\/researchchemicalstore.eu\/sl\/wp-json\/wp\/v2\/types\/product"}],"replies":[{"embeddable":true,"href":"https:\/\/researchchemicalstore.eu\/sl\/wp-json\/wp\/v2\/comments?post=26112"}],"version-history":[{"count":2,"href":"https:\/\/researchchemicalstore.eu\/sl\/wp-json\/wp\/v2\/product\/26112\/revisions"}],"predecessor-version":[{"id":26116,"href":"https:\/\/researchchemicalstore.eu\/sl\/wp-json\/wp\/v2\/product\/26112\/revisions\/26116"}],"wp:featuredmedia":[{"embeddable":true,"href":"https:\/\/researchchemicalstore.eu\/sl\/wp-json\/wp\/v2\/media\/28749"}],"wp:attachment":[{"href":"https:\/\/researchchemicalstore.eu\/sl\/wp-json\/wp\/v2\/media?parent=26112"}],"wp:term":[{"taxonomy":"product_brand","embeddable":true,"href":"https:\/\/researchchemicalstore.eu\/sl\/wp-json\/wp\/v2\/product_brand?post=26112"},{"taxonomy":"product_cat","embeddable":true,"href":"https:\/\/researchchemicalstore.eu\/sl\/wp-json\/wp\/v2\/product_cat?post=26112"},{"taxonomy":"product_tag","embeddable":true,"href":"https:\/\/researchchemicalstore.eu\/sl\/wp-json\/wp\/v2\/product_tag?post=26112"}],"curies":[{"name":"delovni list","href":"https:\/\/api.w.org\/{rel}","templated":true}]}}