{"id":26119,"date":"2025-05-01T01:31:17","date_gmt":"2025-05-01T01:31:17","guid":{"rendered":"https:\/\/researchchemicalstore.eu\/?post_type=product&#038;p=26119"},"modified":"2025-10-18T13:52:20","modified_gmt":"2025-10-18T13:52:20","slug":"lubje-korenine-iboge","status":"publish","type":"product","link":"https:\/\/researchchemicalstore.eu\/sl\/izdelek\/lubje-korenine-iboge\/","title":{"rendered":"Lubje korenine iboge"},"content":{"rendered":"<h2>Kupite lubje korenine iboge<\/h2>\n<p>Lubje korenine iboge, Na\u0161e lubje korenine iboge, ki je naprodaj, lahko zau\u017eijete neposredno z zau\u017eitjem ali pa ga pred zau\u017eitjem zmeljete v prah korenine iboge, kjer ga lahko zapakirate v kapsule in pogoltnete, da se izognete grenkemu okusu.<\/p>\n<p>Velik odmerek lubja korenine iboge se u\u017eiva kot obred prehoda, manj\u0161e koli\u010dine pa se tradicionalno uporabljajo za zdravilne obrede in lov pri ljudstvu Bwiti. Majhni odmerki lubja korenine iboge, pribli\u017eno 5 gramov, delujejo kot stimulans in afrodiziak, medtem ko se veliki odmerki lubja korenine iboge, pribli\u017eno 10 do 25 gramov, lahko uporabijo za duhovno raziskovanje, psihoterapevtsko zdravljenje, hitro fizi\u010dno razstrupljanje in okrevanje po odvisnosti.<\/p>\n<p>Obetavni rezultati so se pojavili tudi pri zdravljenju \u0161tevilnih drugih stanj, vklju\u010dno s Parkinsonovo boleznijo. \u0160tevilni centri za zdravljenje z ibogo so ugotovili, da je za popoln u\u010dinek potrebno zau\u017eiti preve\u010d lubja korenine iboge.<\/p>\n<div class=\"elementor-element elementor-element-2342a3b elementor-widget elementor-widget-jws_widget_heading\" data-id=\"2342a3b\" data-element_type=\"widget\" data-widget_type=\"jws_widget_heading.default\">\n<div class=\"elementor-widget-container\">\n<div class=\"title-wrapper center\">\n<h2 class=\"title\">Kaj morate vedeti<\/h2>\n<\/div>\n<\/div>\n<\/div>\n<div class=\"elementor-element elementor-element-dd111fd elementor-widget__width-initial elementor-widget elementor-widget-text-editor\" data-id=\"dd111fd\" data-element_type=\"widget\" data-widget_type=\"text-editor.default\">\n<div class=\"elementor-widget-container\">\n<p>U\u017eivanje tako velike koli\u010dine rastlinskega lubja je lahko precej te\u017eavno. Med iniciacijskim obredom Bwiti so med obredom zau\u017eili odmerke do 100 gramov lubja korenine iboge. To je najve\u010dji opa\u017eeni odmerek, razli\u010dni dobavitelji lubja korenine iboge pa imajo razli\u010dna stali\u0161\u010da o natan\u010dnih odmerkih. Tipi\u010den terapevtski odmerek na\u0161ega lubja korenine iboge, ki je naprodaj, se giblje od 5 do 100 gramov, odvisno od osebe in cilja zdravljenja, vendar lahko u\u017eivanje velike koli\u010dine vlaknaste rastlinske snovi, kot je na\u0161 iboga, povzro\u010di slabost pri vsakomur. Lubje korenine iboge v telesu ostane dolgo \u010dasa, v\u010dasih pa traja od 72 ur do enega tedna, da se dokon\u010dno izlo\u010di iz sistema.<a href=\"https:\/\/researchchemicalstore.eu\/sl\/trgovina\/fenetilamin\/2c-ef-2-mg-kapsule\/\">2C-EF 2 mg kapsule<\/a><a href=\"https:\/\/researchchemicalstore.eu\/sl\/trgovina\/katinoni\/kupi-2-cmc\/\">2-CMC 250 mg peleti<\/a><a href=\"https:\/\/researchchemicalstore.eu\/sl\/trgovina\/lisergamidi\/1v-lsd-150-mcg-blotters\/\">1V-LSD 150 MCG pivniki<\/a><a href=\"https:\/\/researchchemicalstore.eu\/sl\/trgovina\/pellets\/o-dsmt-50-mg-pelete\/\">O-DSMT 50 mg peleti<\/a><a href=\"https:\/\/researchchemicalstore.eu\/sl\/trgovina\/lisergamidi\/1cp-lsd-150-mcg\/\">1cP-LSD 150 MCG Art Blotters<\/a><\/p>\n<\/div>\n<\/div>","protected":false},"excerpt":{"rendered":"<p>Kupite lubje korenine iboge, lubje korenine iboge, na\u0161e lubje korenine iboge, ki je naprodaj, se lahko zau\u017eije neposredno z zau\u017eitjem ali<\/p>","protected":false},"featured_media":28800,"comment_status":"closed","ping_status":"closed","template":"","meta":[],"product_brand":[],"product_cat":[908],"product_tag":[914],"class_list":{"0":"post-26119","1":"product","2":"type-product","3":"status-publish","4":"has-post-thumbnail","6":"product_cat-iboga-ibogaine","7":"product_tag-iboga-root-bark","9":"first","10":"instock","11":"taxable","12":"shipping-taxable","13":"purchasable","14":"product-type-variable"},"_links":{"self":[{"href":"https:\/\/researchchemicalstore.eu\/sl\/wp-json\/wp\/v2\/product\/26119","targetHints":{"allow":["GET"]}}],"collection":[{"href":"https:\/\/researchchemicalstore.eu\/sl\/wp-json\/wp\/v2\/product"}],"about":[{"href":"https:\/\/researchchemicalstore.eu\/sl\/wp-json\/wp\/v2\/types\/product"}],"replies":[{"embeddable":true,"href":"https:\/\/researchchemicalstore.eu\/sl\/wp-json\/wp\/v2\/comments?post=26119"}],"version-history":[{"count":3,"href":"https:\/\/researchchemicalstore.eu\/sl\/wp-json\/wp\/v2\/product\/26119\/revisions"}],"predecessor-version":[{"id":26158,"href":"https:\/\/researchchemicalstore.eu\/sl\/wp-json\/wp\/v2\/product\/26119\/revisions\/26158"}],"wp:featuredmedia":[{"embeddable":true,"href":"https:\/\/researchchemicalstore.eu\/sl\/wp-json\/wp\/v2\/media\/28800"}],"wp:attachment":[{"href":"https:\/\/researchchemicalstore.eu\/sl\/wp-json\/wp\/v2\/media?parent=26119"}],"wp:term":[{"taxonomy":"product_brand","embeddable":true,"href":"https:\/\/researchchemicalstore.eu\/sl\/wp-json\/wp\/v2\/product_brand?post=26119"},{"taxonomy":"product_cat","embeddable":true,"href":"https:\/\/researchchemicalstore.eu\/sl\/wp-json\/wp\/v2\/product_cat?post=26119"},{"taxonomy":"product_tag","embeddable":true,"href":"https:\/\/researchchemicalstore.eu\/sl\/wp-json\/wp\/v2\/product_tag?post=26119"}],"curies":[{"name":"delovni list","href":"https:\/\/api.w.org\/{rel}","templated":true}]}}