{"id":9,"date":"2025-02-01T03:51:45","date_gmt":"2025-02-01T03:51:45","guid":{"rendered":"https:\/\/researchchemicalstore.eu\/cart\/"},"modified":"2025-09-27T11:11:40","modified_gmt":"2025-09-27T11:11:40","slug":"vagn","status":"publish","type":"page","link":"https:\/\/researchchemicalstore.eu\/sv\/vagn\/","title":{"rendered":"Vagn"},"content":{"rendered":"<div data-block-name=\"woocommerce\/cart\" class=\"wp-block-woocommerce-cart alignwide is-loading\">\n<div data-block-name=\"woocommerce\/filled-cart-block\" class=\"wp-block-woocommerce-filled-cart-block\">\n<div data-block-name=\"woocommerce\/cart-items-block\" class=\"wp-block-woocommerce-cart-items-block\">\n<div data-block-name=\"woocommerce\/cart-line-items-block\" class=\"wp-block-woocommerce-cart-line-items-block\"><\/div>\n\n\n\n<div data-block-name=\"woocommerce\/cart-cross-sells-block\" class=\"wp-block-woocommerce-cart-cross-sells-block\">\n<h2 class=\"wp-block-heading has-large-font-size\">Du kanske \u00e4r intresserad av\u2026<\/h2>\n\n\n\n<div data-block-name=\"woocommerce\/cart-cross-sells-products-block\" class=\"wp-block-woocommerce-cart-cross-sells-products-block\"><\/div>\n<\/div>\n<\/div>\n\n\n\n<div data-block-name=\"woocommerce\/cart-totals-block\" class=\"wp-block-woocommerce-cart-totals-block\">\n<div data-block-name=\"woocommerce\/cart-order-summary-block\" class=\"wp-block-woocommerce-cart-order-summary-block\">\n<div data-block-name=\"woocommerce\/cart-order-summary-heading-block\" class=\"wp-block-woocommerce-cart-order-summary-heading-block\"><\/div><div data-block-name=\"woocommerce\/cart-order-summary-coupon-form-block\" class=\"wp-block-woocommerce-cart-order-summary-coupon-form-block\"><\/div><div data-block-name=\"woocommerce\/cart-order-summary-totals-block\" class=\"wp-block-woocommerce-cart-order-summary-totals-block\">\n<div data-block-name=\"woocommerce\/cart-order-summary-subtotal-block\" class=\"wp-block-woocommerce-cart-order-summary-subtotal-block\"><\/div>\n<div data-block-name=\"woocommerce\/cart-order-summary-discount-block\" class=\"wp-block-woocommerce-cart-order-summary-discount-block\"><\/div>\n<div data-block-name=\"woocommerce\/cart-order-summary-fee-block\" class=\"wp-block-woocommerce-cart-order-summary-fee-block\"><\/div>\n<div data-block-name=\"woocommerce\/cart-order-summary-shipping-block\" class=\"wp-block-woocommerce-cart-order-summary-shipping-block\"><\/div>\n<div data-block-name=\"woocommerce\/cart-order-summary-taxes-block\" class=\"wp-block-woocommerce-cart-order-summary-taxes-block\"><\/div><\/div>\n<\/div>\n\n\n\n<div data-block-name=\"woocommerce\/cart-express-payment-block\" class=\"wp-block-woocommerce-cart-express-payment-block\"><\/div>\n\n\n\n<div data-block-name=\"woocommerce\/proceed-to-checkout-block\" class=\"wp-block-woocommerce-proceed-to-checkout-block\"><\/div>\n\n\n\n<div data-block-name=\"woocommerce\/cart-accepted-payment-methods-block\" class=\"wp-block-woocommerce-cart-accepted-payment-methods-block\"><\/div>\n<\/div>\n<\/div>\n\n\n\n<div data-block-name=\"woocommerce\/empty-cart-block\" class=\"wp-block-woocommerce-empty-cart-block\">\n<h2 class=\"wp-block-heading has-text-align-center with-empty-cart-icon wc-block-cart__empty-cart__title\">Din varukorg \u00e4r f\u00f6r n\u00e4rvarande tom!<\/h2>\n\n\n\n<hr class=\"wp-block-separator has-alpha-channel-opacity is-style-dots\"\/>\n\n\n\n<h2 class=\"wp-block-heading has-text-align-center\">Nytt i butik<\/h2>\n\n\n<div data-block-name=\"woocommerce\/product-new\" data-columns=\"4\" data-rows=\"1\" class=\"wc-block-grid wp-block-product-new wp-block-woocommerce-product-new wc-block-product-new has-4-columns\"><ul class=\"wc-block-grid__products\"><li class=\"wc-block-grid__product\">\n\t\t\t\t<a href=\"https:\/\/researchchemicalstore.eu\/sv\/produkt\/bromazolam-3-mg-poeder\/\" class=\"wc-block-grid__product-link\">\n\t\t\t\t\t\n\t\t\t\t\t<div class=\"wc-block-grid__product-image\"><img fetchpriority=\"high\" decoding=\"async\" width=\"600\" height=\"600\" src=\"https:\/\/researchchemicalstore.eu\/wp-content\/uploads\/2025\/11\/WhatsApp-Image-2025-11-02-at-10.42.27-AM-600x600.jpeg\" class=\"attachment-woocommerce_thumbnail size-woocommerce_thumbnail\" alt=\"Bromazolam 3 mg powder\" srcset=\"https:\/\/researchchemicalstore.eu\/wp-content\/uploads\/2025\/11\/WhatsApp-Image-2025-11-02-at-10.42.27-AM-600x600.jpeg 600w, https:\/\/researchchemicalstore.eu\/wp-content\/uploads\/2025\/11\/WhatsApp-Image-2025-11-02-at-10.42.27-AM-300x300.jpeg 300w, https:\/\/researchchemicalstore.eu\/wp-content\/uploads\/2025\/11\/WhatsApp-Image-2025-11-02-at-10.42.27-AM-150x150.jpeg 150w, https:\/\/researchchemicalstore.eu\/wp-content\/uploads\/2025\/11\/WhatsApp-Image-2025-11-02-at-10.42.27-AM-12x12.jpeg 12w, https:\/\/researchchemicalstore.eu\/wp-content\/uploads\/2025\/11\/WhatsApp-Image-2025-11-02-at-10.42.27-AM.jpeg 740w\" sizes=\"(max-width: 600px) 100vw, 600px\" title=\"\"><\/div>\n\t\t\t\t\t<div class=\"wc-block-grid__product-title\">Bromazolam 3 mg powder<\/div>\n\t\t\t\t<\/a>\n\t\t\t\t<div class=\"wc-block-grid__product-price price\"><span class=\"woocommerce-Price-amount amount\" aria-hidden=\"true\"><span class=\"woocommerce-Price-currencySymbol\">&euro;<\/span>7.95<\/span> <span aria-hidden=\"true\">\u2013<\/span> <span class=\"woocommerce-Price-amount amount\" aria-hidden=\"true\"><span class=\"woocommerce-Price-currencySymbol\">&euro;<\/span>49.95<\/span><span class=\"screen-reader-text\" data-no-translation=\"\" data-trp-gettext=\"\">Prisintervall: &euro;7.95 till &euro;49.95<\/span><\/div>\n\t\t\t\t\n\t\t\t\t<div class=\"wp-block-button wc-block-grid__product-add-to-cart\"><a href=\"https:\/\/researchchemicalstore.eu\/sv\/produkt\/bromazolam-3-mg-poeder\/\" aria-label=\"V\u00e4lj alternativ f\u00f6r \u201cBromazolam 3 mg powder\u201d\" data-quantity=\"1\" data-product_id=\"28990\" data-product_sku=\"\" data-price=\"7.95\" rel=\"nofollow\" class=\"wp-block-button__link  add_to_cart_button\" data-no-translation=\"\" data-trp-gettext=\"\" data-no-translation-aria-label=\"\">V\u00e4lj alternativ<\/a><\/div>\n\t\t\t<\/li><li class=\"wc-block-grid__product\">\n\t\t\t\t<a href=\"https:\/\/researchchemicalstore.eu\/sv\/produkt\/kop-4mmc\/\" class=\"wc-block-grid__product-link\">\n\t\t\t\t\t\n\t\t\t\t\t<div class=\"wc-block-grid__product-image\"><img decoding=\"async\" width=\"600\" height=\"600\" src=\"https:\/\/researchchemicalstore.eu\/wp-content\/uploads\/2025\/05\/Buy-Mephedrone-600x600.jpg\" class=\"attachment-woocommerce_thumbnail size-woocommerce_thumbnail\" alt=\"K\u00f6p Mefedron (4MMC)\" srcset=\"https:\/\/researchchemicalstore.eu\/wp-content\/uploads\/2025\/05\/Buy-Mephedrone-600x600.jpg 600w, https:\/\/researchchemicalstore.eu\/wp-content\/uploads\/2025\/05\/Buy-Mephedrone-300x300.jpg 300w, https:\/\/researchchemicalstore.eu\/wp-content\/uploads\/2025\/05\/Buy-Mephedrone-150x150.jpg 150w, https:\/\/researchchemicalstore.eu\/wp-content\/uploads\/2025\/05\/Buy-Mephedrone-12x12.jpg 12w, https:\/\/researchchemicalstore.eu\/wp-content\/uploads\/2025\/05\/Buy-Mephedrone.jpg 740w\" sizes=\"(max-width: 600px) 100vw, 600px\" title=\"\"><\/div>\n\t\t\t\t\t<div class=\"wc-block-grid__product-title\">K\u00f6p Mefedron (4MMC)<\/div>\n\t\t\t\t<\/a>\n\t\t\t\t<div class=\"wc-block-grid__product-price price\"><span class=\"woocommerce-Price-amount amount\" aria-hidden=\"true\"><span class=\"woocommerce-Price-currencySymbol\">&euro;<\/span>150.00<\/span> <span aria-hidden=\"true\">\u2013<\/span> <span class=\"woocommerce-Price-amount amount\" aria-hidden=\"true\"><span class=\"woocommerce-Price-currencySymbol\">&euro;<\/span>1,700.00<\/span><span class=\"screen-reader-text\" data-no-translation=\"\" data-trp-gettext=\"\">Prisintervall: &euro;150.00 till &euro;1,700.00<\/span><\/div>\n\t\t\t\t\n\t\t\t\t<div class=\"wp-block-button wc-block-grid__product-add-to-cart\"><a href=\"https:\/\/researchchemicalstore.eu\/sv\/produkt\/kop-4mmc\/\" aria-label=\"V\u00e4lj alternativ f\u00f6r \u201cMephedron kopen ( 4MMC )\u201d\" data-quantity=\"1\" data-product_id=\"27570\" data-product_sku=\"\" data-price=\"150\" rel=\"nofollow\" class=\"wp-block-button__link  add_to_cart_button\" data-no-translation=\"\" data-trp-gettext=\"\" data-no-translation-aria-label=\"\">V\u00e4lj alternativ<\/a><\/div>\n\t\t\t<\/li><li class=\"wc-block-grid__product\">\n\t\t\t\t<a href=\"https:\/\/researchchemicalstore.eu\/sv\/produkt\/bensokainpulver-%e2%89%a599-0\/\" class=\"wc-block-grid__product-link\">\n\t\t\t\t\t\n\t\t\t\t\t<div class=\"wc-block-grid__product-image\"><img decoding=\"async\" width=\"600\" height=\"600\" src=\"https:\/\/researchchemicalstore.eu\/wp-content\/uploads\/2025\/05\/Benzocaine-Powder-600x600.jpg\" class=\"attachment-woocommerce_thumbnail size-woocommerce_thumbnail\" alt=\"Bensokainpulver \u226599.0%\" srcset=\"https:\/\/researchchemicalstore.eu\/wp-content\/uploads\/2025\/05\/Benzocaine-Powder-600x600.jpg 600w, https:\/\/researchchemicalstore.eu\/wp-content\/uploads\/2025\/05\/Benzocaine-Powder-300x300.jpg 300w, https:\/\/researchchemicalstore.eu\/wp-content\/uploads\/2025\/05\/Benzocaine-Powder-150x150.jpg 150w, https:\/\/researchchemicalstore.eu\/wp-content\/uploads\/2025\/05\/Benzocaine-Powder-12x12.jpg 12w, https:\/\/researchchemicalstore.eu\/wp-content\/uploads\/2025\/05\/Benzocaine-Powder.jpg 740w\" sizes=\"(max-width: 600px) 100vw, 600px\" title=\"\"><\/div>\n\t\t\t\t\t<div class=\"wc-block-grid__product-title\">Bensokainpulver \u226599.0%<\/div>\n\t\t\t\t<\/a>\n\t\t\t\t<div class=\"wc-block-grid__product-price price\"><span class=\"woocommerce-Price-amount amount\" aria-hidden=\"true\"><span class=\"woocommerce-Price-currencySymbol\">&euro;<\/span>24.75<\/span> <span aria-hidden=\"true\">\u2013<\/span> <span class=\"woocommerce-Price-amount amount\" aria-hidden=\"true\"><span class=\"woocommerce-Price-currencySymbol\">&euro;<\/span>450.00<\/span><span class=\"screen-reader-text\" data-no-translation=\"\" data-trp-gettext=\"\">Prisintervall: &euro;24.75 till &euro;450.00<\/span><\/div>\n\t\t\t\t\n\t\t\t\t<div class=\"wp-block-button wc-block-grid__product-add-to-cart\"><a href=\"https:\/\/researchchemicalstore.eu\/sv\/produkt\/bensokainpulver-%e2%89%a599-0\/\" aria-label=\"V\u00e4lj alternativ f\u00f6r \u201cBenzocaine Powder \u226599.0%\u201d\" data-quantity=\"1\" data-product_id=\"27458\" data-product_sku=\"\" data-price=\"24.75\" rel=\"nofollow\" class=\"wp-block-button__link  add_to_cart_button\" data-no-translation=\"\" data-trp-gettext=\"\" data-no-translation-aria-label=\"\">V\u00e4lj alternativ<\/a><\/div>\n\t\t\t<\/li><li class=\"wc-block-grid__product\">\n\t\t\t\t<a href=\"https:\/\/researchchemicalstore.eu\/sv\/produkt\/fentanyl\/\" class=\"wc-block-grid__product-link\">\n\t\t\t\t\t\n\t\t\t\t\t<div class=\"wc-block-grid__product-image\"><img loading=\"lazy\" decoding=\"async\" width=\"600\" height=\"600\" src=\"https:\/\/researchchemicalstore.eu\/wp-content\/uploads\/2025\/05\/fentanyl-600x600.jpg\" class=\"attachment-woocommerce_thumbnail size-woocommerce_thumbnail\" alt=\"fentanyl\" srcset=\"https:\/\/researchchemicalstore.eu\/wp-content\/uploads\/2025\/05\/fentanyl-600x600.jpg 600w, https:\/\/researchchemicalstore.eu\/wp-content\/uploads\/2025\/05\/fentanyl-300x300.jpg 300w, https:\/\/researchchemicalstore.eu\/wp-content\/uploads\/2025\/05\/fentanyl-150x150.jpg 150w, https:\/\/researchchemicalstore.eu\/wp-content\/uploads\/2025\/05\/fentanyl-12x12.jpg 12w, https:\/\/researchchemicalstore.eu\/wp-content\/uploads\/2025\/05\/fentanyl.jpg 740w\" sizes=\"(max-width: 600px) 100vw, 600px\" title=\"\"><\/div>\n\t\t\t\t\t<div class=\"wc-block-grid__product-title\">fentanyl<\/div>\n\t\t\t\t<\/a>\n\t\t\t\t<div class=\"wc-block-grid__product-price price\"><span class=\"woocommerce-Price-amount amount\" aria-hidden=\"true\"><span class=\"woocommerce-Price-currencySymbol\">&euro;<\/span>200.00<\/span> <span aria-hidden=\"true\">\u2013<\/span> <span class=\"woocommerce-Price-amount amount\" aria-hidden=\"true\"><span class=\"woocommerce-Price-currencySymbol\">&euro;<\/span>1,750.00<\/span><span class=\"screen-reader-text\" data-no-translation=\"\" data-trp-gettext=\"\">Prisintervall: &euro;200.00 till &euro;1,750.00<\/span><\/div>\n\t\t\t\t\n\t\t\t\t<div class=\"wp-block-button wc-block-grid__product-add-to-cart\"><a href=\"https:\/\/researchchemicalstore.eu\/sv\/produkt\/fentanyl\/\" aria-label=\"V\u00e4lj alternativ f\u00f6r \u201cfentanyl\u201d\" data-quantity=\"1\" data-product_id=\"27449\" data-product_sku=\"\" data-price=\"200\" rel=\"nofollow\" class=\"wp-block-button__link  add_to_cart_button\" data-no-translation=\"\" data-trp-gettext=\"\" data-no-translation-aria-label=\"\">V\u00e4lj alternativ<\/a><\/div>\n\t\t\t<\/li><\/ul><\/div><\/div>\n<\/div>","protected":false},"excerpt":{"rendered":"","protected":false},"author":1,"featured_media":0,"parent":0,"menu_order":0,"comment_status":"closed","ping_status":"closed","template":"","meta":{"footnotes":""},"class_list":["post-9","page","type-page","status-publish","hentry"],"_links":{"self":[{"href":"https:\/\/researchchemicalstore.eu\/sv\/wp-json\/wp\/v2\/pages\/9","targetHints":{"allow":["GET"]}}],"collection":[{"href":"https:\/\/researchchemicalstore.eu\/sv\/wp-json\/wp\/v2\/pages"}],"about":[{"href":"https:\/\/researchchemicalstore.eu\/sv\/wp-json\/wp\/v2\/types\/page"}],"author":[{"embeddable":true,"href":"https:\/\/researchchemicalstore.eu\/sv\/wp-json\/wp\/v2\/users\/1"}],"replies":[{"embeddable":true,"href":"https:\/\/researchchemicalstore.eu\/sv\/wp-json\/wp\/v2\/comments?post=9"}],"version-history":[{"count":1,"href":"https:\/\/researchchemicalstore.eu\/sv\/wp-json\/wp\/v2\/pages\/9\/revisions"}],"predecessor-version":[{"id":15740,"href":"https:\/\/researchchemicalstore.eu\/sv\/wp-json\/wp\/v2\/pages\/9\/revisions\/15740"}],"wp:attachment":[{"href":"https:\/\/researchchemicalstore.eu\/sv\/wp-json\/wp\/v2\/media?parent=9"}],"curies":[{"name":"wp","href":"https:\/\/api.w.org\/{rel}","templated":true}]}}