{"id":23102,"date":"2025-04-13T17:39:10","date_gmt":"2025-04-13T17:39:10","guid":{"rendered":"https:\/\/researchchemicalstore.eu\/?post_type=product&#038;p=23102"},"modified":"2025-10-23T02:59:27","modified_gmt":"2025-10-23T02:59:27","slug":"3-fpm","status":"publish","type":"product","link":"https:\/\/researchchemicalstore.eu\/sv\/produkt\/3-fpm\/","title":{"rendered":"3-FPM (3-fluorofenmetrazin)"},"content":{"rendered":"<h2><strong>3-FPM<\/strong><\/h2>\n<p><strong>3-FPM<\/strong> Detta \u00e4mne s\u00e4ljs uteslutande f\u00f6r forsknings\u00e4ndam\u00e5l och \u00e4r d\u00e4rf\u00f6r inte avsett som m\u00e4nsklig konsumtion. Det tillh\u00f6r gruppen fluorerade \u00e4mnen. 3-FPM levereras i pulverform och kan anv\u00e4ndas f\u00f6r forskning i upp till tv\u00e5 \u00e5r vid f\u00f6rvaring i r\u00e4tt milj\u00f6.<\/p>\n<p>Eftersom 3-FPM endast \u00e4r f\u00f6r forsknings\u00e4ndam\u00e5l och inte f\u00f6r konsumtion, \u00e4r det viktigt att 3-FPM f\u00f6rvaras utom r\u00e4ckh\u00e5ll f\u00f6r barn och husdjur.<a title=\"1V-LSD 150 MCG Blotters\" href=\"https:\/\/researchchemicalstore.eu\/sv\/handla\/lysergamider\/1v-lsd-150-mcg-blotters\/\" target=\"_blank\" rel=\"noopener\">1V-LSD 150 MCG Blotters<\/a><\/p>\n<p>Vi erbjuder h\u00f6gkvalitativa forskningskemikalier till ett rimligt pris. Din best\u00e4llning skickas inom 24 timmar varje dag. Best\u00e4ll 3FPM s\u00e4kert och snabbt via oss!<\/p>\n<h2>3-FPM-egenskaper<\/h2>\n<p><strong>Synonym<\/strong>3-Fluorofenmetrazin<br \/>\n<strong>CAS-nummer<\/strong>: 1803562-83-5<br \/>\n<strong>Formel<\/strong>C11H14FNO \u2022 HCL<br \/>\n<strong>Molmassa<\/strong>: 231,7 g\/mol<br \/>\n<strong>Renhet<\/strong>: \u226598%<\/p>\n<h2>Vad \u00e4r 3-FPM?<\/h2>\n<p>3-FPM (3-Fluorofenmetrazin) \u00e4r ett syntetiskt stimulantia som tillh\u00f6r fenetylaminfamiljen. Det \u00e4r kemiskt likt andra syntetiska stimulantia som amfetamin och metylfenidat, och ger en stimulerande effekt genom att \u00f6ka niv\u00e5erna av dopamin, noradrenalin och serotonin i hj\u00e4rnan.<\/p>\n<p>3-FPM s\u00e4ljs vanligtvis som ett vitt eller benvitt pulver som forskningskemikalie. Dess anv\u00e4ndning \u00e4r olaglig i m\u00e5nga l\u00e4nder och har kopplats till ett flertal fall av allvarliga biverkningar och d\u00f6dsfall.<\/p>\n<p>L\u00e4kemedlet syntetiserades f\u00f6rst i b\u00f6rjan av 1970-talet och anv\u00e4ndes i vetenskaplig forskning f\u00f6r att studera effekterna av stimulantia p\u00e5 hj\u00e4rnan. P\u00e5 grund av dess potential f\u00f6r missbruk \u00e4r l\u00e4kemedlet dock inte godk\u00e4nt f\u00f6r m\u00e4nsklig konsumtion och anv\u00e4nds fr\u00e4mst f\u00f6r vetenskaplig forskning.<\/p>\n<p>Liksom andra stimulantia kan 3-FPM orsaka en rad biverkningar, inklusive \u00f6kad hj\u00e4rtfrekvens och blodtryck, \u00e5ngest, agitation och s\u00f6mnl\u00f6shet. Det \u00e4r viktigt att notera att s\u00e4kerheten och de l\u00e5ngsiktiga effekterna av 3-FPM p\u00e5 m\u00e4nniskors h\u00e4lsa inte \u00e4r v\u00e4l f\u00f6rst\u00e5dda, och dess anv\u00e4ndning rekommenderas inte.<\/p>\n<h2>Hur uppstod 3-FPM?<\/h2>\n<p>Ursprunget till 3-FPM g\u00e5r tillbaka till b\u00f6rjan av 1970-talet, d\u00e5 det f\u00f6rst syntetiserades av ett forskarteam i Tyskland. L\u00e4kemedlet utvecklades som en del av ett f\u00f6rs\u00f6k att skapa nya f\u00f6reningar med stimulerande egenskaper som skulle kunna anv\u00e4ndas f\u00f6r att behandla medicinska tillst\u00e5nd som narkolepsi och ADHD (Attention Deficit Hyperactivity Disorder).<a title=\"6-CL-ADBA\" href=\"https:\/\/researchchemicalstore.eu\/sv\/handla\/nastan-forbjuden\/6-cl-adba\/\" target=\"_blank\" rel=\"noopener\">6-CL-ADBA<\/a><\/p>\n<p>3-FPM \u00e4r ett derivat av fenmetrazin, ett stimulerande medel som vanligtvis anv\u00e4ndes p\u00e5 1960-talet som aptitd\u00e4mpande medel men senare drogs tillbaka p\u00e5 grund av oro f\u00f6r dess beroendeframkallande potential. Forskare trodde att modifiering av fenmetrazins kemiska struktur skulle kunna producera nya f\u00f6reningar med liknande effekter men f\u00e4rre risker.<\/p>\n<p>Efter den initiala syntesen studerades 3-FPM i djurmodeller f\u00f6r att fastst\u00e4lla dess s\u00e4kerhet och effektivitet som en potentiell behandling f\u00f6r ADHD och andra tillst\u00e5nd. L\u00e4kemedlet godk\u00e4ndes dock aldrig f\u00f6r m\u00e4nskligt bruk p\u00e5 grund av oro f\u00f6r missbruk och beroende.<a title=\"2-CMC 250 mg pellets\" href=\"https:\/\/researchchemicalstore.eu\/sv\/handla\/katinoner\/kop-2-cm-2\/\" target=\"_blank\" rel=\"noopener\">2-CMC 250 mg pellets<\/a><\/p>\n<p>Trots avsaknaden av godk\u00e4nnande f\u00f6r m\u00e4nsklig anv\u00e4ndning har 3-FPM blivit popul\u00e4rt de senaste \u00e5ren som forskningskemikalie. Dess s\u00e4kerhet och l\u00e5ngsiktiga effekter p\u00e5 m\u00e4nniskors h\u00e4lsa \u00e4r dock inte v\u00e4l f\u00f6rst\u00e5dda, och dess anv\u00e4ndning f\u00f6r m\u00e4nsklig konsumtion rekommenderas inte.<a title=\"Pink Star-pellets 5-MAPB 70 mg \/ 2-FMA 20 mg \/ 5-MeO-MiPT 2 mg\" href=\"https:\/\/researchchemicalstore.eu\/sv\/handla\/nastan-forbjuden\/rosa-stjarnpellets-5-mapb-70-mg-2-fma-20-mg-5-meo-mipt-2-mg\/\" target=\"_blank\" rel=\"noopener\">Pink Star-pellets 5-MAPB 70 mg \/ 2-FMA 20 mg \/ 5-MeO-MiPT 2 mg<\/a><\/p>\n<h2>Faroangivelser<\/h2>\n<p>3-FPM kan orsaka irritation i luftv\u00e4garna<br \/>\n3-FPM kan orsaka \u00f6gonirritation<br \/>\nDet \u00e4r f\u00f6rbjudet att sl\u00e4ppa ut forskningskemikalier i milj\u00f6n.<\/p>\n<p>3-FPM I \u00d6GONEN: Sk\u00f6lj \u00f6gonen f\u00f6rsiktigt med vatten i fem minuter. Ta ur eventuella kontaktlinser om det g\u00e5r l\u00e4tt.<\/p>\n<p>3-FPM VID HUDKONTAKT: Tv\u00e4tta huden med tv\u00e5l och vatten.<\/p>\n<p>VID INANDNING AV 3-FPM: Flytta personen till frisk luft och se till att andningen \u00e4r bekv\u00e4m. <a title=\"4F-MPH 25 MG-pellets\" href=\"https:\/\/researchchemicalstore.eu\/sv\/handla\/nastan-forbjuden\/4f-mph-25-mg-pellets\/\" target=\"_blank\" rel=\"noopener\">4F-MPH 25 MG-pellets<\/a><\/p>","protected":false},"excerpt":{"rendered":"<p><span style=\"color: #ff6600;\"><strong>Eller letar du efter 3-FPM-pellets? &gt;&gt;<\/strong><\/span><\/p>","protected":false},"featured_media":28616,"comment_status":"closed","ping_status":"closed","template":"","meta":[],"product_brand":[82],"product_cat":[441,322,333],"product_tag":[601,602,326],"class_list":{"0":"post-23102","1":"product","2":"type-product","3":"status-publish","4":"has-post-thumbnail","6":"product_brand-research-chemical","7":"product_cat-3-fpm","8":"product_cat-bijna-verboden","9":"product_cat-gefluoreerden","10":"product_tag-3-fpm","11":"product_tag-fpm-3","12":"product_tag-nl","14":"first","15":"instock","16":"taxable","17":"shipping-taxable","18":"purchasable","19":"product-type-variable"},"_links":{"self":[{"href":"https:\/\/researchchemicalstore.eu\/sv\/wp-json\/wp\/v2\/product\/23102","targetHints":{"allow":["GET"]}}],"collection":[{"href":"https:\/\/researchchemicalstore.eu\/sv\/wp-json\/wp\/v2\/product"}],"about":[{"href":"https:\/\/researchchemicalstore.eu\/sv\/wp-json\/wp\/v2\/types\/product"}],"replies":[{"embeddable":true,"href":"https:\/\/researchchemicalstore.eu\/sv\/wp-json\/wp\/v2\/comments?post=23102"}],"version-history":[{"count":3,"href":"https:\/\/researchchemicalstore.eu\/sv\/wp-json\/wp\/v2\/product\/23102\/revisions"}],"predecessor-version":[{"id":25374,"href":"https:\/\/researchchemicalstore.eu\/sv\/wp-json\/wp\/v2\/product\/23102\/revisions\/25374"}],"wp:featuredmedia":[{"embeddable":true,"href":"https:\/\/researchchemicalstore.eu\/sv\/wp-json\/wp\/v2\/media\/28616"}],"wp:attachment":[{"href":"https:\/\/researchchemicalstore.eu\/sv\/wp-json\/wp\/v2\/media?parent=23102"}],"wp:term":[{"taxonomy":"product_brand","embeddable":true,"href":"https:\/\/researchchemicalstore.eu\/sv\/wp-json\/wp\/v2\/product_brand?post=23102"},{"taxonomy":"product_cat","embeddable":true,"href":"https:\/\/researchchemicalstore.eu\/sv\/wp-json\/wp\/v2\/product_cat?post=23102"},{"taxonomy":"product_tag","embeddable":true,"href":"https:\/\/researchchemicalstore.eu\/sv\/wp-json\/wp\/v2\/product_tag?post=23102"}],"curies":[{"name":"wp","href":"https:\/\/api.w.org\/{rel}","templated":true}]}}