{"id":23553,"date":"2025-04-13T17:39:57","date_gmt":"2025-04-13T17:39:57","guid":{"rendered":"https:\/\/researchchemicalstore.eu\/?post_type=product&#038;p=23553"},"modified":"2025-10-22T16:03:06","modified_gmt":"2025-10-22T16:03:06","slug":"1b-lsd-l-tartrat-ren","status":"publish","type":"product","link":"https:\/\/researchchemicalstore.eu\/sv\/produkt\/1b-lsd-l-tartrat-ren\/","title":{"rendered":"1B-LSD L-tartrat Ren"},"content":{"rendered":"<h1><strong>1B-LSD L-Tartrate Pure \u2013 Lysergamid av h\u00f6g kvalitet f\u00f6r vetenskaplig forskning<\/strong><\/h1>\n<p><strong>Produktnamn:<\/strong> 1B-LSD L-tartrat<br \/>\n<strong>Kemiskt namn:<\/strong> 1-Butanoyl-lysergsyradietylamid L-tartrat<br \/>\n<strong>Formel:<\/strong> C23H29N3O2 \u00b7 C4H6O6<br \/>\n<strong>Molekylvikt:<\/strong> 495,57 g\/mol<br \/>\n<strong>Form:<\/strong> Vitt kristallint pulver<br \/>\n<strong>Renhet:<\/strong> \u226599% (HPLC-certifierad)<br \/>\n<strong>Typ:<\/strong> Forskningsklass \u2013 Ej avsedd f\u00f6r m\u00e4nsklig konsumtion<\/p>\n<hr \/>\n<h2><strong>Vad \u00e4r 1B-LSD L-tartrat?<\/strong><\/h2>\n<p>1B-LSD (1-Butanoyl-LSD) \u00e4r en semisyntetisk lysergam som \u00e4r kemiskt besl\u00e4ktad med LSD och andra analoger s\u00e5som 1P-LSD och 1cP-LSD. Tillsatsen av en butanoylgrupp resulterar i en f\u00f6rening k\u00e4nd f\u00f6r sin <strong>prol\u00e4kemedelskarakt\u00e4r<\/strong>I biologiska system f\u00f6rv\u00e4ntas 1B-LSD delvis omvandlas till LSD.<\/p>\n<p>De <strong>L-tartratsaltform<\/strong> erbjuder \u00f6kad stabilitet, noggrann v\u00e4gning och utm\u00e4rkt l\u00f6slighet f\u00f6r analytiska till\u00e4mpningar.<\/p>\n<hr \/>\n<h2><strong>Till\u00e4mpningar av 1B-LSD i forskningssammanhang<\/strong><\/h2>\n<ul>\n<li><strong>Farmakodynamisk forskning:<\/strong> Studie av serotoninreceptorinteraktioner (s\u00e4rskilt 5-HT2A).<\/li>\n<li><strong>J\u00e4mf\u00f6rande neurokemisk forskning:<\/strong> J\u00e4mf\u00f6relse med LSD, 1P-LSD och andra analoger.<\/li>\n<li><strong>In-vitro och in-vivo bioaktivitetsscreening<\/strong> (endast f\u00f6r auktoriserade institutioner).<\/li>\n<li><strong>Prodruganalys:<\/strong> Analys av lysergamidmetabolismv\u00e4gar i biologiska system.<\/li>\n<\/ul>\n<blockquote><p>\u26a0\ufe0f <strong>OBS:<\/strong> Denna produkt \u00e4r endast avsedd f\u00f6r vetenskapliga och forensiska forsknings\u00e4ndam\u00e5l. Ej f\u00f6r m\u00e4nsklig konsumtion eller anv\u00e4ndning p\u00e5 djur.<\/p><\/blockquote>\n<hr \/>\n<h2><strong>F\u00f6rdelar f\u00f6r forskare<\/strong><\/h2>\n<p>\u2714 H\u00f6g kemisk stabilitet i L-tartratsaltform<br \/>\n\u2714 Prodrugegenskaper ger insikt i lysergamidmetabolismen<br \/>\n\u2714 Konsekvent renhet p\u00e5 \u226599% (HPLC-bekr\u00e4ftad)<br \/>\n\u2714 L\u00e4ttl\u00f6slig i etanol och andra analytiska l\u00f6sningsmedel<\/p>\n<hr \/>\n<h2><strong>M\u00f6jliga nackdelar \/ begr\u00e4nsningar<\/strong><\/h2>\n<ul>\n<li>R\u00e4ttslig status kan variera beroende p\u00e5 land eller region<\/li>\n<li>Begr\u00e4nsade l\u00e5ngsiktiga toxikologiska data<\/li>\n<li>Kan brytas ner vid exponering f\u00f6r ljus, v\u00e4rme eller luft<\/li>\n<li>Kr\u00e4ver f\u00f6rvaring under kontrollerade f\u00f6rh\u00e5llanden<\/li>\n<\/ul>\n<hr \/>\n<h2><strong>Laboratoriedata<\/strong><\/h2>\n<table>\n<thead>\n<tr>\n<th>S\u00e4rdrag<\/th>\n<th>Specifikation<\/th>\n<\/tr>\n<\/thead>\n<tbody>\n<tr>\n<td>Renhet<\/td>\n<td>\u226599% HPLC<\/td>\n<\/tr>\n<tr>\n<td>Sm\u00e4ltpunkt<\/td>\n<td>192\u2013196 \u00b0C<\/td>\n<\/tr>\n<tr>\n<td>L\u00f6slighet<\/td>\n<td>Bra i etanol och aceton<\/td>\n<\/tr>\n<tr>\n<td>F\u00f6rvaringsr\u00e5d<\/td>\n<td>2\u20138\u00b0C, m\u00f6rkt och torrt<\/td>\n<\/tr>\n<tr>\n<td>Batchkod<\/td>\n<td>1BLSD-LT0625<\/td>\n<\/tr>\n<tr>\n<td>Analysdatum<\/td>\n<td>18 juni 2025<\/td>\n<\/tr>\n<\/tbody>\n<\/table>\n<hr \/>\n<h2><strong>Anv\u00e4ndningsscenarier (laboratorium)<\/strong><\/h2>\n<table>\n<thead>\n<tr>\n<th>Applikationstyp<\/th>\n<th>Koncentration<\/th>\n<th>Metod<\/th>\n<th>M\u00e5l<\/th>\n<\/tr>\n<\/thead>\n<tbody>\n<tr>\n<td>In vitro<\/td>\n<td>1\u201310 \u00b5M<\/td>\n<td>L\u00f6s upp i DMSO<\/td>\n<td>Studier av receptorbindning<\/td>\n<\/tr>\n<tr>\n<td>In vivo (indirekt)<\/td>\n<td>ej till\u00e4mpligt<\/td>\n<td>Endast till\u00e5tet med tillst\u00e5nd<\/td>\n<td>Studie av prodrugkonvertering<\/td>\n<\/tr>\n<\/tbody>\n<\/table>\n<hr \/>\n<h2><strong>Vanliga fr\u00e5gor (FAQ)<\/strong><\/h2>\n<h3>\u2753 Vad \u00e4r skillnaden mellan 1B-LSD och LSD?<\/h3>\n<p>1B-LSD anses vara en prodrug till LSD. I biologiska system kan den omvandlas till LSD, vilket g\u00f6r den s\u00e4rskilt intressant f\u00f6r metabolismforskning.<\/p>\n<h3>\u2753 \u00c4r 1B-LSD lagligt i Nederl\u00e4nderna eller Belgien?<\/h3>\n<p>1B-LSD kan falla under analogilagen. Kontrollera alltid g\u00e4llande lagar i din region g\u00e4llande import eller innehav.<\/p>\n<h3>\u2753 Varf\u00f6r L-tartrat ist\u00e4llet f\u00f6r fri bas?<\/h3>\n<p>L-tartratformen \u00e4r kemiskt mer stabil, l\u00e4ttare att v\u00e4ga och b\u00e4ttre l\u00e4mpad f\u00f6r l\u00e5ngtidslagring.<\/p>\n<h3>\u2753 Kan jag anv\u00e4nda den h\u00e4r produkten f\u00f6r m\u00e4nsklig konsumtion?<\/h3>\n<p>Nr 1B-LSD L-tartrat \u00e4r endast avsett f\u00f6r laboratorieforskning. Konsumtion \u00e4r str\u00e4ngt f\u00f6rbjuden.<\/p>\n<hr \/>\n<h2><strong>Sammanfattning<\/strong><\/h2>\n<p><strong>1B-LSD L-tartrat<\/strong> erbjuder forskare en unik m\u00f6jlighet att studera lysergamanaloger i en ren, stabil och precis form. Denna f\u00f6rening kombinerar farmakologisk potential med laboratoriev\u00e4nliga egenskaper, vilket g\u00f6r den idealisk f\u00f6r utforskande neurokemisk och receptorfokuserad forskning.<\/p>","protected":false},"excerpt":{"rendered":"<h3><span style=\"vertical-align: inherit;\"><span style=\"vertical-align: inherit;\">1B-LSD L-tartrat egenskaper<\/span><\/span><\/h3>\n<p><strong><span style=\"vertical-align: inherit;\"><span style=\"vertical-align: inherit;\">Synonym:<\/span><\/span><\/strong><span style=\"vertical-align: inherit;\"><span style=\"vertical-align: inherit;\"> 1-butanoyl-lysergsyradietylamid hemi-L-tartrat, BLSD <\/span><\/span><br \/>\n<strong><span style=\"vertical-align: inherit;\"><span style=\"vertical-align: inherit;\">CAS-nummer:<\/span><\/span><\/strong><span style=\"vertical-align: inherit;\"><span style=\"vertical-align: inherit;\"> 2349376-12-9 <\/span><\/span><br \/>\n<strong><span style=\"vertical-align: inherit;\"><span style=\"vertical-align: inherit;\">Formel:<\/span><\/span><\/strong><span style=\"vertical-align: inherit;\"><span style=\"vertical-align: inherit;\"> (8\u03b2)-1-butanoyl-N,N-dietyl-6-metyl-9,10-didehydroergolin-8-karboxamid hemi-L-tartrat <\/span><\/span><br \/>\n<strong><span style=\"vertical-align: inherit;\"><span style=\"vertical-align: inherit;\">Molmassa:<\/span><\/span><\/strong><span style=\"vertical-align: inherit;\"><span style=\"vertical-align: inherit;\"> 468,5 g\/mol <\/span><\/span><br \/>\n<strong><span style=\"vertical-align: inherit;\"><span style=\"vertical-align: inherit;\">Renhet:<\/span><\/span><\/strong><span style=\"vertical-align: inherit;\"><span style=\"vertical-align: inherit;\"> &gt;97%<\/span><\/span><\/p>","protected":false},"featured_media":28557,"comment_status":"closed","ping_status":"closed","template":"","meta":[],"product_brand":[],"product_cat":[530,358],"product_tag":[326],"class_list":{"0":"post-23553","1":"product","2":"type-product","3":"status-publish","4":"has-post-thumbnail","6":"product_cat-1b-lsd","7":"product_cat-lysergamides","8":"product_tag-nl","10":"first","11":"instock","12":"taxable","13":"shipping-taxable","14":"purchasable","15":"product-type-variable"},"_links":{"self":[{"href":"https:\/\/researchchemicalstore.eu\/sv\/wp-json\/wp\/v2\/product\/23553","targetHints":{"allow":["GET"]}}],"collection":[{"href":"https:\/\/researchchemicalstore.eu\/sv\/wp-json\/wp\/v2\/product"}],"about":[{"href":"https:\/\/researchchemicalstore.eu\/sv\/wp-json\/wp\/v2\/types\/product"}],"replies":[{"embeddable":true,"href":"https:\/\/researchchemicalstore.eu\/sv\/wp-json\/wp\/v2\/comments?post=23553"}],"version-history":[{"count":2,"href":"https:\/\/researchchemicalstore.eu\/sv\/wp-json\/wp\/v2\/product\/23553\/revisions"}],"predecessor-version":[{"id":26605,"href":"https:\/\/researchchemicalstore.eu\/sv\/wp-json\/wp\/v2\/product\/23553\/revisions\/26605"}],"wp:featuredmedia":[{"embeddable":true,"href":"https:\/\/researchchemicalstore.eu\/sv\/wp-json\/wp\/v2\/media\/28557"}],"wp:attachment":[{"href":"https:\/\/researchchemicalstore.eu\/sv\/wp-json\/wp\/v2\/media?parent=23553"}],"wp:term":[{"taxonomy":"product_brand","embeddable":true,"href":"https:\/\/researchchemicalstore.eu\/sv\/wp-json\/wp\/v2\/product_brand?post=23553"},{"taxonomy":"product_cat","embeddable":true,"href":"https:\/\/researchchemicalstore.eu\/sv\/wp-json\/wp\/v2\/product_cat?post=23553"},{"taxonomy":"product_tag","embeddable":true,"href":"https:\/\/researchchemicalstore.eu\/sv\/wp-json\/wp\/v2\/product_tag?post=23553"}],"curies":[{"name":"wp","href":"https:\/\/api.w.org\/{rel}","templated":true}]}}