{"id":24083,"date":"2025-04-13T17:41:00","date_gmt":"2025-04-13T17:41:00","guid":{"rendered":"https:\/\/researchchemicalstore.eu\/?post_type=product&#038;p=24083"},"modified":"2025-04-21T10:49:25","modified_gmt":"2025-04-21T10:49:25","slug":"digital-minivag","status":"publish","type":"product","link":"https:\/\/researchchemicalstore.eu\/sv\/produkt\/digital-minivag\/","title":{"rendered":"Professionell digital miniv\u00e5g \u2013 50 g x 0,001 g"},"content":{"rendered":"<h1><strong>Digital miniv\u00e5g 50g x 0,001g<\/strong><\/h1>\n<p>Precision n\u00e4ra till hands. Detta <strong>digital miniv\u00e5g<\/strong> kombinerar extrem noggrannhet med en kompakt design. Tack vare ett m\u00e4tomr\u00e5de upp till <strong>50 gram<\/strong> och en resolution av <strong>0,001 gram<\/strong>, detta \u00e4r det perfekta verktyget f\u00f6r till\u00e4mpningar d\u00e4r precision \u00e4r avg\u00f6rande \u2013 fr\u00e5n laboratorieanv\u00e4ndning till smycken, \u00f6rter, kosttillskott eller forskningskemikalier.<a href=\"https:\/\/researchchemicalstore.eu\/sv\/handla\/vagar\/digital-cs-vag\/\">Digital CS-v\u00e5g \u2013 100 g x 0,01 g<\/a><\/p>\n<hr \/>\n<h4><strong>Drag:<\/strong><\/h4>\n<ul>\n<li><strong>M\u00e4tomr\u00e5de:<\/strong> 0,001 g till 50 g<\/li>\n<li><strong>Visa:<\/strong> Upplyst LCD-display f\u00f6r tydlig avl\u00e4sning<\/li>\n<li><strong>Kalibrering:<\/strong> Manuell eller automatisk (vikt ej inkluderad)<\/li>\n<li><strong>Drag:<\/strong> Tara\/nollst\u00e4llning, automatisk avst\u00e4ngning, olika viktenheter (g, oz, ct, gn, dwt)<\/li>\n<li><strong>Str\u00f6mf\u00f6rs\u00f6rjning:<\/strong> Kr\u00e4ver AAA-batterier (vanligtvis ing\u00e5r)<\/li>\n<li><strong>Formatera:<\/strong> Kompakt och b\u00e4rbar \u2013 f\u00e5r plats i jackfickan.<a href=\"https:\/\/researchchemicalstore.eu\/sv\/handla\/vagar\/digital-bio-minivag\/\">Digital biominiv\u00e5g \u2013 20 g x 0,001 g<\/a><\/li>\n<\/ul>\n<hr \/>\n<h4><strong>F\u00f6rdelar:<\/strong><\/h4>\n<p>\u2714 Mycket l\u00e4mplig f\u00f6r noggrann v\u00e4gning av sm\u00e5 m\u00e4ngder<br \/>\n\u2714 L\u00e4mplig f\u00f6r laboratorier, \u00e4delstenar, pulver och finkorniga \u00e4mnen<br \/>\n\u2714 L\u00e4tt att anv\u00e4nda \u2013 anslut och v\u00e4g<br \/>\n\u2714 Inkluderar skyddsfodral eller \u00f6verdrag (om till\u00e4mpligt).<a href=\"https:\/\/researchchemicalstore.eu\/sv\/handla\/vagar\/digital-tank-minivag\/\">Digital tankv\u00e5g \u2013 20 g x 0,001 g<\/a><\/p>\n<hr \/>\n<p>\ud83c\udfaf <strong>Perfekt f\u00f6r<\/strong>laboratoriepersonal, samlare, hobbyister, forskare och alla som arbetar med exakta doseringar.<\/p>\n<p>&nbsp;<\/p>","protected":false},"excerpt":{"rendered":"<p><strong>Specifikationer:<\/strong><\/p>\n<ul>\n<li>Digital<\/li>\n<li>V\u00e4ger fr\u00e5n 0,001 g<\/li>\n<li>V\u00e4ger max. 50 g<\/li>\n<li>Drivs med: 2x AAA-batterier<\/li>\n<li>LCD-sk\u00e4rm<\/li>\n<li>F\u00e4rg: svart<\/li>\n<\/ul>","protected":false},"featured_media":21116,"comment_status":"closed","ping_status":"closed","template":"","meta":[],"product_brand":[],"product_cat":[451],"product_tag":[452,764,767,847,765,766,768],"class_list":{"0":"post-24083","1":"product","2":"type-product","3":"status-publish","4":"has-post-thumbnail","6":"product_cat-weegschalen","7":"product_tag-de","8":"product_tag-digitale-cs-weegschaal","9":"product_tag-digitale-microweegschaal","10":"product_tag-digitale-mini-weegschaal","11":"product_tag-milligramweegschaal","12":"product_tag-precise-weegschaal-0-001g","13":"product_tag-weegschaal-voor-research-chemicals","15":"first","16":"instock","17":"taxable","18":"shipping-taxable","19":"purchasable","20":"product-type-simple"},"_links":{"self":[{"href":"https:\/\/researchchemicalstore.eu\/sv\/wp-json\/wp\/v2\/product\/24083","targetHints":{"allow":["GET"]}}],"collection":[{"href":"https:\/\/researchchemicalstore.eu\/sv\/wp-json\/wp\/v2\/product"}],"about":[{"href":"https:\/\/researchchemicalstore.eu\/sv\/wp-json\/wp\/v2\/types\/product"}],"replies":[{"embeddable":true,"href":"https:\/\/researchchemicalstore.eu\/sv\/wp-json\/wp\/v2\/comments?post=24083"}],"version-history":[{"count":4,"href":"https:\/\/researchchemicalstore.eu\/sv\/wp-json\/wp\/v2\/product\/24083\/revisions"}],"predecessor-version":[{"id":25971,"href":"https:\/\/researchchemicalstore.eu\/sv\/wp-json\/wp\/v2\/product\/24083\/revisions\/25971"}],"wp:featuredmedia":[{"embeddable":true,"href":"https:\/\/researchchemicalstore.eu\/sv\/wp-json\/wp\/v2\/media\/21116"}],"wp:attachment":[{"href":"https:\/\/researchchemicalstore.eu\/sv\/wp-json\/wp\/v2\/media?parent=24083"}],"wp:term":[{"taxonomy":"product_brand","embeddable":true,"href":"https:\/\/researchchemicalstore.eu\/sv\/wp-json\/wp\/v2\/product_brand?post=24083"},{"taxonomy":"product_cat","embeddable":true,"href":"https:\/\/researchchemicalstore.eu\/sv\/wp-json\/wp\/v2\/product_cat?post=24083"},{"taxonomy":"product_tag","embeddable":true,"href":"https:\/\/researchchemicalstore.eu\/sv\/wp-json\/wp\/v2\/product_tag?post=24083"}],"curies":[{"name":"wp","href":"https:\/\/api.w.org\/{rel}","templated":true}]}}