{"id":24303,"date":"2025-04-13T17:41:26","date_gmt":"2025-04-13T17:41:26","guid":{"rendered":"https:\/\/researchchemicalstore.eu\/?post_type=product&#038;p=24303"},"modified":"2026-02-02T09:48:40","modified_gmt":"2026-02-02T09:48:40","slug":"kop-2f-dck","status":"publish","type":"product","link":"https:\/\/researchchemicalstore.eu\/sv\/produkt\/kop-2f-dck\/","title":{"rendered":"2F-DCK 100 MG-pellets"},"content":{"rendered":"<h3><strong>Productdefinitie: 2F-DCK 100mg Pellets (2-Fluorodeschloroketamine)<\/strong><\/h3>\n<p>K\u00f6p 2f dck<\/p>\n<p class=\"ds-markdown-paragraph\"><strong>Kemiskt namn:<\/strong>\u00a02-Fluorodekloroketaminhydroklorid<br \/>\n<strong>Synonymer:<\/strong>\u00a02F-DCK, 2-fluoroketamin<br \/>\n<strong>Molekylformel:<\/strong>\u00a0C\u2081\u2083H\u2081\u2085FNO \u2022 HCl<br \/>\n<strong>Molekylmassa:<\/strong>\u00a0247,72 g\/mol<br \/>\n<strong>CAS-nummer:<\/strong>\u00a01119822-83-6<br \/>\n<strong>Form:<\/strong>\u00a0Runda, enhetliga pellets<br \/>\n<strong>F\u00e4rg:<\/strong>\u00a0Wit tot ivoor<br \/>\n<strong>Vikt per pellet:<\/strong>\u00a0~250 mg<br \/>\n<strong>Dosering per pellet:<\/strong>\u00a0100 mg 2F-DCK<\/p>\n<hr \/>\n<h2><strong>Beskrivning och verkningsmekanism<\/strong><\/h2>\n<p class=\"ds-markdown-paragraph\">2F-DCK is een fluorinated analoog van ketamine met een vergelijkbaar dissociatief effectprofiel. Als NMDA-receptorantagonist biedt het:<\/p>\n<p class=\"ds-markdown-paragraph\">\u2714\u00a0<strong>Dissociatieve anesthesie<\/strong><br \/>\n\u2714\u00a0<strong>Milde euforie en visuele effecten<\/strong><br \/>\n\u2714\u00a0<strong>Langere werkingsduur dan ketamine<\/strong> (~2-3 uur), 2f dck kopen\u200b<br \/>\n\u2714\u00a0<strong>Potenti\u00eble antidepressieve werking<\/strong><\/p>\n<hr \/>\n<h2><strong>Anv\u00e4ndningsscenarier<\/strong><\/h2>\n<h3><strong>1. Vetenskaplig forskning<\/strong><\/h3>\n<ul>\n<li>\n<p class=\"ds-markdown-paragraph\">Studie av NMDA-receptorantagonism<\/p>\n<\/li>\n<li>\n<p class=\"ds-markdown-paragraph\">Onderzoek naar snelle antidepressiva<\/p>\n<\/li>\n<\/ul>\n<h3><strong>2. Experimentella till\u00e4mpningar<\/strong><\/h3>\n<ul>\n<li>\n<p class=\"ds-markdown-paragraph\">Bewustzijnsonderzoek (psychonautisch)<\/p>\n<\/li>\n<li>\n<p class=\"ds-markdown-paragraph\">Pijnperceptie-studies<\/p>\n<\/li>\n<\/ul>\n<hr \/>\n<h2><strong>F\u00f6rdelar<\/strong><\/h2>\n<p class=\"ds-markdown-paragraph\">\u2705\u00a0<strong>Gestandaardiseerde dosering<\/strong>\u00a0efter pelletsform<br \/>\n\u2705\u00a0<strong>Minder hepatotoxisch<\/strong>\u00a0dan ketamine<br \/>\n\u2705\u00a0<strong>Minder blaasirritatie<\/strong>\u00a0dan traditionele arylcyclohexylaminen<br \/>\n\u2705\u00a0<strong>Snelle opkomst<\/strong>\u00a0(~15-30 minuten oraal)<\/p>\n<hr \/>\n<h2><strong>Nackdelar och risker<\/strong><\/h2>\n<p class=\"ds-markdown-paragraph\">\u274c\u00a0<strong>M\u00f6jliga biverkningar:<\/strong><\/p>\n<ul>\n<li>\n<p class=\"ds-markdown-paragraph\">Desorientering<\/p>\n<\/li>\n<li>\n<p class=\"ds-markdown-paragraph\">Illam\u00e5ende<\/p>\n<\/li>\n<li>\n<p class=\"ds-markdown-paragraph\">Verhoogde bloeddruk<br \/>\n\u274c\u00a0<strong>Kans op psychotische episodes<\/strong>\u00a0bij gevoelige personen<br \/>\n\u274c\u00a0<strong>Beperkte langetermijngegevens<\/strong><\/p>\n<\/li>\n<\/ul>\n<hr \/>\n<h2><strong>Doseringsriktlinjer<\/strong><\/h2>\n<p class=\"ds-markdown-paragraph\">\u26a0\u00a0<strong>Endast f\u00f6r forsknings\u00e4ndam\u00e5l<\/strong><\/p>\n<div class=\"markdown-table-wrapper\">\n<table>\n<thead>\n<tr>\n<th>Effectniveau<\/th>\n<th>Dosering<\/th>\n<th>Verkanstid<\/th>\n<\/tr>\n<\/thead>\n<tbody>\n<tr>\n<td>Mikrodos<\/td>\n<td>\u00bc pellet (25 mg)<\/td>\n<td>1 uur<\/td>\n<\/tr>\n<tr>\n<td>Ljus<\/td>\n<td>\u00bd pellet (50 mg)<\/td>\n<td>1\u20132 timmar<\/td>\n<\/tr>\n<tr>\n<td>Medium<\/td>\n<td>1 pellet (100 mg)<\/td>\n<td>2\u20133 timmar<\/td>\n<\/tr>\n<tr>\n<td>Stark<\/td>\n<td>1\u00bd-2 pellets (150-200 mg)<\/td>\n<td>3\u20134 timmar<\/td>\n<\/tr>\n<\/tbody>\n<\/table>\n<\/div>\n<p class=\"ds-markdown-paragraph\"><strong>Administreringsmetoder:<\/strong><\/p>\n<ul>\n<li>\n<p class=\"ds-markdown-paragraph\">Oral (rekommenderas)<\/p>\n<\/li>\n<li>\n<p class=\"ds-markdown-paragraph\">Sublinguaal (snellere opname)<\/p>\n<\/li>\n<\/ul>\n<p class=\"ds-markdown-paragraph\"><strong>S\u00e4kerhets\u00e5tg\u00e4rder:<\/strong><\/p>\n<ul>\n<li>\n<p class=\"ds-markdown-paragraph\">Altijd tripsitter aanwezig bij hogere doses<\/p>\n<\/li>\n<li>\n<p class=\"ds-markdown-paragraph\">Vermijd combinatie met:<\/p>\n<ul>\n<li>\n<p class=\"ds-markdown-paragraph\">Alkohol<\/p>\n<\/li>\n<li>\n<p class=\"ds-markdown-paragraph\">Opioider<\/p>\n<\/li>\n<li>\n<p class=\"ds-markdown-paragraph\">Andra NMDA-antagonister<\/p>\n<\/li>\n<\/ul>\n<\/li>\n<\/ul>\n<hr \/>\n<h2><strong>Vanliga fr\u00e5gor<\/strong><\/h2>\n<h3><strong>1. Juridische status in Nederland?<\/strong><\/h3>\n<p class=\"ds-markdown-paragraph\">Valt waarschijnlijk onder de Opiumwet als ketamine-analoog.<\/p>\n<h3><strong>2. Hoe verschilt dit van gewone ketamine?<\/strong><\/h3>\n<p class=\"ds-markdown-paragraph\">Langere werkingsduur, minder blaasirritatie, mildere &#8220;K-hole&#8221; ervaring.<\/p>\n<h3><strong>3. Is dit verslavend?<\/strong><\/h3>\n<p class=\"ds-markdown-paragraph\">Kan psychologische afhankelijkheid veroorzaken bij frequent gebruik.<\/p>\n<h3><strong>4. Detekterbar i drogtester?<\/strong><\/h3>\n<p class=\"ds-markdown-paragraph\">Kan als ketamine worden ge\u00efdentificeerd in sommige tests.<\/p>\n<hr \/>\n<h2><strong>Laboratorieanalys<\/strong><\/h2>\n<p class=\"ds-markdown-paragraph\"><strong>Specifikationer:<\/strong><\/p>\n<ul>\n<li>\n<p class=\"ds-markdown-paragraph\">Zuiverheid: \u226599% (HPLC)<\/p>\n<\/li>\n<li>\n<p class=\"ds-markdown-paragraph\">Zware metalen: &lt;2ppm<\/p>\n<\/li>\n<li>\n<p class=\"ds-markdown-paragraph\">Microbiologie: Steriel<\/p>\n<\/li>\n<\/ul>\n<p class=\"ds-markdown-paragraph\"><strong>Stabilitetsdata:<\/strong><\/p>\n<ul>\n<li>\n<p class=\"ds-markdown-paragraph\">Houdbaarheid: 24 maanden bij &lt;25\u00b0C<\/p>\n<\/li>\n<li>\n<p class=\"ds-markdown-paragraph\">Lichtgevoeligheid: Hoog<\/p>\n<\/li>\n<\/ul>\n<hr \/>\n<h2><strong>Slutsats<\/strong><\/h2>\n<p class=\"ds-markdown-paragraph\">2F-DCK pellets bieden een gestandaardiseerd onderzoeksmodel voor fluorinated dissociativa, maar vereisen strikte ethische protocollen vanwege het psychoactieve potentieel.<\/p>\n<p class=\"ds-markdown-paragraph\">\u26a0\u00a0<strong>Niet voor menselijke consumptie &#8211; uitsluitend voor wetenschappelijk onderzoek<\/strong><\/p>\n<p class=\"ds-markdown-paragraph\"><strong>F\u00f6rvaringsr\u00e5d:<\/strong><br \/>\nLuchtdicht, bij kamertemperatuur, beschermd tegen licht.<\/p>\n<p class=\"ds-markdown-paragraph\"><strong>Verantwoordelijk gebruik:<\/strong><\/p>\n<ul>\n<li>\n<p class=\"ds-markdown-paragraph\">Documenteer alle onderzoeken nauwkeurig<\/p>\n<\/li>\n<li>\n<p class=\"ds-markdown-paragraph\">Houd rekening met lokale wetgeving<\/p>\n<\/li>\n<li>\n<p class=\"ds-markdown-paragraph\">Gebruik persoonlijke beschermingsmiddelen bij hantering. <a href=\"https:\/\/researchchemicalstore.eu\/sv\/handla\/lysergamider\/1vlsd\/\">1vlsd<\/a><a href=\"https:\/\/researchchemicalstore.eu\/sv\/handla\/pellets-for-pellets\/o-dsmt-50-mg-pellets\/\">o-dsmt<\/a><a href=\"https:\/\/researchchemicalstore.eu\/sv\/handla\/lysergamider\/1cp-lsd\/\">1cp lsd<\/a><a href=\"https:\/\/researchchemicalstore.eu\/sv\/handla\/iboga-ibogain\/kop-ibogaine-hcl-online\/\">k\u00f6p ibogaine hcl online<\/a><a href=\"https:\/\/researchchemicalstore.eu\/sv\/handla\/iboga-ibogain\/iboga-rotbark\/\">iboga rotbark<\/a><\/p>\n<\/li>\n<\/ul>","protected":false},"excerpt":{"rendered":"<p>Produktdefinition: 2F-DCK 100 mg pellets (2-fluordekloroketamin) K\u00f6p 2f dck\u200b Kemiskt namn: 2-fluordekloroketaminhydroklorid Synonymer: 2F-DCK, 2-fluoroketamin Molekylformel: C\u2081\u2083H\u2081\u2085FNO \u2022 HCl Molekylmassa: 247,72 g\/mol CAS-nummer: 1119822-83-6<\/p>","protected":false},"featured_media":28594,"comment_status":"closed","ping_status":"closed","template":"","meta":[],"product_brand":[],"product_cat":[474,475,71,324],"product_tag":[271,272,326],"class_list":{"0":"post-24303","1":"product","2":"type-product","3":"status-publish","4":"has-post-thumbnail","6":"product_cat-2f-dck-kopen","7":"product_cat-2f-dck-pellets","8":"product_cat-arylcyclohexylamine","9":"product_cat-pellets-for-pellet","10":"product_tag-2f-dck","11":"product_tag-2f-dck-kopen","12":"product_tag-nl","14":"first","15":"instock","16":"taxable","17":"shipping-taxable","18":"purchasable","19":"product-type-variable"},"_links":{"self":[{"href":"https:\/\/researchchemicalstore.eu\/sv\/wp-json\/wp\/v2\/product\/24303","targetHints":{"allow":["GET"]}}],"collection":[{"href":"https:\/\/researchchemicalstore.eu\/sv\/wp-json\/wp\/v2\/product"}],"about":[{"href":"https:\/\/researchchemicalstore.eu\/sv\/wp-json\/wp\/v2\/types\/product"}],"replies":[{"embeddable":true,"href":"https:\/\/researchchemicalstore.eu\/sv\/wp-json\/wp\/v2\/comments?post=24303"}],"version-history":[{"count":4,"href":"https:\/\/researchchemicalstore.eu\/sv\/wp-json\/wp\/v2\/product\/24303\/revisions"}],"predecessor-version":[{"id":26520,"href":"https:\/\/researchchemicalstore.eu\/sv\/wp-json\/wp\/v2\/product\/24303\/revisions\/26520"}],"wp:featuredmedia":[{"embeddable":true,"href":"https:\/\/researchchemicalstore.eu\/sv\/wp-json\/wp\/v2\/media\/28594"}],"wp:attachment":[{"href":"https:\/\/researchchemicalstore.eu\/sv\/wp-json\/wp\/v2\/media?parent=24303"}],"wp:term":[{"taxonomy":"product_brand","embeddable":true,"href":"https:\/\/researchchemicalstore.eu\/sv\/wp-json\/wp\/v2\/product_brand?post=24303"},{"taxonomy":"product_cat","embeddable":true,"href":"https:\/\/researchchemicalstore.eu\/sv\/wp-json\/wp\/v2\/product_cat?post=24303"},{"taxonomy":"product_tag","embeddable":true,"href":"https:\/\/researchchemicalstore.eu\/sv\/wp-json\/wp\/v2\/product_tag?post=24303"}],"curies":[{"name":"wp","href":"https:\/\/api.w.org\/{rel}","templated":true}]}}