{"id":26118,"date":"2025-05-01T01:31:17","date_gmt":"2025-05-01T01:31:17","guid":{"rendered":"https:\/\/researchchemicalstore.eu\/?post_type=product&#038;p=26118"},"modified":"2025-10-18T14:17:54","modified_gmt":"2025-10-18T14:17:54","slug":"ibogafron","status":"publish","type":"product","link":"https:\/\/researchchemicalstore.eu\/sv\/produkt\/ibogafron\/","title":{"rendered":"Iboga fr\u00f6n"},"content":{"rendered":"<h2>k\u00f6p ibogafr\u00f6n<\/h2>\n<p>K\u00f6p Ibogafr\u00f6n. Tabernanthe iboga \u00e4r en medlem av familjen Apocynaceae, inhemsk i de v\u00e5ta tropiska omr\u00e5dena i v\u00e4stra centrala Afrika, fr\u00e4mst Kongo och Gabon. Vanliga namn inkluderar Iboga, Eboka och Eboga. Tabernanthe \u00e4r ett litet sl\u00e4kte som endast best\u00e5r av tv\u00e5 arter, T<a href=\"https:\/\/caluanieoxidizeshop.com\" target=\"_blank\" rel=\"noopener\">.<\/a> iboga och T. elliptica (denna art har taggiga frukter som liknar Datura spp.). Det har dokumenterats att de tv\u00e5 arterna kan korspollinera f\u00f6r att producera en fertil hybrid (<em>Iboga och ibogaine, Nico Dauphin<\/em>). ibogafr\u00f6n, tabernanthe ibogafr\u00f6n, ibogafr\u00f6n, k\u00f6p ibogafr\u00f6n<\/p>\n<p>Tabernanthe \u00e4r vedartade v\u00e4xter som \u00e4r endemiska f\u00f6r fuktiga tropiska skogsunderskogar. Tabernanthe-buskar v\u00e4xer vanligtvis till en h\u00f6jd av fr\u00e5n en halv meter till tv\u00e5 meter. Grenar f\u00f6rekommer i par, och tv\u00e5 smala, stj\u00e4lkformade blomst\u00e4llningar dyker upp i par strax ovanf\u00f6r f\u00f6rgreningspunkterna. Tabernanthe har ocks\u00e5 foderbladsliknande h\u00f6gblad och i\u00f6gonfallande blad\u00e4rr. Liksom m\u00e5nga andra medlemmar av Apocynaceae.<a href=\"https:\/\/caluanieoxidizeshop.com\/product\/caluanie-muelear-oxidize-for-sale\/\" target=\"_blank\" rel=\"noopener\">,<\/a> Tabernanthe k\u00e4nnetecknas av mj\u00f6lkaktig sav och f\u00f6rekomsten av m\u00e5nga nyttiga alkaloider i bark, blad och rot (Iboga och Ibogaine, Nico Dauphin). <a href=\"https:\/\/researchchemicalstore.eu\/sv\/handla\/topp-10-forskningskemikalier\/caluanie-muelear-oxidera\/\">Caluanie Muelear Oxidera<\/a><a href=\"https:\/\/researchchemicalstore.eu\/sv\/handla\/vagar\/digital-cs-vag\/\">Digital CS-v\u00e5g \u2013 100 g x 0,01 g<\/a><a href=\"https:\/\/researchchemicalstore.eu\/sv\/handla\/topp-10-forskningskemikalier\/pyrazolamverkan\/\">Pyrazolam 2,5 mg pellets<\/a><a href=\"https:\/\/researchchemicalstore.eu\/sv\/handla\/vagar\/digital-tank-minivag\/\">Digital tankv\u00e5g \u2013 20 g x 0,001 g<\/a><a href=\"https:\/\/researchchemicalstore.eu\/sv\/handla\/vagar\/digital-bio-minivag\/\">Digital biominiv\u00e5g \u2013 20 g x 0,001 g<\/a><\/p>","protected":false},"excerpt":{"rendered":"<p>$1 Per frukt, Minsta best\u00e4llning = 100 frukter<\/p>","protected":false},"featured_media":28801,"comment_status":"closed","ping_status":"closed","template":"","meta":[],"product_brand":[],"product_cat":[1085],"product_tag":[912,911,909,910],"class_list":{"0":"post-26118","1":"product","2":"type-product","3":"status-publish","4":"has-post-thumbnail","6":"product_cat-okategoriserad","7":"product_tag-buy-iboga-seeds","8":"product_tag-iboga-plant-seeds","9":"product_tag-iboga-seeds","10":"product_tag-tabernanthe-iboga-seeds","12":"first","13":"instock","14":"taxable","15":"shipping-taxable","16":"purchasable","17":"product-type-simple"},"_links":{"self":[{"href":"https:\/\/researchchemicalstore.eu\/sv\/wp-json\/wp\/v2\/product\/26118","targetHints":{"allow":["GET"]}}],"collection":[{"href":"https:\/\/researchchemicalstore.eu\/sv\/wp-json\/wp\/v2\/product"}],"about":[{"href":"https:\/\/researchchemicalstore.eu\/sv\/wp-json\/wp\/v2\/types\/product"}],"replies":[{"embeddable":true,"href":"https:\/\/researchchemicalstore.eu\/sv\/wp-json\/wp\/v2\/comments?post=26118"}],"version-history":[{"count":4,"href":"https:\/\/researchchemicalstore.eu\/sv\/wp-json\/wp\/v2\/product\/26118\/revisions"}],"predecessor-version":[{"id":26155,"href":"https:\/\/researchchemicalstore.eu\/sv\/wp-json\/wp\/v2\/product\/26118\/revisions\/26155"}],"wp:featuredmedia":[{"embeddable":true,"href":"https:\/\/researchchemicalstore.eu\/sv\/wp-json\/wp\/v2\/media\/28801"}],"wp:attachment":[{"href":"https:\/\/researchchemicalstore.eu\/sv\/wp-json\/wp\/v2\/media?parent=26118"}],"wp:term":[{"taxonomy":"product_brand","embeddable":true,"href":"https:\/\/researchchemicalstore.eu\/sv\/wp-json\/wp\/v2\/product_brand?post=26118"},{"taxonomy":"product_cat","embeddable":true,"href":"https:\/\/researchchemicalstore.eu\/sv\/wp-json\/wp\/v2\/product_cat?post=26118"},{"taxonomy":"product_tag","embeddable":true,"href":"https:\/\/researchchemicalstore.eu\/sv\/wp-json\/wp\/v2\/product_tag?post=26118"}],"curies":[{"name":"wp","href":"https:\/\/api.w.org\/{rel}","templated":true}]}}