{"id":26126,"date":"2025-05-01T01:31:17","date_gmt":"2025-05-01T01:31:17","guid":{"rendered":"https:\/\/researchchemicalstore.eu\/?post_type=product&#038;p=26126"},"modified":"2025-10-18T14:19:24","modified_gmt":"2025-10-18T14:19:24","slug":"buy-iboga-ta","status":"publish","type":"product","link":"https:\/\/researchchemicalstore.eu\/sv\/produkt\/buy-iboga-ta\/","title":{"rendered":"K\u00f6p Iboga TA"},"content":{"rendered":"<h2>K\u00f6p Iboga TA<\/h2>\n<p>K\u00f6p Iboga TA, TA st\u00e5r f\u00f6r &quot;total alkaloid&quot;. Iboga TA \u00e4r ett extrakt som inneh\u00e5ller alla alkaloider som finns i iboga rotbark. Alkaloiderna kan relativt enkelt extraheras fr\u00e5n rotbarken via en syra\/bas-extraktion. k\u00f6p iboga online<\/p>\n<p>Vetenskaplig forskning visar en drastisk minskning av abstinensbesv\u00e4r efter intag av Iboga-rotbark eller extrakt som kallas HCL och TA, i den utstr\u00e4ckning att den n\u00e4stan helt bryts ner. Forskning visar att 90% av utf\u00f6rda behandlingar \u00e4r framg\u00e5ngsrika och att patienterna inte ens m\u00e5nader efter behandlingen k\u00e4nner n\u00e5gon lust att \u00e5terfalla. F\u00f6rutom att bryta beroendet ger det patienterna klarhet och insikter i sina egna liv.<\/p>\n<p>Vi utf\u00f6r frakt och paketering av ibogapulver med professionalism f\u00f6r att s\u00e4kerst\u00e4lla framg\u00e5ngsrik leverans av 100%. Vi erbjuder experttj\u00e4nster till v\u00e5ra respektive destinationer och kataloger om anv\u00e4ndning, dosering och annan viktig statistik kan tillhandah\u00e5llas vid dina f\u00f6rfr\u00e5gningar.<\/p>","protected":false},"excerpt":{"rendered":"<p>K\u00f6p Iboga TA K\u00f6p Iboga TA, TA st\u00e5r f\u00f6r &quot;total alkaloid&quot;. Iboga TA \u00e4r ett extrakt som inneh\u00e5ller alla alkaloider<\/p>","protected":false},"featured_media":28746,"comment_status":"closed","ping_status":"closed","template":"","meta":[],"product_brand":[],"product_cat":[908],"product_tag":[],"class_list":{"0":"post-26126","1":"product","2":"type-product","3":"status-publish","4":"has-post-thumbnail","6":"product_cat-iboga-ibogaine","8":"first","9":"instock","10":"taxable","11":"shipping-taxable","12":"purchasable","13":"product-type-variable"},"_links":{"self":[{"href":"https:\/\/researchchemicalstore.eu\/sv\/wp-json\/wp\/v2\/product\/26126","targetHints":{"allow":["GET"]}}],"collection":[{"href":"https:\/\/researchchemicalstore.eu\/sv\/wp-json\/wp\/v2\/product"}],"about":[{"href":"https:\/\/researchchemicalstore.eu\/sv\/wp-json\/wp\/v2\/types\/product"}],"replies":[{"embeddable":true,"href":"https:\/\/researchchemicalstore.eu\/sv\/wp-json\/wp\/v2\/comments?post=26126"}],"version-history":[{"count":2,"href":"https:\/\/researchchemicalstore.eu\/sv\/wp-json\/wp\/v2\/product\/26126\/revisions"}],"predecessor-version":[{"id":28876,"href":"https:\/\/researchchemicalstore.eu\/sv\/wp-json\/wp\/v2\/product\/26126\/revisions\/28876"}],"wp:featuredmedia":[{"embeddable":true,"href":"https:\/\/researchchemicalstore.eu\/sv\/wp-json\/wp\/v2\/media\/28746"}],"wp:attachment":[{"href":"https:\/\/researchchemicalstore.eu\/sv\/wp-json\/wp\/v2\/media?parent=26126"}],"wp:term":[{"taxonomy":"product_brand","embeddable":true,"href":"https:\/\/researchchemicalstore.eu\/sv\/wp-json\/wp\/v2\/product_brand?post=26126"},{"taxonomy":"product_cat","embeddable":true,"href":"https:\/\/researchchemicalstore.eu\/sv\/wp-json\/wp\/v2\/product_cat?post=26126"},{"taxonomy":"product_tag","embeddable":true,"href":"https:\/\/researchchemicalstore.eu\/sv\/wp-json\/wp\/v2\/product_tag?post=26126"}],"curies":[{"name":"wp","href":"https:\/\/api.w.org\/{rel}","templated":true}]}}