{"id":26138,"date":"2025-05-01T01:31:18","date_gmt":"2025-05-01T01:31:18","guid":{"rendered":"https:\/\/researchchemicalstore.eu\/?post_type=product&#038;p=26138"},"modified":"2025-10-18T14:15:48","modified_gmt":"2025-10-18T14:15:48","slug":"iboga-kapslar","status":"publish","type":"product","link":"https:\/\/researchchemicalstore.eu\/sv\/produkt\/iboga-kapslar\/","title":{"rendered":"Iboga-kapslar"},"content":{"rendered":"<h2>K\u00f6p Iboga-kapslar<\/h2>\n<p>Iboga h\u00e4nvisar till en psykoaktiv f\u00f6rening som utvinns ur v\u00e4xter som inneh\u00e5ller ibogainalkaloiden. Bara i Gabon finns det m\u00e5nga v\u00e4xter som inneh\u00e5ller denna alkaloid. Den huvudsakliga k\u00e4llan \u00e4r dock v\u00e4xten Tabernanthe Iboga. Dessa v\u00e4xter v\u00e4xer p\u00e5 djungelmarken i avl\u00e4gsna regioner i v\u00e4stra centralafrika, inklusive Kamerun, Republiken Kongo<a href=\"https:\/\/legalerfuhrerschein.com\/\" target=\"_blank\" rel=\"noopener\">,<\/a> Angola, och naturligtvis Gabon, v\u00e4xtens fysiska och andliga hem. K\u00f6p ibogakapslar<\/p>\n<p>V\u00e4xtens rotbark inneh\u00e5ller de psykoaktiva alkaloiderna. Genom att hyvla bort denna rotbark fr\u00e5n roten f\u00e5r vi en f\u00e4rsk, f\u00e4rdig att \u00e4ta, kraftfull, ur\u00e5ldrig och helande ingrediens. <a href=\"https:\/\/ibogainerehabilitation.com\/\" target=\"_blank\" rel=\"noopener\">iboga<\/a>Efter att ha konsumerat rotbarken upplever individerna intr\u00e4det i ett dr\u00f6mliknande medvetandel\u00e4ge. Under resans g\u00e5ng kan man (eller kanske inte) st\u00f6ta p\u00e5 existentiella uppt\u00e4ckter, kristallklara visioner, minnesh\u00e4mtning och otaliga andra underbara saker. S\u00e5som missbruk, depression, hudsjukdomar, kroppsf\u00f6rminskning och andligt uppvaknande.<\/p>","protected":false},"excerpt":{"rendered":"<p>K\u00f6p Iboga-kapslar Iboga h\u00e4nvisar till en psykoaktiv f\u00f6rening som utvinns ur v\u00e4xter som inneh\u00e5ller ibogainalkaloiden. Enbart i Gabon,<\/p>","protected":false},"featured_media":28799,"comment_status":"closed","ping_status":"closed","template":"","meta":[],"product_brand":[],"product_cat":[908],"product_tag":[],"class_list":{"0":"post-26138","1":"product","2":"type-product","3":"status-publish","4":"has-post-thumbnail","6":"product_cat-iboga-ibogaine","8":"first","9":"instock","10":"taxable","11":"shipping-taxable","12":"purchasable","13":"product-type-variable"},"_links":{"self":[{"href":"https:\/\/researchchemicalstore.eu\/sv\/wp-json\/wp\/v2\/product\/26138","targetHints":{"allow":["GET"]}}],"collection":[{"href":"https:\/\/researchchemicalstore.eu\/sv\/wp-json\/wp\/v2\/product"}],"about":[{"href":"https:\/\/researchchemicalstore.eu\/sv\/wp-json\/wp\/v2\/types\/product"}],"replies":[{"embeddable":true,"href":"https:\/\/researchchemicalstore.eu\/sv\/wp-json\/wp\/v2\/comments?post=26138"}],"version-history":[{"count":2,"href":"https:\/\/researchchemicalstore.eu\/sv\/wp-json\/wp\/v2\/product\/26138\/revisions"}],"predecessor-version":[{"id":28875,"href":"https:\/\/researchchemicalstore.eu\/sv\/wp-json\/wp\/v2\/product\/26138\/revisions\/28875"}],"wp:featuredmedia":[{"embeddable":true,"href":"https:\/\/researchchemicalstore.eu\/sv\/wp-json\/wp\/v2\/media\/28799"}],"wp:attachment":[{"href":"https:\/\/researchchemicalstore.eu\/sv\/wp-json\/wp\/v2\/media?parent=26138"}],"wp:term":[{"taxonomy":"product_brand","embeddable":true,"href":"https:\/\/researchchemicalstore.eu\/sv\/wp-json\/wp\/v2\/product_brand?post=26138"},{"taxonomy":"product_cat","embeddable":true,"href":"https:\/\/researchchemicalstore.eu\/sv\/wp-json\/wp\/v2\/product_cat?post=26138"},{"taxonomy":"product_tag","embeddable":true,"href":"https:\/\/researchchemicalstore.eu\/sv\/wp-json\/wp\/v2\/product_tag?post=26138"}],"curies":[{"name":"wp","href":"https:\/\/api.w.org\/{rel}","templated":true}]}}